{"id":1216,"date":"2023-03-06T21:37:07","date_gmt":"2023-03-06T20:37:07","guid":{"rendered":"https:\/\/natissea.com\/?page_id=1216"},"modified":"2023-03-06T21:37:11","modified_gmt":"2023-03-06T20:37:11","slug":"foire-aux-questions","status":"publish","type":"page","link":"https:\/\/natissea.com\/en\/foire-aux-questions\/","title":{"rendered":"Frequently Asked Questions"},"content":{"rendered":"\n<div class=\"wp-block-cover alignfull is-light\"><span aria-hidden=\"true\" class=\"wp-block-cover__background has-has-vert-color-background-color has-background-dim-100 has-background-dim\"><\/span><div class=\"wp-block-cover__inner-container is-layout-flow wp-block-cover-is-layout-flow\"><h1 class=\"has-text-align-center wp-block-post-title\">Foire aux questions<\/h1><\/div><\/div>\n\n\n\n<div class=\"wp-block-group is-layout-constrained wp-block-group-is-layout-constrained\">\n<div class=\"wp-block-kadence-accordion alignnone\"><div class=\"kt-accordion-wrap kt-accordion-id_5ec847-07 kt-accordion-has-7-panes kt-active-pane-0 kt-accordion-block kt-pane-header-alignment-left kt-accodion-icon-style-arrow kt-accodion-icon-side-right\" style=\"max-width:none\"><div class=\"kt-accordion-inner-wrap\" data-allow-multiple-open=\"false\" data-start-open=\"0\">\n<div class=\"wp-block-kadence-pane kt-accordion-pane kt-accordion-pane-1 kt-pane_98cb86-75\"><div class=\"kt-accordion-header-wrap\"><button class=\"kt-blocks-accordion-header kt-acccordion-button-label-show\"><span class=\"kt-blocks-accordion-title-wrap\"><span class=\"kt-blocks-accordion-title\">A quoi \u00e7a ressemble le chanvre ? Est-ce que c&#8217;est doux ?<\/span><\/span><span class=\"kt-blocks-accordion-icon-trigger\"><\/span><\/button><\/div><div class=\"kt-accordion-panel\"><div class=\"kt-accordion-panel-inner\">\n<p>Contrairement aux id\u00e9es re\u00e7ues : le chanvre c\u2019est doux! \u00c9videment ne vous attendez pas \u00e0 une laine \u00e9lastique et duveteuse comme certaines laines d\u2019origine animale, mais plut\u00f4t \u00e0 quelque chose \u00e0 cheval entre le lin (en moins froid, moins sec, moins raide) et le coton (en plus doux, plus respirant, plus r\u00e9sistant)! Vous trouverez plus d\u2019infos sur les diff\u00e9rences entre le chanvre et le coton ici. Un des plus gros avantages du chanvre est qu\u2019il s\u2019assouplit et s\u2019adoucit de plus en plus, au fur et \u00e0 mesure qu\u2019on le porte et qu\u2019on le lave, sans parler de ses propri\u00e9t\u00e9s thermor\u00e9gulatrices qui font qu\u2019on peut en porter \u00e9t\u00e9 comme hiver!<\/p>\n\n\n\n<p>En r\u00e9sum\u00e9 notre 100% chanvre a un aspect similaire au lin, et nos m\u00e9langes chanvre\/coton bio sont tr\u00e8s proches de l\u2019aspect du coton.<\/p>\n<\/div><\/div><\/div>\n\n\n\n<div class=\"wp-block-kadence-pane kt-accordion-pane kt-accordion-pane-2 kt-pane_51eb85-ff\"><div class=\"kt-accordion-header-wrap\"><button class=\"kt-blocks-accordion-header kt-acccordion-button-label-show\"><span class=\"kt-blocks-accordion-title-wrap\"><span class=\"kt-blocks-accordion-title\">Comment entretenir mes tricots Natissea ?<\/span><\/span><span class=\"kt-blocks-accordion-icon-trigger\"><\/span><\/button><\/div><div class=\"kt-accordion-panel\"><div class=\"kt-accordion-panel-inner\">\n<p>Avant de porter votre ouvrage pour la premi\u00e8re fois, nous vous conseillons de le laver une fois s\u00e9par\u00e9ment, afin d\u2019\u00e9liminer l\u2019exc\u00e9dent de teinture. Pr\u00e9f\u00e9rez toujours une lessive \u00e9cologique liquide, plus douce que celles en poudre, et une temp\u00e9rature n\u2019exc\u00e9dant pas 40\u00b0C sauf mention contraire.<br>Lavage \u00e0 la main ou en machine \u00e0 faible essorage, et s\u00e9chage \u00e0 plat ou s\u00e8che linge doux, toujours loin des rayons directs du soleil afin de ne pas alt\u00e9rer les couleurs.<br><strong>Note :<\/strong>&nbsp;Le chanvre, comme toute fibre absorbante, peut devenir r\u00eache si vous l\u2019entretenez avec de l\u2019eau calcaire. Dans ce cas, frottez votre tricot entre les mains apr\u00e8s s\u00e9chage pour qu\u2019il redevienne souple et doux (\u00e9ventuellement passez-le quelques minutes au s\u00e8che-linge).<\/p>\n<\/div><\/div><\/div>\n\n\n\n<div class=\"wp-block-kadence-pane kt-accordion-pane kt-accordion-pane-4 kt-pane_2e113d-8d\"><div class=\"kt-accordion-header-wrap\"><button class=\"kt-blocks-accordion-header kt-acccordion-button-label-show\"><span class=\"kt-blocks-accordion-title-wrap\"><span class=\"kt-blocks-accordion-title\">Je d\u00e9bute totalement au tricot&#8230; Par o\u00f9 commencer ?<\/span><\/span><span class=\"kt-blocks-accordion-icon-trigger\"><\/span><\/button><\/div><div class=\"kt-accordion-panel\"><div class=\"kt-accordion-panel-inner\">\n<p>Le web regorge de vid\u00e9os et tutoriels pour vous apprendre le BA-BA du tricot. Vous d\u00e9couvrirez tr\u00e8s vite comment mettre un \u00e9cheveau en pelote, monter les mailles, tricoter en rond, rentrer les fils, etc, ne serait-ce qu\u2019en visitant ce lien :<br><a href=\"https:\/\/knitspirit.net\/videos\" target=\"_blank\" rel=\"noreferrer noopener\">Vid\u00e9os pour d\u00e9buter puis se perfectionner au tricot et au crochet {sur Knit Spirit}<\/a><\/p>\n\n\n\n<p>Vous trouverez \u00e9galement un glossaire du tricot&nbsp;<a href=\"https:\/\/knitspirit.net\/glossaire\" target=\"_blank\" rel=\"noreferrer noopener\">ici<\/a>. Une fois les bases en poche, il ne vous reste plus qu\u2019\u00e0 trouver le bon mod\u00e8le et choisir le fil qui vous plait pour le r\u00e9aliser !<\/p>\n<\/div><\/div><\/div>\n\n\n\n<div class=\"wp-block-kadence-pane kt-accordion-pane kt-accordion-pane-6 kt-pane_8bb540-85\"><div class=\"kt-accordion-header-wrap\"><button class=\"kt-blocks-accordion-header kt-acccordion-button-label-show\"><span class=\"kt-blocks-accordion-title-wrap\"><span class=\"kt-blocks-accordion-title\">Comment bien choisir mes aiguilles ? Un \u00e9chantillon, c&#8217;est quoi ?<\/span><\/span><span class=\"kt-blocks-accordion-icon-trigger\"><\/span><\/button><\/div><div class=\"kt-accordion-panel\"><div class=\"kt-accordion-panel-inner\">\n<p>Une fois que vous avez choisi un mod\u00e8le et le fil qui va bien, il va vous falloir v\u00e9rifier que vous obtenez le m\u00eame nombre de mailles et de rangs sur un \u00e9chantillon de 10 cm x 10 cm que celui qui est indiqu\u00e9 par le cr\u00e9ateur dudit mod\u00e8le. Si tel n\u2019est pas le cas, il y a de grandes chances que le r\u00e9sultat taille mal, il vous faut donc adapter le mod\u00e8le \u00e0 votre fa\u00e7on de tricoter. Pour mieux comprendre, vous pouvez consulter :<br><a href=\"https:\/\/www.threadandneedles.fr\/\" target=\"_blank\" rel=\"noreferrer noopener\">[Tricot] Pensez \u00e0 l\u2019\u00e9chantillon {sur Thread&amp;Needles}<\/a><\/p>\n\n\n\n<p>Pour info, sachez que la fibre de chanvre (dans le cas des fils 100% chanvre), \u00e0 l\u2019instar de sa cousine le lin, vous donnera d\u2019excellents r\u00e9sultats en la tricotant de mani\u00e8re a\u00e9r\u00e9e, avec des jours (points r\u00e9sille, rivi\u00e8re, filet\u2026), en utilisant des aiguilles plus grosses que celles pr\u00e9conis\u00e9es. La maille sera d\u2019une souplesse et d\u2019un tomb\u00e9 des plus agr\u00e9ables !..<\/p>\n<\/div><\/div><\/div>\n\n\n\n<div class=\"wp-block-kadence-pane kt-accordion-pane kt-accordion-pane-7 kt-pane_14ab3c-de\"><div class=\"kt-accordion-header-wrap\"><button class=\"kt-blocks-accordion-header kt-acccordion-button-label-show\"><span class=\"kt-blocks-accordion-title-wrap\"><span class=\"kt-blocks-accordion-title\">Peut-on devenir revendeur ?<\/span><\/span><span class=\"kt-blocks-accordion-icon-trigger\"><\/span><\/button><\/div><div class=\"kt-accordion-panel\"><div class=\"kt-accordion-panel-inner\">\n<p>Oui ! Il est d\u00e9sormais possible de devenir revendeur de chanvre \u00e0 tricoter Natissea.<br>N\u2019h\u00e9sitez pas \u00e0 nous contacter pour nous faire part de votre projet via&nbsp;<a href=\"https:\/\/natissea.com\/revendeur\/page-dinscription-revendeur\/\" data-type=\"URL\" data-id=\"https:\/\/natissea.com\/revendeur\/page-dinscription-revendeur\/\">ce formulaire<\/a>.<\/p>\n<\/div><\/div><\/div>\n<\/div><\/div><\/div>\n<\/div>\n","protected":false},"excerpt":{"rendered":"","protected":false},"author":1,"featured_media":0,"parent":0,"menu_order":0,"comment_status":"closed","ping_status":"closed","template":"","meta":{"_seopress_robots_primary_cat":"","_seopress_titles_title":"","_seopress_titles_desc":"","_seopress_robots_index":"","_uag_custom_page_level_css":"","site-sidebar-layout":"default","site-content-layout":"","ast-site-content-layout":"default","site-content-style":"default","site-sidebar-style":"default","ast-global-header-display":"","ast-banner-title-visibility":"","ast-main-header-display":"","ast-hfb-above-header-display":"","ast-hfb-below-header-display":"","ast-hfb-mobile-header-display":"","site-post-title":"disabled","ast-breadcrumbs-content":"","ast-featured-img":"","footer-sml-layout":"","ast-disable-related-posts":"","theme-transparent-header-meta":"","adv-header-id-meta":"","stick-header-meta":"","header-above-stick-meta":"","header-main-stick-meta":"","header-below-stick-meta":"","astra-migrate-meta-layouts":"default","ast-page-background-enabled":"default","ast-page-background-meta":{"desktop":{"background-color":"var(--ast-global-color-4)","background-image":"","background-repeat":"repeat","background-position":"center center","background-size":"auto","background-attachment":"scroll","background-type":"","background-media":"","overlay-type":"","overlay-color":"","overlay-opacity":"","overlay-gradient":""},"tablet":{"background-color":"","background-image":"","background-repeat":"repeat","background-position":"center center","background-size":"auto","background-attachment":"scroll","background-type":"","background-media":"","overlay-type":"","overlay-color":"","overlay-opacity":"","overlay-gradient":""},"mobile":{"background-color":"","background-image":"","background-repeat":"repeat","background-position":"center center","background-size":"auto","background-attachment":"scroll","background-type":"","background-media":"","overlay-type":"","overlay-color":"","overlay-opacity":"","overlay-gradient":""}},"ast-content-background-meta":{"desktop":{"background-color":"var(--ast-global-color-5)","background-image":"","background-repeat":"repeat","background-position":"center center","background-size":"auto","background-attachment":"scroll","background-type":"","background-media":"","overlay-type":"","overlay-color":"","overlay-opacity":"","overlay-gradient":""},"tablet":{"background-color":"var(--ast-global-color-5)","background-image":"","background-repeat":"repeat","background-position":"center center","background-size":"auto","background-attachment":"scroll","background-type":"","background-media":"","overlay-type":"","overlay-color":"","overlay-opacity":"","overlay-gradient":""},"mobile":{"background-color":"var(--ast-global-color-5)","background-image":"","background-repeat":"repeat","background-position":"center center","background-size":"auto","background-attachment":"scroll","background-type":"","background-media":"","overlay-type":"","overlay-color":"","overlay-opacity":"","overlay-gradient":""}},"footnotes":""},"class_list":["post-1216","page","type-page","status-publish","hentry"],"uagb_featured_image_src":{"full":false,"thumbnail":false,"medium":false,"medium_large":false,"large":false,"1536x1536":false,"2048x2048":false,"trp-custom-language-flag":false,"mailpoet_newsletter_max":false,"woocommerce_thumbnail":false,"woocommerce_single":false,"woocommerce_gallery_thumbnail":false},"uagb_author_info":{"display_name":"nghtmre","author_link":"https:\/\/natissea.com\/en"},"uagb_comment_info":0,"uagb_excerpt":null,"jetpack_sharing_enabled":true,"_links":{"self":[{"href":"https:\/\/natissea.com\/en\/wp-json\/wp\/v2\/pages\/1216","targetHints":{"allow":["GET"]}}],"collection":[{"href":"https:\/\/natissea.com\/en\/wp-json\/wp\/v2\/pages"}],"about":[{"href":"https:\/\/natissea.com\/en\/wp-json\/wp\/v2\/types\/page"}],"author":[{"embeddable":true,"href":"https:\/\/natissea.com\/en\/wp-json\/wp\/v2\/users\/1"}],"replies":[{"embeddable":true,"href":"https:\/\/natissea.com\/en\/wp-json\/wp\/v2\/comments?post=1216"}],"version-history":[{"count":0,"href":"https:\/\/natissea.com\/en\/wp-json\/wp\/v2\/pages\/1216\/revisions"}],"wp:attachment":[{"href":"https:\/\/natissea.com\/en\/wp-json\/wp\/v2\/media?parent=1216"}],"curies":[{"name":"wp","href":"https:\/\/api.w.org\/{rel}","templated":true}]}}