{"id":259,"date":"2023-02-09T22:05:57","date_gmt":"2023-02-09T21:05:57","guid":{"rendered":"https:\/\/natissea.com\/?page_id=259"},"modified":"2025-01-16T22:58:16","modified_gmt":"2025-01-16T21:58:16","slug":"a-propos-de-natissea","status":"publish","type":"page","link":"https:\/\/natissea.com\/en\/a-propos-de-natissea\/","title":{"rendered":"About Natissea"},"content":{"rendered":"<p>welcome to <a href=\"https:\/\/natissea.com\/en\/\">Natissea<\/a>, the world of ecological, plant-based and Made in France knitting! I&#039;ll tell you a little more about me, the brand&#039;s values and the incredible properties of these fibers!&nbsp;<\/p>\n\n\n\n<h2 class=\"wp-block-heading\">Who am I ?<\/h2>\n\n\n\n<div class=\"wp-block-media-text has-media-on-the-right is-stacked-on-mobile is-vertically-aligned-center\" style=\"grid-template-columns:auto 30%\"><div class=\"wp-block-media-text__content\">\n<p>My name is Mathilde, I have been passionate about knitting since childhood and a few years ago I set myself a challenge: Create an ecological and plant-based knitting yarn company made from local fibers! Starting from a personal need to knit healthier, I realized that I was not the only one looking for alternatives to synthetic or animal fibers, most of which come from very far away. For me, one of the advantages of DIY is being able to choose clean, good quality materials to make personalized and sustainable clothing while minimizing my impact on the planet.<\/p>\n\n\n\n<p>Thanks to my studies in fashion design and my experience as a project manager in one of the largest professional textile fairs in Paris, I was already aware of this industry and I had already heard about the wonderful properties of hemp and linen. So I looked for the closest producers, the healthiest fibers, and the way to offer the most beautiful and ecological yarns possible. It was not easy because a few years ago the French sectors had practically disappeared but little by little, through perseverance, patience and thanks to your support, I continue to develop and improve the yarns offered.<\/p>\n<\/div><figure class=\"wp-block-media-text__media\"><img decoding=\"async\" width=\"1024\" height=\"1024\" src=\"https:\/\/natissea.com\/wp-content\/uploads\/2023\/06\/com-photo-202306-instatop-ronsard-1-1024x1024.jpg\" alt=\"kit top ronsard de @christallkdesigns\" class=\"wp-image-477109 size-full\" srcset=\"https:\/\/natissea.com\/wp-content\/uploads\/2023\/06\/com-photo-202306-instatop-ronsard-1-1024x1024.jpg 1024w, https:\/\/natissea.com\/wp-content\/uploads\/2023\/06\/com-photo-202306-instatop-ronsard-1-300x300.jpg 300w, https:\/\/natissea.com\/wp-content\/uploads\/2023\/06\/com-photo-202306-instatop-ronsard-1-150x150.jpg 150w, https:\/\/natissea.com\/wp-content\/uploads\/2023\/06\/com-photo-202306-instatop-ronsard-1-768x768.jpg 768w, https:\/\/natissea.com\/wp-content\/uploads\/2023\/06\/com-photo-202306-instatop-ronsard-1-1536x1536.jpg 1536w, https:\/\/natissea.com\/wp-content\/uploads\/2023\/06\/com-photo-202306-instatop-ronsard-1-2048x2048.jpg 2048w, https:\/\/natissea.com\/wp-content\/uploads\/2023\/06\/com-photo-202306-instatop-ronsard-1-12x12.jpg 12w, https:\/\/natissea.com\/wp-content\/uploads\/2023\/06\/com-photo-202306-instatop-ronsard-1-1320x1320.jpg 1320w, https:\/\/natissea.com\/wp-content\/uploads\/2023\/06\/com-photo-202306-instatop-ronsard-1-600x600.jpg 600w, https:\/\/natissea.com\/wp-content\/uploads\/2023\/06\/com-photo-202306-instatop-ronsard-1-100x100.jpg 100w, https:\/\/natissea.com\/wp-content\/uploads\/2023\/06\/com-photo-202306-instatop-ronsard-1-50x50.jpg 50w\" sizes=\"(max-width: 1024px) 100vw, 1024px\" \/><\/figure><\/div>\n\n\n\n<div style=\"height:50px\" aria-hidden=\"true\" class=\"wp-block-spacer\"><\/div>\n\n\n\n<h2 class=\"wp-block-heading\">A committed brand of knitting yarns<\/h2>\n\n\n\n<div class=\"wp-block-media-text has-media-on-the-right is-stacked-on-mobile is-vertically-aligned-center\" style=\"grid-template-columns:auto 30%\"><div class=\"wp-block-media-text__content\">\n<p>Why plant-based yarns? I&#039;m often asked this question, and there are several reasons. First of all, plant-based knitting yarn, whether organic or local, is necessarily more environmentally friendly. Then there&#039;s animal welfare, which is important to me, and finally, my growing curiosity about these fibers, which have simply been forgotten with the arrival of synthetic fibers. When we talk about ecology or animal welfare, there&#039;s an immediate feeling of unease. However, this isn&#039;t about saying what to do or not to do; I think that presenting the facts is important for making an informed purchase.<\/p>\n<\/div><figure class=\"wp-block-media-text__media\"><img decoding=\"async\" width=\"1024\" height=\"580\" src=\"https:\/\/natissea.com\/wp-content\/uploads\/2023\/09\/com-blog-apropos-202309-premiere-production-de-chanvre-a-usage-textile-charente-maritime-en-2022-1024x580.jpg\" alt=\"com blog apropos 202309 premiere production de chanvre \u00e0 usage textile charente maritime en 2022\" class=\"wp-image-820403 size-full\" srcset=\"https:\/\/natissea.com\/wp-content\/uploads\/2023\/09\/com-blog-apropos-202309-premiere-production-de-chanvre-a-usage-textile-charente-maritime-en-2022-1024x580.jpg 1024w, https:\/\/natissea.com\/wp-content\/uploads\/2023\/09\/com-blog-apropos-202309-premiere-production-de-chanvre-a-usage-textile-charente-maritime-en-2022-300x170.jpg 300w, https:\/\/natissea.com\/wp-content\/uploads\/2023\/09\/com-blog-apropos-202309-premiere-production-de-chanvre-a-usage-textile-charente-maritime-en-2022-768x435.jpg 768w, https:\/\/natissea.com\/wp-content\/uploads\/2023\/09\/com-blog-apropos-202309-premiere-production-de-chanvre-a-usage-textile-charente-maritime-en-2022-18x10.jpg 18w, https:\/\/natissea.com\/wp-content\/uploads\/2023\/09\/com-blog-apropos-202309-premiere-production-de-chanvre-a-usage-textile-charente-maritime-en-2022-600x340.jpg 600w, https:\/\/natissea.com\/wp-content\/uploads\/2023\/09\/com-blog-apropos-202309-premiere-production-de-chanvre-a-usage-textile-charente-maritime-en-2022.jpg 1200w\" sizes=\"(max-width: 1024px) 100vw, 1024px\" \/><\/figure><\/div>\n\n\n\n<div style=\"height:50px\" aria-hidden=\"true\" class=\"wp-block-spacer\"><\/div>\n\n\n\n<div class=\"wp-block-cover alignfull is-light\"><span aria-hidden=\"true\" class=\"wp-block-cover__background has-background-dim-0 has-background-dim\"><\/span><img decoding=\"async\" width=\"1500\" height=\"1001\" class=\"wp-block-cover__image-background wp-image-820442\" alt=\"didier guillaume\" src=\"https:\/\/natissea.com\/wp-content\/uploads\/2023\/09\/com-blog-apropos-202309-champs-de-de-lin-et-chanvre-bio-normandie.jpg\" data-object-fit=\"cover\" srcset=\"https:\/\/natissea.com\/wp-content\/uploads\/2023\/09\/com-blog-apropos-202309-champs-de-de-lin-et-chanvre-bio-normandie.jpg 1500w, https:\/\/natissea.com\/wp-content\/uploads\/2023\/09\/com-blog-apropos-202309-champs-de-de-lin-et-chanvre-bio-normandie-300x200.jpg 300w, https:\/\/natissea.com\/wp-content\/uploads\/2023\/09\/com-blog-apropos-202309-champs-de-de-lin-et-chanvre-bio-normandie-1024x683.jpg 1024w, https:\/\/natissea.com\/wp-content\/uploads\/2023\/09\/com-blog-apropos-202309-champs-de-de-lin-et-chanvre-bio-normandie-768x513.jpg 768w, https:\/\/natissea.com\/wp-content\/uploads\/2023\/09\/com-blog-apropos-202309-champs-de-de-lin-et-chanvre-bio-normandie-18x12.jpg 18w, https:\/\/natissea.com\/wp-content\/uploads\/2023\/09\/com-blog-apropos-202309-champs-de-de-lin-et-chanvre-bio-normandie-1320x881.jpg 1320w, https:\/\/natissea.com\/wp-content\/uploads\/2023\/09\/com-blog-apropos-202309-champs-de-de-lin-et-chanvre-bio-normandie-600x400.jpg 600w\" sizes=\"(max-width: 1500px) 100vw, 1500px\" \/><div class=\"wp-block-cover__inner-container is-layout-constrained wp-block-cover-is-layout-constrained\">\n<p class=\"has-text-align-center has-large-font-size\"><\/p>\n<\/div><\/div>\n\n\n\n<div style=\"height:50px\" aria-hidden=\"true\" class=\"wp-block-spacer\"><\/div>\n\n\n\n<div class=\"wp-block-media-text has-media-on-the-right is-stacked-on-mobile is-vertically-aligned-center\" style=\"grid-template-columns:auto 30%\"><div class=\"wp-block-media-text__content\">\n<p>Synthetic yarn comes directly from petrochemical laboratories, so it&#039;s purely and simply plastic that pollutes even when recycled. As for animal fibers, their production requires at least four times more space than plant fibers. For a cultivated hemp field, you&#039;ll need one field to graze the animals and three other fields to grow their food. This multiplication also concerns the water used for the animals and growing their food. In an era where deforestation and water shortages are major issues, it&#039;s crucial to take them into account. Finally, I add to this transportation because the vast majority of knitting yarns come from Australia and New Zealand. <\/p>\n\n\n\n<p>Which brings us to the animal condition in these countries. The equation is simple: there are more and more of us on this planet, and the demand for wool, whether for the fashion industry or knitting yarn, continues to grow. To meet this high demand, livestock farms are becoming gigantic, and the proximity of animals is increasing, creating real health problems and deplorable living conditions. Mulesing (removal of part of the perianal skin) is performed without anesthesia to limit fly larvae infestation, and the wool from these animals will require more chemicals to be disinfected.<\/p>\n<\/div><figure class=\"wp-block-media-text__media\"><img decoding=\"async\" width=\"1024\" height=\"1015\" src=\"https:\/\/natissea.com\/wp-content\/uploads\/2023\/09\/com-blog-202309-bobine-lin-francais-avant-teinture-1024x1015.jpeg\" alt=\"com blog 202309 bobine lin francais avant teinture\" class=\"wp-image-820797 size-full\" srcset=\"https:\/\/natissea.com\/wp-content\/uploads\/2023\/09\/com-blog-202309-bobine-lin-francais-avant-teinture-1024x1015.jpeg 1024w, https:\/\/natissea.com\/wp-content\/uploads\/2023\/09\/com-blog-202309-bobine-lin-francais-avant-teinture-300x297.jpeg 300w, https:\/\/natissea.com\/wp-content\/uploads\/2023\/09\/com-blog-202309-bobine-lin-francais-avant-teinture-150x150.jpeg 150w, https:\/\/natissea.com\/wp-content\/uploads\/2023\/09\/com-blog-202309-bobine-lin-francais-avant-teinture-768x761.jpeg 768w, https:\/\/natissea.com\/wp-content\/uploads\/2023\/09\/com-blog-202309-bobine-lin-francais-avant-teinture-1536x1522.jpeg 1536w, https:\/\/natissea.com\/wp-content\/uploads\/2023\/09\/com-blog-202309-bobine-lin-francais-avant-teinture-2048x2030.jpeg 2048w, https:\/\/natissea.com\/wp-content\/uploads\/2023\/09\/com-blog-202309-bobine-lin-francais-avant-teinture-12x12.jpeg 12w, https:\/\/natissea.com\/wp-content\/uploads\/2023\/09\/com-blog-202309-bobine-lin-francais-avant-teinture-1320x1308.jpeg 1320w, https:\/\/natissea.com\/wp-content\/uploads\/2023\/09\/com-blog-202309-bobine-lin-francais-avant-teinture-600x595.jpeg 600w, https:\/\/natissea.com\/wp-content\/uploads\/2023\/09\/com-blog-202309-bobine-lin-francais-avant-teinture-100x100.jpeg 100w\" sizes=\"(max-width: 1024px) 100vw, 1024px\" \/><\/figure><\/div>\n\n\n\n<div style=\"height:50px\" aria-hidden=\"true\" class=\"wp-block-spacer\"><\/div>\n\n\n\n<div class=\"wp-block-media-text has-media-on-the-right is-stacked-on-mobile is-vertically-aligned-center\" style=\"grid-template-columns:auto 30%\"><div class=\"wp-block-media-text__content\">\n<p>It&#039;s not necessarily about completely stopping synthetic or animal fibers, every little helps, you have to find your personal balance and the offer of plant and local yarns then allows you to diversify the materials that you can use. As in food, in knitting you can be vegan, vegetarian or flexitarian!<\/p>\n\n\n\n<p>The important thing is to move forward at your own pace, without frustration. Limiting our consumption and making our lives greener, even partially, makes a big difference on a global scale. So I chose to focus on plant-based fibers because they are a very interesting alternative and they never cease to surprise us! I am also delighted to see that there are more and more brands offering local wool from farms where animal welfare is respected.<\/p>\n<\/div><figure class=\"wp-block-media-text__media\"><img decoding=\"async\" width=\"768\" height=\"1024\" src=\"https:\/\/natissea.com\/wp-content\/uploads\/2023\/09\/com-blog-202309-peignage-lin.png-768x1024.jpeg\" alt=\"com blog 202309 peignage lin.png\" class=\"wp-image-819087 size-full\" srcset=\"https:\/\/natissea.com\/wp-content\/uploads\/2023\/09\/com-blog-202309-peignage-lin.png-768x1024.jpeg 768w, https:\/\/natissea.com\/wp-content\/uploads\/2023\/09\/com-blog-202309-peignage-lin.png-225x300.jpeg 225w, https:\/\/natissea.com\/wp-content\/uploads\/2023\/09\/com-blog-202309-peignage-lin.png-1152x1536.jpeg 1152w, https:\/\/natissea.com\/wp-content\/uploads\/2023\/09\/com-blog-202309-peignage-lin.png-1536x2048.jpeg 1536w, https:\/\/natissea.com\/wp-content\/uploads\/2023\/09\/com-blog-202309-peignage-lin.png-9x12.jpeg 9w, https:\/\/natissea.com\/wp-content\/uploads\/2023\/09\/com-blog-202309-peignage-lin.png-1320x1760.jpeg 1320w, https:\/\/natissea.com\/wp-content\/uploads\/2023\/09\/com-blog-202309-peignage-lin.png-600x800.jpeg 600w, https:\/\/natissea.com\/wp-content\/uploads\/2023\/09\/com-blog-202309-peignage-lin.png-scaled.jpeg 1920w\" sizes=\"(max-width: 768px) 100vw, 768px\" \/><\/figure><\/div>\n\n\n\n<div style=\"height:50px\" aria-hidden=\"true\" class=\"wp-block-spacer\"><\/div>\n\n\n\n<h2 class=\"wp-block-heading\">Hemp and linen for knitting<\/h2>\n\n\n\n<div class=\"wp-block-media-text has-media-on-the-right is-stacked-on-mobile is-vertically-aligned-center\" style=\"grid-template-columns:auto 30%\"><div class=\"wp-block-media-text__content\">\n<p>In addition to their ecological and local cultivation, these fibers offer all the natural properties! These thermoregulating materials will insulate your body temperature at 37 degrees Celsius from outside temperatures, whether hot or cold. Hemp is also used to insulate homes! Hemp yarn is also antiperspirant, ultra-resistant, antibacterial, antifungal, and hypoallergenic.<\/p>\n\n\n\n<p>When it comes to knitting, plant-based yarns offer a wealth of creative possibilities. It takes a few rows to get used to the fiber&#039;s inelasticity, adjust your tension, and it will knit like a traditional knitting yarn. Since plant-based fibers are slightly denser than wool, it&#039;s best to refer to a pattern&#039;s yardage rather than its weight. Aside from that, most patterns originally knitted with wool or synthetic yarn convert very well to plant-based yarn.<\/p>\n\n\n\n<p>The sons <a href=\"https:\/\/natissea.com\/en\/\">Natissea<\/a> are dyed, twisted and packaged in France and are GOTS certified. All textile sectors, whether they concern cultivation, spinning or dyeing, are gradually being reintegrated into France. This requires a lot of investment from companies because the government hardly subsidizes the linen and textile hemp sectors. Thanks to increasingly engaged consumers and the various players in this sector who are coming together in the form of associations, things are moving. I am monitoring this very closely to be able to develop the ranges of knitting yarns <a href=\"https:\/\/natissea.com\/en\/\">Natissea<\/a>&nbsp;!<\/p>\n<\/div><figure class=\"wp-block-media-text__media\"><img decoding=\"async\" width=\"768\" height=\"1024\" src=\"https:\/\/natissea.com\/wp-content\/uploads\/2023\/09\/com-blog-202309-bobine-gots-2.png-768x1024.jpeg\" alt=\"com blog 202309 bobine gots 2.png\" class=\"wp-image-820401 size-full\" srcset=\"https:\/\/natissea.com\/wp-content\/uploads\/2023\/09\/com-blog-202309-bobine-gots-2.png-768x1024.jpeg 768w, https:\/\/natissea.com\/wp-content\/uploads\/2023\/09\/com-blog-202309-bobine-gots-2.png-225x300.jpeg 225w, https:\/\/natissea.com\/wp-content\/uploads\/2023\/09\/com-blog-202309-bobine-gots-2.png-1152x1536.jpeg 1152w, https:\/\/natissea.com\/wp-content\/uploads\/2023\/09\/com-blog-202309-bobine-gots-2.png-1536x2048.jpeg 1536w, https:\/\/natissea.com\/wp-content\/uploads\/2023\/09\/com-blog-202309-bobine-gots-2.png-9x12.jpeg 9w, https:\/\/natissea.com\/wp-content\/uploads\/2023\/09\/com-blog-202309-bobine-gots-2.png-1320x1760.jpeg 1320w, https:\/\/natissea.com\/wp-content\/uploads\/2023\/09\/com-blog-202309-bobine-gots-2.png-600x800.jpeg 600w, https:\/\/natissea.com\/wp-content\/uploads\/2023\/09\/com-blog-202309-bobine-gots-2.png-scaled.jpeg 1920w\" sizes=\"(max-width: 768px) 100vw, 768px\" \/><\/figure><\/div>\n\n\n\n<div style=\"height:50px\" aria-hidden=\"true\" class=\"wp-block-spacer\"><\/div>\n\n\n\t\t\t\t\t<div\n\t\t\t\t\t\tclass=\"wp-block-uagb-image-gallery uagb-block-cf1b6dfa\"\n\t\t\t\t\t\tstyle=\"\"\n\t\t\t\t\t>\n\t\t\t\t\t\t\t\t\t\t\t<div class=\"spectra-image-gallery spectra-image-gallery__layout--grid spectra-image-gallery__layout--grid-col-3 spectra-image-gallery__layout--grid-col-tab-3 spectra-image-gallery__layout--grid-col-mob-2\">\n\t\t\t\t\t\t\t\t\t\t\t<div class='spectra-image-gallery__media-wrapper' data-spectra-gallery-image-id='820638' tabindex=\"0\">\n\t\t\t\t\t\t\t<div class=\"spectra-image-gallery__media spectra-image-gallery__media--grid\">\n\t\t\t\t<picture>\n\t\t\t\t\t<source media=\"(min-width: 1024px)\" srcset=\"https:\/\/natissea.com\/wp-content\/uploads\/2023\/09\/com-photo-202306-shootingchampetre.-produitchamp-1024x1024.jpeg\">\n\t\t\t\t\t<source media=\"(min-width: 768px)\" srcset=\"https:\/\/natissea.com\/wp-content\/uploads\/2023\/09\/com-photo-202306-shootingchampetre.-produitchamp-1024x1024.jpeg\">\n\t\t\t\t\t<img decoding=\"async\" class=\"spectra-image-gallery__media-thumbnail spectra-image-gallery__media-thumbnail--grid\" src=\"https:\/\/natissea.com\/wp-content\/uploads\/2023\/09\/com-photo-202306-shootingchampetre.-produitchamp-300x300.jpeg\" alt=\"com photo 202306 shootingchampetre. produitchamp\" loading=\"lazy\" \/>\n\t\t\t\t<\/picture>\n\t\t\t\t<div class=\"spectra-image-gallery__media-thumbnail-blurrer\"><\/div>\n\t\t\t\t\t\t\t\t\t\t\t<div class=\"spectra-image-gallery__media-thumbnail-caption-wrapper spectra-image-gallery__media-thumbnail-caption-wrapper--overlay\"><\/div>\n\t\t\t\t\t\t\t\t<\/div>\n\t\t\t\t\t\t<\/div>\n\t\t\t\t\t\t<div class='spectra-image-gallery__media-wrapper' data-spectra-gallery-image-id='820655' tabindex=\"0\">\n\t\t\t\t\t\t\t<div class=\"spectra-image-gallery__media spectra-image-gallery__media--grid\">\n\t\t\t\t<picture>\n\t\t\t\t\t<source media=\"(min-width: 1024px)\" srcset=\"https:\/\/natissea.com\/wp-content\/uploads\/2023\/09\/com-photo-202306-shootingchampetre.tricotercolliope-1024x1024.jpeg\">\n\t\t\t\t\t<source media=\"(min-width: 768px)\" srcset=\"https:\/\/natissea.com\/wp-content\/uploads\/2023\/09\/com-photo-202306-shootingchampetre.tricotercolliope-1024x1024.jpeg\">\n\t\t\t\t\t<img decoding=\"async\" class=\"spectra-image-gallery__media-thumbnail spectra-image-gallery__media-thumbnail--grid\" src=\"https:\/\/natissea.com\/wp-content\/uploads\/2023\/09\/com-photo-202306-shootingchampetre.tricotercolliope-300x300.jpeg\" alt=\"com photo 202306 shootingchampetre.tricotercolliope\" loading=\"lazy\" \/>\n\t\t\t\t<\/picture>\n\t\t\t\t<div class=\"spectra-image-gallery__media-thumbnail-blurrer\"><\/div>\n\t\t\t\t\t\t\t\t\t\t\t<div class=\"spectra-image-gallery__media-thumbnail-caption-wrapper spectra-image-gallery__media-thumbnail-caption-wrapper--overlay\"><\/div>\n\t\t\t\t\t\t\t\t<\/div>\n\t\t\t\t\t\t<\/div>\n\t\t\t\t\t\t<div class='spectra-image-gallery__media-wrapper' data-spectra-gallery-image-id='820658' tabindex=\"0\">\n\t\t\t\t\t\t\t<div class=\"spectra-image-gallery__media spectra-image-gallery__media--grid\">\n\t\t\t\t<picture>\n\t\t\t\t\t<source media=\"(min-width: 1024px)\" srcset=\"https:\/\/natissea.com\/wp-content\/uploads\/2023\/09\/com-photos-202306-shootingchampetrepanierpiquenique2-1-768x1024.jpg\">\n\t\t\t\t\t<source media=\"(min-width: 768px)\" srcset=\"https:\/\/natissea.com\/wp-content\/uploads\/2023\/09\/com-photos-202306-shootingchampetrepanierpiquenique2-1-768x1024.jpg\">\n\t\t\t\t\t<img decoding=\"async\" class=\"spectra-image-gallery__media-thumbnail spectra-image-gallery__media-thumbnail--grid\" src=\"https:\/\/natissea.com\/wp-content\/uploads\/2023\/09\/com-photos-202306-shootingchampetrepanierpiquenique2-1-225x300.jpg\" alt=\"com photos 202306 shootingchampetrepanierpiquenique2\" loading=\"lazy\" \/>\n\t\t\t\t<\/picture>\n\t\t\t\t<div class=\"spectra-image-gallery__media-thumbnail-blurrer\"><\/div>\n\t\t\t\t\t\t\t\t\t\t\t<div class=\"spectra-image-gallery__media-thumbnail-caption-wrapper spectra-image-gallery__media-thumbnail-caption-wrapper--overlay\"><\/div>\n\t\t\t\t\t\t\t\t<\/div>\n\t\t\t\t\t\t<\/div>\n\t\t\t\t\t\t\t\t\t\t<\/div>\n\t\t\t\t\t\t\t\t\t\t\t\t\t\t\t\t\t\t<\/div>\n\t\t\t\t\t\t\t\t\t\n\n\n<div style=\"height:50px\" aria-hidden=\"true\" class=\"wp-block-spacer\"><\/div>","protected":false},"excerpt":{"rendered":"<p>Bienvenue chez Natissea, le monde du tricot \u00e9cologique, v\u00e9g\u00e9tal et Made in France&nbsp;! Je vous en dis un peu plus sur moi, les valeurs de la marque et les propri\u00e9t\u00e9s incroyables de ces fibres&nbsp;!&nbsp; Qui suis-je&nbsp;? Je m\u2019appelle Mathilde, je suis passionn\u00e9e de tricot depuis l\u2019enfance et il y a quelques ann\u00e9es je me suis [&hellip;]<\/p>\n","protected":false},"author":1,"featured_media":0,"parent":0,"menu_order":0,"comment_status":"closed","ping_status":"closed","template":"","meta":{"_seopress_robots_primary_cat":"","_seopress_titles_title":"%%post_title%% %%sep%% %%sitetitle%%","_seopress_titles_desc":"Bienvenue chez Natissea, marque engag\u00e9e dans le tricot \u00e9cologique et v\u00e9g\u00e9tal. D\u00e9couvrez nos fils bio, locaux et \u00e9thiques pour des cr\u00e9ations durables et responsables !","_seopress_robots_index":"","_uag_custom_page_level_css":"","site-sidebar-layout":"default","site-content-layout":"","ast-site-content-layout":"default","site-content-style":"default","site-sidebar-style":"default","ast-global-header-display":"","ast-banner-title-visibility":"","ast-main-header-display":"","ast-hfb-above-header-display":"","ast-hfb-below-header-display":"","ast-hfb-mobile-header-display":"","site-post-title":"","ast-breadcrumbs-content":"","ast-featured-img":"","footer-sml-layout":"","ast-disable-related-posts":"","theme-transparent-header-meta":"","adv-header-id-meta":"","stick-header-meta":"","header-above-stick-meta":"","header-main-stick-meta":"","header-below-stick-meta":"","astra-migrate-meta-layouts":"set","ast-page-background-enabled":"default","ast-page-background-meta":{"desktop":{"background-color":"var(--ast-global-color-4)","background-image":"","background-repeat":"repeat","background-position":"center center","background-size":"auto","background-attachment":"scroll","background-type":"","background-media":"","overlay-type":"","overlay-color":"","overlay-opacity":"","overlay-gradient":""},"tablet":{"background-color":"","background-image":"","background-repeat":"repeat","background-position":"center center","background-size":"auto","background-attachment":"scroll","background-type":"","background-media":"","overlay-type":"","overlay-color":"","overlay-opacity":"","overlay-gradient":""},"mobile":{"background-color":"","background-image":"","background-repeat":"repeat","background-position":"center center","background-size":"auto","background-attachment":"scroll","background-type":"","background-media":"","overlay-type":"","overlay-color":"","overlay-opacity":"","overlay-gradient":""}},"ast-content-background-meta":{"desktop":{"background-color":"var(--ast-global-color-5)","background-image":"","background-repeat":"repeat","background-position":"center center","background-size":"auto","background-attachment":"scroll","background-type":"","background-media":"","overlay-type":"","overlay-color":"","overlay-opacity":"","overlay-gradient":""},"tablet":{"background-color":"var(--ast-global-color-5)","background-image":"","background-repeat":"repeat","background-position":"center center","background-size":"auto","background-attachment":"scroll","background-type":"","background-media":"","overlay-type":"","overlay-color":"","overlay-opacity":"","overlay-gradient":""},"mobile":{"background-color":"var(--ast-global-color-5)","background-image":"","background-repeat":"repeat","background-position":"center center","background-size":"auto","background-attachment":"scroll","background-type":"","background-media":"","overlay-type":"","overlay-color":"","overlay-opacity":"","overlay-gradient":""}},"footnotes":""},"class_list":["post-259","page","type-page","status-publish","hentry"],"uagb_featured_image_src":{"full":false,"thumbnail":false,"medium":false,"medium_large":false,"large":false,"1536x1536":false,"2048x2048":false,"trp-custom-language-flag":false,"mailpoet_newsletter_max":false,"woocommerce_thumbnail":false,"woocommerce_single":false,"woocommerce_gallery_thumbnail":false},"uagb_author_info":{"display_name":"nghtmre","author_link":"https:\/\/natissea.com\/en"},"uagb_comment_info":0,"uagb_excerpt":"Bienvenue chez Natissea, le monde du tricot \u00e9cologique, v\u00e9g\u00e9tal et Made in France&nbsp;! Je vous en dis un peu plus sur moi, les valeurs de la marque et les propri\u00e9t\u00e9s incroyables de ces fibres&nbsp;!&nbsp; Qui suis-je&nbsp;? Je m\u2019appelle Mathilde, je suis passionn\u00e9e de tricot depuis l\u2019enfance et il y a quelques ann\u00e9es je me suis&hellip;","jetpack_sharing_enabled":true,"_links":{"self":[{"href":"https:\/\/natissea.com\/en\/wp-json\/wp\/v2\/pages\/259","targetHints":{"allow":["GET"]}}],"collection":[{"href":"https:\/\/natissea.com\/en\/wp-json\/wp\/v2\/pages"}],"about":[{"href":"https:\/\/natissea.com\/en\/wp-json\/wp\/v2\/types\/page"}],"author":[{"embeddable":true,"href":"https:\/\/natissea.com\/en\/wp-json\/wp\/v2\/users\/1"}],"replies":[{"embeddable":true,"href":"https:\/\/natissea.com\/en\/wp-json\/wp\/v2\/comments?post=259"}],"version-history":[{"count":0,"href":"https:\/\/natissea.com\/en\/wp-json\/wp\/v2\/pages\/259\/revisions"}],"wp:attachment":[{"href":"https:\/\/natissea.com\/en\/wp-json\/wp\/v2\/media?parent=259"}],"curies":[{"name":"wp","href":"https:\/\/api.w.org\/{rel}","templated":true}]}}