{"id":380,"date":"2023-02-12T16:20:03","date_gmt":"2023-02-12T15:20:03","guid":{"rendered":"https:\/\/natissea.com\/?page_id=380"},"modified":"2023-03-08T17:18:05","modified_gmt":"2023-03-08T16:18:05","slug":"mentions-legales","status":"publish","type":"page","link":"https:\/\/natissea.com\/en\/mentions-legales\/","title":{"rendered":"Legal Notice"},"content":{"rendered":"<div class=\"wp-block-cover alignfull is-light\"><span aria-hidden=\"true\" class=\"wp-block-cover__background has-has-vert-color-background-color has-background-dim-100 has-background-dim\"><\/span><div class=\"wp-block-cover__inner-container is-layout-flow wp-block-cover-is-layout-flow\"><h1 class=\"has-text-align-center wp-block-post-title\">Legal Notice<\/h1><\/div><\/div>\n\n\n\n<p>Registration with the RCS, number: 949 240 469 RCS Nanterre<br>Registration date: 02\/23\/2023<br>Name or company name: NATISSEA<br>Legal form: Simplified joint stock company (Single-member company)<br>Share capital: \u20ac1,000.00<br>Head office address: 93 Rue de Bellevue 92100 Boulogne-Billancourt<br>Main activities: Sale of knitting yarns<br>Duration of the legal entity: Until 02\/23\/2122<br>Financial year end date: October 31<br>Closing date of the 1st financial year: 10\/31\/2024<\/p>\n\n\n\n<p>Site hosted by the green data centers of 1&amp;1 Internet SARL 7 place de la Gare, BP 7010957201 Sarreguemines Cedex<\/p>","protected":false},"excerpt":{"rendered":"<p>Immatriculation au RCS, num\u00e9ro : 949 240 469 R.C.S. NanterreDate d&#8217;immatriculation : 23\/02\/2023D\u00e9nomination ou raison sociale : NATISSEAForme juridique : Soci\u00e9t\u00e9 par actions simplifi\u00e9e (Soci\u00e9t\u00e9 \u00e0 associ\u00e9 unique)Capital social : 1 000,00 EurosAdresse du si\u00e8ge : 93 Rue de Bellevue 92100 Boulogne-BillancourtActivit\u00e9s principales : La vente de fils \u00e0 tricoterDur\u00e9e de la personne morale : [&hellip;]<\/p>\n","protected":false},"author":1,"featured_media":0,"parent":0,"menu_order":0,"comment_status":"closed","ping_status":"closed","template":"","meta":{"_seopress_robots_primary_cat":"","_seopress_titles_title":"","_seopress_titles_desc":"","_seopress_robots_index":"","_uag_custom_page_level_css":"","site-sidebar-layout":"default","site-content-layout":"","ast-site-content-layout":"default","site-content-style":"default","site-sidebar-style":"default","ast-global-header-display":"","ast-banner-title-visibility":"","ast-main-header-display":"","ast-hfb-above-header-display":"","ast-hfb-below-header-display":"","ast-hfb-mobile-header-display":"","site-post-title":"disabled","ast-breadcrumbs-content":"","ast-featured-img":"","footer-sml-layout":"","ast-disable-related-posts":"","theme-transparent-header-meta":"","adv-header-id-meta":"","stick-header-meta":"","header-above-stick-meta":"","header-main-stick-meta":"","header-below-stick-meta":"","astra-migrate-meta-layouts":"default","ast-page-background-enabled":"default","ast-page-background-meta":{"desktop":{"background-color":"var(--ast-global-color-4)","background-image":"","background-repeat":"repeat","background-position":"center center","background-size":"auto","background-attachment":"scroll","background-type":"","background-media":"","overlay-type":"","overlay-color":"","overlay-opacity":"","overlay-gradient":""},"tablet":{"background-color":"","background-image":"","background-repeat":"repeat","background-position":"center center","background-size":"auto","background-attachment":"scroll","background-type":"","background-media":"","overlay-type":"","overlay-color":"","overlay-opacity":"","overlay-gradient":""},"mobile":{"background-color":"","background-image":"","background-repeat":"repeat","background-position":"center center","background-size":"auto","background-attachment":"scroll","background-type":"","background-media":"","overlay-type":"","overlay-color":"","overlay-opacity":"","overlay-gradient":""}},"ast-content-background-meta":{"desktop":{"background-color":"var(--ast-global-color-5)","background-image":"","background-repeat":"repeat","background-position":"center center","background-size":"auto","background-attachment":"scroll","background-type":"","background-media":"","overlay-type":"","overlay-color":"","overlay-opacity":"","overlay-gradient":""},"tablet":{"background-color":"var(--ast-global-color-5)","background-image":"","background-repeat":"repeat","background-position":"center center","background-size":"auto","background-attachment":"scroll","background-type":"","background-media":"","overlay-type":"","overlay-color":"","overlay-opacity":"","overlay-gradient":""},"mobile":{"background-color":"var(--ast-global-color-5)","background-image":"","background-repeat":"repeat","background-position":"center center","background-size":"auto","background-attachment":"scroll","background-type":"","background-media":"","overlay-type":"","overlay-color":"","overlay-opacity":"","overlay-gradient":""}},"footnotes":""},"class_list":["post-380","page","type-page","status-publish","hentry"],"uagb_featured_image_src":{"full":false,"thumbnail":false,"medium":false,"medium_large":false,"large":false,"1536x1536":false,"2048x2048":false,"trp-custom-language-flag":false,"mailpoet_newsletter_max":false,"woocommerce_thumbnail":false,"woocommerce_single":false,"woocommerce_gallery_thumbnail":false},"uagb_author_info":{"display_name":"nghtmre","author_link":"https:\/\/natissea.com\/en"},"uagb_comment_info":0,"uagb_excerpt":"Immatriculation au RCS, num\u00e9ro : 949 240 469 R.C.S. NanterreDate d&#8217;immatriculation : 23\/02\/2023D\u00e9nomination ou raison sociale : NATISSEAForme juridique : Soci\u00e9t\u00e9 par actions simplifi\u00e9e (Soci\u00e9t\u00e9 \u00e0 associ\u00e9 unique)Capital social : 1 000,00 EurosAdresse du si\u00e8ge : 93 Rue de Bellevue 92100 Boulogne-BillancourtActivit\u00e9s principales : La vente de fils \u00e0 tricoterDur\u00e9e de la personne morale :&hellip;","jetpack_sharing_enabled":true,"_links":{"self":[{"href":"https:\/\/natissea.com\/en\/wp-json\/wp\/v2\/pages\/380","targetHints":{"allow":["GET"]}}],"collection":[{"href":"https:\/\/natissea.com\/en\/wp-json\/wp\/v2\/pages"}],"about":[{"href":"https:\/\/natissea.com\/en\/wp-json\/wp\/v2\/types\/page"}],"author":[{"embeddable":true,"href":"https:\/\/natissea.com\/en\/wp-json\/wp\/v2\/users\/1"}],"replies":[{"embeddable":true,"href":"https:\/\/natissea.com\/en\/wp-json\/wp\/v2\/comments?post=380"}],"version-history":[{"count":0,"href":"https:\/\/natissea.com\/en\/wp-json\/wp\/v2\/pages\/380\/revisions"}],"wp:attachment":[{"href":"https:\/\/natissea.com\/en\/wp-json\/wp\/v2\/media?parent=380"}],"curies":[{"name":"wp","href":"https:\/\/api.w.org\/{rel}","templated":true}]}}