{"id":55,"date":"2023-01-12T11:34:42","date_gmt":"2023-01-12T10:34:42","guid":{"rendered":"https:\/\/natissea.com\/?page_id=55"},"modified":"2023-07-13T23:55:49","modified_gmt":"2023-07-13T21:55:49","slug":"contactez-moi","status":"publish","type":"page","link":"https:\/\/natissea.com\/en\/contactez-moi\/","title":{"rendered":"contact me"},"content":{"rendered":"<div class=\"wp-block-cover alignfull is-light\" style=\"min-height:60vh;aspect-ratio:unset;\"><span aria-hidden=\"true\" class=\"wp-block-cover__background has-has-dark-color-background-color has-background-dim-10 has-background-dim\"><\/span><img decoding=\"async\" width=\"1080\" height=\"720\" class=\"wp-block-cover__image-background wp-image-1412\" alt=\"natissea shooting appartement\" src=\"https:\/\/natissea.com\/wp-content\/uploads\/2023\/03\/natissea-aw21-appartement-1145.jpg\" style=\"object-position:53% 66%\" data-object-fit=\"cover\" data-object-position=\"53% 66%\" srcset=\"https:\/\/natissea.com\/wp-content\/uploads\/2023\/03\/natissea-aw21-appartement-1145.jpg 1080w, https:\/\/natissea.com\/wp-content\/uploads\/2023\/03\/natissea-aw21-appartement-1145-300x200.jpg 300w, https:\/\/natissea.com\/wp-content\/uploads\/2023\/03\/natissea-aw21-appartement-1145-1024x683.jpg 1024w, https:\/\/natissea.com\/wp-content\/uploads\/2023\/03\/natissea-aw21-appartement-1145-768x512.jpg 768w, https:\/\/natissea.com\/wp-content\/uploads\/2023\/03\/natissea-aw21-appartement-1145-600x400.jpg 600w\" sizes=\"(max-width: 1080px) 100vw, 1080px\" \/><div class=\"wp-block-cover__inner-container is-layout-flow wp-block-cover-is-layout-flow\"><h1 class=\"has-text-align-center wp-block-post-title\">contact me<\/h1>\n\n\n<h2 class=\"wp-block-heading has-text-align-center\">I&#039;m here to help you!<\/h2>\n<\/div><\/div>\n\n\n\n<div class=\"inherit-container-width wp-block-group is-layout-constrained wp-block-group-is-layout-constrained\">\n<h2 class=\"wp-block-heading\">Do not hesitate to contact me<\/h2>\n\n\n\n<div class=\"wp-block-kadence-form kadence-form-_d2549c-e7 kb-form-wrap\"><form class=\"kb-form\" action=\"\" method=\"post\" data-error-message=\"merci de corriger les erreurs avant\" data-trp-original-action=\"\"><div class=\"kadence-blocks-form-field kb-field-desk-width-100 kb-input-size-standard\"><label for=\"kb_field__d2549c-e7_0\">I am<span class=\"required\">*<\/span><\/label><div data-type=\"radio\" data-label=\"Je suis\" id=\"kb_field__d2549c-e7_0\" class=\"kb-field kb-radio-style-field kb-radio-field kb-field-0 kb-radio-style-inline\" data-required=\"yes\" data-required-message=\"Ce champ est requis\"><div data-type=\"radio\" class=\"kb-radio-item kb-radio-item-0\"><input type=\"radio\" name=\"kb_field_0[]\" id=\"kb_field_0_0\" class=\"kb-sub-field kb-radio-style\" value=\"Un(e) professionnel(le)\"\/><label for=\"kb_field_0_0\">A professional<\/label><\/div><div data-type=\"radio\" class=\"kb-radio-item kb-radio-item-1\"><input type=\"radio\" name=\"kb_field_0[]\" id=\"kb_field_0_1\" class=\"kb-sub-field kb-radio-style\" value=\"Un particulier\"\/><label for=\"kb_field_0_1\">A particular<\/label><\/div><\/div><\/div><div class=\"kadence-blocks-form-field kb-form-field-1 kb-field-desk-width-50 kb-input-size-standard\"><label for=\"kb_field__d2549c-e7_1\">Your first name<span class=\"required\">*<\/span><\/label><input name=\"kb_field_1\" id=\"kb_field__d2549c-e7_1\" data-label=\"Votre pr\u00e9nom\" type=\"text\" placeholder=\"\" value=\"\" data-type=\"text\" class=\"kb-field kb-text-style-field kb-text-field kb-field-1\" autocomplete=\"given-name\" data-required=\"yes\" data-required-message=\"Ce champ est requis\"\/><\/div><div class=\"kadence-blocks-form-field kb-form-field-2 kb-field-desk-width-50 kb-input-size-standard\"><label for=\"kb_field__d2549c-e7_2\">Your name<span class=\"required\">*<\/span><\/label><input name=\"kb_field_2\" id=\"kb_field__d2549c-e7_2\" data-label=\"Votre nom\" type=\"text\" placeholder=\"\" value=\"\" data-type=\"text\" class=\"kb-field kb-text-style-field kb-text-field kb-field-2\" autocomplete=\"family-name\" data-required=\"yes\" data-required-message=\"Ce champ est requis\"\/><\/div><div class=\"kadence-blocks-form-field kb-form-field-3 kb-field-desk-width-50 kb-input-size-standard\"><label for=\"kb_field__d2549c-e7_3\">Your email<span class=\"required\">*<\/span><\/label><input name=\"kb_field_3\" id=\"kb_field__d2549c-e7_3\" data-label=\"Votre adresse mail\" type=\"email\" placeholder=\"\" value=\"\" data-type=\"email\" class=\"kb-field kb-text-style-field kb-email-field kb-field-3\" autocomplete=\"email\" data-required=\"yes\" data-required-message=\"Ce champ est requis\" data-validation-message=\"Votre adresse mail n'est pas valide\"\/><\/div><div class=\"kadence-blocks-form-field kb-form-field-4 kb-field-desk-width-50 kb-input-size-standard\"><label for=\"kb_field__d2549c-e7_4\">Your phone number<span class=\"required\">*<\/span><\/label><input name=\"kb_field_4\" id=\"kb_field__d2549c-e7_4\" data-label=\"Votre num\u00e9ro de t\u00e9l\u00e9phone\" type=\"tel\" placeholder=\"\" value=\"\" data-type=\"tel\" class=\"kb-field kb-text-style-field kb-tel-field kb-field-4\" autocomplete=\"tel\" data-required=\"yes\" data-required-message=\"Ce champ est requis\" data-validation-message=\"Votre num\u00e9ro de t\u00e9l\u00e9phone n'est pas valide\"\/><\/div><div class=\"kadence-blocks-form-field kb-form-field-5 kb-field-desk-width-100 kb-input-size-standard\"><label for=\"kb_field__d2549c-e7_5\">Your message<span class=\"required\">*<\/span><\/label><textarea name=\"kb_field_5\" id=\"kb_field__d2549c-e7_5\" data-label=\"Votre message\" type=\"textarea\" placeholder=\"\" data-type=\"textarea\" class=\"kb-field kb-text-style-field kb-textarea-field kb-field-5\" rows=\"5\" data-required=\"yes\" data-required-message=\"Ce champ est requis\"><\/textarea><\/div><div class=\"kadence-blocks-form-field kb-form-field-6 kb-field-desk-width-100 kb-input-size-standard kb-accept-form-field\"><input type=\"checkbox\" name=\"kb_field_6\" id=\"kb_field__d2549c-e7_6\" class=\"kb-field kb-checkbox-style kb-accept\" value=\"accept\" data-type=\"accept\" data-required=\"yes\"\/><label for=\"kb_field__d2549c-e7_6\">I accept the terms of use.<span class=\"required\">*<\/span><\/label><\/div><input type=\"hidden\" name=\"_kb_form_id\" value=\"_d2549c-e7\"\/><input type=\"hidden\" name=\"_kb_form_post_id\" value=\"55\"\/><input type=\"hidden\" name=\"action\" value=\"kb_process_ajax_submit\"\/><input class=\"kadence-blocks-field verify\" type=\"text\" name=\"_kb_verify_email\" autocomplete=\"off\" aria-hidden=\"true\" placeholder=\"E-mail\" tabindex=\"-1\"\/><div class=\"kadence-blocks-form-field kb-submit-field kb-field-desk-width-100\"><button class=\"kb-forms-submit button kb-button-size-standard kb-button-width-auto\">Send<\/button><\/div><input type=\"hidden\" name=\"trp-form-language\" value=\"en\"\/><\/form><\/div>\n<\/div>","protected":false},"excerpt":{"rendered":"<p>Do not hesitate to contact me<\/p>","protected":false},"author":1,"featured_media":351,"parent":0,"menu_order":0,"comment_status":"closed","ping_status":"closed","template":"","meta":{"_seopress_robots_primary_cat":"","_seopress_titles_title":"","_seopress_titles_desc":"","_seopress_robots_index":"","_uag_custom_page_level_css":"","site-sidebar-layout":"default","site-content-layout":"","ast-site-content-layout":"default","site-content-style":"default","site-sidebar-style":"default","ast-global-header-display":"","ast-banner-title-visibility":"","ast-main-header-display":"","ast-hfb-above-header-display":"","ast-hfb-below-header-display":"","ast-hfb-mobile-header-display":"","site-post-title":"disabled","ast-breadcrumbs-content":"","ast-featured-img":"disabled","footer-sml-layout":"","ast-disable-related-posts":"","theme-transparent-header-meta":"","adv-header-id-meta":"","stick-header-meta":"","header-above-stick-meta":"","header-main-stick-meta":"","header-below-stick-meta":"","astra-migrate-meta-layouts":"default","ast-page-background-enabled":"default","ast-page-background-meta":{"desktop":{"background-color":"var(--ast-global-color-4)","background-image":"","background-repeat":"repeat","background-position":"center center","background-size":"auto","background-attachment":"scroll","background-type":"","background-media":"","overlay-type":"","overlay-color":"","overlay-opacity":"","overlay-gradient":""},"tablet":{"background-color":"","background-image":"","background-repeat":"repeat","background-position":"center center","background-size":"auto","background-attachment":"scroll","background-type":"","background-media":"","overlay-type":"","overlay-color":"","overlay-opacity":"","overlay-gradient":""},"mobile":{"background-color":"","background-image":"","background-repeat":"repeat","background-position":"center center","background-size":"auto","background-attachment":"scroll","background-type":"","background-media":"","overlay-type":"","overlay-color":"","overlay-opacity":"","overlay-gradient":""}},"ast-content-background-meta":{"desktop":{"background-color":"var(--ast-global-color-5)","background-image":"","background-repeat":"repeat","background-position":"center center","background-size":"auto","background-attachment":"scroll","background-type":"","background-media":"","overlay-type":"","overlay-color":"","overlay-opacity":"","overlay-gradient":""},"tablet":{"background-color":"var(--ast-global-color-5)","background-image":"","background-repeat":"repeat","background-position":"center center","background-size":"auto","background-attachment":"scroll","background-type":"","background-media":"","overlay-type":"","overlay-color":"","overlay-opacity":"","overlay-gradient":""},"mobile":{"background-color":"var(--ast-global-color-5)","background-image":"","background-repeat":"repeat","background-position":"center center","background-size":"auto","background-attachment":"scroll","background-type":"","background-media":"","overlay-type":"","overlay-color":"","overlay-opacity":"","overlay-gradient":""}},"footnotes":""},"class_list":["post-55","page","type-page","status-publish","has-post-thumbnail","hentry"],"uagb_featured_image_src":{"full":["https:\/\/natissea.com\/wp-content\/uploads\/2023\/02\/natissea-ss21-produits-343-edited.jpg",1080,675,false],"thumbnail":["https:\/\/natissea.com\/wp-content\/uploads\/2023\/02\/natissea-ss21-produits-343-edited-150x150.jpg",150,150,true],"medium":["https:\/\/natissea.com\/wp-content\/uploads\/2023\/02\/natissea-ss21-produits-343-edited-300x188.jpg",300,188,true],"medium_large":["https:\/\/natissea.com\/wp-content\/uploads\/2023\/02\/natissea-ss21-produits-343-edited-768x480.jpg",768,480,true],"large":["https:\/\/natissea.com\/wp-content\/uploads\/2023\/02\/natissea-ss21-produits-343-edited-1024x640.jpg",1024,640,true],"1536x1536":["https:\/\/natissea.com\/wp-content\/uploads\/2023\/02\/natissea-ss21-produits-343-edited.jpg",1080,675,false],"2048x2048":["https:\/\/natissea.com\/wp-content\/uploads\/2023\/02\/natissea-ss21-produits-343-edited.jpg",1080,675,false],"trp-custom-language-flag":["https:\/\/natissea.com\/wp-content\/uploads\/2023\/02\/natissea-ss21-produits-343-edited.jpg",18,12,false],"mailpoet_newsletter_max":["https:\/\/natissea.com\/wp-content\/uploads\/2023\/02\/natissea-ss21-produits-343-edited.jpg",1080,675,false],"woocommerce_thumbnail":["https:\/\/natissea.com\/wp-content\/uploads\/2023\/02\/natissea-ss21-produits-343-edited-300x300.jpg",300,300,true],"woocommerce_single":["https:\/\/natissea.com\/wp-content\/uploads\/2023\/02\/natissea-ss21-produits-343-edited-600x375.jpg",600,375,true],"woocommerce_gallery_thumbnail":["https:\/\/natissea.com\/wp-content\/uploads\/2023\/02\/natissea-ss21-produits-343-edited-100x100.jpg",100,100,true]},"uagb_author_info":{"display_name":"nghtmre","author_link":"https:\/\/natissea.com\/en"},"uagb_comment_info":0,"uagb_excerpt":"N&#8217;h\u00e9sitez pas \u00e0 me contacter","jetpack_sharing_enabled":true,"_links":{"self":[{"href":"https:\/\/natissea.com\/en\/wp-json\/wp\/v2\/pages\/55","targetHints":{"allow":["GET"]}}],"collection":[{"href":"https:\/\/natissea.com\/en\/wp-json\/wp\/v2\/pages"}],"about":[{"href":"https:\/\/natissea.com\/en\/wp-json\/wp\/v2\/types\/page"}],"author":[{"embeddable":true,"href":"https:\/\/natissea.com\/en\/wp-json\/wp\/v2\/users\/1"}],"replies":[{"embeddable":true,"href":"https:\/\/natissea.com\/en\/wp-json\/wp\/v2\/comments?post=55"}],"version-history":[{"count":0,"href":"https:\/\/natissea.com\/en\/wp-json\/wp\/v2\/pages\/55\/revisions"}],"wp:featuredmedia":[{"embeddable":true,"href":"https:\/\/natissea.com\/en\/wp-json\/wp\/v2\/media\/351"}],"wp:attachment":[{"href":"https:\/\/natissea.com\/en\/wp-json\/wp\/v2\/media?parent=55"}],"curies":[{"name":"wp","href":"https:\/\/api.w.org\/{rel}","templated":true}]}}