{"id":1021,"date":"2023-03-05T22:50:28","date_gmt":"2023-03-05T21:50:28","guid":{"rendered":"https:\/\/natissea.com\/?post_type=product&#038;p=1021"},"modified":"2025-07-04T17:44:45","modified_gmt":"2025-07-04T15:44:45","slug":"damya-framboise","status":"publish","type":"product","link":"https:\/\/natissea.com\/en\/boutique\/damya-framboise\/","title":{"rendered":"Damya Raspberry"},"content":{"rendered":"","protected":false},"excerpt":{"rendered":"<p>This DK 100% plant-based yarn combines the purity and strength of hemp with the softness of organic cotton, for healthy and responsible knitting. For all types of projects: vests, sweaters, baby clothes, accessories, etc.<\/p>\n<ul>\n<li>Damya 55% hemp 45% organic cotton<\/li>\n<li>Available in skeins of +\/- 170 m\/100 g<\/li>\n<li>Sample after washing: 20 m\/30 rows<\/li>\n<li>Needles: 4\/4.5mm<\/li>\n<\/ul>","protected":false},"featured_media":5496024,"template":"","meta":{"_seopress_robots_primary_cat":"none","_seopress_titles_title":"%%post_title%% %%sep%% %%sitetitle%%","_seopress_titles_desc":"Ce fil DK associe le chanvre et le coton bio pour un tricot 100% v\u00e9g\u00e9tal et responsable. R\u00e9sistant et doux. 55% chanvre, 45% coton bio.","_seopress_robots_index":"","_uag_custom_page_level_css":"","site-sidebar-layout":"default","site-content-layout":"default","ast-site-content-layout":"default","site-content-style":"default","site-sidebar-style":"default","ast-global-header-display":"","ast-banner-title-visibility":"","ast-main-header-display":"","ast-hfb-above-header-display":"","ast-hfb-below-header-display":"","ast-hfb-mobile-header-display":"","site-post-title":"","ast-breadcrumbs-content":"","ast-featured-img":"","footer-sml-layout":"","ast-disable-related-posts":"","theme-transparent-header-meta":"default","adv-header-id-meta":"","stick-header-meta":"default","header-above-stick-meta":"","header-main-stick-meta":"","header-below-stick-meta":"","astra-migrate-meta-layouts":"set","ast-page-background-enabled":"default","ast-page-background-meta":{"desktop":{"background-color":"var(--ast-global-color-4)","background-image":"","background-repeat":"repeat","background-position":"center center","background-size":"auto","background-attachment":"scroll","background-type":"","background-media":"","overlay-type":"","overlay-color":"","overlay-opacity":"","overlay-gradient":""},"tablet":{"background-color":"","background-image":"","background-repeat":"repeat","background-position":"center center","background-size":"auto","background-attachment":"scroll","background-type":"","background-media":"","overlay-type":"","overlay-color":"","overlay-opacity":"","overlay-gradient":""},"mobile":{"background-color":"","background-image":"","background-repeat":"repeat","background-position":"center center","background-size":"auto","background-attachment":"scroll","background-type":"","background-media":"","overlay-type":"","overlay-color":"","overlay-opacity":"","overlay-gradient":""}},"ast-content-background-meta":{"desktop":{"background-color":"var(--ast-global-color-5)","background-image":"","background-repeat":"repeat","background-position":"center center","background-size":"auto","background-attachment":"scroll","background-type":"","background-media":"","overlay-type":"","overlay-color":"","overlay-opacity":"","overlay-gradient":""},"tablet":{"background-color":"var(--ast-global-color-5)","background-image":"","background-repeat":"repeat","background-position":"center center","background-size":"auto","background-attachment":"scroll","background-type":"","background-media":"","overlay-type":"","overlay-color":"","overlay-opacity":"","overlay-gradient":""},"mobile":{"background-color":"var(--ast-global-color-5)","background-image":"","background-repeat":"repeat","background-position":"center center","background-size":"auto","background-attachment":"scroll","background-type":"","background-media":"","overlay-type":"","overlay-color":"","overlay-opacity":"","overlay-gradient":""}}},"product_brand":[],"product_cat":[81,40],"product_tag":[],"class_list":{"0":"post-1021","1":"product","2":"type-product","3":"status-publish","4":"has-post-thumbnail","6":"product_cat-damya","7":"product_cat-fils","8":"desktop-align-center","9":"tablet-align-left","10":"mobile-align-left","12":"first","13":"outofstock","14":"taxable","15":"shipping-taxable","16":"purchasable","17":"product-type-simple"},"uagb_featured_image_src":{"full":["https:\/\/natissea.com\/wp-content\/uploads\/2023\/03\/natissea_2024-fils-damya-photo1-framboise-min.jpg",1080,1080,false],"thumbnail":["https:\/\/natissea.com\/wp-content\/uploads\/2023\/03\/natissea_2024-fils-damya-photo1-framboise-min-150x150.jpg",150,150,true],"medium":["https:\/\/natissea.com\/wp-content\/uploads\/2023\/03\/natissea_2024-fils-damya-photo1-framboise-min-300x300.jpg",300,300,true],"medium_large":["https:\/\/natissea.com\/wp-content\/uploads\/2023\/03\/natissea_2024-fils-damya-photo1-framboise-min-768x768.jpg",768,768,true],"large":["https:\/\/natissea.com\/wp-content\/uploads\/2023\/03\/natissea_2024-fils-damya-photo1-framboise-min-1024x1024.jpg",1024,1024,true],"1536x1536":["https:\/\/natissea.com\/wp-content\/uploads\/2023\/03\/natissea_2024-fils-damya-photo1-framboise-min.jpg",1080,1080,false],"2048x2048":["https:\/\/natissea.com\/wp-content\/uploads\/2023\/03\/natissea_2024-fils-damya-photo1-framboise-min.jpg",1080,1080,false],"trp-custom-language-flag":["https:\/\/natissea.com\/wp-content\/uploads\/2023\/03\/natissea_2024-fils-damya-photo1-framboise-min-12x12.jpg",12,12,true],"mailpoet_newsletter_max":["https:\/\/natissea.com\/wp-content\/uploads\/2023\/03\/natissea_2024-fils-damya-photo1-framboise-min.jpg",1080,1080,false],"woocommerce_thumbnail":["https:\/\/natissea.com\/wp-content\/uploads\/2023\/03\/natissea_2024-fils-damya-photo1-framboise-min-300x300.jpg",300,300,true],"woocommerce_single":["https:\/\/natissea.com\/wp-content\/uploads\/2023\/03\/natissea_2024-fils-damya-photo1-framboise-min-600x600.jpg",600,600,true],"woocommerce_gallery_thumbnail":["https:\/\/natissea.com\/wp-content\/uploads\/2023\/03\/natissea_2024-fils-damya-photo1-framboise-min-100x100.jpg",100,100,true]},"uagb_author_info":{"display_name":"nghtmre","author_link":"https:\/\/natissea.com\/en"},"uagb_comment_info":0,"uagb_excerpt":"Ce fil DK 100% v\u00e9g\u00e9tale associe la puret\u00e9 et la r\u00e9sistance du chanvre \u00e0 la douceur du coton bio, pour un tricot sain et responsable.\u00a0Pour tous types de projets : gilets, pulls, layette, accessoires, etc\u2026 Damya 55% chanvre 45% coton bio Propos\u00e9 en \u00e9cheveaux de +\/- 170 m\/100 g \u00c9chantillon apr\u00e8s lavage : 20 m\/30&hellip;","jetpack_sharing_enabled":true,"_links":{"self":[{"href":"https:\/\/natissea.com\/en\/wp-json\/wp\/v2\/product\/1021","targetHints":{"allow":["GET"]}}],"collection":[{"href":"https:\/\/natissea.com\/en\/wp-json\/wp\/v2\/product"}],"about":[{"href":"https:\/\/natissea.com\/en\/wp-json\/wp\/v2\/types\/product"}],"wp:featuredmedia":[{"embeddable":true,"href":"https:\/\/natissea.com\/en\/wp-json\/wp\/v2\/media\/5496024"}],"wp:attachment":[{"href":"https:\/\/natissea.com\/en\/wp-json\/wp\/v2\/media?parent=1021"}],"wp:term":[{"taxonomy":"product_brand","embeddable":true,"href":"https:\/\/natissea.com\/en\/wp-json\/wp\/v2\/product_brand?post=1021"},{"taxonomy":"product_cat","embeddable":true,"href":"https:\/\/natissea.com\/en\/wp-json\/wp\/v2\/product_cat?post=1021"},{"taxonomy":"product_tag","embeddable":true,"href":"https:\/\/natissea.com\/en\/wp-json\/wp\/v2\/product_tag?post=1021"}],"curies":[{"name":"wp","href":"https:\/\/api.w.org\/{rel}","templated":true}]}}