{"id":1028,"date":"2023-03-05T22:50:30","date_gmt":"2023-03-05T21:50:30","guid":{"rendered":"https:\/\/natissea.com\/?post_type=product&#038;p=1028"},"modified":"2026-03-26T15:36:29","modified_gmt":"2026-03-26T14:36:29","slug":"linae-bleu-paon","status":"publish","type":"product","link":"https:\/\/natissea.com\/en\/boutique\/linae-bleu-paon\/","title":{"rendered":"Linae Peacock Blue"},"content":{"rendered":"","protected":false},"excerpt":{"rendered":"<p>Made from high-quality linen and ecologically dyed in France, this yarn guarantees a healthy, 100% plant-based, locally sourced knit. The thermoregulating properties of linen and the absorbent properties of cotton make it an ideal and very comfortable material.<\/p>\n<ul>\n<li>Lina\u00e9 95% French linen 5% cotton<\/li>\n<li>Available in skeins of +\/- 190 m\/100 g<\/li>\n<li>Sample after washing: 24 sts\/37 rows<\/li>\n<li>Needles: +\/- 3mm (2US)<\/li>\n<\/ul>","protected":false},"featured_media":5512143,"template":"","meta":{"_seopress_robots_primary_cat":"none","_seopress_titles_title":"%%post_title%% %%sep%% %%sitetitle%%","_seopress_titles_desc":"Fil 100% v\u00e9g\u00e9tal, teint\u00e9 \u00e9cologiquement en France. Thermor\u00e9gulateur, absorbant et confortable. Compos\u00e9 de 95% de lin fran\u00e7ais et 5% de coton.","_seopress_robots_index":"","_uag_custom_page_level_css":"","site-sidebar-layout":"default","site-content-layout":"default","ast-site-content-layout":"default","site-content-style":"default","site-sidebar-style":"default","ast-global-header-display":"","ast-banner-title-visibility":"","ast-main-header-display":"","ast-hfb-above-header-display":"","ast-hfb-below-header-display":"","ast-hfb-mobile-header-display":"","site-post-title":"","ast-breadcrumbs-content":"","ast-featured-img":"","footer-sml-layout":"","ast-disable-related-posts":"","theme-transparent-header-meta":"default","adv-header-id-meta":"","stick-header-meta":"default","header-above-stick-meta":"","header-main-stick-meta":"","header-below-stick-meta":"","astra-migrate-meta-layouts":"set","ast-page-background-enabled":"default","ast-page-background-meta":{"desktop":{"background-color":"var(--ast-global-color-4)","background-image":"","background-repeat":"repeat","background-position":"center center","background-size":"auto","background-attachment":"scroll","background-type":"","background-media":"","overlay-type":"","overlay-color":"","overlay-opacity":"","overlay-gradient":""},"tablet":{"background-color":"","background-image":"","background-repeat":"repeat","background-position":"center center","background-size":"auto","background-attachment":"scroll","background-type":"","background-media":"","overlay-type":"","overlay-color":"","overlay-opacity":"","overlay-gradient":""},"mobile":{"background-color":"","background-image":"","background-repeat":"repeat","background-position":"center center","background-size":"auto","background-attachment":"scroll","background-type":"","background-media":"","overlay-type":"","overlay-color":"","overlay-opacity":"","overlay-gradient":""}},"ast-content-background-meta":{"desktop":{"background-color":"var(--ast-global-color-5)","background-image":"","background-repeat":"repeat","background-position":"center center","background-size":"auto","background-attachment":"scroll","background-type":"","background-media":"","overlay-type":"","overlay-color":"","overlay-opacity":"","overlay-gradient":""},"tablet":{"background-color":"var(--ast-global-color-5)","background-image":"","background-repeat":"repeat","background-position":"center center","background-size":"auto","background-attachment":"scroll","background-type":"","background-media":"","overlay-type":"","overlay-color":"","overlay-opacity":"","overlay-gradient":""},"mobile":{"background-color":"var(--ast-global-color-5)","background-image":"","background-repeat":"repeat","background-position":"center center","background-size":"auto","background-attachment":"scroll","background-type":"","background-media":"","overlay-type":"","overlay-color":"","overlay-opacity":"","overlay-gradient":""}}},"product_brand":[],"product_cat":[40,79],"product_tag":[],"class_list":{"0":"post-1028","1":"product","2":"type-product","3":"status-publish","4":"has-post-thumbnail","6":"product_cat-fils","7":"product_cat-linae","8":"desktop-align-center","9":"tablet-align-left","10":"mobile-align-left","12":"first","13":"instock","14":"taxable","15":"shipping-taxable","16":"purchasable","17":"product-type-simple"},"uagb_featured_image_src":{"full":["https:\/\/natissea.com\/wp-content\/uploads\/2023\/03\/natissea_2024-fils-linae-photo1-paon.jpg",1080,1080,false],"thumbnail":["https:\/\/natissea.com\/wp-content\/uploads\/2023\/03\/natissea_2024-fils-linae-photo1-paon-150x150.jpg",150,150,true],"medium":["https:\/\/natissea.com\/wp-content\/uploads\/2023\/03\/natissea_2024-fils-linae-photo1-paon-300x300.jpg",300,300,true],"medium_large":["https:\/\/natissea.com\/wp-content\/uploads\/2023\/03\/natissea_2024-fils-linae-photo1-paon-768x768.jpg",768,768,true],"large":["https:\/\/natissea.com\/wp-content\/uploads\/2023\/03\/natissea_2024-fils-linae-photo1-paon-1024x1024.jpg",1024,1024,true],"1536x1536":["https:\/\/natissea.com\/wp-content\/uploads\/2023\/03\/natissea_2024-fils-linae-photo1-paon.jpg",1080,1080,false],"2048x2048":["https:\/\/natissea.com\/wp-content\/uploads\/2023\/03\/natissea_2024-fils-linae-photo1-paon.jpg",1080,1080,false],"trp-custom-language-flag":["https:\/\/natissea.com\/wp-content\/uploads\/2023\/03\/natissea_2024-fils-linae-photo1-paon-12x12.jpg",12,12,true],"mailpoet_newsletter_max":["https:\/\/natissea.com\/wp-content\/uploads\/2023\/03\/natissea_2024-fils-linae-photo1-paon.jpg",1080,1080,false],"woocommerce_thumbnail":["https:\/\/natissea.com\/wp-content\/uploads\/2023\/03\/natissea_2024-fils-linae-photo1-paon-300x300.jpg",300,300,true],"woocommerce_single":["https:\/\/natissea.com\/wp-content\/uploads\/2023\/03\/natissea_2024-fils-linae-photo1-paon-600x600.jpg",600,600,true],"woocommerce_gallery_thumbnail":["https:\/\/natissea.com\/wp-content\/uploads\/2023\/03\/natissea_2024-fils-linae-photo1-paon-100x100.jpg",100,100,true]},"uagb_author_info":{"display_name":"nghtmre","author_link":"https:\/\/natissea.com\/en"},"uagb_comment_info":0,"uagb_excerpt":"Compos\u00e9 de lin haute qualit\u00e9 et teint\u00e9 \u00e9cologiquement en France, ce fil vous assure un tricot sain, 100 % v\u00e9g\u00e9tal et local. Les propri\u00e9t\u00e9s thermor\u00e9gulatrices du lin et absorbantes du coton en feront une mati\u00e8re id\u00e9ale et tr\u00e8s confortable. Lina\u00e9 95% lin fran\u00e7ais 5% coton Propos\u00e9 en \u00e9cheveaux de +\/- 190 m\/100 g \u00c9chantillon apr\u00e8s&hellip;","jetpack_sharing_enabled":true,"_links":{"self":[{"href":"https:\/\/natissea.com\/en\/wp-json\/wp\/v2\/product\/1028","targetHints":{"allow":["GET"]}}],"collection":[{"href":"https:\/\/natissea.com\/en\/wp-json\/wp\/v2\/product"}],"about":[{"href":"https:\/\/natissea.com\/en\/wp-json\/wp\/v2\/types\/product"}],"wp:featuredmedia":[{"embeddable":true,"href":"https:\/\/natissea.com\/en\/wp-json\/wp\/v2\/media\/5512143"}],"wp:attachment":[{"href":"https:\/\/natissea.com\/en\/wp-json\/wp\/v2\/media?parent=1028"}],"wp:term":[{"taxonomy":"product_brand","embeddable":true,"href":"https:\/\/natissea.com\/en\/wp-json\/wp\/v2\/product_brand?post=1028"},{"taxonomy":"product_cat","embeddable":true,"href":"https:\/\/natissea.com\/en\/wp-json\/wp\/v2\/product_cat?post=1028"},{"taxonomy":"product_tag","embeddable":true,"href":"https:\/\/natissea.com\/en\/wp-json\/wp\/v2\/product_tag?post=1028"}],"curies":[{"name":"wp","href":"https:\/\/api.w.org\/{rel}","templated":true}]}}