{"id":1042,"date":"2023-03-05T22:50:32","date_gmt":"2023-03-05T21:50:32","guid":{"rendered":"https:\/\/natissea.com\/?post_type=product&#038;p=1042"},"modified":"2026-02-05T14:04:15","modified_gmt":"2026-02-05T13:04:15","slug":"merlin-bleu-gris","status":"publish","type":"product","link":"https:\/\/natissea.com\/en\/boutique\/merlin-bleu-gris\/","title":{"rendered":"Merlin Blue gray"},"content":{"rendered":"","protected":false},"excerpt":{"rendered":"<p>Merlin is a thick 100% vegetable yarn made from hemp and organic cotton, a unique, super bulky yarn, very soft and durable, for ethical and healthy knitting. For all cozy projects: hats, snoods, leg warmers, baby blankets, vests, sweaters...<\/p>\n<ul>\n<li>Merlin 55% hemp 45% organic cotton<\/li>\n<li>Available in skeins of +\/- 58 m\/100 g<\/li>\n<li>Sample after washing: 11 sts\/15 rows<\/li>\n<li>Needles: 7\/8mm<\/li>\n<\/ul>","protected":false},"featured_media":1200,"template":"","meta":{"_seopress_robots_primary_cat":"none","_seopress_titles_title":"%%post_title%% %%sep%% %%sitetitle%%","_seopress_titles_desc":"Merlin est un fil \u00e9pais 100% v\u00e9g\u00e9tal en chanvre et coton bio, tout doux et durable pour un tricot \u00e9thique et sain. Id\u00e9al pour les projets douillets.","_seopress_robots_index":"","_uag_custom_page_level_css":"","site-sidebar-layout":"default","site-content-layout":"default","ast-site-content-layout":"default","site-content-style":"default","site-sidebar-style":"default","ast-global-header-display":"","ast-banner-title-visibility":"","ast-main-header-display":"","ast-hfb-above-header-display":"","ast-hfb-below-header-display":"","ast-hfb-mobile-header-display":"","site-post-title":"","ast-breadcrumbs-content":"","ast-featured-img":"","footer-sml-layout":"","ast-disable-related-posts":"","theme-transparent-header-meta":"default","adv-header-id-meta":"","stick-header-meta":"default","header-above-stick-meta":"","header-main-stick-meta":"","header-below-stick-meta":"","astra-migrate-meta-layouts":"set","ast-page-background-enabled":"default","ast-page-background-meta":{"desktop":{"background-color":"var(--ast-global-color-4)","background-image":"","background-repeat":"repeat","background-position":"center center","background-size":"auto","background-attachment":"scroll","background-type":"","background-media":"","overlay-type":"","overlay-color":"","overlay-opacity":"","overlay-gradient":""},"tablet":{"background-color":"","background-image":"","background-repeat":"repeat","background-position":"center center","background-size":"auto","background-attachment":"scroll","background-type":"","background-media":"","overlay-type":"","overlay-color":"","overlay-opacity":"","overlay-gradient":""},"mobile":{"background-color":"","background-image":"","background-repeat":"repeat","background-position":"center center","background-size":"auto","background-attachment":"scroll","background-type":"","background-media":"","overlay-type":"","overlay-color":"","overlay-opacity":"","overlay-gradient":""}},"ast-content-background-meta":{"desktop":{"background-color":"var(--ast-global-color-5)","background-image":"","background-repeat":"repeat","background-position":"center center","background-size":"auto","background-attachment":"scroll","background-type":"","background-media":"","overlay-type":"","overlay-color":"","overlay-opacity":"","overlay-gradient":""},"tablet":{"background-color":"var(--ast-global-color-5)","background-image":"","background-repeat":"repeat","background-position":"center center","background-size":"auto","background-attachment":"scroll","background-type":"","background-media":"","overlay-type":"","overlay-color":"","overlay-opacity":"","overlay-gradient":""},"mobile":{"background-color":"var(--ast-global-color-5)","background-image":"","background-repeat":"repeat","background-position":"center center","background-size":"auto","background-attachment":"scroll","background-type":"","background-media":"","overlay-type":"","overlay-color":"","overlay-opacity":"","overlay-gradient":""}}},"product_brand":[],"product_cat":[40,82],"product_tag":[],"class_list":{"0":"post-1042","1":"product","2":"type-product","3":"status-publish","4":"has-post-thumbnail","6":"product_cat-fils","7":"product_cat-merlin","8":"desktop-align-center","9":"tablet-align-left","10":"mobile-align-left","12":"first","13":"instock","14":"taxable","15":"shipping-taxable","16":"purchasable","17":"product-type-simple"},"uagb_featured_image_src":{"full":["https:\/\/natissea.com\/wp-content\/uploads\/2023\/03\/natissea_2023-produits-fils-chanvre-et-coton-biologique-a-tricoter-merlin-023-bleu-gris-scaled.jpg",2560,2560,false],"thumbnail":["https:\/\/natissea.com\/wp-content\/uploads\/2023\/03\/natissea_2023-produits-fils-chanvre-et-coton-biologique-a-tricoter-merlin-023-bleu-gris-150x150.jpg",150,150,true],"medium":["https:\/\/natissea.com\/wp-content\/uploads\/2023\/03\/natissea_2023-produits-fils-chanvre-et-coton-biologique-a-tricoter-merlin-023-bleu-gris-300x300.jpg",300,300,true],"medium_large":["https:\/\/natissea.com\/wp-content\/uploads\/2023\/03\/natissea_2023-produits-fils-chanvre-et-coton-biologique-a-tricoter-merlin-023-bleu-gris-768x768.jpg",768,768,true],"large":["https:\/\/natissea.com\/wp-content\/uploads\/2023\/03\/natissea_2023-produits-fils-chanvre-et-coton-biologique-a-tricoter-merlin-023-bleu-gris-1024x1024.jpg",1024,1024,true],"1536x1536":["https:\/\/natissea.com\/wp-content\/uploads\/2023\/03\/natissea_2023-produits-fils-chanvre-et-coton-biologique-a-tricoter-merlin-023-bleu-gris-1536x1536.jpg",1536,1536,true],"2048x2048":["https:\/\/natissea.com\/wp-content\/uploads\/2023\/03\/natissea_2023-produits-fils-chanvre-et-coton-biologique-a-tricoter-merlin-023-bleu-gris-2048x2048.jpg",2048,2048,true],"trp-custom-language-flag":["https:\/\/natissea.com\/wp-content\/uploads\/2023\/03\/natissea_2023-produits-fils-chanvre-et-coton-biologique-a-tricoter-merlin-023-bleu-gris-scaled.jpg",12,12,false],"mailpoet_newsletter_max":["https:\/\/natissea.com\/wp-content\/uploads\/2023\/03\/natissea_2023-produits-fils-chanvre-et-coton-biologique-a-tricoter-merlin-023-bleu-gris-1320x1320.jpg",1320,1320,true],"woocommerce_thumbnail":["https:\/\/natissea.com\/wp-content\/uploads\/2023\/03\/natissea_2023-produits-fils-chanvre-et-coton-biologique-a-tricoter-merlin-023-bleu-gris-300x300.jpg",300,300,true],"woocommerce_single":["https:\/\/natissea.com\/wp-content\/uploads\/2023\/03\/natissea_2023-produits-fils-chanvre-et-coton-biologique-a-tricoter-merlin-023-bleu-gris-600x600.jpg",600,600,true],"woocommerce_gallery_thumbnail":["https:\/\/natissea.com\/wp-content\/uploads\/2023\/03\/natissea_2023-produits-fils-chanvre-et-coton-biologique-a-tricoter-merlin-023-bleu-gris-100x100.jpg",100,100,true]},"uagb_author_info":{"display_name":"nghtmre","author_link":"https:\/\/natissea.com\/en"},"uagb_comment_info":0,"uagb_excerpt":"Merlin est un fil \u00e9pais 100% v\u00e9g\u00e9tale en chanvre et coton bio, un super bulky unique, tout doux et durable, pour un tricot \u00e9thique et sain.\u00a0Pour tous les projets douillets : bonnets, snoods, gu\u00eatres, couvertures b\u00e9b\u00e9, gilets, pulls\u2026 Merlin 55% chanvre 45% coton bio Propos\u00e9 en \u00e9cheveaux de +\/- 58 m\/100 g \u00c9chantillon apr\u00e8s lavage&hellip;","jetpack_sharing_enabled":true,"_links":{"self":[{"href":"https:\/\/natissea.com\/en\/wp-json\/wp\/v2\/product\/1042","targetHints":{"allow":["GET"]}}],"collection":[{"href":"https:\/\/natissea.com\/en\/wp-json\/wp\/v2\/product"}],"about":[{"href":"https:\/\/natissea.com\/en\/wp-json\/wp\/v2\/types\/product"}],"wp:featuredmedia":[{"embeddable":true,"href":"https:\/\/natissea.com\/en\/wp-json\/wp\/v2\/media\/1200"}],"wp:attachment":[{"href":"https:\/\/natissea.com\/en\/wp-json\/wp\/v2\/media?parent=1042"}],"wp:term":[{"taxonomy":"product_brand","embeddable":true,"href":"https:\/\/natissea.com\/en\/wp-json\/wp\/v2\/product_brand?post=1042"},{"taxonomy":"product_cat","embeddable":true,"href":"https:\/\/natissea.com\/en\/wp-json\/wp\/v2\/product_cat?post=1042"},{"taxonomy":"product_tag","embeddable":true,"href":"https:\/\/natissea.com\/en\/wp-json\/wp\/v2\/product_tag?post=1042"}],"curies":[{"name":"wp","href":"https:\/\/api.w.org\/{rel}","templated":true}]}}