{"id":1049089,"date":"2023-11-27T09:51:13","date_gmt":"2023-11-27T08:51:13","guid":{"rendered":"https:\/\/natissea.com\/?post_type=product&#038;p=1049089"},"modified":"2026-03-10T13:47:35","modified_gmt":"2026-03-10T12:47:35","slug":"pernelle-potimarron","status":"publish","type":"product","link":"https:\/\/natissea.com\/en\/boutique\/pernelle-potimarron\/","title":{"rendered":"Perenelle Potimarron"},"content":{"rendered":"","protected":false},"excerpt":{"rendered":"<p>This luxurious fingering yarn is made from the finest European hemp. A healthy and resistant fiber with soft pearly reflections for a unique and committed knit. For all light projects, openwork, lace, accessories, etc.<\/p>\n<ul>\n<li>Pernelle 100% long hemp fibers<\/li>\n<li>Available in skeins of +\/- 190m\/100g<\/li>\n<li>Sample after washing: 23m\/30rgs<\/li>\n<li>Needles: +\/- 3mm (2US)<\/li>\n<\/ul>","protected":false},"featured_media":5498938,"template":"","meta":{"_seopress_robots_primary_cat":"none","_seopress_titles_title":"%%post_title%% %%sep%% %%sitetitle%%","_seopress_titles_desc":"Luxueux fil fingering en chanvre europ\u00e9en, sain et r\u00e9sistant avec reflets nacr\u00e9s pour tricot unique et engag\u00e9. \u00c9cheveaux de 190m\/100g. Aiguilles 3mm.","_seopress_robots_index":"","_uag_custom_page_level_css":"","site-sidebar-layout":"default","site-content-layout":"","ast-site-content-layout":"default","site-content-style":"default","site-sidebar-style":"default","ast-global-header-display":"","ast-banner-title-visibility":"","ast-main-header-display":"","ast-hfb-above-header-display":"","ast-hfb-below-header-display":"","ast-hfb-mobile-header-display":"","site-post-title":"","ast-breadcrumbs-content":"","ast-featured-img":"","footer-sml-layout":"","ast-disable-related-posts":"","theme-transparent-header-meta":"default","adv-header-id-meta":"","stick-header-meta":"default","header-above-stick-meta":"","header-main-stick-meta":"","header-below-stick-meta":"","astra-migrate-meta-layouts":"set","ast-page-background-enabled":"default","ast-page-background-meta":{"desktop":{"background-color":"var(--ast-global-color-4)","background-image":"","background-repeat":"repeat","background-position":"center center","background-size":"auto","background-attachment":"scroll","background-type":"","background-media":"","overlay-type":"","overlay-color":"","overlay-opacity":"","overlay-gradient":""},"tablet":{"background-color":"","background-image":"","background-repeat":"repeat","background-position":"center center","background-size":"auto","background-attachment":"scroll","background-type":"","background-media":"","overlay-type":"","overlay-color":"","overlay-opacity":"","overlay-gradient":""},"mobile":{"background-color":"","background-image":"","background-repeat":"repeat","background-position":"center center","background-size":"auto","background-attachment":"scroll","background-type":"","background-media":"","overlay-type":"","overlay-color":"","overlay-opacity":"","overlay-gradient":""}},"ast-content-background-meta":{"desktop":{"background-color":"var(--ast-global-color-5)","background-image":"","background-repeat":"repeat","background-position":"center center","background-size":"auto","background-attachment":"scroll","background-type":"","background-media":"","overlay-type":"","overlay-color":"","overlay-opacity":"","overlay-gradient":""},"tablet":{"background-color":"var(--ast-global-color-5)","background-image":"","background-repeat":"repeat","background-position":"center center","background-size":"auto","background-attachment":"scroll","background-type":"","background-media":"","overlay-type":"","overlay-color":"","overlay-opacity":"","overlay-gradient":""},"mobile":{"background-color":"var(--ast-global-color-5)","background-image":"","background-repeat":"repeat","background-position":"center center","background-size":"auto","background-attachment":"scroll","background-type":"","background-media":"","overlay-type":"","overlay-color":"","overlay-opacity":"","overlay-gradient":""}}},"product_brand":[],"product_cat":[40,78],"product_tag":[],"class_list":{"0":"post-1049089","1":"product","2":"type-product","3":"status-publish","4":"has-post-thumbnail","6":"product_cat-fils","7":"product_cat-pernelle","8":"desktop-align-center","9":"tablet-align-left","10":"mobile-align-left","12":"first","13":"outofstock","14":"taxable","15":"shipping-taxable","16":"purchasable","17":"product-type-simple"},"uagb_featured_image_src":{"full":["https:\/\/natissea.com\/wp-content\/uploads\/2023\/11\/natissea_2024-fils-pernelle-photo1-potimarron.jpg",1080,1080,false],"thumbnail":["https:\/\/natissea.com\/wp-content\/uploads\/2023\/11\/natissea_2024-fils-pernelle-photo1-potimarron-150x150.jpg",150,150,true],"medium":["https:\/\/natissea.com\/wp-content\/uploads\/2023\/11\/natissea_2024-fils-pernelle-photo1-potimarron-300x300.jpg",300,300,true],"medium_large":["https:\/\/natissea.com\/wp-content\/uploads\/2023\/11\/natissea_2024-fils-pernelle-photo1-potimarron-768x768.jpg",768,768,true],"large":["https:\/\/natissea.com\/wp-content\/uploads\/2023\/11\/natissea_2024-fils-pernelle-photo1-potimarron-1024x1024.jpg",1024,1024,true],"1536x1536":["https:\/\/natissea.com\/wp-content\/uploads\/2023\/11\/natissea_2024-fils-pernelle-photo1-potimarron.jpg",1080,1080,false],"2048x2048":["https:\/\/natissea.com\/wp-content\/uploads\/2023\/11\/natissea_2024-fils-pernelle-photo1-potimarron.jpg",1080,1080,false],"trp-custom-language-flag":["https:\/\/natissea.com\/wp-content\/uploads\/2023\/11\/natissea_2024-fils-pernelle-photo1-potimarron-12x12.jpg",12,12,true],"mailpoet_newsletter_max":["https:\/\/natissea.com\/wp-content\/uploads\/2023\/11\/natissea_2024-fils-pernelle-photo1-potimarron.jpg",1080,1080,false],"woocommerce_thumbnail":["https:\/\/natissea.com\/wp-content\/uploads\/2023\/11\/natissea_2024-fils-pernelle-photo1-potimarron-300x300.jpg",300,300,true],"woocommerce_single":["https:\/\/natissea.com\/wp-content\/uploads\/2023\/11\/natissea_2024-fils-pernelle-photo1-potimarron-600x600.jpg",600,600,true],"woocommerce_gallery_thumbnail":["https:\/\/natissea.com\/wp-content\/uploads\/2023\/11\/natissea_2024-fils-pernelle-photo1-potimarron-100x100.jpg",100,100,true]},"uagb_author_info":{"display_name":"nghtmre","author_link":"https:\/\/natissea.com\/en"},"uagb_comment_info":0,"uagb_excerpt":"Ce luxueux fil fingering est confectionn\u00e9 \u00e0 partir du meilleur chanvre europ\u00e9en.\u00a0Une fibre saine et r\u00e9sistante aux doux reflets nacr\u00e9s pour un tricot unique et engag\u00e9.\u00a0Pour tous les projets l\u00e9gers, ajour\u00e9s, dentelle, accessoires, etc\u2026 Pernelle 100% fibres longues de chanvre Propos\u00e9 en \u00e9cheveaux de +\/- 190m\/100g \u00c9chantillon apr\u00e8s lavage : 23m\/30rgs Aiguilles : +\/- 3mm&hellip;","jetpack_sharing_enabled":true,"_links":{"self":[{"href":"https:\/\/natissea.com\/en\/wp-json\/wp\/v2\/product\/1049089","targetHints":{"allow":["GET"]}}],"collection":[{"href":"https:\/\/natissea.com\/en\/wp-json\/wp\/v2\/product"}],"about":[{"href":"https:\/\/natissea.com\/en\/wp-json\/wp\/v2\/types\/product"}],"wp:featuredmedia":[{"embeddable":true,"href":"https:\/\/natissea.com\/en\/wp-json\/wp\/v2\/media\/5498938"}],"wp:attachment":[{"href":"https:\/\/natissea.com\/en\/wp-json\/wp\/v2\/media?parent=1049089"}],"wp:term":[{"taxonomy":"product_brand","embeddable":true,"href":"https:\/\/natissea.com\/en\/wp-json\/wp\/v2\/product_brand?post=1049089"},{"taxonomy":"product_cat","embeddable":true,"href":"https:\/\/natissea.com\/en\/wp-json\/wp\/v2\/product_cat?post=1049089"},{"taxonomy":"product_tag","embeddable":true,"href":"https:\/\/natissea.com\/en\/wp-json\/wp\/v2\/product_tag?post=1049089"}],"curies":[{"name":"wp","href":"https:\/\/api.w.org\/{rel}","templated":true}]}}