{"id":1178284,"date":"2024-01-10T21:09:02","date_gmt":"2024-01-10T20:09:02","guid":{"rendered":"https:\/\/natissea.com\/?post_type=product&#038;p=1178284"},"modified":"2024-04-05T14:34:43","modified_gmt":"2024-04-05T12:34:43","slug":"kit-chale-jardin-dhiver-par-christallkdesigns","status":"publish","type":"product","link":"https:\/\/natissea.com\/en\/boutique\/kit-chale-jardin-dhiver-par-christallkdesigns\/","title":{"rendered":"Winter Garden Shawl Kit by @christallkdesigns"},"content":{"rendered":"<p>The three initial palettes of the KAL are available: Plantus, Flores and Scortea but it is now possible to knit it in Pernelle and to fully customize it in terms of colors. The 3 skeins of main colors are to be chosen from the drop-down menu and the 4 mini skeins of associated complementary colors are to be indicated in the corresponding boxes. See above the color chart to choose your complementary colors:<\/p>\n<p>Thread used:<\/p>\n<ul>\n<li>Lina\u00e9 95% French linen 5% cotton<\/li>\n<li>Perelle 100% hemp<\/li>\n<\/ul>\n<p>Material :<\/p>\n<ul>\n<li>3.5mm circular needles<\/li>\n<li>Adjust the needle size to get the correct gauge<\/li>\n<li>Wool needle<\/li>\n<li>Hook 3.5mm<\/li>\n<li>20 markers<\/li>\n<\/ul>","protected":false},"excerpt":{"rendered":"<p>The beautiful Winter Garden model by @christallkdesigns is finally available as a kit!<\/p>\n<p>This semi-circular shawl (Flores version in the photos) is constructed from the top down, starting with a garter stitch cast-on. It is made up of a dotted section (complementary color 1) and lace, finishing with a crochet border and pretty embroidery motifs (complementary colors 1, 2, 3 and 4).<\/p>\n<p>Complementary color chart:<\/p>\n<p><a href=\"https:\/\/natissea.com\/wp-content\/uploads\/2024\/01\/nuancier-de-couleur-natissea-kit-chale-jardin-dhiver-par-@christallkdesigns.png\" target=\"_blank\" rel=\"noopener\"><img decoding=\"async\" class=\"wp-image-1178324 size-full\" src=\"https:\/\/natissea.com\/wp-content\/uploads\/2024\/01\/nuancier-de-couleur-natissea-kit-chale-jardin-dhiver-par-@christallkdesigns.png\" alt=\"kit ch\u00e2le jardin d\u2019hiver par @christallkdesigns\" width=\"2147\" height=\"967\" srcset=\"https:\/\/natissea.com\/wp-content\/uploads\/2024\/01\/nuancier-de-couleur-natissea-kit-chale-jardin-dhiver-par-@christallkdesigns.png 2147w, https:\/\/natissea.com\/wp-content\/uploads\/2024\/01\/nuancier-de-couleur-natissea-kit-chale-jardin-dhiver-par-@christallkdesigns-300x135.png 300w, https:\/\/natissea.com\/wp-content\/uploads\/2024\/01\/nuancier-de-couleur-natissea-kit-chale-jardin-dhiver-par-@christallkdesigns-1024x461.png 1024w, https:\/\/natissea.com\/wp-content\/uploads\/2024\/01\/nuancier-de-couleur-natissea-kit-chale-jardin-dhiver-par-@christallkdesigns-768x346.png 768w, https:\/\/natissea.com\/wp-content\/uploads\/2024\/01\/nuancier-de-couleur-natissea-kit-chale-jardin-dhiver-par-@christallkdesigns-1536x692.png 1536w, https:\/\/natissea.com\/wp-content\/uploads\/2024\/01\/nuancier-de-couleur-natissea-kit-chale-jardin-dhiver-par-@christallkdesigns-2048x922.png 2048w, https:\/\/natissea.com\/wp-content\/uploads\/2024\/01\/nuancier-de-couleur-natissea-kit-chale-jardin-dhiver-par-@christallkdesigns-18x8.png 18w, https:\/\/natissea.com\/wp-content\/uploads\/2024\/01\/nuancier-de-couleur-natissea-kit-chale-jardin-dhiver-par-@christallkdesigns-1320x595.png 1320w, https:\/\/natissea.com\/wp-content\/uploads\/2024\/01\/nuancier-de-couleur-natissea-kit-chale-jardin-dhiver-par-@christallkdesigns-600x270.png 600w\" sizes=\"(max-width: 2147px) 100vw, 2147px\" \/><\/a><\/p>\n<p>&nbsp;<\/p>","protected":false},"featured_media":1178464,"template":"","meta":{"_seopress_robots_primary_cat":"none","_seopress_titles_title":"","_seopress_titles_desc":"","_seopress_robots_index":"","_uag_custom_page_level_css":"","site-sidebar-layout":"default","site-content-layout":"","ast-site-content-layout":"default","site-content-style":"default","site-sidebar-style":"default","ast-global-header-display":"","ast-banner-title-visibility":"","ast-main-header-display":"","ast-hfb-above-header-display":"","ast-hfb-below-header-display":"","ast-hfb-mobile-header-display":"","site-post-title":"","ast-breadcrumbs-content":"","ast-featured-img":"","footer-sml-layout":"","ast-disable-related-posts":"","theme-transparent-header-meta":"default","adv-header-id-meta":"","stick-header-meta":"default","header-above-stick-meta":"","header-main-stick-meta":"","header-below-stick-meta":"","astra-migrate-meta-layouts":"set","ast-page-background-enabled":"default","ast-page-background-meta":{"desktop":{"background-color":"var(--ast-global-color-4)","background-image":"","background-repeat":"repeat","background-position":"center center","background-size":"auto","background-attachment":"scroll","background-type":"","background-media":"","overlay-type":"","overlay-color":"","overlay-opacity":"","overlay-gradient":""},"tablet":{"background-color":"","background-image":"","background-repeat":"repeat","background-position":"center center","background-size":"auto","background-attachment":"scroll","background-type":"","background-media":"","overlay-type":"","overlay-color":"","overlay-opacity":"","overlay-gradient":""},"mobile":{"background-color":"","background-image":"","background-repeat":"repeat","background-position":"center center","background-size":"auto","background-attachment":"scroll","background-type":"","background-media":"","overlay-type":"","overlay-color":"","overlay-opacity":"","overlay-gradient":""}},"ast-content-background-meta":{"desktop":{"background-color":"var(--ast-global-color-5)","background-image":"","background-repeat":"repeat","background-position":"center center","background-size":"auto","background-attachment":"scroll","background-type":"","background-media":"","overlay-type":"","overlay-color":"","overlay-opacity":"","overlay-gradient":""},"tablet":{"background-color":"var(--ast-global-color-5)","background-image":"","background-repeat":"repeat","background-position":"center center","background-size":"auto","background-attachment":"scroll","background-type":"","background-media":"","overlay-type":"","overlay-color":"","overlay-opacity":"","overlay-gradient":""},"mobile":{"background-color":"var(--ast-global-color-5)","background-image":"","background-repeat":"repeat","background-position":"center center","background-size":"auto","background-attachment":"scroll","background-type":"","background-media":"","overlay-type":"","overlay-color":"","overlay-opacity":"","overlay-gradient":""}}},"product_brand":[],"product_cat":[69],"product_tag":[],"class_list":{"0":"post-1178284","1":"product","2":"type-product","3":"status-publish","4":"has-post-thumbnail","6":"product_cat-kits","7":"desktop-align-center","8":"tablet-align-left","9":"mobile-align-left","11":"first","12":"instock","13":"downloadable","14":"taxable","15":"shipping-taxable","16":"purchasable","17":"product-type-composite"},"uagb_featured_image_src":{"full":["https:\/\/natissea.com\/wp-content\/uploads\/2024\/01\/com-photo-202401-chale-jardin-dhiver-plie-tabouret.jpg",2435,2435,false],"thumbnail":["https:\/\/natissea.com\/wp-content\/uploads\/2024\/01\/com-photo-202401-chale-jardin-dhiver-plie-tabouret-150x150.jpg",150,150,true],"medium":["https:\/\/natissea.com\/wp-content\/uploads\/2024\/01\/com-photo-202401-chale-jardin-dhiver-plie-tabouret-300x300.jpg",300,300,true],"medium_large":["https:\/\/natissea.com\/wp-content\/uploads\/2024\/01\/com-photo-202401-chale-jardin-dhiver-plie-tabouret-768x768.jpg",768,768,true],"large":["https:\/\/natissea.com\/wp-content\/uploads\/2024\/01\/com-photo-202401-chale-jardin-dhiver-plie-tabouret-1024x1024.jpg",1024,1024,true],"1536x1536":["https:\/\/natissea.com\/wp-content\/uploads\/2024\/01\/com-photo-202401-chale-jardin-dhiver-plie-tabouret-1536x1536.jpg",1536,1536,true],"2048x2048":["https:\/\/natissea.com\/wp-content\/uploads\/2024\/01\/com-photo-202401-chale-jardin-dhiver-plie-tabouret-2048x2048.jpg",2048,2048,true],"trp-custom-language-flag":["https:\/\/natissea.com\/wp-content\/uploads\/2024\/01\/com-photo-202401-chale-jardin-dhiver-plie-tabouret-12x12.jpg",12,12,true],"mailpoet_newsletter_max":["https:\/\/natissea.com\/wp-content\/uploads\/2024\/01\/com-photo-202401-chale-jardin-dhiver-plie-tabouret-1320x1320.jpg",1320,1320,true],"woocommerce_thumbnail":["https:\/\/natissea.com\/wp-content\/uploads\/2024\/01\/com-photo-202401-chale-jardin-dhiver-plie-tabouret-300x300.jpg",300,300,true],"woocommerce_single":["https:\/\/natissea.com\/wp-content\/uploads\/2024\/01\/com-photo-202401-chale-jardin-dhiver-plie-tabouret-600x600.jpg",600,600,true],"woocommerce_gallery_thumbnail":["https:\/\/natissea.com\/wp-content\/uploads\/2024\/01\/com-photo-202401-chale-jardin-dhiver-plie-tabouret-100x100.jpg",100,100,true]},"uagb_author_info":{"display_name":"nghtmre","author_link":"https:\/\/natissea.com\/en"},"uagb_comment_info":0,"uagb_excerpt":"Le beau mod\u00e8le Jardin d'hiver de @christallkdesigns est enfin disponible en kit ! Ce ch\u00e2le semi-circulaire (version Flores sur les photos) est construit du haut en bas en commen\u00e7ant par un montage au pointmousse. Il est constitu\u00e9 d'une section pointill\u00e9 (couleur compl\u00e9mentaire 1) et de dentelle pour finir par une bordure au crochet et des&hellip;","jetpack_sharing_enabled":true,"_links":{"self":[{"href":"https:\/\/natissea.com\/en\/wp-json\/wp\/v2\/product\/1178284","targetHints":{"allow":["GET"]}}],"collection":[{"href":"https:\/\/natissea.com\/en\/wp-json\/wp\/v2\/product"}],"about":[{"href":"https:\/\/natissea.com\/en\/wp-json\/wp\/v2\/types\/product"}],"wp:featuredmedia":[{"embeddable":true,"href":"https:\/\/natissea.com\/en\/wp-json\/wp\/v2\/media\/1178464"}],"wp:attachment":[{"href":"https:\/\/natissea.com\/en\/wp-json\/wp\/v2\/media?parent=1178284"}],"wp:term":[{"taxonomy":"product_brand","embeddable":true,"href":"https:\/\/natissea.com\/en\/wp-json\/wp\/v2\/product_brand?post=1178284"},{"taxonomy":"product_cat","embeddable":true,"href":"https:\/\/natissea.com\/en\/wp-json\/wp\/v2\/product_cat?post=1178284"},{"taxonomy":"product_tag","embeddable":true,"href":"https:\/\/natissea.com\/en\/wp-json\/wp\/v2\/product_tag?post=1178284"}],"curies":[{"name":"wp","href":"https:\/\/api.w.org\/{rel}","templated":true}]}}