{"id":1431658,"date":"2024-04-05T14:32:14","date_gmt":"2024-04-05T12:32:14","guid":{"rendered":"https:\/\/natissea.com\/?post_type=product&#038;p=1431658"},"modified":"2024-04-05T19:06:18","modified_gmt":"2024-04-05T17:06:18","slug":"kit-jupe-lisboa-de-paulaine_ch","status":"publish","type":"product","link":"https:\/\/natissea.com\/en\/boutique\/kit-jupe-lisboa-de-paulaine_ch\/","title":{"rendered":"Lisboa Skirt kit from @paulaine_ch"},"content":{"rendered":"<p>We start with a pretty belt in 1\/1 twisted ribbing until we reach double the height of the elastic. Then the upper part is knitted in 4\/3 ribbing until we reach a certain height (below the buttocks), then comes the openwork stitch part and the increases to give this slight flared effect. The bottom of the skirt is finished with a small I-cord of 2 stitches. Patterns available in French and English.<\/p>\n<p>&nbsp;<\/p>\n<p>&nbsp;<\/p>","protected":false},"excerpt":{"rendered":"<p>A skirt in French hemp or linen, what a great idea! A great drape, a fluid and comfortable material make this skirt a little gem 100% plant-based! It is knitted in the round from top to bottom with a pretty openwork stitch on the bottom. The skirt is slightly flared and knits with a positive ease of 10cm. It is made here in Pernelle 100% hemp in pomegranate color.<\/p>\n<p><img decoding=\"async\" class=\"wp-image-1431728 size-full aligncenter\" src=\"https:\/\/natissea.com\/wp-content\/uploads\/2024\/04\/taille-kit-jupe.png\" alt=\"kit jupe lisboa de @paulaine ch\" width=\"743\" height=\"658\" srcset=\"https:\/\/natissea.com\/wp-content\/uploads\/2024\/04\/taille-kit-jupe.png 743w, https:\/\/natissea.com\/wp-content\/uploads\/2024\/04\/taille-kit-jupe-300x266.png 300w, https:\/\/natissea.com\/wp-content\/uploads\/2024\/04\/taille-kit-jupe-14x12.png 14w, https:\/\/natissea.com\/wp-content\/uploads\/2024\/04\/taille-kit-jupe-600x531.png 600w\" sizes=\"(max-width: 743px) 100vw, 743px\" \/><\/p>","protected":false},"featured_media":1431772,"template":"","meta":{"_seopress_robots_primary_cat":"none","_seopress_titles_title":"kit Jupe Lisboa de @paulaine_ch %%sep%% Natissea","_seopress_titles_desc":"Une jupe en chanvre ou lin fran\u00e7ais mais quelle bonne id\u00e9e!! Un tomb\u00e9 extra, une mati\u00e8re fluide et confortable font de cette jupe 100% v\u00e9g\u00e9tal","_seopress_robots_index":"","_uag_custom_page_level_css":"","site-sidebar-layout":"default","site-content-layout":"","ast-site-content-layout":"default","site-content-style":"default","site-sidebar-style":"default","ast-global-header-display":"","ast-banner-title-visibility":"","ast-main-header-display":"","ast-hfb-above-header-display":"","ast-hfb-below-header-display":"","ast-hfb-mobile-header-display":"","site-post-title":"","ast-breadcrumbs-content":"","ast-featured-img":"","footer-sml-layout":"","ast-disable-related-posts":"","theme-transparent-header-meta":"default","adv-header-id-meta":"","stick-header-meta":"default","header-above-stick-meta":"","header-main-stick-meta":"","header-below-stick-meta":"","astra-migrate-meta-layouts":"set","ast-page-background-enabled":"default","ast-page-background-meta":{"desktop":{"background-color":"var(--ast-global-color-4)","background-image":"","background-repeat":"repeat","background-position":"center center","background-size":"auto","background-attachment":"scroll","background-type":"","background-media":"","overlay-type":"","overlay-color":"","overlay-opacity":"","overlay-gradient":""},"tablet":{"background-color":"","background-image":"","background-repeat":"repeat","background-position":"center center","background-size":"auto","background-attachment":"scroll","background-type":"","background-media":"","overlay-type":"","overlay-color":"","overlay-opacity":"","overlay-gradient":""},"mobile":{"background-color":"","background-image":"","background-repeat":"repeat","background-position":"center center","background-size":"auto","background-attachment":"scroll","background-type":"","background-media":"","overlay-type":"","overlay-color":"","overlay-opacity":"","overlay-gradient":""}},"ast-content-background-meta":{"desktop":{"background-color":"var(--ast-global-color-5)","background-image":"","background-repeat":"repeat","background-position":"center center","background-size":"auto","background-attachment":"scroll","background-type":"","background-media":"","overlay-type":"","overlay-color":"","overlay-opacity":"","overlay-gradient":""},"tablet":{"background-color":"var(--ast-global-color-5)","background-image":"","background-repeat":"repeat","background-position":"center center","background-size":"auto","background-attachment":"scroll","background-type":"","background-media":"","overlay-type":"","overlay-color":"","overlay-opacity":"","overlay-gradient":""},"mobile":{"background-color":"var(--ast-global-color-5)","background-image":"","background-repeat":"repeat","background-position":"center center","background-size":"auto","background-attachment":"scroll","background-type":"","background-media":"","overlay-type":"","overlay-color":"","overlay-opacity":"","overlay-gradient":""}}},"product_brand":[],"product_cat":[69],"product_tag":[],"class_list":{"0":"post-1431658","1":"product","2":"type-product","3":"status-publish","4":"has-post-thumbnail","6":"product_cat-kits","7":"desktop-align-center","8":"tablet-align-left","9":"mobile-align-left","11":"first","12":"instock","13":"downloadable","14":"taxable","15":"shipping-taxable","16":"purchasable","17":"product-type-composite"},"uagb_featured_image_src":{"full":["https:\/\/natissea.com\/wp-content\/uploads\/2024\/04\/img_9218-scaled.jpeg",1920,2560,false],"thumbnail":["https:\/\/natissea.com\/wp-content\/uploads\/2024\/04\/img_9218-150x150.jpeg",150,150,true],"medium":["https:\/\/natissea.com\/wp-content\/uploads\/2024\/04\/img_9218-225x300.jpeg",225,300,true],"medium_large":["https:\/\/natissea.com\/wp-content\/uploads\/2024\/04\/img_9218-768x1024.jpeg",768,1024,true],"large":["https:\/\/natissea.com\/wp-content\/uploads\/2024\/04\/img_9218-768x1024.jpeg",768,1024,true],"1536x1536":["https:\/\/natissea.com\/wp-content\/uploads\/2024\/04\/img_9218-1152x1536.jpeg",1152,1536,true],"2048x2048":["https:\/\/natissea.com\/wp-content\/uploads\/2024\/04\/img_9218-1536x2048.jpeg",1536,2048,true],"trp-custom-language-flag":["https:\/\/natissea.com\/wp-content\/uploads\/2024\/04\/img_9218-9x12.jpeg",9,12,true],"mailpoet_newsletter_max":["https:\/\/natissea.com\/wp-content\/uploads\/2024\/04\/img_9218-1320x1760.jpeg",1320,1760,true],"woocommerce_thumbnail":["https:\/\/natissea.com\/wp-content\/uploads\/2024\/04\/img_9218-300x300.jpeg",300,300,true],"woocommerce_single":["https:\/\/natissea.com\/wp-content\/uploads\/2024\/04\/img_9218-600x800.jpeg",600,800,true],"woocommerce_gallery_thumbnail":["https:\/\/natissea.com\/wp-content\/uploads\/2024\/04\/img_9218-100x100.jpeg",100,100,true]},"uagb_author_info":{"display_name":"nghtmre","author_link":"https:\/\/natissea.com\/en"},"uagb_comment_info":0,"uagb_excerpt":"Une jupe en chanvre ou lin fran\u00e7ais mais quelle bonne id\u00e9e!! Un tomb\u00e9 extra, une mati\u00e8re fluide et confortable font de cette jupe un petit bijou 100% v\u00e9g\u00e9tal! Elle se tricote en rond de haut en bas avec un joli point ajour\u00e9 sur le bas. La jupe est l\u00e9g\u00e8rement \u00e9vas\u00e9e et se tricote avec une&hellip;","jetpack_sharing_enabled":true,"_links":{"self":[{"href":"https:\/\/natissea.com\/en\/wp-json\/wp\/v2\/product\/1431658","targetHints":{"allow":["GET"]}}],"collection":[{"href":"https:\/\/natissea.com\/en\/wp-json\/wp\/v2\/product"}],"about":[{"href":"https:\/\/natissea.com\/en\/wp-json\/wp\/v2\/types\/product"}],"wp:featuredmedia":[{"embeddable":true,"href":"https:\/\/natissea.com\/en\/wp-json\/wp\/v2\/media\/1431772"}],"wp:attachment":[{"href":"https:\/\/natissea.com\/en\/wp-json\/wp\/v2\/media?parent=1431658"}],"wp:term":[{"taxonomy":"product_brand","embeddable":true,"href":"https:\/\/natissea.com\/en\/wp-json\/wp\/v2\/product_brand?post=1431658"},{"taxonomy":"product_cat","embeddable":true,"href":"https:\/\/natissea.com\/en\/wp-json\/wp\/v2\/product_cat?post=1431658"},{"taxonomy":"product_tag","embeddable":true,"href":"https:\/\/natissea.com\/en\/wp-json\/wp\/v2\/product_tag?post=1431658"}],"curies":[{"name":"wp","href":"https:\/\/api.w.org\/{rel}","templated":true}]}}