{"id":1465789,"date":"2024-04-18T09:01:46","date_gmt":"2024-04-18T07:01:46","guid":{"rendered":"https:\/\/natissea.com\/?post_type=product&#038;p=1465789"},"modified":"2024-04-18T09:07:36","modified_gmt":"2024-04-18T07:07:36","slug":"kit-short-lildaisy-de-lilyandstitch_knit","status":"publish","type":"product","link":"https:\/\/natissea.com\/en\/boutique\/kit-short-lildaisy-de-lilyandstitch_knit\/","title":{"rendered":"Lil&#039;Daisy Short Kit from @lilyandstitch_knit"},"content":{"rendered":"<p>Thread used:<\/p>\n<ul>\n<li>Perelle 100% hemp<\/li>\n<li>Lina\u00e9 95% French linen 5% cotton<\/li>\n<\/ul>\n<p>Material :<\/p>\n<ul>\n<li>3mm circular needles<\/li>\n<li>Adjust the needle size to get the correct gauge<\/li>\n<\/ul>\n<p>Sample :<\/p>\n<ul>\n<li>With 3mm needles, 24 stitches and 30 rows = 10cm in stockinette stitch, washed and blocked<\/li>\n<\/ul>","protected":false},"excerpt":{"rendered":"<p>The Lil&#039;Daisy shorts are high-waisted shorts that complement the pretty T-shirt of the same name for a casual seasonal ensemble. These pretty shorts are knitted from the top down in the circular (you can try them on as you go to adjust the leg length) and feature subtle openwork details along the waist and sides, matching the Lil&#039;Daisy T-shirt.<\/p>\n<p>The lined waistband is designed to be tightened with a drawstring for a custom fit. The Pernelle 100% hemp and Lina\u00e9 95% linen qualities are perfect, you can see the rendering in the photos of the caramel set in Pernelle and the peach set in Lina\u00e9.<\/p>\n<p><img decoding=\"async\" class=\"wp-image-1465835 size-full\" src=\"https:\/\/natissea.com\/wp-content\/uploads\/2024\/04\/tableau-kit-short-lildaisy-de-@lilyandstitch_knit.png\" alt=\"kit short lil'daisy de @lilyandstitch knit\" width=\"1072\" height=\"1188\" srcset=\"https:\/\/natissea.com\/wp-content\/uploads\/2024\/04\/tableau-kit-short-lildaisy-de-@lilyandstitch_knit.png 1072w, https:\/\/natissea.com\/wp-content\/uploads\/2024\/04\/tableau-kit-short-lildaisy-de-@lilyandstitch_knit-271x300.png 271w, https:\/\/natissea.com\/wp-content\/uploads\/2024\/04\/tableau-kit-short-lildaisy-de-@lilyandstitch_knit-924x1024.png 924w, https:\/\/natissea.com\/wp-content\/uploads\/2024\/04\/tableau-kit-short-lildaisy-de-@lilyandstitch_knit-768x851.png 768w, https:\/\/natissea.com\/wp-content\/uploads\/2024\/04\/tableau-kit-short-lildaisy-de-@lilyandstitch_knit-11x12.png 11w, https:\/\/natissea.com\/wp-content\/uploads\/2024\/04\/tableau-kit-short-lildaisy-de-@lilyandstitch_knit-600x665.png 600w\" sizes=\"(max-width: 1072px) 100vw, 1072px\" \/><\/p>","protected":false},"featured_media":1466702,"template":"","meta":{"_seopress_robots_primary_cat":"none","_seopress_titles_title":"","_seopress_titles_desc":"","_seopress_robots_index":"","_uag_custom_page_level_css":"","site-sidebar-layout":"default","site-content-layout":"","ast-site-content-layout":"default","site-content-style":"default","site-sidebar-style":"default","ast-global-header-display":"","ast-banner-title-visibility":"","ast-main-header-display":"","ast-hfb-above-header-display":"","ast-hfb-below-header-display":"","ast-hfb-mobile-header-display":"","site-post-title":"","ast-breadcrumbs-content":"","ast-featured-img":"","footer-sml-layout":"","ast-disable-related-posts":"","theme-transparent-header-meta":"default","adv-header-id-meta":"","stick-header-meta":"default","header-above-stick-meta":"","header-main-stick-meta":"","header-below-stick-meta":"","astra-migrate-meta-layouts":"set","ast-page-background-enabled":"default","ast-page-background-meta":{"desktop":{"background-color":"var(--ast-global-color-4)","background-image":"","background-repeat":"repeat","background-position":"center center","background-size":"auto","background-attachment":"scroll","background-type":"","background-media":"","overlay-type":"","overlay-color":"","overlay-opacity":"","overlay-gradient":""},"tablet":{"background-color":"","background-image":"","background-repeat":"repeat","background-position":"center center","background-size":"auto","background-attachment":"scroll","background-type":"","background-media":"","overlay-type":"","overlay-color":"","overlay-opacity":"","overlay-gradient":""},"mobile":{"background-color":"","background-image":"","background-repeat":"repeat","background-position":"center center","background-size":"auto","background-attachment":"scroll","background-type":"","background-media":"","overlay-type":"","overlay-color":"","overlay-opacity":"","overlay-gradient":""}},"ast-content-background-meta":{"desktop":{"background-color":"var(--ast-global-color-5)","background-image":"","background-repeat":"repeat","background-position":"center center","background-size":"auto","background-attachment":"scroll","background-type":"","background-media":"","overlay-type":"","overlay-color":"","overlay-opacity":"","overlay-gradient":""},"tablet":{"background-color":"var(--ast-global-color-5)","background-image":"","background-repeat":"repeat","background-position":"center center","background-size":"auto","background-attachment":"scroll","background-type":"","background-media":"","overlay-type":"","overlay-color":"","overlay-opacity":"","overlay-gradient":""},"mobile":{"background-color":"var(--ast-global-color-5)","background-image":"","background-repeat":"repeat","background-position":"center center","background-size":"auto","background-attachment":"scroll","background-type":"","background-media":"","overlay-type":"","overlay-color":"","overlay-opacity":"","overlay-gradient":""}}},"product_brand":[],"product_cat":[69],"product_tag":[],"class_list":{"0":"post-1465789","1":"product","2":"type-product","3":"status-publish","4":"has-post-thumbnail","6":"product_cat-kits","7":"desktop-align-center","8":"tablet-align-left","9":"mobile-align-left","11":"first","12":"instock","13":"taxable","14":"shipping-taxable","15":"purchasable","16":"product-type-composite"},"uagb_featured_image_src":{"full":["https:\/\/natissea.com\/wp-content\/uploads\/2024\/04\/kit-short-lildaisy-de-@lilyandstitch_knit-image000052-min-scaled.jpg",1920,2560,false],"thumbnail":["https:\/\/natissea.com\/wp-content\/uploads\/2024\/04\/kit-short-lildaisy-de-@lilyandstitch_knit-image000052-min-150x150.jpg",150,150,true],"medium":["https:\/\/natissea.com\/wp-content\/uploads\/2024\/04\/kit-short-lildaisy-de-@lilyandstitch_knit-image000052-min-225x300.jpg",225,300,true],"medium_large":["https:\/\/natissea.com\/wp-content\/uploads\/2024\/04\/kit-short-lildaisy-de-@lilyandstitch_knit-image000052-min-768x1024.jpg",768,1024,true],"large":["https:\/\/natissea.com\/wp-content\/uploads\/2024\/04\/kit-short-lildaisy-de-@lilyandstitch_knit-image000052-min-768x1024.jpg",768,1024,true],"1536x1536":["https:\/\/natissea.com\/wp-content\/uploads\/2024\/04\/kit-short-lildaisy-de-@lilyandstitch_knit-image000052-min-1152x1536.jpg",1152,1536,true],"2048x2048":["https:\/\/natissea.com\/wp-content\/uploads\/2024\/04\/kit-short-lildaisy-de-@lilyandstitch_knit-image000052-min-1536x2048.jpg",1536,2048,true],"trp-custom-language-flag":["https:\/\/natissea.com\/wp-content\/uploads\/2024\/04\/kit-short-lildaisy-de-@lilyandstitch_knit-image000052-min-9x12.jpg",9,12,true],"mailpoet_newsletter_max":["https:\/\/natissea.com\/wp-content\/uploads\/2024\/04\/kit-short-lildaisy-de-@lilyandstitch_knit-image000052-min-1320x1760.jpg",1320,1760,true],"woocommerce_thumbnail":["https:\/\/natissea.com\/wp-content\/uploads\/2024\/04\/kit-short-lildaisy-de-@lilyandstitch_knit-image000052-min-300x300.jpg",300,300,true],"woocommerce_single":["https:\/\/natissea.com\/wp-content\/uploads\/2024\/04\/kit-short-lildaisy-de-@lilyandstitch_knit-image000052-min-600x800.jpg",600,800,true],"woocommerce_gallery_thumbnail":["https:\/\/natissea.com\/wp-content\/uploads\/2024\/04\/kit-short-lildaisy-de-@lilyandstitch_knit-image000052-min-100x100.jpg",100,100,true]},"uagb_author_info":{"display_name":"nghtmre","author_link":"https:\/\/natissea.com\/en"},"uagb_comment_info":0,"uagb_excerpt":"Le short Lil\u2019Daisy est un short taille haute venant compl\u00e9ter le joli T-shirt du m\u00eame nom pour un ensemble casual de saison. Ce joli short se tricote de haut en bas en circulaire (possibilit\u00e9 de l'essayer au fur et \u00e0 mesure pour ajuster la longueur des jambes) et pr\u00e9sente de subtils d\u00e9tails ajour\u00e9s le long&hellip;","jetpack_sharing_enabled":true,"_links":{"self":[{"href":"https:\/\/natissea.com\/en\/wp-json\/wp\/v2\/product\/1465789","targetHints":{"allow":["GET"]}}],"collection":[{"href":"https:\/\/natissea.com\/en\/wp-json\/wp\/v2\/product"}],"about":[{"href":"https:\/\/natissea.com\/en\/wp-json\/wp\/v2\/types\/product"}],"wp:featuredmedia":[{"embeddable":true,"href":"https:\/\/natissea.com\/en\/wp-json\/wp\/v2\/media\/1466702"}],"wp:attachment":[{"href":"https:\/\/natissea.com\/en\/wp-json\/wp\/v2\/media?parent=1465789"}],"wp:term":[{"taxonomy":"product_brand","embeddable":true,"href":"https:\/\/natissea.com\/en\/wp-json\/wp\/v2\/product_brand?post=1465789"},{"taxonomy":"product_cat","embeddable":true,"href":"https:\/\/natissea.com\/en\/wp-json\/wp\/v2\/product_cat?post=1465789"},{"taxonomy":"product_tag","embeddable":true,"href":"https:\/\/natissea.com\/en\/wp-json\/wp\/v2\/product_tag?post=1465789"}],"curies":[{"name":"wp","href":"https:\/\/api.w.org\/{rel}","templated":true}]}}