{"id":147769,"date":"2023-02-06T22:10:59","date_gmt":"2023-02-06T21:10:59","guid":{"rendered":"https:\/\/natissea.com\/?post_type=product&#038;p=147769"},"modified":"2024-03-22T21:48:26","modified_gmt":"2024-03-22T20:48:26","slug":"kit-couverture-bebe-natissea","status":"publish","type":"product","link":"https:\/\/natissea.com\/en\/boutique\/kit-couverture-bebe-natissea\/","title":{"rendered":"Baby blanket kit @natissea"},"content":{"rendered":"<p>SON<br \/>\nDamya 55 % hemp 45 % organic cotton<br \/>\nMalva 100 % organic cotton.<\/p>\n<p>MATERIAL<br \/>\n1 pair of 4 mm needles<br \/>\nWool needles<\/p>\n<p>SAMPLE<br \/>\nAfter washing: 19 sts\/27 rows<\/p>","protected":false},"excerpt":{"rendered":"<p>This pretty fancy stitch blanket will be perfect for wrapping baby in healthy, insulating and thermo-regulating fibers.<br \/>\nThis kit is suitable for beginners.<\/p>\n<p>&nbsp;<\/p>","protected":false},"featured_media":16713,"template":"","meta":{"_seopress_robots_primary_cat":"none","_seopress_titles_title":"","_seopress_titles_desc":"","_seopress_robots_index":"","_uag_custom_page_level_css":"","site-sidebar-layout":"default","site-content-layout":"default","ast-site-content-layout":"default","site-content-style":"default","site-sidebar-style":"default","ast-global-header-display":"","ast-banner-title-visibility":"","ast-main-header-display":"","ast-hfb-above-header-display":"","ast-hfb-below-header-display":"","ast-hfb-mobile-header-display":"","site-post-title":"","ast-breadcrumbs-content":"","ast-featured-img":"","footer-sml-layout":"","ast-disable-related-posts":"","theme-transparent-header-meta":"default","adv-header-id-meta":"","stick-header-meta":"default","header-above-stick-meta":"","header-main-stick-meta":"","header-below-stick-meta":"","astra-migrate-meta-layouts":"set","ast-page-background-enabled":"default","ast-page-background-meta":{"desktop":{"background-color":"var(--ast-global-color-4)","background-image":"","background-repeat":"repeat","background-position":"center center","background-size":"auto","background-attachment":"scroll","background-type":"","background-media":"","overlay-type":"","overlay-color":"","overlay-opacity":"","overlay-gradient":""},"tablet":{"background-color":"","background-image":"","background-repeat":"repeat","background-position":"center center","background-size":"auto","background-attachment":"scroll","background-type":"","background-media":"","overlay-type":"","overlay-color":"","overlay-opacity":"","overlay-gradient":""},"mobile":{"background-color":"","background-image":"","background-repeat":"repeat","background-position":"center center","background-size":"auto","background-attachment":"scroll","background-type":"","background-media":"","overlay-type":"","overlay-color":"","overlay-opacity":"","overlay-gradient":""}},"ast-content-background-meta":{"desktop":{"background-color":"var(--ast-global-color-5)","background-image":"","background-repeat":"repeat","background-position":"center center","background-size":"auto","background-attachment":"scroll","background-type":"","background-media":"","overlay-type":"","overlay-color":"","overlay-opacity":"","overlay-gradient":""},"tablet":{"background-color":"var(--ast-global-color-5)","background-image":"","background-repeat":"repeat","background-position":"center center","background-size":"auto","background-attachment":"scroll","background-type":"","background-media":"","overlay-type":"","overlay-color":"","overlay-opacity":"","overlay-gradient":""},"mobile":{"background-color":"var(--ast-global-color-5)","background-image":"","background-repeat":"repeat","background-position":"center center","background-size":"auto","background-attachment":"scroll","background-type":"","background-media":"","overlay-type":"","overlay-color":"","overlay-opacity":"","overlay-gradient":""}}},"product_brand":[],"product_cat":[69],"product_tag":[],"class_list":{"0":"post-147769","1":"product","2":"type-product","3":"status-publish","4":"has-post-thumbnail","6":"product_cat-kits","7":"desktop-align-center","8":"tablet-align-left","9":"mobile-align-left","11":"first","12":"instock","13":"downloadable","14":"taxable","15":"shipping-taxable","16":"purchasable","17":"product-type-composite"},"uagb_featured_image_src":{"full":["https:\/\/natissea.com\/wp-content\/uploads\/2023\/03\/natissea-couverture-bebe.png",2560,2508,false],"thumbnail":["https:\/\/natissea.com\/wp-content\/uploads\/2023\/03\/natissea-couverture-bebe-150x150.png",150,150,true],"medium":["https:\/\/natissea.com\/wp-content\/uploads\/2023\/03\/natissea-couverture-bebe-300x294.png",300,294,true],"medium_large":["https:\/\/natissea.com\/wp-content\/uploads\/2023\/03\/natissea-couverture-bebe-768x753.png",768,753,true],"large":["https:\/\/natissea.com\/wp-content\/uploads\/2023\/03\/natissea-couverture-bebe-1024x1003.png",1024,1003,true],"1536x1536":["https:\/\/natissea.com\/wp-content\/uploads\/2023\/03\/natissea-couverture-bebe-1536x1505.png",1536,1505,true],"2048x2048":["https:\/\/natissea.com\/wp-content\/uploads\/2023\/03\/natissea-couverture-bebe-2048x2007.png",2048,2007,true],"trp-custom-language-flag":["https:\/\/natissea.com\/wp-content\/uploads\/2023\/03\/natissea-couverture-bebe.png",12,12,false],"mailpoet_newsletter_max":["https:\/\/natissea.com\/wp-content\/uploads\/2023\/03\/natissea-couverture-bebe-1320x1293.png",1320,1293,true],"woocommerce_thumbnail":["https:\/\/natissea.com\/wp-content\/uploads\/2023\/03\/natissea-couverture-bebe-300x300.png",300,300,true],"woocommerce_single":["https:\/\/natissea.com\/wp-content\/uploads\/2023\/03\/natissea-couverture-bebe-600x588.png",600,588,true],"woocommerce_gallery_thumbnail":["https:\/\/natissea.com\/wp-content\/uploads\/2023\/03\/natissea-couverture-bebe-100x100.png",100,100,true]},"uagb_author_info":{"display_name":"nghtmre","author_link":"https:\/\/natissea.com\/en"},"uagb_comment_info":0,"uagb_excerpt":"Cette jolie couverture en point fantaisie sera parfaite pour envelopper b\u00e9b\u00e9 dans des fibres saines, isolantes et thermo-r\u00e9gulantes. Ce kit convient aux d\u00e9butants. &nbsp;","jetpack_sharing_enabled":true,"_links":{"self":[{"href":"https:\/\/natissea.com\/en\/wp-json\/wp\/v2\/product\/147769","targetHints":{"allow":["GET"]}}],"collection":[{"href":"https:\/\/natissea.com\/en\/wp-json\/wp\/v2\/product"}],"about":[{"href":"https:\/\/natissea.com\/en\/wp-json\/wp\/v2\/types\/product"}],"wp:featuredmedia":[{"embeddable":true,"href":"https:\/\/natissea.com\/en\/wp-json\/wp\/v2\/media\/16713"}],"wp:attachment":[{"href":"https:\/\/natissea.com\/en\/wp-json\/wp\/v2\/media?parent=147769"}],"wp:term":[{"taxonomy":"product_brand","embeddable":true,"href":"https:\/\/natissea.com\/en\/wp-json\/wp\/v2\/product_brand?post=147769"},{"taxonomy":"product_cat","embeddable":true,"href":"https:\/\/natissea.com\/en\/wp-json\/wp\/v2\/product_cat?post=147769"},{"taxonomy":"product_tag","embeddable":true,"href":"https:\/\/natissea.com\/en\/wp-json\/wp\/v2\/product_tag?post=147769"}],"curies":[{"name":"wp","href":"https:\/\/api.w.org\/{rel}","templated":true}]}}