{"id":1538670,"date":"2024-05-02T23:10:25","date_gmt":"2024-05-02T21:10:25","guid":{"rendered":"https:\/\/natissea.com\/?post_type=product&#038;p=1538670"},"modified":"2024-05-16T21:57:49","modified_gmt":"2024-05-16T19:57:49","slug":"kit-t-shirt-prunelle-de-lacazavent","status":"publish","type":"product","link":"https:\/\/natissea.com\/en\/boutique\/kit-t-shirt-prunelle-de-lacazavent\/","title":{"rendered":"Prunelle T-Shirt Kit from @lacazavent"},"content":{"rendered":"<div>The pretty Prunelle is knitted from the top down seamlessly, starting at the neckline. The sleeves are picked up and then knitted in the round in stockinette stitch. A pleasure to make, punctuated by the lace stitch, it&#039;s a project that will easily adapt to your desires, with or without sleeves, straight or slightly flared. Patterns available in French and English and Ravelry code available.<\/div>\n<div><\/div>\n<div>Thread used:<\/div>\n<ul>\n<li>Perelle 100% hemp<\/li>\n<li>Lina\u00e9 95% French linen 5% cotton<\/li>\n<\/ul>\n<div>Material :<\/div>\n<ul>\n<li>2.75 and 3.5mm circular needles<\/li>\n<li>Adjust the needle size to get the correct gauge<\/li>\n<\/ul>\n<div>Sample :<\/div>\n<div>With 3.5mm needles, 21 stitches and 32 rows = 10cm in stockinette stitch, washed and blocked<\/div>","protected":false},"excerpt":{"rendered":"<p>Prunelle is a lovely summer T-shirt to knit in Pernelle 100% hemp or Lina\u00e9 95% French linen. With its pretty nature-inspired lace, this model is easily personalized thanks to the different versions offered in the pattern: with or without sleeves, fitted or slightly flared. Recommended ease between 5 and 15cm, see size chart including ease below:<\/p>\n<p><img decoding=\"async\" class=\"wp-image-1538746 size-full\" src=\"https:\/\/natissea.com\/wp-content\/uploads\/2024\/05\/tableau-taille-kit-prunelle.png\" alt=\"kit t shirt prunelle de @lacazavent\" width=\"1146\" height=\"1308\" srcset=\"https:\/\/natissea.com\/wp-content\/uploads\/2024\/05\/tableau-taille-kit-prunelle.png 1146w, https:\/\/natissea.com\/wp-content\/uploads\/2024\/05\/tableau-taille-kit-prunelle-263x300.png 263w, https:\/\/natissea.com\/wp-content\/uploads\/2024\/05\/tableau-taille-kit-prunelle-897x1024.png 897w, https:\/\/natissea.com\/wp-content\/uploads\/2024\/05\/tableau-taille-kit-prunelle-768x877.png 768w, https:\/\/natissea.com\/wp-content\/uploads\/2024\/05\/tableau-taille-kit-prunelle-11x12.png 11w, https:\/\/natissea.com\/wp-content\/uploads\/2024\/05\/tableau-taille-kit-prunelle-600x685.png 600w\" sizes=\"(max-width: 1146px) 100vw, 1146px\" \/><\/p>","protected":false},"featured_media":1538865,"template":"","meta":{"_seopress_robots_primary_cat":"none","_seopress_titles_title":"%%post_title%% %%sep%% %%sitetitle%%","_seopress_titles_desc":"%%post_excerpt%%","_seopress_robots_index":"","_uag_custom_page_level_css":"","site-sidebar-layout":"default","site-content-layout":"","ast-site-content-layout":"default","site-content-style":"default","site-sidebar-style":"default","ast-global-header-display":"","ast-banner-title-visibility":"","ast-main-header-display":"","ast-hfb-above-header-display":"","ast-hfb-below-header-display":"","ast-hfb-mobile-header-display":"","site-post-title":"","ast-breadcrumbs-content":"","ast-featured-img":"","footer-sml-layout":"","ast-disable-related-posts":"","theme-transparent-header-meta":"default","adv-header-id-meta":"","stick-header-meta":"default","header-above-stick-meta":"","header-main-stick-meta":"","header-below-stick-meta":"","astra-migrate-meta-layouts":"set","ast-page-background-enabled":"default","ast-page-background-meta":{"desktop":{"background-color":"var(--ast-global-color-4)","background-image":"","background-repeat":"repeat","background-position":"center center","background-size":"auto","background-attachment":"scroll","background-type":"","background-media":"","overlay-type":"","overlay-color":"","overlay-opacity":"","overlay-gradient":""},"tablet":{"background-color":"","background-image":"","background-repeat":"repeat","background-position":"center center","background-size":"auto","background-attachment":"scroll","background-type":"","background-media":"","overlay-type":"","overlay-color":"","overlay-opacity":"","overlay-gradient":""},"mobile":{"background-color":"","background-image":"","background-repeat":"repeat","background-position":"center center","background-size":"auto","background-attachment":"scroll","background-type":"","background-media":"","overlay-type":"","overlay-color":"","overlay-opacity":"","overlay-gradient":""}},"ast-content-background-meta":{"desktop":{"background-color":"var(--ast-global-color-5)","background-image":"","background-repeat":"repeat","background-position":"center center","background-size":"auto","background-attachment":"scroll","background-type":"","background-media":"","overlay-type":"","overlay-color":"","overlay-opacity":"","overlay-gradient":""},"tablet":{"background-color":"var(--ast-global-color-5)","background-image":"","background-repeat":"repeat","background-position":"center center","background-size":"auto","background-attachment":"scroll","background-type":"","background-media":"","overlay-type":"","overlay-color":"","overlay-opacity":"","overlay-gradient":""},"mobile":{"background-color":"var(--ast-global-color-5)","background-image":"","background-repeat":"repeat","background-position":"center center","background-size":"auto","background-attachment":"scroll","background-type":"","background-media":"","overlay-type":"","overlay-color":"","overlay-opacity":"","overlay-gradient":""}}},"product_brand":[],"product_cat":[69],"product_tag":[],"class_list":{"0":"post-1538670","1":"product","2":"type-product","3":"status-publish","4":"has-post-thumbnail","6":"product_cat-kits","7":"desktop-align-center","8":"tablet-align-left","9":"mobile-align-left","11":"first","12":"instock","13":"downloadable","14":"taxable","15":"shipping-taxable","16":"purchasable","17":"product-type-composite"},"uagb_featured_image_src":{"full":["https:\/\/natissea.com\/wp-content\/uploads\/2024\/05\/image00001-scaled.jpeg",1920,2560,false],"thumbnail":["https:\/\/natissea.com\/wp-content\/uploads\/2024\/05\/image00001-150x150.jpeg",150,150,true],"medium":["https:\/\/natissea.com\/wp-content\/uploads\/2024\/05\/image00001-225x300.jpeg",225,300,true],"medium_large":["https:\/\/natissea.com\/wp-content\/uploads\/2024\/05\/image00001-768x1024.jpeg",768,1024,true],"large":["https:\/\/natissea.com\/wp-content\/uploads\/2024\/05\/image00001-768x1024.jpeg",768,1024,true],"1536x1536":["https:\/\/natissea.com\/wp-content\/uploads\/2024\/05\/image00001-1152x1536.jpeg",1152,1536,true],"2048x2048":["https:\/\/natissea.com\/wp-content\/uploads\/2024\/05\/image00001-1536x2048.jpeg",1536,2048,true],"trp-custom-language-flag":["https:\/\/natissea.com\/wp-content\/uploads\/2024\/05\/image00001-9x12.jpeg",9,12,true],"mailpoet_newsletter_max":["https:\/\/natissea.com\/wp-content\/uploads\/2024\/05\/image00001-1320x1760.jpeg",1320,1760,true],"woocommerce_thumbnail":["https:\/\/natissea.com\/wp-content\/uploads\/2024\/05\/image00001-300x300.jpeg",300,300,true],"woocommerce_single":["https:\/\/natissea.com\/wp-content\/uploads\/2024\/05\/image00001-600x800.jpeg",600,800,true],"woocommerce_gallery_thumbnail":["https:\/\/natissea.com\/wp-content\/uploads\/2024\/05\/image00001-100x100.jpeg",100,100,true]},"uagb_author_info":{"display_name":"nghtmre","author_link":"https:\/\/natissea.com\/en"},"uagb_comment_info":0,"uagb_excerpt":"Prunelle est un ravissant T-Shirt estival \u00e0 tricoter en Pernelle 100% chanvre ou en Lina\u00e9 95% lin Fran\u00e7ais. Avec sa jolie dentelle inspir\u00e9e de la nature, ce mod\u00e8le se personnalise facilement gr\u00e2ce aux diff\u00e9rentes versions propos\u00e9es dans le patron: avec ou sans manches, cintr\u00e9 ou l\u00e9g\u00e8rement \u00e9vas\u00e9. Aisance recommand\u00e9e entre 5 et 15cm, voir tableau&hellip;","jetpack_sharing_enabled":true,"_links":{"self":[{"href":"https:\/\/natissea.com\/en\/wp-json\/wp\/v2\/product\/1538670","targetHints":{"allow":["GET"]}}],"collection":[{"href":"https:\/\/natissea.com\/en\/wp-json\/wp\/v2\/product"}],"about":[{"href":"https:\/\/natissea.com\/en\/wp-json\/wp\/v2\/types\/product"}],"wp:featuredmedia":[{"embeddable":true,"href":"https:\/\/natissea.com\/en\/wp-json\/wp\/v2\/media\/1538865"}],"wp:attachment":[{"href":"https:\/\/natissea.com\/en\/wp-json\/wp\/v2\/media?parent=1538670"}],"wp:term":[{"taxonomy":"product_brand","embeddable":true,"href":"https:\/\/natissea.com\/en\/wp-json\/wp\/v2\/product_brand?post=1538670"},{"taxonomy":"product_cat","embeddable":true,"href":"https:\/\/natissea.com\/en\/wp-json\/wp\/v2\/product_cat?post=1538670"},{"taxonomy":"product_tag","embeddable":true,"href":"https:\/\/natissea.com\/en\/wp-json\/wp\/v2\/product_tag?post=1538670"}],"curies":[{"name":"wp","href":"https:\/\/api.w.org\/{rel}","templated":true}]}}