{"id":1599456,"date":"2024-05-16T21:54:39","date_gmt":"2024-05-16T19:54:39","guid":{"rendered":"https:\/\/natissea.com\/?post_type=product&#038;p=1599456"},"modified":"2024-05-30T18:56:01","modified_gmt":"2024-05-30T16:56:01","slug":"kit-top-beliche-de-atelieremilie","status":"publish","type":"product","link":"https:\/\/natissea.com\/en\/boutique\/kit-top-beliche-de-atelieremilie\/","title":{"rendered":"Beliche Top Kit from @atelieremilie"},"content":{"rendered":"<div>The body is knitted in the round up to the armholes, then each part (back and front) is knitted separately back and forth. They are then connected by the straps using grafting. The armhole and neckline edges are turned up and then worked in icord. The sleeves are turned up and then knitted in the round with shortened rows.<\/div>\n<div>Patterns available in French and English.<\/div>\n<div><\/div>\n<div>Thread used:<\/div>\n<ul>\n<li>Lina\u00e9 95% French linen 5% cotton<\/li>\n<li>Perelle 100% hemp<\/li>\n<\/ul>\n<div>Material :<\/div>\n<ul>\n<li>Circular needles 2.75mm (ribbing), 3mm (icord) and 3.5mm (straps and bodies)<\/li>\n<li>Adjust the needle size to get the correct gauge<\/li>\n<li>80cm cable + cable for putting the stitches on hold<\/li>\n<li>1 wool needle and marker rings<\/li>\n<\/ul>\n<div>Sample :<\/div>\n<ul>\n<li>With 3.5mm needles, 25 stitches and 28 rows = 10cm in herringbone stitch<\/li>\n<li>A pattern measures 4cm<\/li>\n<\/ul>","protected":false},"excerpt":{"rendered":"<p>The pretty Beliche top will be perfect for summer! It is knitted in the round, from the bottom up with a chevron pattern all along the body. The model is fully customizable with versions without or with sleeves, solid or two-tone and ribbed or scalloped edges! It is knitted in Lina\u00e9 95% French linen 5% cotton or in Pernelle 100% hemp. The recommended ease is approximately -5 to +5 cm, it is presented here in size 3 with 4cm of negative ease. The C1 corresponds to the vermilion color and the C2 to the peach color in the photo. See the size chart and finished knit measurements below:<\/p>\n<p><img decoding=\"async\" class=\"wp-image-1599607 size-full\" src=\"https:\/\/natissea.com\/wp-content\/uploads\/2024\/05\/tableau-top-beliche.png\" alt=\"kit top beliche de @atelieremilie\" width=\"1784\" height=\"1260\" srcset=\"https:\/\/natissea.com\/wp-content\/uploads\/2024\/05\/tableau-top-beliche.png 1784w, https:\/\/natissea.com\/wp-content\/uploads\/2024\/05\/tableau-top-beliche-300x212.png 300w, https:\/\/natissea.com\/wp-content\/uploads\/2024\/05\/tableau-top-beliche-1024x723.png 1024w, https:\/\/natissea.com\/wp-content\/uploads\/2024\/05\/tableau-top-beliche-768x542.png 768w, https:\/\/natissea.com\/wp-content\/uploads\/2024\/05\/tableau-top-beliche-1536x1085.png 1536w, https:\/\/natissea.com\/wp-content\/uploads\/2024\/05\/tableau-top-beliche-18x12.png 18w, https:\/\/natissea.com\/wp-content\/uploads\/2024\/05\/tableau-top-beliche-1320x932.png 1320w, https:\/\/natissea.com\/wp-content\/uploads\/2024\/05\/tableau-top-beliche-600x424.png 600w\" sizes=\"(max-width: 1784px) 100vw, 1784px\" \/><\/p>","protected":false},"featured_media":1599893,"template":"","meta":{"_seopress_robots_primary_cat":"none","_seopress_titles_title":"Kit Top Beliche de @atelieremilie %%sep%% Natissea","_seopress_titles_desc":"Top Beliche pour l'\u00e9t\u00e9 ! Le mod\u00e8le est enti\u00e8rement personnalisable avec ou sans manches unie ou bicolore et finition bord c\u00f4tes ou feston.","_seopress_robots_index":"","_uag_custom_page_level_css":"","site-sidebar-layout":"default","site-content-layout":"","ast-site-content-layout":"default","site-content-style":"default","site-sidebar-style":"default","ast-global-header-display":"","ast-banner-title-visibility":"","ast-main-header-display":"","ast-hfb-above-header-display":"","ast-hfb-below-header-display":"","ast-hfb-mobile-header-display":"","site-post-title":"","ast-breadcrumbs-content":"","ast-featured-img":"","footer-sml-layout":"","ast-disable-related-posts":"","theme-transparent-header-meta":"default","adv-header-id-meta":"","stick-header-meta":"default","header-above-stick-meta":"","header-main-stick-meta":"","header-below-stick-meta":"","astra-migrate-meta-layouts":"set","ast-page-background-enabled":"default","ast-page-background-meta":{"desktop":{"background-color":"var(--ast-global-color-4)","background-image":"","background-repeat":"repeat","background-position":"center center","background-size":"auto","background-attachment":"scroll","background-type":"","background-media":"","overlay-type":"","overlay-color":"","overlay-opacity":"","overlay-gradient":""},"tablet":{"background-color":"","background-image":"","background-repeat":"repeat","background-position":"center center","background-size":"auto","background-attachment":"scroll","background-type":"","background-media":"","overlay-type":"","overlay-color":"","overlay-opacity":"","overlay-gradient":""},"mobile":{"background-color":"","background-image":"","background-repeat":"repeat","background-position":"center center","background-size":"auto","background-attachment":"scroll","background-type":"","background-media":"","overlay-type":"","overlay-color":"","overlay-opacity":"","overlay-gradient":""}},"ast-content-background-meta":{"desktop":{"background-color":"var(--ast-global-color-5)","background-image":"","background-repeat":"repeat","background-position":"center center","background-size":"auto","background-attachment":"scroll","background-type":"","background-media":"","overlay-type":"","overlay-color":"","overlay-opacity":"","overlay-gradient":""},"tablet":{"background-color":"var(--ast-global-color-5)","background-image":"","background-repeat":"repeat","background-position":"center center","background-size":"auto","background-attachment":"scroll","background-type":"","background-media":"","overlay-type":"","overlay-color":"","overlay-opacity":"","overlay-gradient":""},"mobile":{"background-color":"var(--ast-global-color-5)","background-image":"","background-repeat":"repeat","background-position":"center center","background-size":"auto","background-attachment":"scroll","background-type":"","background-media":"","overlay-type":"","overlay-color":"","overlay-opacity":"","overlay-gradient":""}}},"product_brand":[],"product_cat":[69],"product_tag":[],"class_list":{"0":"post-1599456","1":"product","2":"type-product","3":"status-publish","4":"has-post-thumbnail","6":"product_cat-kits","7":"desktop-align-center","8":"tablet-align-left","9":"mobile-align-left","11":"first","12":"instock","13":"taxable","14":"shipping-taxable","15":"purchasable","16":"product-type-composite"},"uagb_featured_image_src":{"full":["https:\/\/natissea.com\/wp-content\/uploads\/2024\/05\/kit-top-beliche-de-@atelieremilie.jpg",1202,1600,false],"thumbnail":["https:\/\/natissea.com\/wp-content\/uploads\/2024\/05\/kit-top-beliche-de-@atelieremilie-150x150.jpg",150,150,true],"medium":["https:\/\/natissea.com\/wp-content\/uploads\/2024\/05\/kit-top-beliche-de-@atelieremilie-225x300.jpg",225,300,true],"medium_large":["https:\/\/natissea.com\/wp-content\/uploads\/2024\/05\/kit-top-beliche-de-@atelieremilie-768x1022.jpg",768,1022,true],"large":["https:\/\/natissea.com\/wp-content\/uploads\/2024\/05\/kit-top-beliche-de-@atelieremilie-769x1024.jpg",769,1024,true],"1536x1536":["https:\/\/natissea.com\/wp-content\/uploads\/2024\/05\/kit-top-beliche-de-@atelieremilie-1154x1536.jpg",1154,1536,true],"2048x2048":["https:\/\/natissea.com\/wp-content\/uploads\/2024\/05\/kit-top-beliche-de-@atelieremilie.jpg",1202,1600,false],"trp-custom-language-flag":["https:\/\/natissea.com\/wp-content\/uploads\/2024\/05\/kit-top-beliche-de-@atelieremilie-9x12.jpg",9,12,true],"mailpoet_newsletter_max":["https:\/\/natissea.com\/wp-content\/uploads\/2024\/05\/kit-top-beliche-de-@atelieremilie.jpg",1202,1600,false],"woocommerce_thumbnail":["https:\/\/natissea.com\/wp-content\/uploads\/2024\/05\/kit-top-beliche-de-@atelieremilie-300x300.jpg",300,300,true],"woocommerce_single":["https:\/\/natissea.com\/wp-content\/uploads\/2024\/05\/kit-top-beliche-de-@atelieremilie-600x799.jpg",600,799,true],"woocommerce_gallery_thumbnail":["https:\/\/natissea.com\/wp-content\/uploads\/2024\/05\/kit-top-beliche-de-@atelieremilie-100x100.jpg",100,100,true]},"uagb_author_info":{"display_name":"nghtmre","author_link":"https:\/\/natissea.com\/en"},"uagb_comment_info":0,"uagb_excerpt":"Le joli top Beliche sera parfait pour l'\u00e9t\u00e9 ! Il se tricote en rond, de bas en haut avec un motif chevron tout le long du corps. Le mod\u00e8le est enti\u00e8rement personnalisable avec des versions sans ou avec manches, unie ou bicolore et finition bord c\u00f4tes ou feston ! Il se tricote en Lina\u00e9 95%&hellip;","jetpack_sharing_enabled":true,"_links":{"self":[{"href":"https:\/\/natissea.com\/en\/wp-json\/wp\/v2\/product\/1599456","targetHints":{"allow":["GET"]}}],"collection":[{"href":"https:\/\/natissea.com\/en\/wp-json\/wp\/v2\/product"}],"about":[{"href":"https:\/\/natissea.com\/en\/wp-json\/wp\/v2\/types\/product"}],"wp:featuredmedia":[{"embeddable":true,"href":"https:\/\/natissea.com\/en\/wp-json\/wp\/v2\/media\/1599893"}],"wp:attachment":[{"href":"https:\/\/natissea.com\/en\/wp-json\/wp\/v2\/media?parent=1599456"}],"wp:term":[{"taxonomy":"product_brand","embeddable":true,"href":"https:\/\/natissea.com\/en\/wp-json\/wp\/v2\/product_brand?post=1599456"},{"taxonomy":"product_cat","embeddable":true,"href":"https:\/\/natissea.com\/en\/wp-json\/wp\/v2\/product_cat?post=1599456"},{"taxonomy":"product_tag","embeddable":true,"href":"https:\/\/natissea.com\/en\/wp-json\/wp\/v2\/product_tag?post=1599456"}],"curies":[{"name":"wp","href":"https:\/\/api.w.org\/{rel}","templated":true}]}}