{"id":1654597,"date":"2024-05-30T18:48:28","date_gmt":"2024-05-30T16:48:28","guid":{"rendered":"https:\/\/natissea.com\/?post_type=product&#038;p=1654597"},"modified":"2024-05-31T11:40:50","modified_gmt":"2024-05-31T09:40:50","slug":"kit-combi-short-zaho-de-lilyandstich_knit","status":"publish","type":"product","link":"https:\/\/natissea.com\/en\/boutique\/kit-combi-short-zaho-de-lilyandstich_knit\/","title":{"rendered":"Zaho short playsuit kit from @lilyandstich_knit"},"content":{"rendered":"<div>The Zaho Playsuit is knitted by starting with two flat-knit panels, which are then joined in the circular for the body, then separated to form the legs.<\/div>\n<div>The design features subtle ribbed details on the sides, twists at the waist and drawstrings to close the top and adjust the waist.<\/div>\n<div>Patterns available in French and English and Ravelry code available.<\/div>\n<div><\/div>\n<div>Thread used:<\/div>\n<ul>\n<li>Perelle 100% hemp<\/li>\n<li>Lina\u00e9 95% French linen 5% cotton<\/li>\n<\/ul>\n<div><\/div>\n<div>Material :<\/div>\n<ul>\n<li>3mm circular needles<\/li>\n<li>Adjust the needle size to get the correct gauge<\/li>\n<\/ul>\n<div>Sample :<\/div>\n<div><\/div>\n<div>With 3mm needles, 24 stitches and 32 rows = 10cm in stockinette stitch, washed and blocked<\/div>","protected":false},"excerpt":{"rendered":"<p>Rapide \u00e0 enfiler, hyper confortable, voici le joli combi short Zaho de @lilyandstitch_knit ! Ce patron 3 en 1 comprend un haut sans manches, un short, ou les deux combin\u00e9s dans un combishort. Il se tricote en Pernelle 100% chanvre ou en Lina\u00e9 95% lin fran\u00e7ais 5% coton de haut en bas. Pour un combishort adapt\u00e9 \u00e0 votre morphologie, le patron permet choisir une taille de haut et une taille de short diff\u00e9rente.<\/p>\n<p>Vous pouvez par exemple tricoter le haut en taille 3, puis faire une transition pour continuer avec le short en taille 4!\u00a0 Une aisance n\u00e9gative de 0 \u00e0 5cm est recommand\u00e9e pour le haut tandis que celle du bas sera positive \u00a0entre 15 et 20cm au niveau des hanches, \u00e0 savoir que la taille peut \u00eatre resserr\u00e9e \u00e0 l&#8217;aide d&#8217;un cordon. Pour le combishort, choisir une taille de haut et une taille de short, et additionner les quantit\u00e9s de fil. Voir tableau des tailles aisance comprise ci-dessous:<\/p>\n<p><img decoding=\"async\" class=\"wp-image-1665591 size-full\" src=\"https:\/\/natissea.com\/wp-content\/uploads\/2024\/05\/combi-zaho-haut.png\" alt=\"kit combi short zaho de @lilyandstich knit\" width=\"1028\" height=\"1108\" srcset=\"https:\/\/natissea.com\/wp-content\/uploads\/2024\/05\/combi-zaho-haut.png 1028w, https:\/\/natissea.com\/wp-content\/uploads\/2024\/05\/combi-zaho-haut-278x300.png 278w, https:\/\/natissea.com\/wp-content\/uploads\/2024\/05\/combi-zaho-haut-950x1024.png 950w, https:\/\/natissea.com\/wp-content\/uploads\/2024\/05\/combi-zaho-haut-768x828.png 768w, https:\/\/natissea.com\/wp-content\/uploads\/2024\/05\/combi-zaho-haut-11x12.png 11w, https:\/\/natissea.com\/wp-content\/uploads\/2024\/05\/combi-zaho-haut-600x647.png 600w\" sizes=\"(max-width: 1028px) 100vw, 1028px\" \/><\/p>\n[caption id=\"attachment_1665594\" align=\"aligncenter\" width=\"1052\"]<img decoding=\"async\" class=\"wp-image-1665594 size-full\" src=\"https:\/\/natissea.com\/wp-content\/uploads\/2024\/05\/combi-zaho-bas-.png\" alt=\"kit combi short zaho de @lilyandstich knit\" width=\"1052\" height=\"1174\" srcset=\"https:\/\/natissea.com\/wp-content\/uploads\/2024\/05\/combi-zaho-bas-.png 1052w, https:\/\/natissea.com\/wp-content\/uploads\/2024\/05\/combi-zaho-bas--269x300.png 269w, https:\/\/natissea.com\/wp-content\/uploads\/2024\/05\/combi-zaho-bas--918x1024.png 918w, https:\/\/natissea.com\/wp-content\/uploads\/2024\/05\/combi-zaho-bas--768x857.png 768w, https:\/\/natissea.com\/wp-content\/uploads\/2024\/05\/combi-zaho-bas--11x12.png 11w, https:\/\/natissea.com\/wp-content\/uploads\/2024\/05\/combi-zaho-bas--600x670.png 600w\" sizes=\"(max-width: 1052px) 100vw, 1052px\" \/> kit combi short zaho de @lilyandstich knit[\/caption]\n","protected":false},"featured_media":1661516,"template":"","meta":{"_seopress_robots_primary_cat":"none","_seopress_titles_title":"","_seopress_titles_desc":"","_seopress_robots_index":"","_uag_custom_page_level_css":"","site-sidebar-layout":"default","site-content-layout":"","ast-site-content-layout":"default","site-content-style":"default","site-sidebar-style":"default","ast-global-header-display":"","ast-banner-title-visibility":"","ast-main-header-display":"","ast-hfb-above-header-display":"","ast-hfb-below-header-display":"","ast-hfb-mobile-header-display":"","site-post-title":"","ast-breadcrumbs-content":"","ast-featured-img":"","footer-sml-layout":"","ast-disable-related-posts":"","theme-transparent-header-meta":"default","adv-header-id-meta":"","stick-header-meta":"default","header-above-stick-meta":"","header-main-stick-meta":"","header-below-stick-meta":"","astra-migrate-meta-layouts":"set","ast-page-background-enabled":"default","ast-page-background-meta":{"desktop":{"background-color":"var(--ast-global-color-4)","background-image":"","background-repeat":"repeat","background-position":"center center","background-size":"auto","background-attachment":"scroll","background-type":"","background-media":"","overlay-type":"","overlay-color":"","overlay-opacity":"","overlay-gradient":""},"tablet":{"background-color":"","background-image":"","background-repeat":"repeat","background-position":"center center","background-size":"auto","background-attachment":"scroll","background-type":"","background-media":"","overlay-type":"","overlay-color":"","overlay-opacity":"","overlay-gradient":""},"mobile":{"background-color":"","background-image":"","background-repeat":"repeat","background-position":"center center","background-size":"auto","background-attachment":"scroll","background-type":"","background-media":"","overlay-type":"","overlay-color":"","overlay-opacity":"","overlay-gradient":""}},"ast-content-background-meta":{"desktop":{"background-color":"var(--ast-global-color-5)","background-image":"","background-repeat":"repeat","background-position":"center center","background-size":"auto","background-attachment":"scroll","background-type":"","background-media":"","overlay-type":"","overlay-color":"","overlay-opacity":"","overlay-gradient":""},"tablet":{"background-color":"var(--ast-global-color-5)","background-image":"","background-repeat":"repeat","background-position":"center center","background-size":"auto","background-attachment":"scroll","background-type":"","background-media":"","overlay-type":"","overlay-color":"","overlay-opacity":"","overlay-gradient":""},"mobile":{"background-color":"var(--ast-global-color-5)","background-image":"","background-repeat":"repeat","background-position":"center center","background-size":"auto","background-attachment":"scroll","background-type":"","background-media":"","overlay-type":"","overlay-color":"","overlay-opacity":"","overlay-gradient":""}}},"product_brand":[],"product_cat":[69],"product_tag":[],"class_list":{"0":"post-1654597","1":"product","2":"type-product","3":"status-publish","4":"has-post-thumbnail","6":"product_cat-kits","7":"desktop-align-center","8":"tablet-align-left","9":"mobile-align-left","11":"first","12":"instock","13":"taxable","14":"shipping-taxable","15":"purchasable","16":"product-type-composite"},"uagb_featured_image_src":{"full":["https:\/\/natissea.com\/wp-content\/uploads\/2024\/05\/dscf0300-min-scaled.jpg",1707,2560,false],"thumbnail":["https:\/\/natissea.com\/wp-content\/uploads\/2024\/05\/dscf0300-min-150x150.jpg",150,150,true],"medium":["https:\/\/natissea.com\/wp-content\/uploads\/2024\/05\/dscf0300-min-200x300.jpg",200,300,true],"medium_large":["https:\/\/natissea.com\/wp-content\/uploads\/2024\/05\/dscf0300-min-768x1152.jpg",768,1152,true],"large":["https:\/\/natissea.com\/wp-content\/uploads\/2024\/05\/dscf0300-min-683x1024.jpg",683,1024,true],"1536x1536":["https:\/\/natissea.com\/wp-content\/uploads\/2024\/05\/dscf0300-min-1024x1536.jpg",1024,1536,true],"2048x2048":["https:\/\/natissea.com\/wp-content\/uploads\/2024\/05\/dscf0300-min-1365x2048.jpg",1365,2048,true],"trp-custom-language-flag":["https:\/\/natissea.com\/wp-content\/uploads\/2024\/05\/dscf0300-min-8x12.jpg",8,12,true],"mailpoet_newsletter_max":["https:\/\/natissea.com\/wp-content\/uploads\/2024\/05\/dscf0300-min-1320x1980.jpg",1320,1980,true],"woocommerce_thumbnail":["https:\/\/natissea.com\/wp-content\/uploads\/2024\/05\/dscf0300-min-300x300.jpg",300,300,true],"woocommerce_single":["https:\/\/natissea.com\/wp-content\/uploads\/2024\/05\/dscf0300-min-600x900.jpg",600,900,true],"woocommerce_gallery_thumbnail":["https:\/\/natissea.com\/wp-content\/uploads\/2024\/05\/dscf0300-min-100x100.jpg",100,100,true]},"uagb_author_info":{"display_name":"nghtmre","author_link":"https:\/\/natissea.com\/en"},"uagb_comment_info":0,"uagb_excerpt":"Rapide \u00e0 enfiler, hyper confortable, voici le joli combi short Zaho de @lilyandstitch_knit ! Ce patron 3 en 1 comprend un haut sans manches, un short, ou les deux combin\u00e9s dans un combishort. Il se tricote en Pernelle 100% chanvre ou en Lina\u00e9 95% lin fran\u00e7ais 5% coton de haut en bas. Pour un combishort&hellip;","jetpack_sharing_enabled":true,"_links":{"self":[{"href":"https:\/\/natissea.com\/en\/wp-json\/wp\/v2\/product\/1654597","targetHints":{"allow":["GET"]}}],"collection":[{"href":"https:\/\/natissea.com\/en\/wp-json\/wp\/v2\/product"}],"about":[{"href":"https:\/\/natissea.com\/en\/wp-json\/wp\/v2\/types\/product"}],"wp:featuredmedia":[{"embeddable":true,"href":"https:\/\/natissea.com\/en\/wp-json\/wp\/v2\/media\/1661516"}],"wp:attachment":[{"href":"https:\/\/natissea.com\/en\/wp-json\/wp\/v2\/media?parent=1654597"}],"wp:term":[{"taxonomy":"product_brand","embeddable":true,"href":"https:\/\/natissea.com\/en\/wp-json\/wp\/v2\/product_brand?post=1654597"},{"taxonomy":"product_cat","embeddable":true,"href":"https:\/\/natissea.com\/en\/wp-json\/wp\/v2\/product_cat?post=1654597"},{"taxonomy":"product_tag","embeddable":true,"href":"https:\/\/natissea.com\/en\/wp-json\/wp\/v2\/product_tag?post=1654597"}],"curies":[{"name":"wp","href":"https:\/\/api.w.org\/{rel}","templated":true}]}}