{"id":1691371,"date":"2024-06-06T21:27:26","date_gmt":"2024-06-06T19:27:26","guid":{"rendered":"https:\/\/natissea.com\/?post_type=product&#038;p=1691371"},"modified":"2024-06-13T21:33:06","modified_gmt":"2024-06-13T19:33:06","slug":"kit-sac-deauville-de-christallkdesigns","status":"publish","type":"product","link":"https:\/\/natissea.com\/en\/boutique\/kit-sac-deauville-de-christallkdesigns\/","title":{"rendered":"Deauville Bag Kit from @christallkdesigns"},"content":{"rendered":"<div>This bag is knitted by starting with the bottom of the bag. You will knit two bottoms that you will join together to then make the body of the bag. You will finish with a wide stockinette stitch band that you will sew onto the lining of the bag.<br \/>\nThe pattern includes a version without embroidery and a version with embroidery. You can choose the diagram according to your preference.<\/div>\n<div>Patterns available in French and English and Ravelry code available.<\/div>\n<div><\/div>\n<div>Thread used:<\/div>\n<ul>\n<li>Perelle 100% hemp<\/li>\n<\/ul>\n<div>Material :<\/div>\n<ul>\n<li>2 pairs of 2.75 mm circ. needles<\/li>\n<li>1 pair of 3.25 mm circ. needles<\/li>\n<\/ul>\n<div>Adjust the needle size to get the correct gauge<\/div>\n<ul>\n<li>1 tapestry needle<\/li>\n<li>16 markers<\/li>\n<\/ul>\n<p>Foam on Vlieseline Style-Vil mesh (for the bottom of the bag) H 250 Vlieseline iron-on interfacing (for the bottom of the lining)<br \/>\nBizoned canvas 55% linen, 45% cotton for the lining of the bag<\/p>\n<p>Faux leather strap 3 cm wide and approximately 40 cm long (optional)<\/p>\n<div>Sample :<\/div>\n<div>23m. \/ 32 Trs in stockinette stitch in the round for 10 cm<\/div>","protected":false},"excerpt":{"rendered":"<p>Voici le set de l&#8217;\u00e9t\u00e9, les jolis sacs et \u00e9tui \u00e0 lunettes Deauville de @christallkdesigns! Ce patron 3 en 1 comprend deux sacs sceau (un petit de 19cm de diam\u00e8tre et un grand de 29cm)\u00a0 ainsi qu&#8217;un charmant \u00e9tui \u00e0 lunettes assorti. Ce set se tricote en Pernelle 100% chanvre de bas en haut avec un joli motif et la possibilit\u00e9 de broder de jolies roses.<\/p>\n<p>Des mini \u00e9chevettes sont offertes pour l&#8217;achat d&#8217;un kit, merci d&#8217;indiquer les coloris souhait\u00e9s de la gamme Pernelle dans l&#8217;encadr\u00e9 note de votre commande. Possibilit\u00e9 de personnaliser les anses en les choisissant en simili cuir ou en les tricotant pour ajuster la longueur. Voir tableau des quantit\u00e9s de fil en fonction des mod\u00e8les ci dessous aisance comprise ci-dessous :<\/p>\n[caption id=\"attachment_1693588\" align=\"aligncenter\" width=\"1396\"]<img decoding=\"async\" class=\"wp-image-1693588 size-full\" src=\"https:\/\/natissea.com\/wp-content\/uploads\/2024\/06\/deauville.png\" alt=\"kit sac deauville de @christallkdesigns\" width=\"1396\" height=\"646\" srcset=\"https:\/\/natissea.com\/wp-content\/uploads\/2024\/06\/deauville.png 1396w, https:\/\/natissea.com\/wp-content\/uploads\/2024\/06\/deauville-300x139.png 300w, https:\/\/natissea.com\/wp-content\/uploads\/2024\/06\/deauville-1024x474.png 1024w, https:\/\/natissea.com\/wp-content\/uploads\/2024\/06\/deauville-768x355.png 768w, https:\/\/natissea.com\/wp-content\/uploads\/2024\/06\/deauville-18x8.png 18w, https:\/\/natissea.com\/wp-content\/uploads\/2024\/06\/deauville-1320x611.png 1320w, https:\/\/natissea.com\/wp-content\/uploads\/2024\/06\/deauville-600x278.png 600w\" sizes=\"(max-width: 1396px) 100vw, 1396px\" \/> \u00a0[\/caption]\n","protected":false},"featured_media":1691433,"template":"","meta":{"_seopress_robots_primary_cat":"none","_seopress_titles_title":"Kit Sac Deauville de @christallkdesigns %%sep%% %%post_title%%","_seopress_titles_desc":"les jolis sacs et \u00e9tui \u00e0 lunettes Deauville de @christallkdesigns! Ce patron 3 en 1 comprend deux sacs sceau.","_seopress_robots_index":"","_uag_custom_page_level_css":"","site-sidebar-layout":"default","site-content-layout":"","ast-site-content-layout":"default","site-content-style":"default","site-sidebar-style":"default","ast-global-header-display":"","ast-banner-title-visibility":"","ast-main-header-display":"","ast-hfb-above-header-display":"","ast-hfb-below-header-display":"","ast-hfb-mobile-header-display":"","site-post-title":"","ast-breadcrumbs-content":"","ast-featured-img":"","footer-sml-layout":"","ast-disable-related-posts":"","theme-transparent-header-meta":"default","adv-header-id-meta":"","stick-header-meta":"default","header-above-stick-meta":"","header-main-stick-meta":"","header-below-stick-meta":"","astra-migrate-meta-layouts":"set","ast-page-background-enabled":"default","ast-page-background-meta":{"desktop":{"background-color":"var(--ast-global-color-4)","background-image":"","background-repeat":"repeat","background-position":"center center","background-size":"auto","background-attachment":"scroll","background-type":"","background-media":"","overlay-type":"","overlay-color":"","overlay-opacity":"","overlay-gradient":""},"tablet":{"background-color":"","background-image":"","background-repeat":"repeat","background-position":"center center","background-size":"auto","background-attachment":"scroll","background-type":"","background-media":"","overlay-type":"","overlay-color":"","overlay-opacity":"","overlay-gradient":""},"mobile":{"background-color":"","background-image":"","background-repeat":"repeat","background-position":"center center","background-size":"auto","background-attachment":"scroll","background-type":"","background-media":"","overlay-type":"","overlay-color":"","overlay-opacity":"","overlay-gradient":""}},"ast-content-background-meta":{"desktop":{"background-color":"var(--ast-global-color-5)","background-image":"","background-repeat":"repeat","background-position":"center center","background-size":"auto","background-attachment":"scroll","background-type":"","background-media":"","overlay-type":"","overlay-color":"","overlay-opacity":"","overlay-gradient":""},"tablet":{"background-color":"var(--ast-global-color-5)","background-image":"","background-repeat":"repeat","background-position":"center center","background-size":"auto","background-attachment":"scroll","background-type":"","background-media":"","overlay-type":"","overlay-color":"","overlay-opacity":"","overlay-gradient":""},"mobile":{"background-color":"var(--ast-global-color-5)","background-image":"","background-repeat":"repeat","background-position":"center center","background-size":"auto","background-attachment":"scroll","background-type":"","background-media":"","overlay-type":"","overlay-color":"","overlay-opacity":"","overlay-gradient":""}}},"product_brand":[],"product_cat":[69],"product_tag":[],"class_list":{"0":"post-1691371","1":"product","2":"type-product","3":"status-publish","4":"has-post-thumbnail","6":"product_cat-kits","7":"desktop-align-center","8":"tablet-align-left","9":"mobile-align-left","11":"first","12":"instock","13":"taxable","14":"shipping-taxable","15":"purchasable","16":"product-type-composite"},"uagb_featured_image_src":{"full":["https:\/\/natissea.com\/wp-content\/uploads\/2024\/06\/deauville-01-min.jpg",683,1024,false],"thumbnail":["https:\/\/natissea.com\/wp-content\/uploads\/2024\/06\/deauville-01-min-150x150.jpg",150,150,true],"medium":["https:\/\/natissea.com\/wp-content\/uploads\/2024\/06\/deauville-01-min-200x300.jpg",200,300,true],"medium_large":["https:\/\/natissea.com\/wp-content\/uploads\/2024\/06\/deauville-01-min.jpg",683,1024,false],"large":["https:\/\/natissea.com\/wp-content\/uploads\/2024\/06\/deauville-01-min.jpg",683,1024,false],"1536x1536":["https:\/\/natissea.com\/wp-content\/uploads\/2024\/06\/deauville-01-min.jpg",683,1024,false],"2048x2048":["https:\/\/natissea.com\/wp-content\/uploads\/2024\/06\/deauville-01-min.jpg",683,1024,false],"trp-custom-language-flag":["https:\/\/natissea.com\/wp-content\/uploads\/2024\/06\/deauville-01-min-8x12.jpg",8,12,true],"mailpoet_newsletter_max":["https:\/\/natissea.com\/wp-content\/uploads\/2024\/06\/deauville-01-min.jpg",683,1024,false],"woocommerce_thumbnail":["https:\/\/natissea.com\/wp-content\/uploads\/2024\/06\/deauville-01-min-300x300.jpg",300,300,true],"woocommerce_single":["https:\/\/natissea.com\/wp-content\/uploads\/2024\/06\/deauville-01-min-600x900.jpg",600,900,true],"woocommerce_gallery_thumbnail":["https:\/\/natissea.com\/wp-content\/uploads\/2024\/06\/deauville-01-min-100x100.jpg",100,100,true]},"uagb_author_info":{"display_name":"nghtmre","author_link":"https:\/\/natissea.com\/en"},"uagb_comment_info":0,"uagb_excerpt":"Voici le set de l'\u00e9t\u00e9, les jolis sacs et \u00e9tui \u00e0 lunettes Deauville de @christallkdesigns! Ce patron 3 en 1 comprend deux sacs sceau (un petit de 19cm de diam\u00e8tre et un grand de 29cm)\u00a0 ainsi qu'un charmant \u00e9tui \u00e0 lunettes assorti. Ce set se tricote en Pernelle 100% chanvre de bas en haut avec&hellip;","jetpack_sharing_enabled":true,"_links":{"self":[{"href":"https:\/\/natissea.com\/en\/wp-json\/wp\/v2\/product\/1691371","targetHints":{"allow":["GET"]}}],"collection":[{"href":"https:\/\/natissea.com\/en\/wp-json\/wp\/v2\/product"}],"about":[{"href":"https:\/\/natissea.com\/en\/wp-json\/wp\/v2\/types\/product"}],"wp:featuredmedia":[{"embeddable":true,"href":"https:\/\/natissea.com\/en\/wp-json\/wp\/v2\/media\/1691433"}],"wp:attachment":[{"href":"https:\/\/natissea.com\/en\/wp-json\/wp\/v2\/media?parent=1691371"}],"wp:term":[{"taxonomy":"product_brand","embeddable":true,"href":"https:\/\/natissea.com\/en\/wp-json\/wp\/v2\/product_brand?post=1691371"},{"taxonomy":"product_cat","embeddable":true,"href":"https:\/\/natissea.com\/en\/wp-json\/wp\/v2\/product_cat?post=1691371"},{"taxonomy":"product_tag","embeddable":true,"href":"https:\/\/natissea.com\/en\/wp-json\/wp\/v2\/product_tag?post=1691371"}],"curies":[{"name":"wp","href":"https:\/\/api.w.org\/{rel}","templated":true}]}}