{"id":1709805,"date":"2024-06-13T21:26:48","date_gmt":"2024-06-13T19:26:48","guid":{"rendered":"https:\/\/natissea.com\/?post_type=product&#038;p=1709805"},"modified":"2024-06-13T21:33:24","modified_gmt":"2024-06-13T19:33:24","slug":"kit-debardeur-moira-lecrochetdemamily","status":"publish","type":"product","link":"https:\/\/natissea.com\/en\/boutique\/kit-debardeur-moira-lecrochetdemamily\/","title":{"rendered":"Mo\u00efra tank top kit @lecrochetdemamily"},"content":{"rendered":"<div>Patterns available in French and English and Ravelry code available.<\/div>\n<div><\/div>\n<div>Thread used:<\/div>\n<ul>\n<li>Damya 55% hemp 45% organic cotton<\/li>\n<li>Malva 100% organic cotton<\/li>\n<li>Lina\u00e9 95% French linen 5% cotton<\/li>\n<\/ul>\n<div>Material :<\/div>\n<ul>\n<li>4mm hook<\/li>\n<li>Tape measure<\/li>\n<li>Calculator<\/li>\n<\/ul>","protected":false},"excerpt":{"rendered":"<div>You&#039;ve often asked for it, so here&#039;s the very first crochet kit, the pretty Mo\u00efra tank top designed by @lecrochetdemamily. This pattern can be crocheted in Damya, Malva, or Lina\u00e9. It&#039;s easy to make and can be customized in size to fit all body types. With the help of simple calculations, you can crochet a custom-made top.<\/div>\n<div>See ease size chart below:<\/div>\n<div><img decoding=\"async\" class=\"wp-image-1709857 size-full\" src=\"https:\/\/natissea.com\/wp-content\/uploads\/2024\/06\/tableau-des-tailles-moira.png\" alt=\"auto draft\" width=\"1166\" height=\"1248\" srcset=\"https:\/\/natissea.com\/wp-content\/uploads\/2024\/06\/tableau-des-tailles-moira.png 1166w, https:\/\/natissea.com\/wp-content\/uploads\/2024\/06\/tableau-des-tailles-moira-280x300.png 280w, https:\/\/natissea.com\/wp-content\/uploads\/2024\/06\/tableau-des-tailles-moira-957x1024.png 957w, https:\/\/natissea.com\/wp-content\/uploads\/2024\/06\/tableau-des-tailles-moira-768x822.png 768w, https:\/\/natissea.com\/wp-content\/uploads\/2024\/06\/tableau-des-tailles-moira-11x12.png 11w, https:\/\/natissea.com\/wp-content\/uploads\/2024\/06\/tableau-des-tailles-moira-600x642.png 600w\" sizes=\"(max-width: 1166px) 100vw, 1166px\" \/><\/div>\n<div><\/div>","protected":false},"featured_media":1709906,"template":"","meta":{"_seopress_robots_primary_cat":"none","_seopress_titles_title":"","_seopress_titles_desc":"","_seopress_robots_index":"","_uag_custom_page_level_css":"","site-sidebar-layout":"default","site-content-layout":"","ast-site-content-layout":"default","site-content-style":"default","site-sidebar-style":"default","ast-global-header-display":"","ast-banner-title-visibility":"","ast-main-header-display":"","ast-hfb-above-header-display":"","ast-hfb-below-header-display":"","ast-hfb-mobile-header-display":"","site-post-title":"","ast-breadcrumbs-content":"","ast-featured-img":"","footer-sml-layout":"","ast-disable-related-posts":"","theme-transparent-header-meta":"default","adv-header-id-meta":"","stick-header-meta":"default","header-above-stick-meta":"","header-main-stick-meta":"","header-below-stick-meta":"","astra-migrate-meta-layouts":"set","ast-page-background-enabled":"default","ast-page-background-meta":{"desktop":{"background-color":"var(--ast-global-color-4)","background-image":"","background-repeat":"repeat","background-position":"center center","background-size":"auto","background-attachment":"scroll","background-type":"","background-media":"","overlay-type":"","overlay-color":"","overlay-opacity":"","overlay-gradient":""},"tablet":{"background-color":"","background-image":"","background-repeat":"repeat","background-position":"center center","background-size":"auto","background-attachment":"scroll","background-type":"","background-media":"","overlay-type":"","overlay-color":"","overlay-opacity":"","overlay-gradient":""},"mobile":{"background-color":"","background-image":"","background-repeat":"repeat","background-position":"center center","background-size":"auto","background-attachment":"scroll","background-type":"","background-media":"","overlay-type":"","overlay-color":"","overlay-opacity":"","overlay-gradient":""}},"ast-content-background-meta":{"desktop":{"background-color":"var(--ast-global-color-5)","background-image":"","background-repeat":"repeat","background-position":"center center","background-size":"auto","background-attachment":"scroll","background-type":"","background-media":"","overlay-type":"","overlay-color":"","overlay-opacity":"","overlay-gradient":""},"tablet":{"background-color":"var(--ast-global-color-5)","background-image":"","background-repeat":"repeat","background-position":"center center","background-size":"auto","background-attachment":"scroll","background-type":"","background-media":"","overlay-type":"","overlay-color":"","overlay-opacity":"","overlay-gradient":""},"mobile":{"background-color":"var(--ast-global-color-5)","background-image":"","background-repeat":"repeat","background-position":"center center","background-size":"auto","background-attachment":"scroll","background-type":"","background-media":"","overlay-type":"","overlay-color":"","overlay-opacity":"","overlay-gradient":""}}},"product_brand":[],"product_cat":[69],"product_tag":[],"class_list":{"0":"post-1709805","1":"product","2":"type-product","3":"status-publish","4":"has-post-thumbnail","6":"product_cat-kits","7":"desktop-align-center","8":"tablet-align-left","9":"mobile-align-left","11":"first","12":"instock","13":"taxable","14":"shipping-taxable","15":"purchasable","16":"product-type-composite"},"uagb_featured_image_src":{"full":["https:\/\/natissea.com\/wp-content\/uploads\/2024\/06\/kit-debardeur-moira-de-@lecrochetdemamily00001-min-scaled.jpeg",1920,2560,false],"thumbnail":["https:\/\/natissea.com\/wp-content\/uploads\/2024\/06\/kit-debardeur-moira-de-@lecrochetdemamily00001-min-150x150.jpeg",150,150,true],"medium":["https:\/\/natissea.com\/wp-content\/uploads\/2024\/06\/kit-debardeur-moira-de-@lecrochetdemamily00001-min-225x300.jpeg",225,300,true],"medium_large":["https:\/\/natissea.com\/wp-content\/uploads\/2024\/06\/kit-debardeur-moira-de-@lecrochetdemamily00001-min-768x1024.jpeg",768,1024,true],"large":["https:\/\/natissea.com\/wp-content\/uploads\/2024\/06\/kit-debardeur-moira-de-@lecrochetdemamily00001-min-768x1024.jpeg",768,1024,true],"1536x1536":["https:\/\/natissea.com\/wp-content\/uploads\/2024\/06\/kit-debardeur-moira-de-@lecrochetdemamily00001-min-1152x1536.jpeg",1152,1536,true],"2048x2048":["https:\/\/natissea.com\/wp-content\/uploads\/2024\/06\/kit-debardeur-moira-de-@lecrochetdemamily00001-min-1536x2048.jpeg",1536,2048,true],"trp-custom-language-flag":["https:\/\/natissea.com\/wp-content\/uploads\/2024\/06\/kit-debardeur-moira-de-@lecrochetdemamily00001-min-9x12.jpeg",9,12,true],"mailpoet_newsletter_max":["https:\/\/natissea.com\/wp-content\/uploads\/2024\/06\/kit-debardeur-moira-de-@lecrochetdemamily00001-min-1320x1760.jpeg",1320,1760,true],"woocommerce_thumbnail":["https:\/\/natissea.com\/wp-content\/uploads\/2024\/06\/kit-debardeur-moira-de-@lecrochetdemamily00001-min-300x300.jpeg",300,300,true],"woocommerce_single":["https:\/\/natissea.com\/wp-content\/uploads\/2024\/06\/kit-debardeur-moira-de-@lecrochetdemamily00001-min-600x800.jpeg",600,800,true],"woocommerce_gallery_thumbnail":["https:\/\/natissea.com\/wp-content\/uploads\/2024\/06\/kit-debardeur-moira-de-@lecrochetdemamily00001-min-100x100.jpeg",100,100,true]},"uagb_author_info":{"display_name":"nghtmre","author_link":"https:\/\/natissea.com\/en"},"uagb_comment_info":0,"uagb_excerpt":"Vous l'avez souvent demand\u00e9, voici donc le tout premier kit crochet, le joli d\u00e9bardeur Mo\u00efra imagin\u00e9 par @lecrochetdemamily. Ce mod\u00e8le peut se crocheter en Damya, Malva ou Lina\u00e9. Il est simple a r\u00e9aliser et se personnalise au niveau de la taille afin de r\u00e9pondre \u00e0 toutes les morphologies. A l'aide de simples calculs vous pourrez&hellip;","jetpack_sharing_enabled":true,"_links":{"self":[{"href":"https:\/\/natissea.com\/en\/wp-json\/wp\/v2\/product\/1709805","targetHints":{"allow":["GET"]}}],"collection":[{"href":"https:\/\/natissea.com\/en\/wp-json\/wp\/v2\/product"}],"about":[{"href":"https:\/\/natissea.com\/en\/wp-json\/wp\/v2\/types\/product"}],"wp:featuredmedia":[{"embeddable":true,"href":"https:\/\/natissea.com\/en\/wp-json\/wp\/v2\/media\/1709906"}],"wp:attachment":[{"href":"https:\/\/natissea.com\/en\/wp-json\/wp\/v2\/media?parent=1709805"}],"wp:term":[{"taxonomy":"product_brand","embeddable":true,"href":"https:\/\/natissea.com\/en\/wp-json\/wp\/v2\/product_brand?post=1709805"},{"taxonomy":"product_cat","embeddable":true,"href":"https:\/\/natissea.com\/en\/wp-json\/wp\/v2\/product_cat?post=1709805"},{"taxonomy":"product_tag","embeddable":true,"href":"https:\/\/natissea.com\/en\/wp-json\/wp\/v2\/product_tag?post=1709805"}],"curies":[{"name":"wp","href":"https:\/\/api.w.org\/{rel}","templated":true}]}}