{"id":1746402,"date":"2024-06-20T22:21:37","date_gmt":"2024-06-20T20:21:37","guid":{"rendered":"https:\/\/natissea.com\/?post_type=product&#038;p=1746402"},"modified":"2024-06-21T17:36:40","modified_gmt":"2024-06-21T15:36:40","slug":"kit-pull-ecume-de-marieketricote","status":"publish","type":"product","link":"https:\/\/natissea.com\/en\/boutique\/kit-pull-ecume-de-marieketricote\/","title":{"rendered":"Ecume Sweater kit from @marieketricote"},"content":{"rendered":"<p>The sweater is knitted in one piece, starting at the top. A series of short rows will create a scooped neckline while also adding raglan increases. After the armholes, the body and sleeves are separated and knitted in the round.<\/p>\n<p>Patterns available in French and English.<\/p>\n<p>Thread used:<\/p>\n<ul>\n<li>Lina\u00e9 95% French linen 5% cotton<\/li>\n<li>Perelle 100% hemp<\/li>\n<\/ul>\n<p>Material :<\/p>\n<ul>\n<li>2.5mm and 3mm circular needles<\/li>\n<li>Adjust the needle size to get the correct gauge<\/li>\n<li>80cm cable<\/li>\n<li>1 wool needle and marker rings<\/li>\n<\/ul>\n<p>Sample :<\/p>\n<p>With 3mm needles, 23 stitches and 34 rows = 10cm in Jersey, washed and blocked<\/p>","protected":false},"excerpt":{"rendered":"<p>Welcome to the lovely Ecume Sweater by @Marieketricote and its lovely play of textures, and even, if you like, colors! This summer model is knitted in the round, top down, in the qualities Lina\u00e9 95% French linen 5% cotton and\/or Pernelle 100% hemp.<\/p>\n<p>You can also combine the alternating stripes of jersey and openwork stitches with a two-tone version (Lina\u00e9 peach and coral in the photo). The recommended positive ease is 5 cm, see the size chart and finished knit measurements below:<\/p>\n<p><img decoding=\"async\" class=\"wp-image-1748909 size-full\" src=\"https:\/\/natissea.com\/wp-content\/uploads\/2024\/06\/ecume-min.png\" alt=\"kit pull ecume de @marieketricote\" width=\"1204\" height=\"1116\" srcset=\"https:\/\/natissea.com\/wp-content\/uploads\/2024\/06\/ecume-min.png 1204w, https:\/\/natissea.com\/wp-content\/uploads\/2024\/06\/ecume-min-300x278.png 300w, https:\/\/natissea.com\/wp-content\/uploads\/2024\/06\/ecume-min-1024x949.png 1024w, https:\/\/natissea.com\/wp-content\/uploads\/2024\/06\/ecume-min-768x712.png 768w, https:\/\/natissea.com\/wp-content\/uploads\/2024\/06\/ecume-min-13x12.png 13w, https:\/\/natissea.com\/wp-content\/uploads\/2024\/06\/ecume-min-600x556.png 600w\" sizes=\"(max-width: 1204px) 100vw, 1204px\" \/><\/p>","protected":false},"featured_media":1746591,"template":"","meta":{"_seopress_robots_primary_cat":"none","_seopress_titles_title":"kit Pull Ecume de @marieketricote %%sep%% Natissea","_seopress_titles_desc":"ravissant Pull Ecume de @Marieketricote et son joli jeu de textures, selon envies, de couleurs! Lina\u00e9 95% lin fran\u00e7ais et\/ou Pernelle 100% chanvre.","_seopress_robots_index":"","_uag_custom_page_level_css":"","site-sidebar-layout":"default","site-content-layout":"","ast-site-content-layout":"default","site-content-style":"default","site-sidebar-style":"default","ast-global-header-display":"","ast-banner-title-visibility":"","ast-main-header-display":"","ast-hfb-above-header-display":"","ast-hfb-below-header-display":"","ast-hfb-mobile-header-display":"","site-post-title":"","ast-breadcrumbs-content":"","ast-featured-img":"","footer-sml-layout":"","ast-disable-related-posts":"","theme-transparent-header-meta":"default","adv-header-id-meta":"","stick-header-meta":"default","header-above-stick-meta":"","header-main-stick-meta":"","header-below-stick-meta":"","astra-migrate-meta-layouts":"set","ast-page-background-enabled":"default","ast-page-background-meta":{"desktop":{"background-color":"var(--ast-global-color-4)","background-image":"","background-repeat":"repeat","background-position":"center center","background-size":"auto","background-attachment":"scroll","background-type":"","background-media":"","overlay-type":"","overlay-color":"","overlay-opacity":"","overlay-gradient":""},"tablet":{"background-color":"","background-image":"","background-repeat":"repeat","background-position":"center center","background-size":"auto","background-attachment":"scroll","background-type":"","background-media":"","overlay-type":"","overlay-color":"","overlay-opacity":"","overlay-gradient":""},"mobile":{"background-color":"","background-image":"","background-repeat":"repeat","background-position":"center center","background-size":"auto","background-attachment":"scroll","background-type":"","background-media":"","overlay-type":"","overlay-color":"","overlay-opacity":"","overlay-gradient":""}},"ast-content-background-meta":{"desktop":{"background-color":"var(--ast-global-color-5)","background-image":"","background-repeat":"repeat","background-position":"center center","background-size":"auto","background-attachment":"scroll","background-type":"","background-media":"","overlay-type":"","overlay-color":"","overlay-opacity":"","overlay-gradient":""},"tablet":{"background-color":"var(--ast-global-color-5)","background-image":"","background-repeat":"repeat","background-position":"center center","background-size":"auto","background-attachment":"scroll","background-type":"","background-media":"","overlay-type":"","overlay-color":"","overlay-opacity":"","overlay-gradient":""},"mobile":{"background-color":"var(--ast-global-color-5)","background-image":"","background-repeat":"repeat","background-position":"center center","background-size":"auto","background-attachment":"scroll","background-type":"","background-media":"","overlay-type":"","overlay-color":"","overlay-opacity":"","overlay-gradient":""}}},"product_brand":[],"product_cat":[69],"product_tag":[],"class_list":{"0":"post-1746402","1":"product","2":"type-product","3":"status-publish","4":"has-post-thumbnail","6":"product_cat-kits","7":"desktop-align-center","8":"tablet-align-left","9":"mobile-align-left","11":"first","12":"instock","13":"taxable","14":"shipping-taxable","15":"purchasable","16":"product-type-composite"},"uagb_featured_image_src":{"full":["https:\/\/natissea.com\/wp-content\/uploads\/2024\/06\/kit-pull-ecume-de-@marieketricote00001-min-scaled.jpeg",1920,2560,false],"thumbnail":["https:\/\/natissea.com\/wp-content\/uploads\/2024\/06\/kit-pull-ecume-de-@marieketricote00001-min-150x150.jpeg",150,150,true],"medium":["https:\/\/natissea.com\/wp-content\/uploads\/2024\/06\/kit-pull-ecume-de-@marieketricote00001-min-225x300.jpeg",225,300,true],"medium_large":["https:\/\/natissea.com\/wp-content\/uploads\/2024\/06\/kit-pull-ecume-de-@marieketricote00001-min-768x1024.jpeg",768,1024,true],"large":["https:\/\/natissea.com\/wp-content\/uploads\/2024\/06\/kit-pull-ecume-de-@marieketricote00001-min-768x1024.jpeg",768,1024,true],"1536x1536":["https:\/\/natissea.com\/wp-content\/uploads\/2024\/06\/kit-pull-ecume-de-@marieketricote00001-min-1152x1536.jpeg",1152,1536,true],"2048x2048":["https:\/\/natissea.com\/wp-content\/uploads\/2024\/06\/kit-pull-ecume-de-@marieketricote00001-min-1536x2048.jpeg",1536,2048,true],"trp-custom-language-flag":["https:\/\/natissea.com\/wp-content\/uploads\/2024\/06\/kit-pull-ecume-de-@marieketricote00001-min-9x12.jpeg",9,12,true],"mailpoet_newsletter_max":["https:\/\/natissea.com\/wp-content\/uploads\/2024\/06\/kit-pull-ecume-de-@marieketricote00001-min-1320x1760.jpeg",1320,1760,true],"woocommerce_thumbnail":["https:\/\/natissea.com\/wp-content\/uploads\/2024\/06\/kit-pull-ecume-de-@marieketricote00001-min-300x300.jpeg",300,300,true],"woocommerce_single":["https:\/\/natissea.com\/wp-content\/uploads\/2024\/06\/kit-pull-ecume-de-@marieketricote00001-min-600x800.jpeg",600,800,true],"woocommerce_gallery_thumbnail":["https:\/\/natissea.com\/wp-content\/uploads\/2024\/06\/kit-pull-ecume-de-@marieketricote00001-min-100x100.jpeg",100,100,true]},"uagb_author_info":{"display_name":"nghtmre","author_link":"https:\/\/natissea.com\/en"},"uagb_comment_info":0,"uagb_excerpt":"Bienvenue au ravissant Pull Ecume de @Marieketricote et son joli jeu de textures, et m\u00eame, selon envies, de couleurs! Ce mod\u00e8le estival se tricote en rond, en top down, dans les qualit\u00e9s Lina\u00e9 95% lin fran\u00e7ais 5% coton et\/ou Pernelle 100% chanvre. On peut \u00e9galement associer l'alternance de bandes en Jersey et points ajour\u00e9s avec&hellip;","jetpack_sharing_enabled":true,"_links":{"self":[{"href":"https:\/\/natissea.com\/en\/wp-json\/wp\/v2\/product\/1746402","targetHints":{"allow":["GET"]}}],"collection":[{"href":"https:\/\/natissea.com\/en\/wp-json\/wp\/v2\/product"}],"about":[{"href":"https:\/\/natissea.com\/en\/wp-json\/wp\/v2\/types\/product"}],"wp:featuredmedia":[{"embeddable":true,"href":"https:\/\/natissea.com\/en\/wp-json\/wp\/v2\/media\/1746591"}],"wp:attachment":[{"href":"https:\/\/natissea.com\/en\/wp-json\/wp\/v2\/media?parent=1746402"}],"wp:term":[{"taxonomy":"product_brand","embeddable":true,"href":"https:\/\/natissea.com\/en\/wp-json\/wp\/v2\/product_brand?post=1746402"},{"taxonomy":"product_cat","embeddable":true,"href":"https:\/\/natissea.com\/en\/wp-json\/wp\/v2\/product_cat?post=1746402"},{"taxonomy":"product_tag","embeddable":true,"href":"https:\/\/natissea.com\/en\/wp-json\/wp\/v2\/product_tag?post=1746402"}],"curies":[{"name":"wp","href":"https:\/\/api.w.org\/{rel}","templated":true}]}}