{"id":1777803,"date":"2024-07-01T21:36:11","date_gmt":"2024-07-01T19:36:11","guid":{"rendered":"https:\/\/natissea.com\/?post_type=product&#038;p=1777803"},"modified":"2025-03-06T21:25:40","modified_gmt":"2025-03-06T20:25:40","slug":"set-de-mini-echeveaux","status":"publish","type":"product","link":"https:\/\/natissea.com\/en\/boutique\/set-de-mini-echeveaux\/","title":{"rendered":"Mini skein set"},"content":{"rendered":"","protected":false},"excerpt":{"rendered":"<p>Pernelle Set 4 x 50g<\/p>\n<div class=\"woocommerce-product-details__short-description\">\n<p>Set of 4 mini 50g skeins of Pernelle in a choice of colors! This luxurious fingering yarn is made from the finest European hemp. A healthy and strong fiber with a soft pearly sheen for a unique and committed knit. For all lightweight projects, openwork, lace, accessories, etc. Please enter the desired colors in the 4 tabs!<\/p>\n<ul>\n<li>Pernelle 100% long hemp fibers<\/li>\n<li>Offered 4 skeins of +\/- 95m\/50g each<\/li>\n<li>Sample after washing: 23m\/30rgs<\/li>\n<li>Needles: +\/- 3mm (2US)<\/li>\n<\/ul>\n<\/div>","protected":false},"featured_media":1793494,"template":"","meta":{"_seopress_robots_primary_cat":"none","_seopress_titles_title":"","_seopress_titles_desc":"","_seopress_robots_index":"","_uag_custom_page_level_css":"","site-sidebar-layout":"default","site-content-layout":"","ast-site-content-layout":"default","site-content-style":"default","site-sidebar-style":"default","ast-global-header-display":"","ast-banner-title-visibility":"","ast-main-header-display":"","ast-hfb-above-header-display":"","ast-hfb-below-header-display":"","ast-hfb-mobile-header-display":"","site-post-title":"","ast-breadcrumbs-content":"","ast-featured-img":"","footer-sml-layout":"","ast-disable-related-posts":"","theme-transparent-header-meta":"default","adv-header-id-meta":"","stick-header-meta":"default","header-above-stick-meta":"","header-main-stick-meta":"","header-below-stick-meta":"","astra-migrate-meta-layouts":"set","ast-page-background-enabled":"default","ast-page-background-meta":{"desktop":{"background-color":"var(--ast-global-color-4)","background-image":"","background-repeat":"repeat","background-position":"center center","background-size":"auto","background-attachment":"scroll","background-type":"","background-media":"","overlay-type":"","overlay-color":"","overlay-opacity":"","overlay-gradient":""},"tablet":{"background-color":"","background-image":"","background-repeat":"repeat","background-position":"center center","background-size":"auto","background-attachment":"scroll","background-type":"","background-media":"","overlay-type":"","overlay-color":"","overlay-opacity":"","overlay-gradient":""},"mobile":{"background-color":"","background-image":"","background-repeat":"repeat","background-position":"center center","background-size":"auto","background-attachment":"scroll","background-type":"","background-media":"","overlay-type":"","overlay-color":"","overlay-opacity":"","overlay-gradient":""}},"ast-content-background-meta":{"desktop":{"background-color":"var(--ast-global-color-5)","background-image":"","background-repeat":"repeat","background-position":"center center","background-size":"auto","background-attachment":"scroll","background-type":"","background-media":"","overlay-type":"","overlay-color":"","overlay-opacity":"","overlay-gradient":""},"tablet":{"background-color":"var(--ast-global-color-5)","background-image":"","background-repeat":"repeat","background-position":"center center","background-size":"auto","background-attachment":"scroll","background-type":"","background-media":"","overlay-type":"","overlay-color":"","overlay-opacity":"","overlay-gradient":""},"mobile":{"background-color":"var(--ast-global-color-5)","background-image":"","background-repeat":"repeat","background-position":"center center","background-size":"auto","background-attachment":"scroll","background-type":"","background-media":"","overlay-type":"","overlay-color":"","overlay-opacity":"","overlay-gradient":""}}},"product_brand":[],"product_cat":[40,78],"product_tag":[],"class_list":{"0":"post-1777803","1":"product","2":"type-product","3":"status-publish","4":"has-post-thumbnail","6":"product_cat-fils","7":"product_cat-pernelle","8":"desktop-align-center","9":"tablet-align-left","10":"mobile-align-left","12":"first","13":"instock","14":"taxable","15":"shipping-taxable","16":"purchasable","17":"product-type-composite"},"uagb_featured_image_src":{"full":["https:\/\/natissea.com\/wp-content\/uploads\/2024\/06\/set-de-mini-echeveaux-2.jpg",1536,2048,false],"thumbnail":["https:\/\/natissea.com\/wp-content\/uploads\/2024\/06\/set-de-mini-echeveaux-2-150x150.jpg",150,150,true],"medium":["https:\/\/natissea.com\/wp-content\/uploads\/2024\/06\/set-de-mini-echeveaux-2-225x300.jpg",225,300,true],"medium_large":["https:\/\/natissea.com\/wp-content\/uploads\/2024\/06\/set-de-mini-echeveaux-2-768x1024.jpg",768,1024,true],"large":["https:\/\/natissea.com\/wp-content\/uploads\/2024\/06\/set-de-mini-echeveaux-2-768x1024.jpg",768,1024,true],"1536x1536":["https:\/\/natissea.com\/wp-content\/uploads\/2024\/06\/set-de-mini-echeveaux-2-1152x1536.jpg",1152,1536,true],"2048x2048":["https:\/\/natissea.com\/wp-content\/uploads\/2024\/06\/set-de-mini-echeveaux-2.jpg",1536,2048,false],"trp-custom-language-flag":["https:\/\/natissea.com\/wp-content\/uploads\/2024\/06\/set-de-mini-echeveaux-2-9x12.jpg",9,12,true],"mailpoet_newsletter_max":["https:\/\/natissea.com\/wp-content\/uploads\/2024\/06\/set-de-mini-echeveaux-2-1320x1760.jpg",1320,1760,true],"woocommerce_thumbnail":["https:\/\/natissea.com\/wp-content\/uploads\/2024\/06\/set-de-mini-echeveaux-2-300x300.jpg",300,300,true],"woocommerce_single":["https:\/\/natissea.com\/wp-content\/uploads\/2024\/06\/set-de-mini-echeveaux-2-600x800.jpg",600,800,true],"woocommerce_gallery_thumbnail":["https:\/\/natissea.com\/wp-content\/uploads\/2024\/06\/set-de-mini-echeveaux-2-100x100.jpg",100,100,true]},"uagb_author_info":{"display_name":"nghtmre","author_link":"https:\/\/natissea.com\/en"},"uagb_comment_info":0,"uagb_excerpt":"Set Pernelle 4 x 50g Set de 4 mini \u00e9cheveaux Pernelle de 50g coloris au choix! Ce luxueux fil fingering est confectionn\u00e9 \u00e0 partir du meilleur chanvre europ\u00e9en. Une fibre saine et r\u00e9sistante aux doux reflets nacr\u00e9s pour un tricot unique et engag\u00e9. Pour tous les projets l\u00e9gers, ajour\u00e9s, dentelle, accessoires, etc\u2026 Merci de renseigner&hellip;","jetpack_sharing_enabled":true,"_links":{"self":[{"href":"https:\/\/natissea.com\/en\/wp-json\/wp\/v2\/product\/1777803","targetHints":{"allow":["GET"]}}],"collection":[{"href":"https:\/\/natissea.com\/en\/wp-json\/wp\/v2\/product"}],"about":[{"href":"https:\/\/natissea.com\/en\/wp-json\/wp\/v2\/types\/product"}],"wp:featuredmedia":[{"embeddable":true,"href":"https:\/\/natissea.com\/en\/wp-json\/wp\/v2\/media\/1793494"}],"wp:attachment":[{"href":"https:\/\/natissea.com\/en\/wp-json\/wp\/v2\/media?parent=1777803"}],"wp:term":[{"taxonomy":"product_brand","embeddable":true,"href":"https:\/\/natissea.com\/en\/wp-json\/wp\/v2\/product_brand?post=1777803"},{"taxonomy":"product_cat","embeddable":true,"href":"https:\/\/natissea.com\/en\/wp-json\/wp\/v2\/product_cat?post=1777803"},{"taxonomy":"product_tag","embeddable":true,"href":"https:\/\/natissea.com\/en\/wp-json\/wp\/v2\/product_tag?post=1777803"}],"curies":[{"name":"wp","href":"https:\/\/api.w.org\/{rel}","templated":true}]}}