{"id":195294,"date":"2023-04-13T22:33:49","date_gmt":"2023-04-13T20:33:49","guid":{"rendered":"https:\/\/natissea.com\/?post_type=product&#038;p=195294"},"modified":"2024-03-22T22:22:05","modified_gmt":"2024-03-22T21:22:05","slug":"kit-top-verona-par-paulaine","status":"publish","type":"product","link":"https:\/\/natissea.com\/en\/boutique\/kit-top-verona-par-paulaine\/","title":{"rendered":"Kit Top Verona @Paulaine"},"content":{"rendered":"","protected":false},"excerpt":{"rendered":"<p>The Verona T-shirt is a flowing summer top with a dropped shoulder construction, its ease and brioche stitch highlight the beautiful drape of the hemp\/linen. It is knitted in Pernelle or Lina\u00e9. Its square neckline and textured bib give it its originality. It is knitted from the top down, starting with the back, then the shoulders are made and then the stitches are picked up to create the bib. The Verona T-shirt is designed to have 18 to 24 cm of positive ease, the pattern is available in French, English and German versions.<\/p>\n<p><img decoding=\"async\" class=\"wp-image-601828 size-large\" src=\"https:\/\/natissea.com\/wp-content\/uploads\/2023\/04\/verrona-806x1024.png\" alt=\"kit top verona @paulaine\" width=\"806\" height=\"1024\" srcset=\"https:\/\/natissea.com\/wp-content\/uploads\/2023\/04\/verrona-806x1024.png 806w, https:\/\/natissea.com\/wp-content\/uploads\/2023\/04\/verrona-236x300.png 236w, https:\/\/natissea.com\/wp-content\/uploads\/2023\/04\/verrona-768x976.png 768w, https:\/\/natissea.com\/wp-content\/uploads\/2023\/04\/verrona-9x12.png 9w, https:\/\/natissea.com\/wp-content\/uploads\/2023\/04\/verrona-600x762.png 600w, https:\/\/natissea.com\/wp-content\/uploads\/2023\/04\/verrona.png 984w\" sizes=\"(max-width: 806px) 100vw, 806px\" \/><\/p>","protected":false},"featured_media":195730,"template":"","meta":{"_seopress_robots_primary_cat":"none","_seopress_titles_title":"","_seopress_titles_desc":"","_seopress_robots_index":"","_uag_custom_page_level_css":"","site-sidebar-layout":"default","site-content-layout":"default","ast-site-content-layout":"default","site-content-style":"default","site-sidebar-style":"default","ast-global-header-display":"","ast-banner-title-visibility":"","ast-main-header-display":"","ast-hfb-above-header-display":"","ast-hfb-below-header-display":"","ast-hfb-mobile-header-display":"","site-post-title":"","ast-breadcrumbs-content":"","ast-featured-img":"","footer-sml-layout":"","ast-disable-related-posts":"","theme-transparent-header-meta":"default","adv-header-id-meta":"","stick-header-meta":"default","header-above-stick-meta":"","header-main-stick-meta":"","header-below-stick-meta":"","astra-migrate-meta-layouts":"set","ast-page-background-enabled":"default","ast-page-background-meta":{"desktop":{"background-color":"var(--ast-global-color-4)","background-image":"","background-repeat":"repeat","background-position":"center center","background-size":"auto","background-attachment":"scroll","background-type":"","background-media":"","overlay-type":"","overlay-color":"","overlay-opacity":"","overlay-gradient":""},"tablet":{"background-color":"","background-image":"","background-repeat":"repeat","background-position":"center center","background-size":"auto","background-attachment":"scroll","background-type":"","background-media":"","overlay-type":"","overlay-color":"","overlay-opacity":"","overlay-gradient":""},"mobile":{"background-color":"","background-image":"","background-repeat":"repeat","background-position":"center center","background-size":"auto","background-attachment":"scroll","background-type":"","background-media":"","overlay-type":"","overlay-color":"","overlay-opacity":"","overlay-gradient":""}},"ast-content-background-meta":{"desktop":{"background-color":"var(--ast-global-color-5)","background-image":"","background-repeat":"repeat","background-position":"center center","background-size":"auto","background-attachment":"scroll","background-type":"","background-media":"","overlay-type":"","overlay-color":"","overlay-opacity":"","overlay-gradient":""},"tablet":{"background-color":"var(--ast-global-color-5)","background-image":"","background-repeat":"repeat","background-position":"center center","background-size":"auto","background-attachment":"scroll","background-type":"","background-media":"","overlay-type":"","overlay-color":"","overlay-opacity":"","overlay-gradient":""},"mobile":{"background-color":"var(--ast-global-color-5)","background-image":"","background-repeat":"repeat","background-position":"center center","background-size":"auto","background-attachment":"scroll","background-type":"","background-media":"","overlay-type":"","overlay-color":"","overlay-opacity":"","overlay-gradient":""}}},"product_brand":[],"product_cat":[69],"product_tag":[],"class_list":{"0":"post-195294","1":"product","2":"type-product","3":"status-publish","4":"has-post-thumbnail","6":"product_cat-kits","7":"desktop-align-center","8":"tablet-align-left","9":"mobile-align-left","11":"first","12":"instock","13":"taxable","14":"shipping-taxable","15":"purchasable","16":"product-type-composite"},"uagb_featured_image_src":{"full":["https:\/\/natissea.com\/wp-content\/uploads\/2023\/04\/img_5483.jpg",1162,1197,false],"thumbnail":["https:\/\/natissea.com\/wp-content\/uploads\/2023\/04\/img_5483-150x150.jpg",150,150,true],"medium":["https:\/\/natissea.com\/wp-content\/uploads\/2023\/04\/img_5483-291x300.jpg",291,300,true],"medium_large":["https:\/\/natissea.com\/wp-content\/uploads\/2023\/04\/img_5483-768x791.jpg",768,791,true],"large":["https:\/\/natissea.com\/wp-content\/uploads\/2023\/04\/img_5483-994x1024.jpg",994,1024,true],"1536x1536":["https:\/\/natissea.com\/wp-content\/uploads\/2023\/04\/img_5483.jpg",1162,1197,false],"2048x2048":["https:\/\/natissea.com\/wp-content\/uploads\/2023\/04\/img_5483.jpg",1162,1197,false],"trp-custom-language-flag":["https:\/\/natissea.com\/wp-content\/uploads\/2023\/04\/img_5483-12x12.jpg",12,12,true],"mailpoet_newsletter_max":["https:\/\/natissea.com\/wp-content\/uploads\/2023\/04\/img_5483.jpg",1162,1197,false],"woocommerce_thumbnail":["https:\/\/natissea.com\/wp-content\/uploads\/2023\/04\/img_5483-300x300.jpg",300,300,true],"woocommerce_single":["https:\/\/natissea.com\/wp-content\/uploads\/2023\/04\/img_5483-600x618.jpg",600,618,true],"woocommerce_gallery_thumbnail":["https:\/\/natissea.com\/wp-content\/uploads\/2023\/04\/img_5483-100x100.jpg",100,100,true]},"uagb_author_info":{"display_name":"nghtmre","author_link":"https:\/\/natissea.com\/en"},"uagb_comment_info":0,"uagb_excerpt":"Le tee-shirt Verona est un haut estival fluide avec une construction en \u00e9paule tombante, son aisance et son point de brioche mettent en valeur le magnifique tomb\u00e9 du chanvre\/lin. Il se tricote en Pernelle ou Lina\u00e9. Son encolure carr\u00e9e et son plastron textur\u00e9 lui conf\u00e8rent son originalit\u00e9. Il se tricote de haut en bas en&hellip;","jetpack_sharing_enabled":true,"_links":{"self":[{"href":"https:\/\/natissea.com\/en\/wp-json\/wp\/v2\/product\/195294","targetHints":{"allow":["GET"]}}],"collection":[{"href":"https:\/\/natissea.com\/en\/wp-json\/wp\/v2\/product"}],"about":[{"href":"https:\/\/natissea.com\/en\/wp-json\/wp\/v2\/types\/product"}],"wp:featuredmedia":[{"embeddable":true,"href":"https:\/\/natissea.com\/en\/wp-json\/wp\/v2\/media\/195730"}],"wp:attachment":[{"href":"https:\/\/natissea.com\/en\/wp-json\/wp\/v2\/media?parent=195294"}],"wp:term":[{"taxonomy":"product_brand","embeddable":true,"href":"https:\/\/natissea.com\/en\/wp-json\/wp\/v2\/product_brand?post=195294"},{"taxonomy":"product_cat","embeddable":true,"href":"https:\/\/natissea.com\/en\/wp-json\/wp\/v2\/product_cat?post=195294"},{"taxonomy":"product_tag","embeddable":true,"href":"https:\/\/natissea.com\/en\/wp-json\/wp\/v2\/product_tag?post=195294"}],"curies":[{"name":"wp","href":"https:\/\/api.w.org\/{rel}","templated":true}]}}