{"id":2059158,"date":"2024-09-19T21:49:46","date_gmt":"2024-09-19T19:49:46","guid":{"rendered":"https:\/\/natissea.com\/?post_type=product&#038;p=2059158"},"modified":"2024-10-29T11:11:25","modified_gmt":"2024-10-29T10:11:25","slug":"kit-maris","status":"publish","type":"product","link":"https:\/\/natissea.com\/en\/boutique\/kit-maris\/","title":{"rendered":"Maris Kit"},"content":{"rendered":"<p>Patterns available in French and English.<\/p>\n<p>Thread used:<\/p>\n<ul>\n<li>Damya 55% hemp 45% organic cotton<\/li>\n<li>Malva 100% organic cotton<\/li>\n<\/ul>\n<p>Material :<\/p>\n<ul>\n<li>4mm needles or needles to obtain the correct sample.<\/li>\n<li>3.5 mm needles or needles half a size smaller than the previous ones.<\/li>\n<li>2 markers, one of which is different to mark the start of the row, an additional needle and a wool needle.<\/li>\n<\/ul>\n<p>Sample :<\/p>\n<p>With 4mm needles, 20 stitches and 29 rows = 10cm in stockinette stitch, washed and blocked<\/p>","protected":false},"excerpt":{"rendered":"<p>Maris is a top-down t-shirt with a jersey body and sleeves. The neckline is a yoke with shortened rows, back and forth, to deepen the collar. It is worked in a radiant way, like a sun, with progressive increases and distributed in stockinette stitch and garter stitch, to give it allure. It is made here in Damya pomegranate color.<\/p>\n<p><img decoding=\"async\" class=\"wp-image-2059419 size-large\" src=\"https:\/\/natissea.com\/wp-content\/uploads\/2024\/09\/maris-711x1024.png\" alt=\"kit maris\" width=\"711\" height=\"1024\" srcset=\"https:\/\/natissea.com\/wp-content\/uploads\/2024\/09\/maris-711x1024.png 711w, https:\/\/natissea.com\/wp-content\/uploads\/2024\/09\/maris-208x300.png 208w, https:\/\/natissea.com\/wp-content\/uploads\/2024\/09\/maris-768x1106.png 768w, https:\/\/natissea.com\/wp-content\/uploads\/2024\/09\/maris-8x12.png 8w, https:\/\/natissea.com\/wp-content\/uploads\/2024\/09\/maris-600x864.png 600w, https:\/\/natissea.com\/wp-content\/uploads\/2024\/09\/maris.png 914w\" sizes=\"(max-width: 711px) 100vw, 711px\" \/><\/p>","protected":false},"featured_media":2059221,"template":"","meta":{"_seopress_robots_primary_cat":"none","_seopress_titles_title":"%%post_title%% %%sep%% %%sitetitle%%","_seopress_titles_desc":"%%post_excerpt%%","_seopress_robots_index":"","_uag_custom_page_level_css":"","site-sidebar-layout":"default","site-content-layout":"","ast-site-content-layout":"default","site-content-style":"default","site-sidebar-style":"default","ast-global-header-display":"","ast-banner-title-visibility":"","ast-main-header-display":"","ast-hfb-above-header-display":"","ast-hfb-below-header-display":"","ast-hfb-mobile-header-display":"","site-post-title":"","ast-breadcrumbs-content":"","ast-featured-img":"","footer-sml-layout":"","ast-disable-related-posts":"","theme-transparent-header-meta":"default","adv-header-id-meta":"","stick-header-meta":"default","header-above-stick-meta":"","header-main-stick-meta":"","header-below-stick-meta":"","astra-migrate-meta-layouts":"set","ast-page-background-enabled":"default","ast-page-background-meta":{"desktop":{"background-color":"var(--ast-global-color-4)","background-image":"","background-repeat":"repeat","background-position":"center center","background-size":"auto","background-attachment":"scroll","background-type":"","background-media":"","overlay-type":"","overlay-color":"","overlay-opacity":"","overlay-gradient":""},"tablet":{"background-color":"","background-image":"","background-repeat":"repeat","background-position":"center center","background-size":"auto","background-attachment":"scroll","background-type":"","background-media":"","overlay-type":"","overlay-color":"","overlay-opacity":"","overlay-gradient":""},"mobile":{"background-color":"","background-image":"","background-repeat":"repeat","background-position":"center center","background-size":"auto","background-attachment":"scroll","background-type":"","background-media":"","overlay-type":"","overlay-color":"","overlay-opacity":"","overlay-gradient":""}},"ast-content-background-meta":{"desktop":{"background-color":"var(--ast-global-color-5)","background-image":"","background-repeat":"repeat","background-position":"center center","background-size":"auto","background-attachment":"scroll","background-type":"","background-media":"","overlay-type":"","overlay-color":"","overlay-opacity":"","overlay-gradient":""},"tablet":{"background-color":"var(--ast-global-color-5)","background-image":"","background-repeat":"repeat","background-position":"center center","background-size":"auto","background-attachment":"scroll","background-type":"","background-media":"","overlay-type":"","overlay-color":"","overlay-opacity":"","overlay-gradient":""},"mobile":{"background-color":"var(--ast-global-color-5)","background-image":"","background-repeat":"repeat","background-position":"center center","background-size":"auto","background-attachment":"scroll","background-type":"","background-media":"","overlay-type":"","overlay-color":"","overlay-opacity":"","overlay-gradient":""}}},"product_brand":[],"product_cat":[69],"product_tag":[],"class_list":{"0":"post-2059158","1":"product","2":"type-product","3":"status-publish","4":"has-post-thumbnail","6":"product_cat-kits","7":"desktop-align-center","8":"tablet-align-left","9":"mobile-align-left","11":"first","12":"instock","13":"taxable","14":"shipping-taxable","15":"purchasable","16":"product-type-composite"},"uagb_featured_image_src":{"full":["https:\/\/natissea.com\/wp-content\/uploads\/2024\/09\/image00001-min-scaled.jpeg",1920,2560,false],"thumbnail":["https:\/\/natissea.com\/wp-content\/uploads\/2024\/09\/image00001-min-150x150.jpeg",150,150,true],"medium":["https:\/\/natissea.com\/wp-content\/uploads\/2024\/09\/image00001-min-225x300.jpeg",225,300,true],"medium_large":["https:\/\/natissea.com\/wp-content\/uploads\/2024\/09\/image00001-min-768x1024.jpeg",768,1024,true],"large":["https:\/\/natissea.com\/wp-content\/uploads\/2024\/09\/image00001-min-768x1024.jpeg",768,1024,true],"1536x1536":["https:\/\/natissea.com\/wp-content\/uploads\/2024\/09\/image00001-min-1152x1536.jpeg",1152,1536,true],"2048x2048":["https:\/\/natissea.com\/wp-content\/uploads\/2024\/09\/image00001-min-1536x2048.jpeg",1536,2048,true],"trp-custom-language-flag":["https:\/\/natissea.com\/wp-content\/uploads\/2024\/09\/image00001-min-9x12.jpeg",9,12,true],"mailpoet_newsletter_max":["https:\/\/natissea.com\/wp-content\/uploads\/2024\/09\/image00001-min-1320x1760.jpeg",1320,1760,true],"woocommerce_thumbnail":["https:\/\/natissea.com\/wp-content\/uploads\/2024\/09\/image00001-min-300x300.jpeg",300,300,true],"woocommerce_single":["https:\/\/natissea.com\/wp-content\/uploads\/2024\/09\/image00001-min-600x800.jpeg",600,800,true],"woocommerce_gallery_thumbnail":["https:\/\/natissea.com\/wp-content\/uploads\/2024\/09\/image00001-min-100x100.jpeg",100,100,true]},"uagb_author_info":{"display_name":"nghtmre","author_link":"https:\/\/natissea.com\/en"},"uagb_comment_info":0,"uagb_excerpt":"Maris est un t-shirt en top-down, avec un corps et des manches en jersey. L\u2019encolure est un yoke avec des rangs raccourcis, en aller-retour, afin de creuser le col. Il est travaill\u00e9 de fa\u00e7on rayonnante, tel un soleil, avec des augmentations progressives et r\u00e9parties en jersey endroit et point mousse, pour lui donner de l\u2019allure.&hellip;","jetpack_sharing_enabled":true,"_links":{"self":[{"href":"https:\/\/natissea.com\/en\/wp-json\/wp\/v2\/product\/2059158","targetHints":{"allow":["GET"]}}],"collection":[{"href":"https:\/\/natissea.com\/en\/wp-json\/wp\/v2\/product"}],"about":[{"href":"https:\/\/natissea.com\/en\/wp-json\/wp\/v2\/types\/product"}],"wp:featuredmedia":[{"embeddable":true,"href":"https:\/\/natissea.com\/en\/wp-json\/wp\/v2\/media\/2059221"}],"wp:attachment":[{"href":"https:\/\/natissea.com\/en\/wp-json\/wp\/v2\/media?parent=2059158"}],"wp:term":[{"taxonomy":"product_brand","embeddable":true,"href":"https:\/\/natissea.com\/en\/wp-json\/wp\/v2\/product_brand?post=2059158"},{"taxonomy":"product_cat","embeddable":true,"href":"https:\/\/natissea.com\/en\/wp-json\/wp\/v2\/product_cat?post=2059158"},{"taxonomy":"product_tag","embeddable":true,"href":"https:\/\/natissea.com\/en\/wp-json\/wp\/v2\/product_tag?post=2059158"}],"curies":[{"name":"wp","href":"https:\/\/api.w.org\/{rel}","templated":true}]}}