{"id":2079862,"date":"2024-09-26T21:47:58","date_gmt":"2024-09-26T19:47:58","guid":{"rendered":"https:\/\/natissea.com\/?post_type=product&#038;p=2079862"},"modified":"2024-12-24T01:16:47","modified_gmt":"2024-12-24T00:16:47","slug":"kit-pull-albi-de-christal-lk","status":"publish","type":"product","link":"https:\/\/natissea.com\/en\/boutique\/kit-pull-albi-de-christal-lk\/","title":{"rendered":"Albi Pull Kit by Christal LK"},"content":{"rendered":"<p>This t-shirt is knitted in one piece using the set-in sleeve method, starting at the shoulders. The back and front are then worked flat before being joined in the round. The sleeves are separated from the body after the yoke and will be taken up later. Patterns available in French and English.<\/p>\n<p>Thread used:<\/p>\n<ul>\n<li>Perelle 100% hemp<\/li>\n<li>Lina\u00e9 95% French linen 5% cotton<\/li>\n<\/ul>\n<p>Material :<\/p>\n<ul>\n<li>2.75mm and 3.25mm circular needles<\/li>\n<li>80 or 100cm cables<\/li>\n<li>5 double-pointed needles 3.25mm for the sleeves if necessary.<\/li>\n<\/ul>\n<p>Adjust the needle size to get the correct gauge<\/p>\n<p>Sample :<\/p>\n<ul>\n<li>With 3.25mm needles, 22 stitches and 28 rows = 10cm in stockinette stitch, washed and blocked<\/li>\n<\/ul>","protected":false},"excerpt":{"rendered":"<p>Comfort and coquetry, welcome to the pretty Albi Sweater from @christallkdesigns!<\/p>\n<p>Its loose fit makes it a very comfortable knit to wear while remaining very elegant with its cable and bobble details.<\/p>\n<p>It is knitted in Lina\u00e9 or Pernelle and will therefore be perfect for the autumn season thanks to the thermoregulating power of hemp and linen.<\/p>\n<p>This t-shirt is worn with a positive ease of 10 to 20 cm (see finished sweater size chart).<\/p>\n<p><img decoding=\"async\" class=\"wp-image-2079896 size-full\" src=\"https:\/\/natissea.com\/wp-content\/uploads\/2024\/09\/albi.png\" alt=\"tableau taille kit Pull Albi de Christal LK \" width=\"1252\" height=\"1370\" srcset=\"https:\/\/natissea.com\/wp-content\/uploads\/2024\/09\/albi.png 1252w, https:\/\/natissea.com\/wp-content\/uploads\/2024\/09\/albi-274x300.png 274w, https:\/\/natissea.com\/wp-content\/uploads\/2024\/09\/albi-936x1024.png 936w, https:\/\/natissea.com\/wp-content\/uploads\/2024\/09\/albi-768x840.png 768w, https:\/\/natissea.com\/wp-content\/uploads\/2024\/09\/albi-11x12.png 11w, https:\/\/natissea.com\/wp-content\/uploads\/2024\/09\/albi-600x657.png 600w\" sizes=\"(max-width: 1252px) 100vw, 1252px\" \/><\/p>","protected":false},"featured_media":2083210,"template":"","meta":{"_seopress_robots_primary_cat":"none","_seopress_titles_title":"%%post_title%% %%sep%% %%sitetitle%%","_seopress_titles_desc":"Confort et coquetterie, bienvenue au joli Pull Albi de @christallkdesigns ! Sa forme ample en fait un tricot tr\u00e8s agr\u00e9able \u00e0 porter et tr\u00e8s \u00e9l\u00e9gant.","_seopress_robots_index":"","_uag_custom_page_level_css":"","site-sidebar-layout":"default","site-content-layout":"","ast-site-content-layout":"default","site-content-style":"default","site-sidebar-style":"default","ast-global-header-display":"","ast-banner-title-visibility":"","ast-main-header-display":"","ast-hfb-above-header-display":"","ast-hfb-below-header-display":"","ast-hfb-mobile-header-display":"","site-post-title":"","ast-breadcrumbs-content":"","ast-featured-img":"","footer-sml-layout":"","ast-disable-related-posts":"","theme-transparent-header-meta":"default","adv-header-id-meta":"","stick-header-meta":"default","header-above-stick-meta":"","header-main-stick-meta":"","header-below-stick-meta":"","astra-migrate-meta-layouts":"set","ast-page-background-enabled":"default","ast-page-background-meta":{"desktop":{"background-color":"var(--ast-global-color-4)","background-image":"","background-repeat":"repeat","background-position":"center center","background-size":"auto","background-attachment":"scroll","background-type":"","background-media":"","overlay-type":"","overlay-color":"","overlay-opacity":"","overlay-gradient":""},"tablet":{"background-color":"","background-image":"","background-repeat":"repeat","background-position":"center center","background-size":"auto","background-attachment":"scroll","background-type":"","background-media":"","overlay-type":"","overlay-color":"","overlay-opacity":"","overlay-gradient":""},"mobile":{"background-color":"","background-image":"","background-repeat":"repeat","background-position":"center center","background-size":"auto","background-attachment":"scroll","background-type":"","background-media":"","overlay-type":"","overlay-color":"","overlay-opacity":"","overlay-gradient":""}},"ast-content-background-meta":{"desktop":{"background-color":"var(--ast-global-color-5)","background-image":"","background-repeat":"repeat","background-position":"center center","background-size":"auto","background-attachment":"scroll","background-type":"","background-media":"","overlay-type":"","overlay-color":"","overlay-opacity":"","overlay-gradient":""},"tablet":{"background-color":"var(--ast-global-color-5)","background-image":"","background-repeat":"repeat","background-position":"center center","background-size":"auto","background-attachment":"scroll","background-type":"","background-media":"","overlay-type":"","overlay-color":"","overlay-opacity":"","overlay-gradient":""},"mobile":{"background-color":"var(--ast-global-color-5)","background-image":"","background-repeat":"repeat","background-position":"center center","background-size":"auto","background-attachment":"scroll","background-type":"","background-media":"","overlay-type":"","overlay-color":"","overlay-opacity":"","overlay-gradient":""}}},"product_brand":[],"product_cat":[69],"product_tag":[],"class_list":{"0":"post-2079862","1":"product","2":"type-product","3":"status-publish","4":"has-post-thumbnail","6":"product_cat-kits","7":"desktop-align-center","8":"tablet-align-left","9":"mobile-align-left","11":"first","12":"instock","13":"downloadable","14":"taxable","15":"shipping-taxable","16":"purchasable","17":"product-type-composite"},"uagb_featured_image_src":{"full":["https:\/\/natissea.com\/wp-content\/uploads\/2024\/09\/image00002-min-1-scaled.jpeg",1920,2560,false],"thumbnail":["https:\/\/natissea.com\/wp-content\/uploads\/2024\/09\/image00002-min-1-150x150.jpeg",150,150,true],"medium":["https:\/\/natissea.com\/wp-content\/uploads\/2024\/09\/image00002-min-1-225x300.jpeg",225,300,true],"medium_large":["https:\/\/natissea.com\/wp-content\/uploads\/2024\/09\/image00002-min-1-768x1024.jpeg",768,1024,true],"large":["https:\/\/natissea.com\/wp-content\/uploads\/2024\/09\/image00002-min-1-768x1024.jpeg",768,1024,true],"1536x1536":["https:\/\/natissea.com\/wp-content\/uploads\/2024\/09\/image00002-min-1-1152x1536.jpeg",1152,1536,true],"2048x2048":["https:\/\/natissea.com\/wp-content\/uploads\/2024\/09\/image00002-min-1-1536x2048.jpeg",1536,2048,true],"trp-custom-language-flag":["https:\/\/natissea.com\/wp-content\/uploads\/2024\/09\/image00002-min-1-9x12.jpeg",9,12,true],"mailpoet_newsletter_max":["https:\/\/natissea.com\/wp-content\/uploads\/2024\/09\/image00002-min-1-1320x1760.jpeg",1320,1760,true],"woocommerce_thumbnail":["https:\/\/natissea.com\/wp-content\/uploads\/2024\/09\/image00002-min-1-300x300.jpeg",300,300,true],"woocommerce_single":["https:\/\/natissea.com\/wp-content\/uploads\/2024\/09\/image00002-min-1-600x800.jpeg",600,800,true],"woocommerce_gallery_thumbnail":["https:\/\/natissea.com\/wp-content\/uploads\/2024\/09\/image00002-min-1-100x100.jpeg",100,100,true]},"uagb_author_info":{"display_name":"nghtmre","author_link":"https:\/\/natissea.com\/en"},"uagb_comment_info":0,"uagb_excerpt":"Confort et coquetterie, bienvenue au joli Pull Albi de @christallkdesigns ! Sa forme ample en fait un tricot tr\u00e8s agr\u00e9able \u00e0 porter tous en \u00e9tant tr\u00e8s \u00e9l\u00e9gant avec ses d\u00e9tails de torsade et de noppes. Il se tricote en Lina\u00e9 ou Pernelle et sera donc parfait pour la saison automnale gr\u00e2ce au pouvoir thermor\u00e9gulant du&hellip;","jetpack_sharing_enabled":true,"_links":{"self":[{"href":"https:\/\/natissea.com\/en\/wp-json\/wp\/v2\/product\/2079862","targetHints":{"allow":["GET"]}}],"collection":[{"href":"https:\/\/natissea.com\/en\/wp-json\/wp\/v2\/product"}],"about":[{"href":"https:\/\/natissea.com\/en\/wp-json\/wp\/v2\/types\/product"}],"wp:featuredmedia":[{"embeddable":true,"href":"https:\/\/natissea.com\/en\/wp-json\/wp\/v2\/media\/2083210"}],"wp:attachment":[{"href":"https:\/\/natissea.com\/en\/wp-json\/wp\/v2\/media?parent=2079862"}],"wp:term":[{"taxonomy":"product_brand","embeddable":true,"href":"https:\/\/natissea.com\/en\/wp-json\/wp\/v2\/product_brand?post=2079862"},{"taxonomy":"product_cat","embeddable":true,"href":"https:\/\/natissea.com\/en\/wp-json\/wp\/v2\/product_cat?post=2079862"},{"taxonomy":"product_tag","embeddable":true,"href":"https:\/\/natissea.com\/en\/wp-json\/wp\/v2\/product_tag?post=2079862"}],"curies":[{"name":"wp","href":"https:\/\/api.w.org\/{rel}","templated":true}]}}