{"id":2211449,"date":"2024-10-29T11:18:35","date_gmt":"2024-10-29T10:18:35","guid":{"rendered":"https:\/\/natissea.com\/?post_type=product&#038;p=2211449"},"modified":"2025-01-05T12:09:23","modified_gmt":"2025-01-05T11:09:23","slug":"kit-pull-ethel-par-alice-hammer","status":"publish","type":"product","link":"https:\/\/natissea.com\/en\/boutique\/kit-pull-ethel-par-alice-hammer\/","title":{"rendered":"Ethel sweater kit by Alice Hammer"},"content":{"rendered":"<p style=\"line-height: 18.75pt; margin: 11.25pt 0cm 11.25pt 0cm;\"><span style=\"font-size: 12.0pt; font-family: 'Segoe UI',sans-serif; color: #2b2e2f;\">Ethel is knitted top-down, on the bias. Start by casting on the collar stitches. Increase in 4 stitches along the yoke before separating the body and sleeves.<br style=\"max-width: 100%;\" \/>Start by knitting the body in the round, then work the sides of the t-shirt, one after the other, with shortened rows before knitting the ribbing. Proceed in the same way for the sleeves. Pattern available in French and English<\/span><\/p>\n<p style=\"line-height: 18.75pt; max-width: 100%; margin: 11.25pt 0cm 11.25pt 0cm;\"><span style=\"font-size: 12.0pt; font-family: 'Segoe UI',sans-serif; color: #2b2e2f;\">Thread used:<\/span><\/p>\n<ul>\n<li style=\"line-height: 18.75pt; max-width: 100%;\"><span style=\"font-size: 12.0pt; font-family: 'Segoe UI',sans-serif; color: #2b2e2f;\"><span style=\"vertical-align: inherit;\"><span style=\"vertical-align: inherit;\">Damya 55% hemp 45% organic cotton<\/span><\/span><\/span><\/li>\n<li style=\"line-height: 18.75pt; max-width: 100%;\"><span style=\"vertical-align: inherit;\"><span style=\"vertical-align: inherit;\">Malva 100% organic cotton<\/span><\/span><\/li>\n<\/ul>\n<p style=\"line-height: 18.75pt; max-width: 100%; margin: 11.25pt 0cm 11.25pt 0cm;\"><span style=\"font-size: 12.0pt; font-family: 'Segoe UI',sans-serif; color: #2b2e2f;\">Material :<\/span><\/p>\n<ul>\n<li style=\"line-height: 18.75pt; max-width: 100%;\"><span style=\"font-size: 12.0pt; font-family: 'Segoe UI',sans-serif; color: #2b2e2f;\">3.5mm and 4.5m circular needles<\/span><\/li>\n<\/ul>\n<p style=\"line-height: 18.75pt; max-width: 100%; margin: 11.25pt 0cm 11.25pt 0cm;\"><span style=\"font-size: 12.0pt; font-family: 'Segoe UI',sans-serif; color: #2b2e2f;\"><span style=\"vertical-align: inherit;\"><span style=\"vertical-align: inherit;\">Samples:<\/span><\/span><\/span><\/p>\n<ul>\n<li style=\"line-height: 18.75pt; max-width: 100%;\"><span style=\"font-size: 12.0pt; font-family: 'Segoe UI',sans-serif; color: #2b2e2f;\">20 stitches and 31 rows = 10cm with the pattern and 4.5cm needles, washed and blocked<\/span><\/li>\n<li style=\"line-height: 18.75pt; max-width: 100%;\">Adjust the needle size to get the correct gauge<\/li>\n<\/ul>","protected":false},"excerpt":{"rendered":"<p style=\"line-height: 18.75pt; margin: 11.25pt 0cm 11.25pt 0cm;\"><span style=\"font-size: 12.0pt; font-family: 'Segoe UI',sans-serif; color: #2b2e2f;\">The beautiful Ethel sweater designed by Alice Hammer is now available as a kit! This lovely design can be knitted in Damya 55% hemp 45% organic cotton or Malva 100% organic cotton and will be perfect for the mid-season!<br \/>\nWe love its superb bias-knitted trellis pattern and its scooped neckline.<br \/>\nThe models in the photos are in Damya quality in navy, capucine and ecru colors.<br \/>\nThe recommended positive ease is 10cm at the bust. The measurements in the table below correspond to the finished project.<\/span><\/p>\n<p><img decoding=\"async\" class=\"wp-image-2212342 size-large\" src=\"https:\/\/natissea.com\/wp-content\/uploads\/2024\/10\/ethel-1024x990.png\" alt=\"kit de traction ethel par alice hammer\" width=\"1024\" height=\"990\" srcset=\"https:\/\/natissea.com\/wp-content\/uploads\/2024\/10\/ethel-1024x990.png 1024w, https:\/\/natissea.com\/wp-content\/uploads\/2024\/10\/ethel-300x290.png 300w, https:\/\/natissea.com\/wp-content\/uploads\/2024\/10\/ethel-768x742.png 768w, https:\/\/natissea.com\/wp-content\/uploads\/2024\/10\/ethel-1536x1485.png 1536w, https:\/\/natissea.com\/wp-content\/uploads\/2024\/10\/ethel-12x12.png 12w, https:\/\/natissea.com\/wp-content\/uploads\/2024\/10\/ethel-1320x1276.png 1320w, https:\/\/natissea.com\/wp-content\/uploads\/2024\/10\/ethel-600x580.png 600w, https:\/\/natissea.com\/wp-content\/uploads\/2024\/10\/ethel.png 1566w\" sizes=\"(max-width: 1024px) 100vw, 1024px\" \/><\/p>","protected":false},"featured_media":2211572,"template":"","meta":{"_seopress_robots_primary_cat":"none","_seopress_titles_title":"","_seopress_titles_desc":"","_seopress_robots_index":"","_uag_custom_page_level_css":"","site-sidebar-layout":"default","site-content-layout":"","ast-site-content-layout":"default","site-content-style":"default","site-sidebar-style":"default","ast-global-header-display":"","ast-banner-title-visibility":"","ast-main-header-display":"","ast-hfb-above-header-display":"","ast-hfb-below-header-display":"","ast-hfb-mobile-header-display":"","site-post-title":"","ast-breadcrumbs-content":"","ast-featured-img":"","footer-sml-layout":"","ast-disable-related-posts":"","theme-transparent-header-meta":"default","adv-header-id-meta":"","stick-header-meta":"default","header-above-stick-meta":"","header-main-stick-meta":"","header-below-stick-meta":"","astra-migrate-meta-layouts":"set","ast-page-background-enabled":"default","ast-page-background-meta":{"desktop":{"background-color":"var(--ast-global-color-4)","background-image":"","background-repeat":"repeat","background-position":"center center","background-size":"auto","background-attachment":"scroll","background-type":"","background-media":"","overlay-type":"","overlay-color":"","overlay-opacity":"","overlay-gradient":""},"tablet":{"background-color":"","background-image":"","background-repeat":"repeat","background-position":"center center","background-size":"auto","background-attachment":"scroll","background-type":"","background-media":"","overlay-type":"","overlay-color":"","overlay-opacity":"","overlay-gradient":""},"mobile":{"background-color":"","background-image":"","background-repeat":"repeat","background-position":"center center","background-size":"auto","background-attachment":"scroll","background-type":"","background-media":"","overlay-type":"","overlay-color":"","overlay-opacity":"","overlay-gradient":""}},"ast-content-background-meta":{"desktop":{"background-color":"var(--ast-global-color-5)","background-image":"","background-repeat":"repeat","background-position":"center center","background-size":"auto","background-attachment":"scroll","background-type":"","background-media":"","overlay-type":"","overlay-color":"","overlay-opacity":"","overlay-gradient":""},"tablet":{"background-color":"var(--ast-global-color-5)","background-image":"","background-repeat":"repeat","background-position":"center center","background-size":"auto","background-attachment":"scroll","background-type":"","background-media":"","overlay-type":"","overlay-color":"","overlay-opacity":"","overlay-gradient":""},"mobile":{"background-color":"var(--ast-global-color-5)","background-image":"","background-repeat":"repeat","background-position":"center center","background-size":"auto","background-attachment":"scroll","background-type":"","background-media":"","overlay-type":"","overlay-color":"","overlay-opacity":"","overlay-gradient":""}}},"product_brand":[],"product_cat":[69],"product_tag":[],"class_list":{"0":"post-2211449","1":"product","2":"type-product","3":"status-publish","4":"has-post-thumbnail","6":"product_cat-kits","7":"desktop-align-center","8":"tablet-align-left","9":"mobile-align-left","11":"first","12":"instock","13":"taxable","14":"shipping-taxable","15":"purchasable","16":"product-type-composite"},"uagb_featured_image_src":{"full":["https:\/\/natissea.com\/wp-content\/uploads\/2024\/10\/image00001-pull-ethel-par-alice-hammer-scaled.jpeg",1920,2560,false],"thumbnail":["https:\/\/natissea.com\/wp-content\/uploads\/2024\/10\/image00001-pull-ethel-par-alice-hammer-150x150.jpeg",150,150,true],"medium":["https:\/\/natissea.com\/wp-content\/uploads\/2024\/10\/image00001-pull-ethel-par-alice-hammer-225x300.jpeg",225,300,true],"medium_large":["https:\/\/natissea.com\/wp-content\/uploads\/2024\/10\/image00001-pull-ethel-par-alice-hammer-768x1024.jpeg",768,1024,true],"large":["https:\/\/natissea.com\/wp-content\/uploads\/2024\/10\/image00001-pull-ethel-par-alice-hammer-768x1024.jpeg",768,1024,true],"1536x1536":["https:\/\/natissea.com\/wp-content\/uploads\/2024\/10\/image00001-pull-ethel-par-alice-hammer-1152x1536.jpeg",1152,1536,true],"2048x2048":["https:\/\/natissea.com\/wp-content\/uploads\/2024\/10\/image00001-pull-ethel-par-alice-hammer-1536x2048.jpeg",1536,2048,true],"trp-custom-language-flag":["https:\/\/natissea.com\/wp-content\/uploads\/2024\/10\/image00001-pull-ethel-par-alice-hammer-9x12.jpeg",9,12,true],"mailpoet_newsletter_max":["https:\/\/natissea.com\/wp-content\/uploads\/2024\/10\/image00001-pull-ethel-par-alice-hammer-1320x1760.jpeg",1320,1760,true],"woocommerce_thumbnail":["https:\/\/natissea.com\/wp-content\/uploads\/2024\/10\/image00001-pull-ethel-par-alice-hammer-300x300.jpeg",300,300,true],"woocommerce_single":["https:\/\/natissea.com\/wp-content\/uploads\/2024\/10\/image00001-pull-ethel-par-alice-hammer-600x800.jpeg",600,800,true],"woocommerce_gallery_thumbnail":["https:\/\/natissea.com\/wp-content\/uploads\/2024\/10\/image00001-pull-ethel-par-alice-hammer-100x100.jpeg",100,100,true]},"uagb_author_info":{"display_name":"nghtmre","author_link":"https:\/\/natissea.com\/en"},"uagb_comment_info":0,"uagb_excerpt":"Le magnifique pull Ethel imagin\u00e9 par Alice Hammer est d\u00e9sormais disponible en kit ! Ce joli design se tricote en Damya 55% chanvre 45% coton bio ou en Malva 100% coton bio et sera parfait pour la demi-saison ! On adore son superbe motif treillis tricot\u00e9 en biais et son encolure \u00e9chancr\u00e9e. Les mod\u00e8les sur&hellip;","jetpack_sharing_enabled":true,"_links":{"self":[{"href":"https:\/\/natissea.com\/en\/wp-json\/wp\/v2\/product\/2211449","targetHints":{"allow":["GET"]}}],"collection":[{"href":"https:\/\/natissea.com\/en\/wp-json\/wp\/v2\/product"}],"about":[{"href":"https:\/\/natissea.com\/en\/wp-json\/wp\/v2\/types\/product"}],"wp:featuredmedia":[{"embeddable":true,"href":"https:\/\/natissea.com\/en\/wp-json\/wp\/v2\/media\/2211572"}],"wp:attachment":[{"href":"https:\/\/natissea.com\/en\/wp-json\/wp\/v2\/media?parent=2211449"}],"wp:term":[{"taxonomy":"product_brand","embeddable":true,"href":"https:\/\/natissea.com\/en\/wp-json\/wp\/v2\/product_brand?post=2211449"},{"taxonomy":"product_cat","embeddable":true,"href":"https:\/\/natissea.com\/en\/wp-json\/wp\/v2\/product_cat?post=2211449"},{"taxonomy":"product_tag","embeddable":true,"href":"https:\/\/natissea.com\/en\/wp-json\/wp\/v2\/product_tag?post=2211449"}],"curies":[{"name":"wp","href":"https:\/\/api.w.org\/{rel}","templated":true}]}}