{"id":276084,"date":"2023-04-27T19:53:37","date_gmt":"2023-04-27T17:53:37","guid":{"rendered":"https:\/\/natissea.com\/?post_type=product&#038;p=276084"},"modified":"2024-03-22T22:13:03","modified_gmt":"2024-03-22T21:13:03","slug":"kit-t-shirt-calliope-tricotalicehammer","status":"publish","type":"product","link":"https:\/\/natissea.com\/en\/boutique\/kit-t-shirt-calliope-tricotalicehammer\/","title":{"rendered":"Calliope @tricotalicehammer t-shirt kit"},"content":{"rendered":"<h2>SON<\/h2>\n<p>Pernelle (100 % hemp) \u00b1 190 m per 100 g or Lina\u00e9 (95 % linen and 5 % cotton) \u00b1 190 m per 100 g<\/p>\n<h2>MATERIAL<\/h2>\n<p>2.25 mm circular needles for borders<br \/>\n3 mm circular needles for the body<br \/>\nmarker rings<br \/>\nRow counter<\/p>\n<h2>SAMPLE<\/h2>\n<p>21 stitches and 23.5 rows for 10 cm in ribbing<br \/>\n3 x 1 with 3 mm needles<\/p>\n<h2>TECHNIQUES<\/h2>\n<p>Alternate cable cast-on Right slant: With the tip of the right needle, pick up the right strand from the previous row under the next stitch. Place this strand back on the left needle and knit it.<br \/>\nTilted to the left: with the tip of the right needle, pick up the left strand from the previous row under the next stitch.<\/p>\n<p>Place this strand back on the left needle and knit it twisted. 2 stitches in 1: knit the stitch once through the front strand, once through the back strand<\/p>","protected":false},"excerpt":{"rendered":"<p>Calliope is a t-shirt that is knitted from the bottom up, in 3 x 1 ribbing. The lower body is knitted in the round up to the armholes, then the front and back are worked separately in back and forth rows. The shoulders are joined with 3 needles.<\/p>\n<p>To knit the sleeves, pick up stitches around the armholes, shape the sleeve head using a few short rows, then work in the round to the bottom.<\/p>\n<p><img decoding=\"async\" class=\"wp-image-601737 size-large aligncenter\" src=\"https:\/\/natissea.com\/wp-content\/uploads\/2023\/04\/calliope-932x1024.png\" alt=\"kit t shirt calliope @tricotalicehammer\" width=\"932\" height=\"1024\" srcset=\"https:\/\/natissea.com\/wp-content\/uploads\/2023\/04\/calliope-932x1024.png 932w, https:\/\/natissea.com\/wp-content\/uploads\/2023\/04\/calliope-273x300.png 273w, https:\/\/natissea.com\/wp-content\/uploads\/2023\/04\/calliope-768x844.png 768w, https:\/\/natissea.com\/wp-content\/uploads\/2023\/04\/calliope-11x12.png 11w, https:\/\/natissea.com\/wp-content\/uploads\/2023\/04\/calliope-600x659.png 600w, https:\/\/natissea.com\/wp-content\/uploads\/2023\/04\/calliope.png 1050w\" sizes=\"(max-width: 932px) 100vw, 932px\" \/><\/p>","protected":false},"featured_media":276128,"template":"","meta":{"_seopress_robots_primary_cat":"none","_seopress_titles_title":"","_seopress_titles_desc":"","_seopress_robots_index":"","_uag_custom_page_level_css":"","site-sidebar-layout":"default","site-content-layout":"default","ast-site-content-layout":"default","site-content-style":"default","site-sidebar-style":"default","ast-global-header-display":"","ast-banner-title-visibility":"","ast-main-header-display":"","ast-hfb-above-header-display":"","ast-hfb-below-header-display":"","ast-hfb-mobile-header-display":"","site-post-title":"","ast-breadcrumbs-content":"","ast-featured-img":"","footer-sml-layout":"","ast-disable-related-posts":"","theme-transparent-header-meta":"default","adv-header-id-meta":"","stick-header-meta":"default","header-above-stick-meta":"","header-main-stick-meta":"","header-below-stick-meta":"","astra-migrate-meta-layouts":"set","ast-page-background-enabled":"default","ast-page-background-meta":{"desktop":{"background-color":"var(--ast-global-color-4)","background-image":"","background-repeat":"repeat","background-position":"center center","background-size":"auto","background-attachment":"scroll","background-type":"","background-media":"","overlay-type":"","overlay-color":"","overlay-opacity":"","overlay-gradient":""},"tablet":{"background-color":"","background-image":"","background-repeat":"repeat","background-position":"center center","background-size":"auto","background-attachment":"scroll","background-type":"","background-media":"","overlay-type":"","overlay-color":"","overlay-opacity":"","overlay-gradient":""},"mobile":{"background-color":"","background-image":"","background-repeat":"repeat","background-position":"center center","background-size":"auto","background-attachment":"scroll","background-type":"","background-media":"","overlay-type":"","overlay-color":"","overlay-opacity":"","overlay-gradient":""}},"ast-content-background-meta":{"desktop":{"background-color":"var(--ast-global-color-5)","background-image":"","background-repeat":"repeat","background-position":"center center","background-size":"auto","background-attachment":"scroll","background-type":"","background-media":"","overlay-type":"","overlay-color":"","overlay-opacity":"","overlay-gradient":""},"tablet":{"background-color":"var(--ast-global-color-5)","background-image":"","background-repeat":"repeat","background-position":"center center","background-size":"auto","background-attachment":"scroll","background-type":"","background-media":"","overlay-type":"","overlay-color":"","overlay-opacity":"","overlay-gradient":""},"mobile":{"background-color":"var(--ast-global-color-5)","background-image":"","background-repeat":"repeat","background-position":"center center","background-size":"auto","background-attachment":"scroll","background-type":"","background-media":"","overlay-type":"","overlay-color":"","overlay-opacity":"","overlay-gradient":""}}},"product_brand":[],"product_cat":[69],"product_tag":[],"class_list":{"0":"post-276084","1":"product","2":"type-product","3":"status-publish","4":"has-post-thumbnail","6":"product_cat-kits","7":"desktop-align-center","8":"tablet-align-left","9":"mobile-align-left","11":"first","12":"instock","13":"downloadable","14":"taxable","15":"shipping-taxable","16":"purchasable","17":"product-type-composite"},"uagb_featured_image_src":{"full":["https:\/\/natissea.com\/wp-content\/uploads\/2023\/04\/alice_hammer_calliope_web436756.jpg",746,1119,false],"thumbnail":["https:\/\/natissea.com\/wp-content\/uploads\/2023\/04\/alice_hammer_calliope_web436756-150x150.jpg",150,150,true],"medium":["https:\/\/natissea.com\/wp-content\/uploads\/2023\/04\/alice_hammer_calliope_web436756-200x300.jpg",200,300,true],"medium_large":["https:\/\/natissea.com\/wp-content\/uploads\/2023\/04\/alice_hammer_calliope_web436756.jpg",746,1119,false],"large":["https:\/\/natissea.com\/wp-content\/uploads\/2023\/04\/alice_hammer_calliope_web436756-683x1024.jpg",683,1024,true],"1536x1536":["https:\/\/natissea.com\/wp-content\/uploads\/2023\/04\/alice_hammer_calliope_web436756.jpg",746,1119,false],"2048x2048":["https:\/\/natissea.com\/wp-content\/uploads\/2023\/04\/alice_hammer_calliope_web436756.jpg",746,1119,false],"trp-custom-language-flag":["https:\/\/natissea.com\/wp-content\/uploads\/2023\/04\/alice_hammer_calliope_web436756-8x12.jpg",8,12,true],"mailpoet_newsletter_max":["https:\/\/natissea.com\/wp-content\/uploads\/2023\/04\/alice_hammer_calliope_web436756.jpg",746,1119,false],"woocommerce_thumbnail":["https:\/\/natissea.com\/wp-content\/uploads\/2023\/04\/alice_hammer_calliope_web436756-300x300.jpg",300,300,true],"woocommerce_single":["https:\/\/natissea.com\/wp-content\/uploads\/2023\/04\/alice_hammer_calliope_web436756-600x900.jpg",600,900,true],"woocommerce_gallery_thumbnail":["https:\/\/natissea.com\/wp-content\/uploads\/2023\/04\/alice_hammer_calliope_web436756-100x100.jpg",100,100,true]},"uagb_author_info":{"display_name":"nghtmre","author_link":"https:\/\/natissea.com\/en"},"uagb_comment_info":0,"uagb_excerpt":"Calliope est un t-shirt qui se tricote de bas en haut, en c\u00f4tes 3 x 1. On tricote le bas du corps en rond jusqu\u2019aux emmanchures, puis le devant et le dos s\u00e9par\u00e9ment en allers-retours. Les \u00e9paules sont jointes \u00e0 3 aiguilles. Pour tricoter les manches, on rel\u00e8ve des mailles autour des emmanchures, on fa\u00e7onne&hellip;","jetpack_sharing_enabled":true,"_links":{"self":[{"href":"https:\/\/natissea.com\/en\/wp-json\/wp\/v2\/product\/276084","targetHints":{"allow":["GET"]}}],"collection":[{"href":"https:\/\/natissea.com\/en\/wp-json\/wp\/v2\/product"}],"about":[{"href":"https:\/\/natissea.com\/en\/wp-json\/wp\/v2\/types\/product"}],"wp:featuredmedia":[{"embeddable":true,"href":"https:\/\/natissea.com\/en\/wp-json\/wp\/v2\/media\/276128"}],"wp:attachment":[{"href":"https:\/\/natissea.com\/en\/wp-json\/wp\/v2\/media?parent=276084"}],"wp:term":[{"taxonomy":"product_brand","embeddable":true,"href":"https:\/\/natissea.com\/en\/wp-json\/wp\/v2\/product_brand?post=276084"},{"taxonomy":"product_cat","embeddable":true,"href":"https:\/\/natissea.com\/en\/wp-json\/wp\/v2\/product_cat?post=276084"},{"taxonomy":"product_tag","embeddable":true,"href":"https:\/\/natissea.com\/en\/wp-json\/wp\/v2\/product_tag?post=276084"}],"curies":[{"name":"wp","href":"https:\/\/api.w.org\/{rel}","templated":true}]}}