{"id":3794,"date":"2023-03-29T15:00:33","date_gmt":"2023-03-29T13:00:33","guid":{"rendered":"https:\/\/natissea.com\/?post_type=product&#038;p=3794"},"modified":"2024-03-22T22:15:24","modified_gmt":"2024-03-22T21:15:24","slug":"kit-t-shirt-ninfea-by-_knittingforbreackfast_","status":"publish","type":"product","link":"https:\/\/natissea.com\/en\/boutique\/kit-t-shirt-ninfea-by-_knittingforbreackfast_\/","title":{"rendered":"Ninfea t-shirt kit by @_knittingforbreackfast_"},"content":{"rendered":"<p class=\"p1\">SON<br \/>\nPernelle (100 % hemp) \u00b1 190 m per 100 g or Lina\u00e9 (95 % linen and 5 % cotton) \u00b1 190 m per 100 g<\/p>\n<p>MATERIAL<br \/>\n3 and 3.5 mm circular needles, 40, 60 and 100 cm cables, markers, wool needle<\/p>\n<p class=\"p1\">SAMPLE<br \/>\n(in stocking stitch with 3.5 mm needles), 10 cm = 23 stitches, 10 cm = 29 rows<\/p>","protected":false},"excerpt":{"rendered":"<p>Ninfea is a two-tone top-down t-shirt. It is knitted in the round with a beautiful lace insert. It can be made with short or long sleeves, both versions being included in the FR and EN patterns. The difficulty of this model is intermediate.<\/p>\n<p><img decoding=\"async\" class=\"aligncenter wp-image-601817 size-large\" src=\"https:\/\/natissea.com\/wp-content\/uploads\/2023\/03\/ninfea-901x1024.png\" alt=\"kit t shirt ninfea by @ knittingforbreackfast \" width=\"901\" height=\"1024\" srcset=\"https:\/\/natissea.com\/wp-content\/uploads\/2023\/03\/ninfea-901x1024.png 901w, https:\/\/natissea.com\/wp-content\/uploads\/2023\/03\/ninfea-264x300.png 264w, https:\/\/natissea.com\/wp-content\/uploads\/2023\/03\/ninfea-768x872.png 768w, https:\/\/natissea.com\/wp-content\/uploads\/2023\/03\/ninfea-11x12.png 11w, https:\/\/natissea.com\/wp-content\/uploads\/2023\/03\/ninfea-600x682.png 600w, https:\/\/natissea.com\/wp-content\/uploads\/2023\/03\/ninfea.png 1030w\" sizes=\"(max-width: 901px) 100vw, 901px\" \/><\/p>","protected":false},"featured_media":3744,"template":"","meta":{"_seopress_robots_primary_cat":"none","_seopress_titles_title":"","_seopress_titles_desc":"","_seopress_robots_index":"","_uag_custom_page_level_css":"","site-sidebar-layout":"default","site-content-layout":"default","ast-site-content-layout":"default","site-content-style":"default","site-sidebar-style":"default","ast-global-header-display":"","ast-banner-title-visibility":"","ast-main-header-display":"","ast-hfb-above-header-display":"","ast-hfb-below-header-display":"","ast-hfb-mobile-header-display":"","site-post-title":"","ast-breadcrumbs-content":"","ast-featured-img":"","footer-sml-layout":"","ast-disable-related-posts":"","theme-transparent-header-meta":"default","adv-header-id-meta":"","stick-header-meta":"default","header-above-stick-meta":"","header-main-stick-meta":"","header-below-stick-meta":"","astra-migrate-meta-layouts":"set","ast-page-background-enabled":"default","ast-page-background-meta":{"desktop":{"background-color":"var(--ast-global-color-4)","background-image":"","background-repeat":"repeat","background-position":"center center","background-size":"auto","background-attachment":"scroll","background-type":"","background-media":"","overlay-type":"","overlay-color":"","overlay-opacity":"","overlay-gradient":""},"tablet":{"background-color":"","background-image":"","background-repeat":"repeat","background-position":"center center","background-size":"auto","background-attachment":"scroll","background-type":"","background-media":"","overlay-type":"","overlay-color":"","overlay-opacity":"","overlay-gradient":""},"mobile":{"background-color":"","background-image":"","background-repeat":"repeat","background-position":"center center","background-size":"auto","background-attachment":"scroll","background-type":"","background-media":"","overlay-type":"","overlay-color":"","overlay-opacity":"","overlay-gradient":""}},"ast-content-background-meta":{"desktop":{"background-color":"var(--ast-global-color-5)","background-image":"","background-repeat":"repeat","background-position":"center center","background-size":"auto","background-attachment":"scroll","background-type":"","background-media":"","overlay-type":"","overlay-color":"","overlay-opacity":"","overlay-gradient":""},"tablet":{"background-color":"var(--ast-global-color-5)","background-image":"","background-repeat":"repeat","background-position":"center center","background-size":"auto","background-attachment":"scroll","background-type":"","background-media":"","overlay-type":"","overlay-color":"","overlay-opacity":"","overlay-gradient":""},"mobile":{"background-color":"var(--ast-global-color-5)","background-image":"","background-repeat":"repeat","background-position":"center center","background-size":"auto","background-attachment":"scroll","background-type":"","background-media":"","overlay-type":"","overlay-color":"","overlay-opacity":"","overlay-gradient":""}}},"product_brand":[],"product_cat":[69],"product_tag":[],"class_list":{"0":"post-3794","1":"product","2":"type-product","3":"status-publish","4":"has-post-thumbnail","6":"product_cat-kits","7":"desktop-align-center","8":"tablet-align-left","9":"mobile-align-left","11":"first","12":"instock","13":"downloadable","14":"taxable","15":"shipping-taxable","16":"purchasable","17":"product-type-composite"},"uagb_featured_image_src":{"full":["https:\/\/natissea.com\/wp-content\/uploads\/2023\/03\/natissea_2023-kit-ninfea-image00010-scaled.jpeg",1920,2560,false],"thumbnail":["https:\/\/natissea.com\/wp-content\/uploads\/2023\/03\/natissea_2023-kit-ninfea-image00010-150x150.jpeg",150,150,true],"medium":["https:\/\/natissea.com\/wp-content\/uploads\/2023\/03\/natissea_2023-kit-ninfea-image00010-225x300.jpeg",225,300,true],"medium_large":["https:\/\/natissea.com\/wp-content\/uploads\/2023\/03\/natissea_2023-kit-ninfea-image00010-768x1024.jpeg",768,1024,true],"large":["https:\/\/natissea.com\/wp-content\/uploads\/2023\/03\/natissea_2023-kit-ninfea-image00010-768x1024.jpeg",768,1024,true],"1536x1536":["https:\/\/natissea.com\/wp-content\/uploads\/2023\/03\/natissea_2023-kit-ninfea-image00010-1152x1536.jpeg",1152,1536,true],"2048x2048":["https:\/\/natissea.com\/wp-content\/uploads\/2023\/03\/natissea_2023-kit-ninfea-image00010-1536x2048.jpeg",1536,2048,true],"trp-custom-language-flag":["https:\/\/natissea.com\/wp-content\/uploads\/2023\/03\/natissea_2023-kit-ninfea-image00010-scaled.jpeg",9,12,false],"mailpoet_newsletter_max":["https:\/\/natissea.com\/wp-content\/uploads\/2023\/03\/natissea_2023-kit-ninfea-image00010-1320x1760.jpeg",1320,1760,true],"woocommerce_thumbnail":["https:\/\/natissea.com\/wp-content\/uploads\/2023\/03\/natissea_2023-kit-ninfea-image00010-300x300.jpeg",300,300,true],"woocommerce_single":["https:\/\/natissea.com\/wp-content\/uploads\/2023\/03\/natissea_2023-kit-ninfea-image00010-600x800.jpeg",600,800,true],"woocommerce_gallery_thumbnail":["https:\/\/natissea.com\/wp-content\/uploads\/2023\/03\/natissea_2023-kit-ninfea-image00010-100x100.jpeg",100,100,true]},"uagb_author_info":{"display_name":"nghtmre","author_link":"https:\/\/natissea.com\/en"},"uagb_comment_info":0,"uagb_excerpt":"Ninfea est un t-Shirt bicolore travaill\u00e9 en top down. Il se tricote en rond avec un superbe empi\u00e8cement de dentelle. Il peut \u00eatre r\u00e9alis\u00e9 avec manches courtes ou longues, les deux versions \u00e9tant int\u00e9gr\u00e9es au patron FR et EN. La difficult\u00e9 de ce mod\u00e8le est interm\u00e9diaire.","jetpack_sharing_enabled":true,"_links":{"self":[{"href":"https:\/\/natissea.com\/en\/wp-json\/wp\/v2\/product\/3794","targetHints":{"allow":["GET"]}}],"collection":[{"href":"https:\/\/natissea.com\/en\/wp-json\/wp\/v2\/product"}],"about":[{"href":"https:\/\/natissea.com\/en\/wp-json\/wp\/v2\/types\/product"}],"wp:featuredmedia":[{"embeddable":true,"href":"https:\/\/natissea.com\/en\/wp-json\/wp\/v2\/media\/3744"}],"wp:attachment":[{"href":"https:\/\/natissea.com\/en\/wp-json\/wp\/v2\/media?parent=3794"}],"wp:term":[{"taxonomy":"product_brand","embeddable":true,"href":"https:\/\/natissea.com\/en\/wp-json\/wp\/v2\/product_brand?post=3794"},{"taxonomy":"product_cat","embeddable":true,"href":"https:\/\/natissea.com\/en\/wp-json\/wp\/v2\/product_cat?post=3794"},{"taxonomy":"product_tag","embeddable":true,"href":"https:\/\/natissea.com\/en\/wp-json\/wp\/v2\/product_tag?post=3794"}],"curies":[{"name":"wp","href":"https:\/\/api.w.org\/{rel}","templated":true}]}}