{"id":3837,"date":"2023-03-21T11:53:08","date_gmt":"2023-03-21T10:53:08","guid":{"rendered":"https:\/\/natissea.com\/boutique\/kit-chle-hellbore-by-tricotalicehammer\/"},"modified":"2024-03-22T21:59:26","modified_gmt":"2024-03-22T20:59:26","slug":"kit-chle-hellbore-by-tricotalicehammer","status":"publish","type":"product","link":"https:\/\/natissea.com\/en\/boutique\/kit-chle-hellbore-by-tricotalicehammer\/","title":{"rendered":"Hellebore Shawl Kit @tricotalicehammer"},"content":{"rendered":"<p class=\"p1\">SON<br \/>\nLina\u00e9 (95 % French linen and 5 % cotton) \u00b1 190 m per 100 g<br \/>\nor Pernelle (100 % hemp) \u00b1 190 m per 100 g<\/p>\n<p class=\"p1\">MATERIAL<br \/>\n1 pair of 3 or 3.25 mm circular needles<br \/>\n1 row counter<br \/>\nmarker rings<\/p>\n<p class=\"p1\">SAMPLE<br \/>\n10 cm = 21 stitches and 10 cm = 26 rows with the lace pattern and 3.25 mm needles<\/p>","protected":false},"excerpt":{"rendered":"<p>Hellebore is knitted top-down. Start in the middle of the long side and increase with yarn overs of 4 stitches every other row. When the main part has reached the desired size, knit the openwork border in garter stitch, casting off the shawl stitches. Cable cast-on. Left-slanted decreases (GGGT), right-slanted decreases, and double left-slanted decreases (GGGT). Double yarn over.<\/p>\n<p><img decoding=\"async\" class=\"wp-image-602142 size-large\" src=\"https:\/\/natissea.com\/wp-content\/uploads\/2023\/03\/hellebore-1024x410.png\" alt=\"kit ch\u00e2le hell\u00e9bore @tricotalicehammer\" width=\"1024\" height=\"410\" srcset=\"https:\/\/natissea.com\/wp-content\/uploads\/2023\/03\/hellebore-1024x410.png 1024w, https:\/\/natissea.com\/wp-content\/uploads\/2023\/03\/hellebore-300x120.png 300w, https:\/\/natissea.com\/wp-content\/uploads\/2023\/03\/hellebore-768x308.png 768w, https:\/\/natissea.com\/wp-content\/uploads\/2023\/03\/hellebore-18x7.png 18w, https:\/\/natissea.com\/wp-content\/uploads\/2023\/03\/hellebore-600x240.png 600w, https:\/\/natissea.com\/wp-content\/uploads\/2023\/03\/hellebore.png 1058w\" sizes=\"(max-width: 1024px) 100vw, 1024px\" \/><\/p>","protected":false},"featured_media":3885,"template":"","meta":{"_seopress_robots_primary_cat":"none","_seopress_titles_title":"","_seopress_titles_desc":"","_seopress_robots_index":"","_uag_custom_page_level_css":"","site-sidebar-layout":"default","site-content-layout":"default","ast-site-content-layout":"default","site-content-style":"default","site-sidebar-style":"default","ast-global-header-display":"","ast-banner-title-visibility":"","ast-main-header-display":"","ast-hfb-above-header-display":"","ast-hfb-below-header-display":"","ast-hfb-mobile-header-display":"","site-post-title":"","ast-breadcrumbs-content":"","ast-featured-img":"","footer-sml-layout":"","ast-disable-related-posts":"","theme-transparent-header-meta":"default","adv-header-id-meta":"","stick-header-meta":"default","header-above-stick-meta":"","header-main-stick-meta":"","header-below-stick-meta":"","astra-migrate-meta-layouts":"set","ast-page-background-enabled":"default","ast-page-background-meta":{"desktop":{"background-color":"var(--ast-global-color-4)","background-image":"","background-repeat":"repeat","background-position":"center center","background-size":"auto","background-attachment":"scroll","background-type":"","background-media":"","overlay-type":"","overlay-color":"","overlay-opacity":"","overlay-gradient":""},"tablet":{"background-color":"","background-image":"","background-repeat":"repeat","background-position":"center center","background-size":"auto","background-attachment":"scroll","background-type":"","background-media":"","overlay-type":"","overlay-color":"","overlay-opacity":"","overlay-gradient":""},"mobile":{"background-color":"","background-image":"","background-repeat":"repeat","background-position":"center center","background-size":"auto","background-attachment":"scroll","background-type":"","background-media":"","overlay-type":"","overlay-color":"","overlay-opacity":"","overlay-gradient":""}},"ast-content-background-meta":{"desktop":{"background-color":"var(--ast-global-color-5)","background-image":"","background-repeat":"repeat","background-position":"center center","background-size":"auto","background-attachment":"scroll","background-type":"","background-media":"","overlay-type":"","overlay-color":"","overlay-opacity":"","overlay-gradient":""},"tablet":{"background-color":"var(--ast-global-color-5)","background-image":"","background-repeat":"repeat","background-position":"center center","background-size":"auto","background-attachment":"scroll","background-type":"","background-media":"","overlay-type":"","overlay-color":"","overlay-opacity":"","overlay-gradient":""},"mobile":{"background-color":"var(--ast-global-color-5)","background-image":"","background-repeat":"repeat","background-position":"center center","background-size":"auto","background-attachment":"scroll","background-type":"","background-media":"","overlay-type":"","overlay-color":"","overlay-opacity":"","overlay-gradient":""}}},"product_brand":[],"product_cat":[69],"product_tag":[],"class_list":{"0":"post-3837","1":"product","2":"type-product","3":"status-publish","4":"has-post-thumbnail","6":"product_cat-kits","7":"desktop-align-center","8":"tablet-align-left","9":"mobile-align-left","11":"first","12":"instock","13":"downloadable","14":"taxable","15":"shipping-taxable","16":"purchasable","17":"product-type-composite"},"uagb_featured_image_src":{"full":["https:\/\/natissea.com\/wp-content\/uploads\/2023\/03\/natissea-ah22-produits1-283-1.jpg",720,720,false],"thumbnail":["https:\/\/natissea.com\/wp-content\/uploads\/2023\/03\/natissea-ah22-produits1-283-1-150x150.jpg",150,150,true],"medium":["https:\/\/natissea.com\/wp-content\/uploads\/2023\/03\/natissea-ah22-produits1-283-1-300x300.jpg",300,300,true],"medium_large":["https:\/\/natissea.com\/wp-content\/uploads\/2023\/03\/natissea-ah22-produits1-283-1.jpg",720,720,false],"large":["https:\/\/natissea.com\/wp-content\/uploads\/2023\/03\/natissea-ah22-produits1-283-1.jpg",720,720,false],"1536x1536":["https:\/\/natissea.com\/wp-content\/uploads\/2023\/03\/natissea-ah22-produits1-283-1.jpg",720,720,false],"2048x2048":["https:\/\/natissea.com\/wp-content\/uploads\/2023\/03\/natissea-ah22-produits1-283-1.jpg",720,720,false],"trp-custom-language-flag":["https:\/\/natissea.com\/wp-content\/uploads\/2023\/03\/natissea-ah22-produits1-283-1.jpg",12,12,false],"mailpoet_newsletter_max":["https:\/\/natissea.com\/wp-content\/uploads\/2023\/03\/natissea-ah22-produits1-283-1.jpg",720,720,false],"woocommerce_thumbnail":["https:\/\/natissea.com\/wp-content\/uploads\/2023\/03\/natissea-ah22-produits1-283-1-300x300.jpg",300,300,true],"woocommerce_single":["https:\/\/natissea.com\/wp-content\/uploads\/2023\/03\/natissea-ah22-produits1-283-1-600x600.jpg",600,600,true],"woocommerce_gallery_thumbnail":["https:\/\/natissea.com\/wp-content\/uploads\/2023\/03\/natissea-ah22-produits1-283-1-100x100.jpg",100,100,true]},"uagb_author_info":{"display_name":"nghtmre","author_link":"https:\/\/natissea.com\/en"},"uagb_comment_info":0,"uagb_excerpt":"Hell\u00e9bore se tricote en top-down. On commence par le milieu du grand c\u00f4t\u00e9 et on augmente avec des jet\u00e9s de 4 mailles tous les 2 rangs. Quand la partie principale a atteint la taille d\u00e9sir\u00e9e, on tricote la bordure ajour\u00e9e au point mousse en rabattant les mailles du ch\u00e2le. Montage c\u00e2ble cast on. Diminutions inclin\u00e9e&hellip;","jetpack_sharing_enabled":true,"_links":{"self":[{"href":"https:\/\/natissea.com\/en\/wp-json\/wp\/v2\/product\/3837","targetHints":{"allow":["GET"]}}],"collection":[{"href":"https:\/\/natissea.com\/en\/wp-json\/wp\/v2\/product"}],"about":[{"href":"https:\/\/natissea.com\/en\/wp-json\/wp\/v2\/types\/product"}],"wp:featuredmedia":[{"embeddable":true,"href":"https:\/\/natissea.com\/en\/wp-json\/wp\/v2\/media\/3885"}],"wp:attachment":[{"href":"https:\/\/natissea.com\/en\/wp-json\/wp\/v2\/media?parent=3837"}],"wp:term":[{"taxonomy":"product_brand","embeddable":true,"href":"https:\/\/natissea.com\/en\/wp-json\/wp\/v2\/product_brand?post=3837"},{"taxonomy":"product_cat","embeddable":true,"href":"https:\/\/natissea.com\/en\/wp-json\/wp\/v2\/product_cat?post=3837"},{"taxonomy":"product_tag","embeddable":true,"href":"https:\/\/natissea.com\/en\/wp-json\/wp\/v2\/product_tag?post=3837"}],"curies":[{"name":"wp","href":"https:\/\/api.w.org\/{rel}","templated":true}]}}