{"id":3838,"date":"2023-03-22T11:53:08","date_gmt":"2023-03-22T10:53:08","guid":{"rendered":"https:\/\/natissea.com\/boutique\/kit-pull-posidon-by-tricotalicehamm\/"},"modified":"2024-03-22T22:01:18","modified_gmt":"2024-03-22T21:01:18","slug":"kit-pull-posidon-by-tricotalicehamm","status":"publish","type":"product","link":"https:\/\/natissea.com\/en\/boutique\/kit-pull-posidon-by-tricotalicehamm\/","title":{"rendered":"Poseidon sweater kit @tricotalicehamm"},"content":{"rendered":"<p class=\"p1\">SON<br \/>\nDamya (55 % hemp and 45 % cotton) \u00b1 170 m per 100 g<br \/>\nor Malva (100 % organic cotton) \u00b1 190 m per 100 g<\/p>\n<p class=\"p1\">MATERIAL<br \/>\n3 and 4 mm circular needles<\/p>\n<p class=\"p1\">SAMPLE<br \/>\n(in the round with the textured pattern and 4 mm needles)<br \/>\n10cm = 20.5 stitches<br \/>\n10 cm = 35 rows<\/p>","protected":false},"excerpt":{"rendered":"<p>Poseidon is knitted top-down: we start by knitting the 2 false button plackets around which we pick up stitches to knit the beginning of the back, then the beginning of the front before also picking up stitches at the armholes to knit the body and sleeves in one piece, in the round. Once the yoke is finished, we knit the body and sleeves separately.<\/p>\n<p><img decoding=\"async\" class=\"wp-image-602116 size-large\" src=\"https:\/\/natissea.com\/wp-content\/uploads\/2023\/03\/posseidon-1024x935.png\" alt=\"kit pull pose\u00efdon @tricotalicehamm\" width=\"1024\" height=\"935\" srcset=\"https:\/\/natissea.com\/wp-content\/uploads\/2023\/03\/posseidon-1024x935.png 1024w, https:\/\/natissea.com\/wp-content\/uploads\/2023\/03\/posseidon-300x274.png 300w, https:\/\/natissea.com\/wp-content\/uploads\/2023\/03\/posseidon-768x701.png 768w, https:\/\/natissea.com\/wp-content\/uploads\/2023\/03\/posseidon-13x12.png 13w, https:\/\/natissea.com\/wp-content\/uploads\/2023\/03\/posseidon-600x548.png 600w, https:\/\/natissea.com\/wp-content\/uploads\/2023\/03\/posseidon.png 1034w\" sizes=\"(max-width: 1024px) 100vw, 1024px\" \/><\/p>\n<p class=\"p1\">","protected":false},"featured_media":3911,"template":"","meta":{"_seopress_robots_primary_cat":"none","_seopress_titles_title":"","_seopress_titles_desc":"","_seopress_robots_index":"","_uag_custom_page_level_css":"","site-sidebar-layout":"default","site-content-layout":"default","ast-site-content-layout":"default","site-content-style":"default","site-sidebar-style":"default","ast-global-header-display":"","ast-banner-title-visibility":"","ast-main-header-display":"","ast-hfb-above-header-display":"","ast-hfb-below-header-display":"","ast-hfb-mobile-header-display":"","site-post-title":"","ast-breadcrumbs-content":"","ast-featured-img":"","footer-sml-layout":"","ast-disable-related-posts":"","theme-transparent-header-meta":"default","adv-header-id-meta":"","stick-header-meta":"default","header-above-stick-meta":"","header-main-stick-meta":"","header-below-stick-meta":"","astra-migrate-meta-layouts":"set","ast-page-background-enabled":"default","ast-page-background-meta":{"desktop":{"background-color":"var(--ast-global-color-4)","background-image":"","background-repeat":"repeat","background-position":"center center","background-size":"auto","background-attachment":"scroll","background-type":"","background-media":"","overlay-type":"","overlay-color":"","overlay-opacity":"","overlay-gradient":""},"tablet":{"background-color":"","background-image":"","background-repeat":"repeat","background-position":"center center","background-size":"auto","background-attachment":"scroll","background-type":"","background-media":"","overlay-type":"","overlay-color":"","overlay-opacity":"","overlay-gradient":""},"mobile":{"background-color":"","background-image":"","background-repeat":"repeat","background-position":"center center","background-size":"auto","background-attachment":"scroll","background-type":"","background-media":"","overlay-type":"","overlay-color":"","overlay-opacity":"","overlay-gradient":""}},"ast-content-background-meta":{"desktop":{"background-color":"var(--ast-global-color-5)","background-image":"","background-repeat":"repeat","background-position":"center center","background-size":"auto","background-attachment":"scroll","background-type":"","background-media":"","overlay-type":"","overlay-color":"","overlay-opacity":"","overlay-gradient":""},"tablet":{"background-color":"var(--ast-global-color-5)","background-image":"","background-repeat":"repeat","background-position":"center center","background-size":"auto","background-attachment":"scroll","background-type":"","background-media":"","overlay-type":"","overlay-color":"","overlay-opacity":"","overlay-gradient":""},"mobile":{"background-color":"var(--ast-global-color-5)","background-image":"","background-repeat":"repeat","background-position":"center center","background-size":"auto","background-attachment":"scroll","background-type":"","background-media":"","overlay-type":"","overlay-color":"","overlay-opacity":"","overlay-gradient":""}}},"product_brand":[],"product_cat":[69],"product_tag":[],"class_list":{"0":"post-3838","1":"product","2":"type-product","3":"status-publish","4":"has-post-thumbnail","6":"product_cat-kits","7":"desktop-align-center","8":"tablet-align-left","9":"mobile-align-left","11":"first","12":"instock","13":"downloadable","14":"taxable","15":"shipping-taxable","16":"purchasable","17":"product-type-composite"},"uagb_featured_image_src":{"full":["https:\/\/natissea.com\/wp-content\/uploads\/2023\/03\/natissea_2022-kit-pull-poseidon-dscf0868-1024x1536-1.jpeg",1024,1024,false],"thumbnail":["https:\/\/natissea.com\/wp-content\/uploads\/2023\/03\/natissea_2022-kit-pull-poseidon-dscf0868-1024x1536-1-150x150.jpeg",150,150,true],"medium":["https:\/\/natissea.com\/wp-content\/uploads\/2023\/03\/natissea_2022-kit-pull-poseidon-dscf0868-1024x1536-1-300x300.jpeg",300,300,true],"medium_large":["https:\/\/natissea.com\/wp-content\/uploads\/2023\/03\/natissea_2022-kit-pull-poseidon-dscf0868-1024x1536-1-768x768.jpeg",768,768,true],"large":["https:\/\/natissea.com\/wp-content\/uploads\/2023\/03\/natissea_2022-kit-pull-poseidon-dscf0868-1024x1536-1.jpeg",1024,1024,false],"1536x1536":["https:\/\/natissea.com\/wp-content\/uploads\/2023\/03\/natissea_2022-kit-pull-poseidon-dscf0868-1024x1536-1.jpeg",1024,1024,false],"2048x2048":["https:\/\/natissea.com\/wp-content\/uploads\/2023\/03\/natissea_2022-kit-pull-poseidon-dscf0868-1024x1536-1.jpeg",1024,1024,false],"trp-custom-language-flag":["https:\/\/natissea.com\/wp-content\/uploads\/2023\/03\/natissea_2022-kit-pull-poseidon-dscf0868-1024x1536-1.jpeg",12,12,false],"mailpoet_newsletter_max":["https:\/\/natissea.com\/wp-content\/uploads\/2023\/03\/natissea_2022-kit-pull-poseidon-dscf0868-1024x1536-1.jpeg",1024,1024,false],"woocommerce_thumbnail":["https:\/\/natissea.com\/wp-content\/uploads\/2023\/03\/natissea_2022-kit-pull-poseidon-dscf0868-1024x1536-1-300x300.jpeg",300,300,true],"woocommerce_single":["https:\/\/natissea.com\/wp-content\/uploads\/2023\/03\/natissea_2022-kit-pull-poseidon-dscf0868-1024x1536-1-600x600.jpeg",600,600,true],"woocommerce_gallery_thumbnail":["https:\/\/natissea.com\/wp-content\/uploads\/2023\/03\/natissea_2022-kit-pull-poseidon-dscf0868-1024x1536-1-100x100.jpeg",100,100,true]},"uagb_author_info":{"display_name":"nghtmre","author_link":"https:\/\/natissea.com\/en"},"uagb_comment_info":0,"uagb_excerpt":"Pos\u00e9idon se tricote en top-down : on commence par tricoter les 2 fausses pattes de boutonnage autour desquelles on rel\u00e8ve des mailles pour tricoter le d\u00e9but du dos, puis le d\u00e9but du devant avant de relever \u00e9galement des mailles au niveau des emmanchures pour tricoter corps et manches d\u2019un seul tenant, en rond. Une fois&hellip;","jetpack_sharing_enabled":true,"_links":{"self":[{"href":"https:\/\/natissea.com\/en\/wp-json\/wp\/v2\/product\/3838","targetHints":{"allow":["GET"]}}],"collection":[{"href":"https:\/\/natissea.com\/en\/wp-json\/wp\/v2\/product"}],"about":[{"href":"https:\/\/natissea.com\/en\/wp-json\/wp\/v2\/types\/product"}],"wp:featuredmedia":[{"embeddable":true,"href":"https:\/\/natissea.com\/en\/wp-json\/wp\/v2\/media\/3911"}],"wp:attachment":[{"href":"https:\/\/natissea.com\/en\/wp-json\/wp\/v2\/media?parent=3838"}],"wp:term":[{"taxonomy":"product_brand","embeddable":true,"href":"https:\/\/natissea.com\/en\/wp-json\/wp\/v2\/product_brand?post=3838"},{"taxonomy":"product_cat","embeddable":true,"href":"https:\/\/natissea.com\/en\/wp-json\/wp\/v2\/product_cat?post=3838"},{"taxonomy":"product_tag","embeddable":true,"href":"https:\/\/natissea.com\/en\/wp-json\/wp\/v2\/product_tag?post=3838"}],"curies":[{"name":"wp","href":"https:\/\/api.w.org\/{rel}","templated":true}]}}