{"id":3839,"date":"2023-03-23T11:53:08","date_gmt":"2023-03-23T10:53:08","guid":{"rendered":"https:\/\/natissea.com\/boutique\/kit-set-orken-de-luciennetricote\/"},"modified":"2024-03-22T22:06:44","modified_gmt":"2024-03-22T21:06:44","slug":"kit-set-orken-de-luciennetricote","status":"publish","type":"product","link":"https:\/\/natissea.com\/en\/boutique\/kit-set-orken-de-luciennetricote\/","title":{"rendered":"Kit set Orken @luciennetricote"},"content":{"rendered":"<p>SON<br \/>\nPernelle (100 % hemp) \u00b1 190 m per 100 g or Lina\u00e9 (95 % linen and 5 % cotton) \u00b1 190 m per 100 g<\/p>\n<p>MATERIAL<br \/>\n3mm and 3.5mm circular needles, marker rings<\/p>\n<p>SAMPLE<br \/>\n(in stocking stitch with 3.5 mm needles), 10 cm = 21 stitches, 10 cm = 30 rows<\/p>\n<p>TECHNIQUES<br \/>\nThe \u00d8rken set consists of two pieces: a tank top \u2013 knitted from the top down, back and forth, then in the round \u2013 and a raglan oversweater, knitted from the top down in the round.<br \/>\n\u00d8rken is a raglan sweater, knitted from the top down in the round. The body is joined in the round, then the sleeves are knitted afterward. Decorative openwork friezes are worked at the bottom of the body and sleeves.<\/p>","protected":false},"excerpt":{"rendered":"<p>Throw back to 2000&#039;s with this superb set composed of a tank top and a sweater, a pretty layering game revealing an opening on the neckline. We know @luciennetricote for her contemporary and modern models, and this Orken set beautifully highlights plant fibers! It is knitted in Pernelle 100% hemp (caramel in the photo) or in Lina\u00e9 95 % French linen 5 % cotton.<br \/>\nThe set is modular and includes 3 pieces:<\/p>\n<ul>\n<li>The Orken set consists of a tank top (knitted top down back and forth, then in the round) and a raglan sweater (knitted top down in the round).<\/li>\n<li>The sweater version (bonus) is knitted from top down in the round.<\/li>\n<\/ul>\n<p><img decoding=\"async\" class=\"wp-image-602091 size-large\" src=\"https:\/\/natissea.com\/wp-content\/uploads\/2023\/03\/orken-debardeur-860x1024.png\" alt=\"kit set orken @luciennetricote\" width=\"860\" height=\"1024\" srcset=\"https:\/\/natissea.com\/wp-content\/uploads\/2023\/03\/orken-debardeur-860x1024.png 860w, https:\/\/natissea.com\/wp-content\/uploads\/2023\/03\/orken-debardeur-252x300.png 252w, https:\/\/natissea.com\/wp-content\/uploads\/2023\/03\/orken-debardeur-768x914.png 768w, https:\/\/natissea.com\/wp-content\/uploads\/2023\/03\/orken-debardeur-10x12.png 10w, https:\/\/natissea.com\/wp-content\/uploads\/2023\/03\/orken-debardeur-600x714.png 600w, https:\/\/natissea.com\/wp-content\/uploads\/2023\/03\/orken-debardeur.png 1028w\" sizes=\"(max-width: 860px) 100vw, 860px\" \/><\/p>\n<p><img decoding=\"async\" class=\"aligncenter wp-image-602093 size-large\" src=\"https:\/\/natissea.com\/wp-content\/uploads\/2023\/03\/orken-pull-787x1024.png\" alt=\"kit set orken @luciennetricote\" width=\"787\" height=\"1024\" srcset=\"https:\/\/natissea.com\/wp-content\/uploads\/2023\/03\/orken-pull-787x1024.png 787w, https:\/\/natissea.com\/wp-content\/uploads\/2023\/03\/orken-pull-231x300.png 231w, https:\/\/natissea.com\/wp-content\/uploads\/2023\/03\/orken-pull-768x999.png 768w, https:\/\/natissea.com\/wp-content\/uploads\/2023\/03\/orken-pull-9x12.png 9w, https:\/\/natissea.com\/wp-content\/uploads\/2023\/03\/orken-pull-600x781.png 600w, https:\/\/natissea.com\/wp-content\/uploads\/2023\/03\/orken-pull.png 1062w\" sizes=\"(max-width: 787px) 100vw, 787px\" \/><\/p>","protected":false},"featured_media":3923,"template":"","meta":{"_seopress_robots_primary_cat":"none","_seopress_titles_title":"","_seopress_titles_desc":"","_seopress_robots_index":"","_uag_custom_page_level_css":"","site-sidebar-layout":"default","site-content-layout":"default","ast-site-content-layout":"default","site-content-style":"default","site-sidebar-style":"default","ast-global-header-display":"","ast-banner-title-visibility":"","ast-main-header-display":"","ast-hfb-above-header-display":"","ast-hfb-below-header-display":"","ast-hfb-mobile-header-display":"","site-post-title":"","ast-breadcrumbs-content":"","ast-featured-img":"","footer-sml-layout":"","ast-disable-related-posts":"","theme-transparent-header-meta":"default","adv-header-id-meta":"","stick-header-meta":"default","header-above-stick-meta":"","header-main-stick-meta":"","header-below-stick-meta":"","astra-migrate-meta-layouts":"set","ast-page-background-enabled":"default","ast-page-background-meta":{"desktop":{"background-color":"var(--ast-global-color-4)","background-image":"","background-repeat":"repeat","background-position":"center center","background-size":"auto","background-attachment":"scroll","background-type":"","background-media":"","overlay-type":"","overlay-color":"","overlay-opacity":"","overlay-gradient":""},"tablet":{"background-color":"","background-image":"","background-repeat":"repeat","background-position":"center center","background-size":"auto","background-attachment":"scroll","background-type":"","background-media":"","overlay-type":"","overlay-color":"","overlay-opacity":"","overlay-gradient":""},"mobile":{"background-color":"","background-image":"","background-repeat":"repeat","background-position":"center center","background-size":"auto","background-attachment":"scroll","background-type":"","background-media":"","overlay-type":"","overlay-color":"","overlay-opacity":"","overlay-gradient":""}},"ast-content-background-meta":{"desktop":{"background-color":"var(--ast-global-color-5)","background-image":"","background-repeat":"repeat","background-position":"center center","background-size":"auto","background-attachment":"scroll","background-type":"","background-media":"","overlay-type":"","overlay-color":"","overlay-opacity":"","overlay-gradient":""},"tablet":{"background-color":"var(--ast-global-color-5)","background-image":"","background-repeat":"repeat","background-position":"center center","background-size":"auto","background-attachment":"scroll","background-type":"","background-media":"","overlay-type":"","overlay-color":"","overlay-opacity":"","overlay-gradient":""},"mobile":{"background-color":"var(--ast-global-color-5)","background-image":"","background-repeat":"repeat","background-position":"center center","background-size":"auto","background-attachment":"scroll","background-type":"","background-media":"","overlay-type":"","overlay-color":"","overlay-opacity":"","overlay-gradient":""}}},"product_brand":[],"product_cat":[69],"product_tag":[],"class_list":{"0":"post-3839","1":"product","2":"type-product","3":"status-publish","4":"has-post-thumbnail","6":"product_cat-kits","7":"desktop-align-center","8":"tablet-align-left","9":"mobile-align-left","11":"first","12":"instock","13":"downloadable","14":"taxable","15":"shipping-taxable","16":"purchasable","17":"product-type-composite"},"uagb_featured_image_src":{"full":["https:\/\/natissea.com\/wp-content\/uploads\/2023\/03\/natissea_2022-kit-orken-image003.jpg",720,720,false],"thumbnail":["https:\/\/natissea.com\/wp-content\/uploads\/2023\/03\/natissea_2022-kit-orken-image003-150x150.jpg",150,150,true],"medium":["https:\/\/natissea.com\/wp-content\/uploads\/2023\/03\/natissea_2022-kit-orken-image003-300x300.jpg",300,300,true],"medium_large":["https:\/\/natissea.com\/wp-content\/uploads\/2023\/03\/natissea_2022-kit-orken-image003.jpg",720,720,false],"large":["https:\/\/natissea.com\/wp-content\/uploads\/2023\/03\/natissea_2022-kit-orken-image003.jpg",720,720,false],"1536x1536":["https:\/\/natissea.com\/wp-content\/uploads\/2023\/03\/natissea_2022-kit-orken-image003.jpg",720,720,false],"2048x2048":["https:\/\/natissea.com\/wp-content\/uploads\/2023\/03\/natissea_2022-kit-orken-image003.jpg",720,720,false],"trp-custom-language-flag":["https:\/\/natissea.com\/wp-content\/uploads\/2023\/03\/natissea_2022-kit-orken-image003.jpg",12,12,false],"mailpoet_newsletter_max":["https:\/\/natissea.com\/wp-content\/uploads\/2023\/03\/natissea_2022-kit-orken-image003.jpg",720,720,false],"woocommerce_thumbnail":["https:\/\/natissea.com\/wp-content\/uploads\/2023\/03\/natissea_2022-kit-orken-image003-300x300.jpg",300,300,true],"woocommerce_single":["https:\/\/natissea.com\/wp-content\/uploads\/2023\/03\/natissea_2022-kit-orken-image003-600x600.jpg",600,600,true],"woocommerce_gallery_thumbnail":["https:\/\/natissea.com\/wp-content\/uploads\/2023\/03\/natissea_2022-kit-orken-image003-100x100.jpg",100,100,true]},"uagb_author_info":{"display_name":"nghtmre","author_link":"https:\/\/natissea.com\/en"},"uagb_comment_info":0,"uagb_excerpt":"Throw back to 2000's avec ce superbe set compos\u00e9 d'un d\u00e9bardeur et d'un surpull, un joli jeu de superposition laissant appara\u00eetre une ouverture sur le d'collet\u00e9. On conna\u00eet @luciennetricote pour ces mod\u00e8les contemporains et modernes, et ce set Orken met joliment en lumi\u00e8re les fibres v\u00e9g\u00e9tales ! Il se tricote en Pernelle 100% chanvre (caramel&hellip;","jetpack_sharing_enabled":true,"_links":{"self":[{"href":"https:\/\/natissea.com\/en\/wp-json\/wp\/v2\/product\/3839","targetHints":{"allow":["GET"]}}],"collection":[{"href":"https:\/\/natissea.com\/en\/wp-json\/wp\/v2\/product"}],"about":[{"href":"https:\/\/natissea.com\/en\/wp-json\/wp\/v2\/types\/product"}],"wp:featuredmedia":[{"embeddable":true,"href":"https:\/\/natissea.com\/en\/wp-json\/wp\/v2\/media\/3923"}],"wp:attachment":[{"href":"https:\/\/natissea.com\/en\/wp-json\/wp\/v2\/media?parent=3839"}],"wp:term":[{"taxonomy":"product_brand","embeddable":true,"href":"https:\/\/natissea.com\/en\/wp-json\/wp\/v2\/product_brand?post=3839"},{"taxonomy":"product_cat","embeddable":true,"href":"https:\/\/natissea.com\/en\/wp-json\/wp\/v2\/product_cat?post=3839"},{"taxonomy":"product_tag","embeddable":true,"href":"https:\/\/natissea.com\/en\/wp-json\/wp\/v2\/product_tag?post=3839"}],"curies":[{"name":"wp","href":"https:\/\/api.w.org\/{rel}","templated":true}]}}