{"id":3842,"date":"2023-03-16T11:53:09","date_gmt":"2023-03-16T10:53:09","guid":{"rendered":"https:\/\/natissea.com\/boutique\/kit-chle-charlotte-by-mllepetronille\/"},"modified":"2024-03-22T21:52:59","modified_gmt":"2024-03-22T20:52:59","slug":"kit-chle-charlotte-by-mllepetronille","status":"publish","type":"product","link":"https:\/\/natissea.com\/en\/boutique\/kit-chle-charlotte-by-mllepetronille\/","title":{"rendered":"Charlotte Shawl Kit @mllepetronille"},"content":{"rendered":"<p class=\"p1\">SON<br \/>\nPernelle (100 % hemp) \u00b1 190 m for 100 g<br \/>\nor Lina\u00e9 (95 % linen and 5 % cotton) \u00b1 190 m per 100 g<\/p>\n<p class=\"p1\">MATERIAL<br \/>\n3 mm circular needles<br \/>\nmarker rings<\/p>\n<p class=\"p1\">SAMPLE<br \/>\n(in stocking stitch with 3 mm needles)<br \/>\n10cm = 23 stitches<br \/>\n10 cm = 35 rows<\/p>","protected":false},"excerpt":{"rendered":"<p>Knit the shawl from the bottom up, with increases along the right edge. A pretty lace pattern on stockinette stitch will appear thanks to the charts, slipped stitches, etc. Links to the tutorials are included in the pattern.<\/p>\n<p><img decoding=\"async\" class=\"wp-image-602357 size-large\" src=\"https:\/\/natissea.com\/wp-content\/uploads\/2023\/03\/charlotte-1024x505.png\" alt=\"kit ch\u00e2le charlotte @mllepetronille\" width=\"1024\" height=\"505\" srcset=\"https:\/\/natissea.com\/wp-content\/uploads\/2023\/03\/charlotte-1024x505.png 1024w, https:\/\/natissea.com\/wp-content\/uploads\/2023\/03\/charlotte-300x148.png 300w, https:\/\/natissea.com\/wp-content\/uploads\/2023\/03\/charlotte-768x379.png 768w, https:\/\/natissea.com\/wp-content\/uploads\/2023\/03\/charlotte-18x9.png 18w, https:\/\/natissea.com\/wp-content\/uploads\/2023\/03\/charlotte-600x296.png 600w, https:\/\/natissea.com\/wp-content\/uploads\/2023\/03\/charlotte.png 1058w\" sizes=\"(max-width: 1024px) 100vw, 1024px\" \/><\/p>\n<p class=\"p1\">","protected":false},"featured_media":3879,"template":"","meta":{"_seopress_robots_primary_cat":"none","_seopress_titles_title":"","_seopress_titles_desc":"","_seopress_robots_index":"","_uag_custom_page_level_css":"","site-sidebar-layout":"default","site-content-layout":"default","ast-site-content-layout":"default","site-content-style":"default","site-sidebar-style":"default","ast-global-header-display":"","ast-banner-title-visibility":"","ast-main-header-display":"","ast-hfb-above-header-display":"","ast-hfb-below-header-display":"","ast-hfb-mobile-header-display":"","site-post-title":"","ast-breadcrumbs-content":"","ast-featured-img":"","footer-sml-layout":"","ast-disable-related-posts":"","theme-transparent-header-meta":"default","adv-header-id-meta":"","stick-header-meta":"default","header-above-stick-meta":"","header-main-stick-meta":"","header-below-stick-meta":"","astra-migrate-meta-layouts":"set","ast-page-background-enabled":"default","ast-page-background-meta":{"desktop":{"background-color":"var(--ast-global-color-4)","background-image":"","background-repeat":"repeat","background-position":"center center","background-size":"auto","background-attachment":"scroll","background-type":"","background-media":"","overlay-type":"","overlay-color":"","overlay-opacity":"","overlay-gradient":""},"tablet":{"background-color":"","background-image":"","background-repeat":"repeat","background-position":"center center","background-size":"auto","background-attachment":"scroll","background-type":"","background-media":"","overlay-type":"","overlay-color":"","overlay-opacity":"","overlay-gradient":""},"mobile":{"background-color":"","background-image":"","background-repeat":"repeat","background-position":"center center","background-size":"auto","background-attachment":"scroll","background-type":"","background-media":"","overlay-type":"","overlay-color":"","overlay-opacity":"","overlay-gradient":""}},"ast-content-background-meta":{"desktop":{"background-color":"var(--ast-global-color-5)","background-image":"","background-repeat":"repeat","background-position":"center center","background-size":"auto","background-attachment":"scroll","background-type":"","background-media":"","overlay-type":"","overlay-color":"","overlay-opacity":"","overlay-gradient":""},"tablet":{"background-color":"var(--ast-global-color-5)","background-image":"","background-repeat":"repeat","background-position":"center center","background-size":"auto","background-attachment":"scroll","background-type":"","background-media":"","overlay-type":"","overlay-color":"","overlay-opacity":"","overlay-gradient":""},"mobile":{"background-color":"var(--ast-global-color-5)","background-image":"","background-repeat":"repeat","background-position":"center center","background-size":"auto","background-attachment":"scroll","background-type":"","background-media":"","overlay-type":"","overlay-color":"","overlay-opacity":"","overlay-gradient":""}}},"product_brand":[],"product_cat":[69],"product_tag":[],"class_list":{"0":"post-3842","1":"product","2":"type-product","3":"status-publish","4":"has-post-thumbnail","6":"product_cat-kits","7":"desktop-align-center","8":"tablet-align-left","9":"mobile-align-left","11":"first","12":"instock","13":"downloadable","14":"taxable","15":"shipping-taxable","16":"purchasable","17":"product-type-composite"},"uagb_featured_image_src":{"full":["https:\/\/natissea.com\/wp-content\/uploads\/2023\/03\/natissea_2022-shooting-ss22-01-309.jpg",720,720,false],"thumbnail":["https:\/\/natissea.com\/wp-content\/uploads\/2023\/03\/natissea_2022-shooting-ss22-01-309-150x150.jpg",150,150,true],"medium":["https:\/\/natissea.com\/wp-content\/uploads\/2023\/03\/natissea_2022-shooting-ss22-01-309-300x300.jpg",300,300,true],"medium_large":["https:\/\/natissea.com\/wp-content\/uploads\/2023\/03\/natissea_2022-shooting-ss22-01-309.jpg",720,720,false],"large":["https:\/\/natissea.com\/wp-content\/uploads\/2023\/03\/natissea_2022-shooting-ss22-01-309.jpg",720,720,false],"1536x1536":["https:\/\/natissea.com\/wp-content\/uploads\/2023\/03\/natissea_2022-shooting-ss22-01-309.jpg",720,720,false],"2048x2048":["https:\/\/natissea.com\/wp-content\/uploads\/2023\/03\/natissea_2022-shooting-ss22-01-309.jpg",720,720,false],"trp-custom-language-flag":["https:\/\/natissea.com\/wp-content\/uploads\/2023\/03\/natissea_2022-shooting-ss22-01-309.jpg",12,12,false],"mailpoet_newsletter_max":["https:\/\/natissea.com\/wp-content\/uploads\/2023\/03\/natissea_2022-shooting-ss22-01-309.jpg",720,720,false],"woocommerce_thumbnail":["https:\/\/natissea.com\/wp-content\/uploads\/2023\/03\/natissea_2022-shooting-ss22-01-309-300x300.jpg",300,300,true],"woocommerce_single":["https:\/\/natissea.com\/wp-content\/uploads\/2023\/03\/natissea_2022-shooting-ss22-01-309-600x600.jpg",600,600,true],"woocommerce_gallery_thumbnail":["https:\/\/natissea.com\/wp-content\/uploads\/2023\/03\/natissea_2022-shooting-ss22-01-309-100x100.jpg",100,100,true]},"uagb_author_info":{"display_name":"nghtmre","author_link":"https:\/\/natissea.com\/en"},"uagb_comment_info":0,"uagb_excerpt":"On tricote le ch\u00e2le du bas vers le haut avec des augmentations sur la bordure droite. Une jolie dentelle sur jersey endroit apparaitra gr\u00e2ce aux grilles, mailles gliss\u00e9es\u2026 Liens vers les tutoriels inclus dans le patron.","jetpack_sharing_enabled":true,"_links":{"self":[{"href":"https:\/\/natissea.com\/en\/wp-json\/wp\/v2\/product\/3842","targetHints":{"allow":["GET"]}}],"collection":[{"href":"https:\/\/natissea.com\/en\/wp-json\/wp\/v2\/product"}],"about":[{"href":"https:\/\/natissea.com\/en\/wp-json\/wp\/v2\/types\/product"}],"wp:featuredmedia":[{"embeddable":true,"href":"https:\/\/natissea.com\/en\/wp-json\/wp\/v2\/media\/3879"}],"wp:attachment":[{"href":"https:\/\/natissea.com\/en\/wp-json\/wp\/v2\/media?parent=3842"}],"wp:term":[{"taxonomy":"product_brand","embeddable":true,"href":"https:\/\/natissea.com\/en\/wp-json\/wp\/v2\/product_brand?post=3842"},{"taxonomy":"product_cat","embeddable":true,"href":"https:\/\/natissea.com\/en\/wp-json\/wp\/v2\/product_cat?post=3842"},{"taxonomy":"product_tag","embeddable":true,"href":"https:\/\/natissea.com\/en\/wp-json\/wp\/v2\/product_tag?post=3842"}],"curies":[{"name":"wp","href":"https:\/\/api.w.org\/{rel}","templated":true}]}}