{"id":3844,"date":"2023-03-25T11:53:09","date_gmt":"2023-03-25T10:53:09","guid":{"rendered":"https:\/\/natissea.com\/boutique\/kit-wutton-xiaowei_design\/"},"modified":"2024-03-22T22:10:05","modified_gmt":"2024-03-22T21:10:05","slug":"kit-wutton-xiaowei_design","status":"publish","type":"product","link":"https:\/\/natissea.com\/en\/boutique\/kit-wutton-xiaowei_design\/","title":{"rendered":"Wutton sweater kit @xiaowei_design"},"content":{"rendered":"<p class=\"p1\">SON<br \/>\nPernelle (100 % hemp) \u00b1 190 m for 100 g<br \/>\nor Lina\u00e9 (95 % linen and 5 % cotton) \u00b1 190 m per 100 g<\/p>\n<p class=\"p1\">MATERIAL<br \/>\n3mm and 3.5mm circular needles<br \/>\nmarker rings<br \/>\nWool needle, stitch holder or contrasting thread<\/p>\n<p class=\"p1\">SAMPLE<br \/>\n(in stocking stitch with 3.5 mm needles)<br \/>\n10cm = 22 stitches<br \/>\n10 cm = 29 rows<\/p>","protected":false},"excerpt":{"rendered":"<p>Wutton is a seamless top-down knitted summer top with pretty lace on the shoulders.<\/p>\n<p><img decoding=\"async\" class=\"wp-image-602000 size-full\" src=\"https:\/\/natissea.com\/wp-content\/uploads\/2023\/03\/wutton.png\" alt=\"kit pull wutton @xiaowei design\" width=\"1022\" height=\"844\" srcset=\"https:\/\/natissea.com\/wp-content\/uploads\/2023\/03\/wutton.png 1022w, https:\/\/natissea.com\/wp-content\/uploads\/2023\/03\/wutton-300x248.png 300w, https:\/\/natissea.com\/wp-content\/uploads\/2023\/03\/wutton-768x634.png 768w, https:\/\/natissea.com\/wp-content\/uploads\/2023\/03\/wutton-15x12.png 15w, https:\/\/natissea.com\/wp-content\/uploads\/2023\/03\/wutton-600x495.png 600w\" sizes=\"(max-width: 1022px) 100vw, 1022px\" \/><\/p>","protected":false},"featured_media":3956,"template":"","meta":{"_seopress_robots_primary_cat":"none","_seopress_titles_title":"","_seopress_titles_desc":"","_seopress_robots_index":"","_uag_custom_page_level_css":"","site-sidebar-layout":"default","site-content-layout":"default","ast-site-content-layout":"default","site-content-style":"default","site-sidebar-style":"default","ast-global-header-display":"","ast-banner-title-visibility":"","ast-main-header-display":"","ast-hfb-above-header-display":"","ast-hfb-below-header-display":"","ast-hfb-mobile-header-display":"","site-post-title":"","ast-breadcrumbs-content":"","ast-featured-img":"","footer-sml-layout":"","ast-disable-related-posts":"","theme-transparent-header-meta":"default","adv-header-id-meta":"","stick-header-meta":"default","header-above-stick-meta":"","header-main-stick-meta":"","header-below-stick-meta":"","astra-migrate-meta-layouts":"set","ast-page-background-enabled":"default","ast-page-background-meta":{"desktop":{"background-color":"var(--ast-global-color-4)","background-image":"","background-repeat":"repeat","background-position":"center center","background-size":"auto","background-attachment":"scroll","background-type":"","background-media":"","overlay-type":"","overlay-color":"","overlay-opacity":"","overlay-gradient":""},"tablet":{"background-color":"","background-image":"","background-repeat":"repeat","background-position":"center center","background-size":"auto","background-attachment":"scroll","background-type":"","background-media":"","overlay-type":"","overlay-color":"","overlay-opacity":"","overlay-gradient":""},"mobile":{"background-color":"","background-image":"","background-repeat":"repeat","background-position":"center center","background-size":"auto","background-attachment":"scroll","background-type":"","background-media":"","overlay-type":"","overlay-color":"","overlay-opacity":"","overlay-gradient":""}},"ast-content-background-meta":{"desktop":{"background-color":"var(--ast-global-color-5)","background-image":"","background-repeat":"repeat","background-position":"center center","background-size":"auto","background-attachment":"scroll","background-type":"","background-media":"","overlay-type":"","overlay-color":"","overlay-opacity":"","overlay-gradient":""},"tablet":{"background-color":"var(--ast-global-color-5)","background-image":"","background-repeat":"repeat","background-position":"center center","background-size":"auto","background-attachment":"scroll","background-type":"","background-media":"","overlay-type":"","overlay-color":"","overlay-opacity":"","overlay-gradient":""},"mobile":{"background-color":"var(--ast-global-color-5)","background-image":"","background-repeat":"repeat","background-position":"center center","background-size":"auto","background-attachment":"scroll","background-type":"","background-media":"","overlay-type":"","overlay-color":"","overlay-opacity":"","overlay-gradient":""}}},"product_brand":[],"product_cat":[69],"product_tag":[],"class_list":{"0":"post-3844","1":"product","2":"type-product","3":"status-publish","4":"has-post-thumbnail","6":"product_cat-kits","7":"desktop-align-center","8":"tablet-align-left","9":"mobile-align-left","11":"first","12":"instock","13":"downloadable","14":"taxable","15":"shipping-taxable","16":"purchasable","17":"product-type-composite"},"uagb_featured_image_src":{"full":["https:\/\/natissea.com\/wp-content\/uploads\/2023\/03\/wutton_6-1024x1536-1.jpg",1024,1024,false],"thumbnail":["https:\/\/natissea.com\/wp-content\/uploads\/2023\/03\/wutton_6-1024x1536-1-150x150.jpg",150,150,true],"medium":["https:\/\/natissea.com\/wp-content\/uploads\/2023\/03\/wutton_6-1024x1536-1-300x300.jpg",300,300,true],"medium_large":["https:\/\/natissea.com\/wp-content\/uploads\/2023\/03\/wutton_6-1024x1536-1-768x768.jpg",768,768,true],"large":["https:\/\/natissea.com\/wp-content\/uploads\/2023\/03\/wutton_6-1024x1536-1.jpg",1024,1024,false],"1536x1536":["https:\/\/natissea.com\/wp-content\/uploads\/2023\/03\/wutton_6-1024x1536-1.jpg",1024,1024,false],"2048x2048":["https:\/\/natissea.com\/wp-content\/uploads\/2023\/03\/wutton_6-1024x1536-1.jpg",1024,1024,false],"trp-custom-language-flag":["https:\/\/natissea.com\/wp-content\/uploads\/2023\/03\/wutton_6-1024x1536-1.jpg",12,12,false],"mailpoet_newsletter_max":["https:\/\/natissea.com\/wp-content\/uploads\/2023\/03\/wutton_6-1024x1536-1.jpg",1024,1024,false],"woocommerce_thumbnail":["https:\/\/natissea.com\/wp-content\/uploads\/2023\/03\/wutton_6-1024x1536-1-300x300.jpg",300,300,true],"woocommerce_single":["https:\/\/natissea.com\/wp-content\/uploads\/2023\/03\/wutton_6-1024x1536-1-600x600.jpg",600,600,true],"woocommerce_gallery_thumbnail":["https:\/\/natissea.com\/wp-content\/uploads\/2023\/03\/wutton_6-1024x1536-1-100x100.jpg",100,100,true]},"uagb_author_info":{"display_name":"nghtmre","author_link":"https:\/\/natissea.com\/en"},"uagb_comment_info":0,"uagb_excerpt":"Wutton est un haut d\u2019\u00e9t\u00e9 tricot\u00e9 en top down sans couture, avec une jolie dentelle sur les \u00e9paules.","jetpack_sharing_enabled":true,"_links":{"self":[{"href":"https:\/\/natissea.com\/en\/wp-json\/wp\/v2\/product\/3844","targetHints":{"allow":["GET"]}}],"collection":[{"href":"https:\/\/natissea.com\/en\/wp-json\/wp\/v2\/product"}],"about":[{"href":"https:\/\/natissea.com\/en\/wp-json\/wp\/v2\/types\/product"}],"wp:featuredmedia":[{"embeddable":true,"href":"https:\/\/natissea.com\/en\/wp-json\/wp\/v2\/media\/3956"}],"wp:attachment":[{"href":"https:\/\/natissea.com\/en\/wp-json\/wp\/v2\/media?parent=3844"}],"wp:term":[{"taxonomy":"product_brand","embeddable":true,"href":"https:\/\/natissea.com\/en\/wp-json\/wp\/v2\/product_brand?post=3844"},{"taxonomy":"product_cat","embeddable":true,"href":"https:\/\/natissea.com\/en\/wp-json\/wp\/v2\/product_cat?post=3844"},{"taxonomy":"product_tag","embeddable":true,"href":"https:\/\/natissea.com\/en\/wp-json\/wp\/v2\/product_tag?post=3844"}],"curies":[{"name":"wp","href":"https:\/\/api.w.org\/{rel}","templated":true}]}}