{"id":3845,"date":"2023-03-18T11:53:10","date_gmt":"2023-03-18T10:53:10","guid":{"rendered":"https:\/\/natissea.com\/boutique\/kit-ruguo-by-xiaowei_design\/"},"modified":"2024-04-05T19:10:24","modified_gmt":"2024-04-05T17:10:24","slug":"kit-ruguo-by-xiaowei_design","status":"publish","type":"product","link":"https:\/\/natissea.com\/en\/boutique\/kit-ruguo-by-xiaowei_design\/","title":{"rendered":"Ruguo vest kit @xiaowei_design"},"content":{"rendered":"<p class=\"p1\">SON<br \/>\nDamya (55 % hemp and 45 % organic cotton) \u00b1 170 m per 100 g<br \/>\nor Malva (100 % organic cotton) \u00b1 190 m per 100 g<\/p>\n<p class=\"p1\">MATERIAL<br \/>\n1 pair of 3.5 and 4 mm circular needles (available as an option)<br \/>\n1 row counter<br \/>\n1 stitch holder or contrasting thread<br \/>\n4 buttons of 2.5 cm and 2 snap fasteners to sew on<br \/>\nMarker rings (available as an option)<\/p>\n<p class=\"p1\">SAMPLE<br \/>\n10 cm = 21 stitches and 10 cm = 26 rows with 4 mm needles in washed and blocked stockinette stitch<\/p>","protected":false},"excerpt":{"rendered":"<p>Ruguo is a seamless top-down cardigan with a double-breasted closure and a textured stitch on the lower body. The collar is first knitted in ribbing, then stitches are picked up along the collar to form the yoke. After the yoke and the sleeve separation, the body is finished in a back-and-forth pattern.<\/p>\n<p><img decoding=\"async\" class=\"aligncenter wp-image-602303 size-large\" src=\"https:\/\/natissea.com\/wp-content\/uploads\/2023\/03\/ruguo-1024x869.png\" alt=\"kit gilet ruguo @xiaowei design\" width=\"1024\" height=\"869\" srcset=\"https:\/\/natissea.com\/wp-content\/uploads\/2023\/03\/ruguo-1024x869.png 1024w, https:\/\/natissea.com\/wp-content\/uploads\/2023\/03\/ruguo-300x255.png 300w, https:\/\/natissea.com\/wp-content\/uploads\/2023\/03\/ruguo-768x652.png 768w, https:\/\/natissea.com\/wp-content\/uploads\/2023\/03\/ruguo-14x12.png 14w, https:\/\/natissea.com\/wp-content\/uploads\/2023\/03\/ruguo-600x509.png 600w, https:\/\/natissea.com\/wp-content\/uploads\/2023\/03\/ruguo.png 1044w\" sizes=\"(max-width: 1024px) 100vw, 1024px\" \/><\/p>\n<p>&nbsp;<\/p>","protected":false},"featured_media":1433605,"template":"","meta":{"_seopress_robots_primary_cat":"none","_seopress_titles_title":"Kit gilet Ruguo @xiaowei_design %%sep%% Natissea","_seopress_titles_desc":"Ruguo est un gilet top down sans couture avec une fermeture \u00e0 double boutonnage et un point textur\u00e9 sur le bas du corps. Le col est d\u2019abord tricot\u00e9 en","_seopress_robots_index":"","_uag_custom_page_level_css":"","site-sidebar-layout":"default","site-content-layout":"default","ast-site-content-layout":"default","site-content-style":"default","site-sidebar-style":"default","ast-global-header-display":"","ast-banner-title-visibility":"","ast-main-header-display":"","ast-hfb-above-header-display":"","ast-hfb-below-header-display":"","ast-hfb-mobile-header-display":"","site-post-title":"","ast-breadcrumbs-content":"","ast-featured-img":"","footer-sml-layout":"","ast-disable-related-posts":"","theme-transparent-header-meta":"default","adv-header-id-meta":"","stick-header-meta":"default","header-above-stick-meta":"","header-main-stick-meta":"","header-below-stick-meta":"","astra-migrate-meta-layouts":"set","ast-page-background-enabled":"default","ast-page-background-meta":{"desktop":{"background-color":"var(--ast-global-color-4)","background-image":"","background-repeat":"repeat","background-position":"center center","background-size":"auto","background-attachment":"scroll","background-type":"","background-media":"","overlay-type":"","overlay-color":"","overlay-opacity":"","overlay-gradient":""},"tablet":{"background-color":"","background-image":"","background-repeat":"repeat","background-position":"center center","background-size":"auto","background-attachment":"scroll","background-type":"","background-media":"","overlay-type":"","overlay-color":"","overlay-opacity":"","overlay-gradient":""},"mobile":{"background-color":"","background-image":"","background-repeat":"repeat","background-position":"center center","background-size":"auto","background-attachment":"scroll","background-type":"","background-media":"","overlay-type":"","overlay-color":"","overlay-opacity":"","overlay-gradient":""}},"ast-content-background-meta":{"desktop":{"background-color":"var(--ast-global-color-5)","background-image":"","background-repeat":"repeat","background-position":"center center","background-size":"auto","background-attachment":"scroll","background-type":"","background-media":"","overlay-type":"","overlay-color":"","overlay-opacity":"","overlay-gradient":""},"tablet":{"background-color":"var(--ast-global-color-5)","background-image":"","background-repeat":"repeat","background-position":"center center","background-size":"auto","background-attachment":"scroll","background-type":"","background-media":"","overlay-type":"","overlay-color":"","overlay-opacity":"","overlay-gradient":""},"mobile":{"background-color":"var(--ast-global-color-5)","background-image":"","background-repeat":"repeat","background-position":"center center","background-size":"auto","background-attachment":"scroll","background-type":"","background-media":"","overlay-type":"","overlay-color":"","overlay-opacity":"","overlay-gradient":""}}},"product_brand":[],"product_cat":[69],"product_tag":[],"class_list":{"0":"post-3845","1":"product","2":"type-product","3":"status-publish","4":"has-post-thumbnail","6":"product_cat-kits","7":"desktop-align-center","8":"tablet-align-left","9":"mobile-align-left","11":"first","12":"instock","13":"downloadable","14":"taxable","15":"shipping-taxable","16":"purchasable","17":"product-type-composite"},"uagb_featured_image_src":{"full":["https:\/\/natissea.com\/wp-content\/uploads\/2023\/03\/ruguo-@xiaowei_design.jpg",1200,1600,false],"thumbnail":["https:\/\/natissea.com\/wp-content\/uploads\/2023\/03\/ruguo-@xiaowei_design-150x150.jpg",150,150,true],"medium":["https:\/\/natissea.com\/wp-content\/uploads\/2023\/03\/ruguo-@xiaowei_design-225x300.jpg",225,300,true],"medium_large":["https:\/\/natissea.com\/wp-content\/uploads\/2023\/03\/ruguo-@xiaowei_design-768x1024.jpg",768,1024,true],"large":["https:\/\/natissea.com\/wp-content\/uploads\/2023\/03\/ruguo-@xiaowei_design-768x1024.jpg",768,1024,true],"1536x1536":["https:\/\/natissea.com\/wp-content\/uploads\/2023\/03\/ruguo-@xiaowei_design-1152x1536.jpg",1152,1536,true],"2048x2048":["https:\/\/natissea.com\/wp-content\/uploads\/2023\/03\/ruguo-@xiaowei_design.jpg",1200,1600,false],"trp-custom-language-flag":["https:\/\/natissea.com\/wp-content\/uploads\/2023\/03\/ruguo-@xiaowei_design-9x12.jpg",9,12,true],"mailpoet_newsletter_max":["https:\/\/natissea.com\/wp-content\/uploads\/2023\/03\/ruguo-@xiaowei_design.jpg",1200,1600,false],"woocommerce_thumbnail":["https:\/\/natissea.com\/wp-content\/uploads\/2023\/03\/ruguo-@xiaowei_design-300x300.jpg",300,300,true],"woocommerce_single":["https:\/\/natissea.com\/wp-content\/uploads\/2023\/03\/ruguo-@xiaowei_design-600x800.jpg",600,800,true],"woocommerce_gallery_thumbnail":["https:\/\/natissea.com\/wp-content\/uploads\/2023\/03\/ruguo-@xiaowei_design-100x100.jpg",100,100,true]},"uagb_author_info":{"display_name":"nghtmre","author_link":"https:\/\/natissea.com\/en"},"uagb_comment_info":0,"uagb_excerpt":"Ruguo est un gilet top down sans couture avec une fermeture \u00e0 double boutonnage et un point textur\u00e9 sur le bas du corps. Le col est d\u2019abord tricot\u00e9 en c\u00f4tes, puis il faut relever des mailles le long du col pour former l\u2019empi\u00e8cement. Apr\u00e8s le yoke et la s\u00e9paration des manches, le corps se termine&hellip;","jetpack_sharing_enabled":true,"_links":{"self":[{"href":"https:\/\/natissea.com\/en\/wp-json\/wp\/v2\/product\/3845","targetHints":{"allow":["GET"]}}],"collection":[{"href":"https:\/\/natissea.com\/en\/wp-json\/wp\/v2\/product"}],"about":[{"href":"https:\/\/natissea.com\/en\/wp-json\/wp\/v2\/types\/product"}],"wp:featuredmedia":[{"embeddable":true,"href":"https:\/\/natissea.com\/en\/wp-json\/wp\/v2\/media\/1433605"}],"wp:attachment":[{"href":"https:\/\/natissea.com\/en\/wp-json\/wp\/v2\/media?parent=3845"}],"wp:term":[{"taxonomy":"product_brand","embeddable":true,"href":"https:\/\/natissea.com\/en\/wp-json\/wp\/v2\/product_brand?post=3845"},{"taxonomy":"product_cat","embeddable":true,"href":"https:\/\/natissea.com\/en\/wp-json\/wp\/v2\/product_cat?post=3845"},{"taxonomy":"product_tag","embeddable":true,"href":"https:\/\/natissea.com\/en\/wp-json\/wp\/v2\/product_tag?post=3845"}],"curies":[{"name":"wp","href":"https:\/\/api.w.org\/{rel}","templated":true}]}}