{"id":3846,"date":"2023-03-20T11:53:10","date_gmt":"2023-03-20T10:53:10","guid":{"rendered":"https:\/\/natissea.com\/boutique\/kit-pull-clmentine-by-christallkdesigns\/"},"modified":"2024-03-22T21:57:57","modified_gmt":"2024-03-22T20:57:57","slug":"kit-pull-clmentine-by-christallkdesigns","status":"publish","type":"product","link":"https:\/\/natissea.com\/en\/boutique\/kit-pull-clmentine-by-christallkdesigns\/","title":{"rendered":"Clementine sweater kit @christallkdesigns"},"content":{"rendered":"<p class=\"p1\">SON<br \/>\nPernelle (100 % hemp) \u00b1 190 m for 100 g<br \/>\nor Lina\u00e9 (95 % French linen and 5 % cotton) \u00b1 190 m for 100 g<\/p>\n<p class=\"p1\">MATERIAL<br \/>\n1 circular needle of 3 mm (available as an option)<br \/>\n1 cable 100 cm (available as an option)<br \/>\n5 double-pointed needles 3 mm for small circumferences (sleeves) if necessary<br \/>\nMarker rings (available as an option)<\/p>\n<p class=\"p1\">SAMPLE<br \/>\n10 cm = 21 stitches and 10 cm = 28 rows with 3 mm needles in washed and blocked Jersey stitch<\/p>","protected":false},"excerpt":{"rendered":"<p>This sweater is knitted in one piece with the set in sleeves method starting from the back. The back and the fronts are knitted separately before joining the body at the armpits. The sleeves are then rolled up along the armholes. This sweater is worn with a positive ease of 15 to 20 cm.<\/p>\n<p><img decoding=\"async\" class=\"aligncenter wp-image-602155 size-large\" src=\"https:\/\/natissea.com\/wp-content\/uploads\/2023\/03\/clementine-1024x906.png\" alt=\"kit pull cl\u00e9mentine @christallkdesigns\" width=\"1024\" height=\"906\" srcset=\"https:\/\/natissea.com\/wp-content\/uploads\/2023\/03\/clementine-1024x906.png 1024w, https:\/\/natissea.com\/wp-content\/uploads\/2023\/03\/clementine-300x266.png 300w, https:\/\/natissea.com\/wp-content\/uploads\/2023\/03\/clementine-768x680.png 768w, https:\/\/natissea.com\/wp-content\/uploads\/2023\/03\/clementine-14x12.png 14w, https:\/\/natissea.com\/wp-content\/uploads\/2023\/03\/clementine-600x531.png 600w, https:\/\/natissea.com\/wp-content\/uploads\/2023\/03\/clementine.png 1062w\" sizes=\"(max-width: 1024px) 100vw, 1024px\" \/><\/p>","protected":false},"featured_media":3904,"template":"","meta":{"_seopress_robots_primary_cat":"none","_seopress_titles_title":"","_seopress_titles_desc":"","_seopress_robots_index":"","_uag_custom_page_level_css":"","site-sidebar-layout":"default","site-content-layout":"default","ast-site-content-layout":"default","site-content-style":"default","site-sidebar-style":"default","ast-global-header-display":"","ast-banner-title-visibility":"","ast-main-header-display":"","ast-hfb-above-header-display":"","ast-hfb-below-header-display":"","ast-hfb-mobile-header-display":"","site-post-title":"","ast-breadcrumbs-content":"","ast-featured-img":"","footer-sml-layout":"","ast-disable-related-posts":"","theme-transparent-header-meta":"default","adv-header-id-meta":"","stick-header-meta":"default","header-above-stick-meta":"","header-main-stick-meta":"","header-below-stick-meta":"","astra-migrate-meta-layouts":"set","ast-page-background-enabled":"default","ast-page-background-meta":{"desktop":{"background-color":"var(--ast-global-color-4)","background-image":"","background-repeat":"repeat","background-position":"center center","background-size":"auto","background-attachment":"scroll","background-type":"","background-media":"","overlay-type":"","overlay-color":"","overlay-opacity":"","overlay-gradient":""},"tablet":{"background-color":"","background-image":"","background-repeat":"repeat","background-position":"center center","background-size":"auto","background-attachment":"scroll","background-type":"","background-media":"","overlay-type":"","overlay-color":"","overlay-opacity":"","overlay-gradient":""},"mobile":{"background-color":"","background-image":"","background-repeat":"repeat","background-position":"center center","background-size":"auto","background-attachment":"scroll","background-type":"","background-media":"","overlay-type":"","overlay-color":"","overlay-opacity":"","overlay-gradient":""}},"ast-content-background-meta":{"desktop":{"background-color":"var(--ast-global-color-5)","background-image":"","background-repeat":"repeat","background-position":"center center","background-size":"auto","background-attachment":"scroll","background-type":"","background-media":"","overlay-type":"","overlay-color":"","overlay-opacity":"","overlay-gradient":""},"tablet":{"background-color":"var(--ast-global-color-5)","background-image":"","background-repeat":"repeat","background-position":"center center","background-size":"auto","background-attachment":"scroll","background-type":"","background-media":"","overlay-type":"","overlay-color":"","overlay-opacity":"","overlay-gradient":""},"mobile":{"background-color":"var(--ast-global-color-5)","background-image":"","background-repeat":"repeat","background-position":"center center","background-size":"auto","background-attachment":"scroll","background-type":"","background-media":"","overlay-type":"","overlay-color":"","overlay-opacity":"","overlay-gradient":""}}},"product_brand":[],"product_cat":[69],"product_tag":[],"class_list":{"0":"post-3846","1":"product","2":"type-product","3":"status-publish","4":"has-post-thumbnail","6":"product_cat-kits","7":"desktop-align-center","8":"tablet-align-left","9":"mobile-align-left","11":"first","12":"instock","13":"downloadable","14":"taxable","15":"shipping-taxable","16":"purchasable","17":"product-type-composite"},"uagb_featured_image_src":{"full":["https:\/\/natissea.com\/wp-content\/uploads\/2023\/03\/natissea_2022-shooting-ss22-01-510.jpg",720,720,false],"thumbnail":["https:\/\/natissea.com\/wp-content\/uploads\/2023\/03\/natissea_2022-shooting-ss22-01-510-150x150.jpg",150,150,true],"medium":["https:\/\/natissea.com\/wp-content\/uploads\/2023\/03\/natissea_2022-shooting-ss22-01-510-300x300.jpg",300,300,true],"medium_large":["https:\/\/natissea.com\/wp-content\/uploads\/2023\/03\/natissea_2022-shooting-ss22-01-510.jpg",720,720,false],"large":["https:\/\/natissea.com\/wp-content\/uploads\/2023\/03\/natissea_2022-shooting-ss22-01-510.jpg",720,720,false],"1536x1536":["https:\/\/natissea.com\/wp-content\/uploads\/2023\/03\/natissea_2022-shooting-ss22-01-510.jpg",720,720,false],"2048x2048":["https:\/\/natissea.com\/wp-content\/uploads\/2023\/03\/natissea_2022-shooting-ss22-01-510.jpg",720,720,false],"trp-custom-language-flag":["https:\/\/natissea.com\/wp-content\/uploads\/2023\/03\/natissea_2022-shooting-ss22-01-510.jpg",12,12,false],"mailpoet_newsletter_max":["https:\/\/natissea.com\/wp-content\/uploads\/2023\/03\/natissea_2022-shooting-ss22-01-510.jpg",720,720,false],"woocommerce_thumbnail":["https:\/\/natissea.com\/wp-content\/uploads\/2023\/03\/natissea_2022-shooting-ss22-01-510-300x300.jpg",300,300,true],"woocommerce_single":["https:\/\/natissea.com\/wp-content\/uploads\/2023\/03\/natissea_2022-shooting-ss22-01-510-600x600.jpg",600,600,true],"woocommerce_gallery_thumbnail":["https:\/\/natissea.com\/wp-content\/uploads\/2023\/03\/natissea_2022-shooting-ss22-01-510-100x100.jpg",100,100,true]},"uagb_author_info":{"display_name":"nghtmre","author_link":"https:\/\/natissea.com\/en"},"uagb_comment_info":0,"uagb_excerpt":"Ce pull est tricot\u00e9 en une seule pi\u00e8ce avec la m\u00e9thode du set in sleeves en commen\u00e7ant par le dos. Le dos et les devants sont tricot\u00e9s s\u00e9par\u00e9ment avant de joindre le corps au niveau des aisselles. Les manches sont ensuite relev\u00e9es le long des emmanchures. Ce pull se porte avec une aisance positive de&hellip;","jetpack_sharing_enabled":true,"_links":{"self":[{"href":"https:\/\/natissea.com\/en\/wp-json\/wp\/v2\/product\/3846","targetHints":{"allow":["GET"]}}],"collection":[{"href":"https:\/\/natissea.com\/en\/wp-json\/wp\/v2\/product"}],"about":[{"href":"https:\/\/natissea.com\/en\/wp-json\/wp\/v2\/types\/product"}],"wp:featuredmedia":[{"embeddable":true,"href":"https:\/\/natissea.com\/en\/wp-json\/wp\/v2\/media\/3904"}],"wp:attachment":[{"href":"https:\/\/natissea.com\/en\/wp-json\/wp\/v2\/media?parent=3846"}],"wp:term":[{"taxonomy":"product_brand","embeddable":true,"href":"https:\/\/natissea.com\/en\/wp-json\/wp\/v2\/product_brand?post=3846"},{"taxonomy":"product_cat","embeddable":true,"href":"https:\/\/natissea.com\/en\/wp-json\/wp\/v2\/product_cat?post=3846"},{"taxonomy":"product_tag","embeddable":true,"href":"https:\/\/natissea.com\/en\/wp-json\/wp\/v2\/product_tag?post=3846"}],"curies":[{"name":"wp","href":"https:\/\/api.w.org\/{rel}","templated":true}]}}