{"id":3847,"date":"2023-03-19T11:53:10","date_gmt":"2023-03-19T10:53:10","guid":{"rendered":"https:\/\/natissea.com\/boutique\/kit-pull-bachir-by-tricotalicehammer\/"},"modified":"2024-03-22T21:54:52","modified_gmt":"2024-03-22T20:54:52","slug":"kit-pull-bachir-by-tricotalicehammer","status":"publish","type":"product","link":"https:\/\/natissea.com\/en\/boutique\/kit-pull-bachir-by-tricotalicehammer\/","title":{"rendered":"Bachir sweater kit @tricotalicehammer"},"content":{"rendered":"<p class=\"p1\">SON<br \/>\nDamya (55 % hemp and 45 % organic cotton) \u00b1 170 m for 100 g or Malva (100 % organic cotton) \u00b1 190 m for 100 g<\/p>\n<p class=\"p1\">MATERIAL<br \/>\n1 pair of 3 and 4 mm circular needles, 1 row counter and marker rings<\/p>\n<p class=\"p1\">SAMPLE<br \/>\n10 cm = 20 stitches and 10 cm = 26 rows with 4 mm needles in washed and blocked lace stitch<\/p>\n<p class=\"p1\">","protected":false},"excerpt":{"rendered":"<p>Alternate cable cast-on assembly. Playful construction and lace stitch easy to achieve.<\/p>\n<p><img decoding=\"async\" class=\"wp-image-602196 size-large\" src=\"https:\/\/natissea.com\/wp-content\/uploads\/2023\/03\/bachir-1024x778.png\" alt=\"kit pull bachir @tricotalicehammer\" width=\"1024\" height=\"778\" srcset=\"https:\/\/natissea.com\/wp-content\/uploads\/2023\/03\/bachir-1024x778.png 1024w, https:\/\/natissea.com\/wp-content\/uploads\/2023\/03\/bachir-300x228.png 300w, https:\/\/natissea.com\/wp-content\/uploads\/2023\/03\/bachir-768x583.png 768w, https:\/\/natissea.com\/wp-content\/uploads\/2023\/03\/bachir-16x12.png 16w, https:\/\/natissea.com\/wp-content\/uploads\/2023\/03\/bachir-600x456.png 600w, https:\/\/natissea.com\/wp-content\/uploads\/2023\/03\/bachir.png 1048w\" sizes=\"(max-width: 1024px) 100vw, 1024px\" \/><\/p>","protected":false},"featured_media":3898,"template":"","meta":{"_seopress_robots_primary_cat":"none","_seopress_titles_title":"","_seopress_titles_desc":"","_seopress_robots_index":"","_uag_custom_page_level_css":"","site-sidebar-layout":"default","site-content-layout":"default","ast-site-content-layout":"default","site-content-style":"default","site-sidebar-style":"default","ast-global-header-display":"","ast-banner-title-visibility":"","ast-main-header-display":"","ast-hfb-above-header-display":"","ast-hfb-below-header-display":"","ast-hfb-mobile-header-display":"","site-post-title":"","ast-breadcrumbs-content":"","ast-featured-img":"","footer-sml-layout":"","ast-disable-related-posts":"","theme-transparent-header-meta":"default","adv-header-id-meta":"","stick-header-meta":"default","header-above-stick-meta":"","header-main-stick-meta":"","header-below-stick-meta":"","astra-migrate-meta-layouts":"set","ast-page-background-enabled":"default","ast-page-background-meta":{"desktop":{"background-color":"var(--ast-global-color-4)","background-image":"","background-repeat":"repeat","background-position":"center center","background-size":"auto","background-attachment":"scroll","background-type":"","background-media":"","overlay-type":"","overlay-color":"","overlay-opacity":"","overlay-gradient":""},"tablet":{"background-color":"","background-image":"","background-repeat":"repeat","background-position":"center center","background-size":"auto","background-attachment":"scroll","background-type":"","background-media":"","overlay-type":"","overlay-color":"","overlay-opacity":"","overlay-gradient":""},"mobile":{"background-color":"","background-image":"","background-repeat":"repeat","background-position":"center center","background-size":"auto","background-attachment":"scroll","background-type":"","background-media":"","overlay-type":"","overlay-color":"","overlay-opacity":"","overlay-gradient":""}},"ast-content-background-meta":{"desktop":{"background-color":"var(--ast-global-color-5)","background-image":"","background-repeat":"repeat","background-position":"center center","background-size":"auto","background-attachment":"scroll","background-type":"","background-media":"","overlay-type":"","overlay-color":"","overlay-opacity":"","overlay-gradient":""},"tablet":{"background-color":"var(--ast-global-color-5)","background-image":"","background-repeat":"repeat","background-position":"center center","background-size":"auto","background-attachment":"scroll","background-type":"","background-media":"","overlay-type":"","overlay-color":"","overlay-opacity":"","overlay-gradient":""},"mobile":{"background-color":"var(--ast-global-color-5)","background-image":"","background-repeat":"repeat","background-position":"center center","background-size":"auto","background-attachment":"scroll","background-type":"","background-media":"","overlay-type":"","overlay-color":"","overlay-opacity":"","overlay-gradient":""}}},"product_brand":[],"product_cat":[69],"product_tag":[],"class_list":{"0":"post-3847","1":"product","2":"type-product","3":"status-publish","4":"has-post-thumbnail","6":"product_cat-kits","7":"desktop-align-center","8":"tablet-align-left","9":"mobile-align-left","11":"first","12":"instock","13":"downloadable","14":"taxable","15":"shipping-taxable","16":"purchasable","17":"product-type-composite"},"uagb_featured_image_src":{"full":["https:\/\/natissea.com\/wp-content\/uploads\/2023\/03\/natissea-pull-bachir-alice-hammer.jpg",584,584,false],"thumbnail":["https:\/\/natissea.com\/wp-content\/uploads\/2023\/03\/natissea-pull-bachir-alice-hammer-150x150.jpg",150,150,true],"medium":["https:\/\/natissea.com\/wp-content\/uploads\/2023\/03\/natissea-pull-bachir-alice-hammer-300x300.jpg",300,300,true],"medium_large":["https:\/\/natissea.com\/wp-content\/uploads\/2023\/03\/natissea-pull-bachir-alice-hammer.jpg",584,584,false],"large":["https:\/\/natissea.com\/wp-content\/uploads\/2023\/03\/natissea-pull-bachir-alice-hammer.jpg",584,584,false],"1536x1536":["https:\/\/natissea.com\/wp-content\/uploads\/2023\/03\/natissea-pull-bachir-alice-hammer.jpg",584,584,false],"2048x2048":["https:\/\/natissea.com\/wp-content\/uploads\/2023\/03\/natissea-pull-bachir-alice-hammer.jpg",584,584,false],"trp-custom-language-flag":["https:\/\/natissea.com\/wp-content\/uploads\/2023\/03\/natissea-pull-bachir-alice-hammer.jpg",12,12,false],"mailpoet_newsletter_max":["https:\/\/natissea.com\/wp-content\/uploads\/2023\/03\/natissea-pull-bachir-alice-hammer.jpg",584,584,false],"woocommerce_thumbnail":["https:\/\/natissea.com\/wp-content\/uploads\/2023\/03\/natissea-pull-bachir-alice-hammer-300x300.jpg",300,300,true],"woocommerce_single":["https:\/\/natissea.com\/wp-content\/uploads\/2023\/03\/natissea-pull-bachir-alice-hammer.jpg",584,584,false],"woocommerce_gallery_thumbnail":["https:\/\/natissea.com\/wp-content\/uploads\/2023\/03\/natissea-pull-bachir-alice-hammer-100x100.jpg",100,100,true]},"uagb_author_info":{"display_name":"nghtmre","author_link":"https:\/\/natissea.com\/en"},"uagb_comment_info":0,"uagb_excerpt":"Montage en alternate cable cast-on. Construction ludique et point ajour\u00e9 facile \u00e0 r\u00e9aliser.","jetpack_sharing_enabled":true,"_links":{"self":[{"href":"https:\/\/natissea.com\/en\/wp-json\/wp\/v2\/product\/3847","targetHints":{"allow":["GET"]}}],"collection":[{"href":"https:\/\/natissea.com\/en\/wp-json\/wp\/v2\/product"}],"about":[{"href":"https:\/\/natissea.com\/en\/wp-json\/wp\/v2\/types\/product"}],"wp:featuredmedia":[{"embeddable":true,"href":"https:\/\/natissea.com\/en\/wp-json\/wp\/v2\/media\/3898"}],"wp:attachment":[{"href":"https:\/\/natissea.com\/en\/wp-json\/wp\/v2\/media?parent=3847"}],"wp:term":[{"taxonomy":"product_brand","embeddable":true,"href":"https:\/\/natissea.com\/en\/wp-json\/wp\/v2\/product_brand?post=3847"},{"taxonomy":"product_cat","embeddable":true,"href":"https:\/\/natissea.com\/en\/wp-json\/wp\/v2\/product_cat?post=3847"},{"taxonomy":"product_tag","embeddable":true,"href":"https:\/\/natissea.com\/en\/wp-json\/wp\/v2\/product_tag?post=3847"}],"curies":[{"name":"wp","href":"https:\/\/api.w.org\/{rel}","templated":true}]}}