{"id":4261274,"date":"2025-01-30T20:50:49","date_gmt":"2025-01-30T19:50:49","guid":{"rendered":"https:\/\/natissea.com\/?post_type=product&#038;p=4261274"},"modified":"2025-01-30T20:56:18","modified_gmt":"2025-01-30T19:56:18","slug":"kit-chale-ametyst-par-lucienne-tricote","status":"publish","type":"product","link":"https:\/\/natissea.com\/en\/boutique\/kit-chale-ametyst-par-lucienne-tricote\/","title":{"rendered":"Ametyst Shawl kit by Lucienne Tricote"},"content":{"rendered":"<div>The Ametyst shawl requires only 3 skeins of Pernelle or Lina\u00e9. It is knitted in half-moon garter stitch. It is embellished with 3 sections of lace, inspired by the crystals of the same name. It is beautifully finished with a picot bind-off. The pomegranate and honey Pernelle version is shown in the photos.<\/div>\n<div><\/div>\n<div>Pattern available in French.<\/div>\n<div><\/div>\n<div>Thread used:<\/div>\n<ul>\n<li>Perelle 100% hemp<\/li>\n<li>Lina\u00e9 95% French linen 5% cotton<\/li>\n<\/ul>\n<div>Material :<\/div>\n<div>\n<ul>\n<li>3.5mm needles or needles to obtain the correct sample.<\/li>\n<li>Markers and a yarn needle.<\/li>\n<\/ul>\n<\/div>\n<div>Sample :<\/div>\n<ul>\n<li>With 3.5mm needles,<\/li>\n<li>21 stitches and 32 rows = 10cm in stocking stitch,<\/li>\n<li>washed and blocked<\/li>\n<\/ul>","protected":false},"excerpt":{"rendered":"<p><a href=\"https:\/\/natissea.com\/wp-content\/uploads\/2025\/01\/chale-magique.png\" target=\"_blank\" rel=\"noopener\"><img decoding=\"async\" class=\"alignnone wp-image-5049967 size-full\" src=\"https:\/\/natissea.com\/wp-content\/uploads\/2025\/01\/chale-magique.png\" alt=\"kit ch\u00e2le ametyst par lucienne tricote\" width=\"1308\" height=\"526\" srcset=\"https:\/\/natissea.com\/wp-content\/uploads\/2025\/01\/chale-magique.png 1308w, https:\/\/natissea.com\/wp-content\/uploads\/2025\/01\/chale-magique-300x121.png 300w, https:\/\/natissea.com\/wp-content\/uploads\/2025\/01\/chale-magique-1024x412.png 1024w, https:\/\/natissea.com\/wp-content\/uploads\/2025\/01\/chale-magique-768x309.png 768w, https:\/\/natissea.com\/wp-content\/uploads\/2025\/01\/chale-magique-18x7.png 18w, https:\/\/natissea.com\/wp-content\/uploads\/2025\/01\/chale-magique-600x241.png 600w\" sizes=\"(max-width: 1308px) 100vw, 1308px\" \/><\/a><\/p>","protected":false},"featured_media":5049435,"template":"","meta":{"_seopress_robots_primary_cat":"none","_seopress_titles_title":"%%post_title%% %%sep%% %%sitetitle%%","_seopress_titles_desc":"Ch\u00e2le Amethyst : un tricot \u00e9l\u00e9gant en demi-lune, en point mousse avec dentelle inspir\u00e9e des cristaux. R\u00e9alisable avec 3 \u00e9cheveaux de Pernelle ou Lina\u00e9.","_seopress_robots_index":"","_uag_custom_page_level_css":"","site-sidebar-layout":"default","site-content-layout":"","ast-site-content-layout":"default","site-content-style":"default","site-sidebar-style":"default","ast-global-header-display":"","ast-banner-title-visibility":"","ast-main-header-display":"","ast-hfb-above-header-display":"","ast-hfb-below-header-display":"","ast-hfb-mobile-header-display":"","site-post-title":"","ast-breadcrumbs-content":"","ast-featured-img":"","footer-sml-layout":"","ast-disable-related-posts":"","theme-transparent-header-meta":"default","adv-header-id-meta":"","stick-header-meta":"default","header-above-stick-meta":"","header-main-stick-meta":"","header-below-stick-meta":"","astra-migrate-meta-layouts":"set","ast-page-background-enabled":"default","ast-page-background-meta":{"desktop":{"background-color":"var(--ast-global-color-4)","background-image":"","background-repeat":"repeat","background-position":"center center","background-size":"auto","background-attachment":"scroll","background-type":"","background-media":"","overlay-type":"","overlay-color":"","overlay-opacity":"","overlay-gradient":""},"tablet":{"background-color":"","background-image":"","background-repeat":"repeat","background-position":"center center","background-size":"auto","background-attachment":"scroll","background-type":"","background-media":"","overlay-type":"","overlay-color":"","overlay-opacity":"","overlay-gradient":""},"mobile":{"background-color":"","background-image":"","background-repeat":"repeat","background-position":"center center","background-size":"auto","background-attachment":"scroll","background-type":"","background-media":"","overlay-type":"","overlay-color":"","overlay-opacity":"","overlay-gradient":""}},"ast-content-background-meta":{"desktop":{"background-color":"var(--ast-global-color-5)","background-image":"","background-repeat":"repeat","background-position":"center center","background-size":"auto","background-attachment":"scroll","background-type":"","background-media":"","overlay-type":"","overlay-color":"","overlay-opacity":"","overlay-gradient":""},"tablet":{"background-color":"var(--ast-global-color-5)","background-image":"","background-repeat":"repeat","background-position":"center center","background-size":"auto","background-attachment":"scroll","background-type":"","background-media":"","overlay-type":"","overlay-color":"","overlay-opacity":"","overlay-gradient":""},"mobile":{"background-color":"var(--ast-global-color-5)","background-image":"","background-repeat":"repeat","background-position":"center center","background-size":"auto","background-attachment":"scroll","background-type":"","background-media":"","overlay-type":"","overlay-color":"","overlay-opacity":"","overlay-gradient":""}}},"product_brand":[],"product_cat":[69],"product_tag":[],"class_list":{"0":"post-4261274","1":"product","2":"type-product","3":"status-publish","4":"has-post-thumbnail","6":"product_cat-kits","7":"desktop-align-center","8":"tablet-align-left","9":"mobile-align-left","11":"first","12":"instock","13":"taxable","14":"shipping-taxable","15":"purchasable","16":"product-type-composite"},"uagb_featured_image_src":{"full":["https:\/\/natissea.com\/wp-content\/uploads\/2025\/01\/kit-chale-ametyst-par-lucienne-tricote_0292-scaled.jpeg",1710,2560,false],"thumbnail":["https:\/\/natissea.com\/wp-content\/uploads\/2025\/01\/kit-chale-ametyst-par-lucienne-tricote_0292-150x150.jpeg",150,150,true],"medium":["https:\/\/natissea.com\/wp-content\/uploads\/2025\/01\/kit-chale-ametyst-par-lucienne-tricote_0292-200x300.jpeg",200,300,true],"medium_large":["https:\/\/natissea.com\/wp-content\/uploads\/2025\/01\/kit-chale-ametyst-par-lucienne-tricote_0292-768x1150.jpeg",768,1150,true],"large":["https:\/\/natissea.com\/wp-content\/uploads\/2025\/01\/kit-chale-ametyst-par-lucienne-tricote_0292-684x1024.jpeg",684,1024,true],"1536x1536":["https:\/\/natissea.com\/wp-content\/uploads\/2025\/01\/kit-chale-ametyst-par-lucienne-tricote_0292-1026x1536.jpeg",1026,1536,true],"2048x2048":["https:\/\/natissea.com\/wp-content\/uploads\/2025\/01\/kit-chale-ametyst-par-lucienne-tricote_0292-1368x2048.jpeg",1368,2048,true],"trp-custom-language-flag":["https:\/\/natissea.com\/wp-content\/uploads\/2025\/01\/kit-chale-ametyst-par-lucienne-tricote_0292-8x12.jpeg",8,12,true],"mailpoet_newsletter_max":["https:\/\/natissea.com\/wp-content\/uploads\/2025\/01\/kit-chale-ametyst-par-lucienne-tricote_0292-1320x1976.jpeg",1320,1976,true],"woocommerce_thumbnail":["https:\/\/natissea.com\/wp-content\/uploads\/2025\/01\/kit-chale-ametyst-par-lucienne-tricote_0292-300x300.jpeg",300,300,true],"woocommerce_single":["https:\/\/natissea.com\/wp-content\/uploads\/2025\/01\/kit-chale-ametyst-par-lucienne-tricote_0292-600x898.jpeg",600,898,true],"woocommerce_gallery_thumbnail":["https:\/\/natissea.com\/wp-content\/uploads\/2025\/01\/kit-chale-ametyst-par-lucienne-tricote_0292-100x100.jpeg",100,100,true]},"uagb_author_info":{"display_name":"nghtmre","author_link":"https:\/\/natissea.com\/en"},"uagb_comment_info":0,"uagb_excerpt":null,"jetpack_sharing_enabled":true,"_links":{"self":[{"href":"https:\/\/natissea.com\/en\/wp-json\/wp\/v2\/product\/4261274","targetHints":{"allow":["GET"]}}],"collection":[{"href":"https:\/\/natissea.com\/en\/wp-json\/wp\/v2\/product"}],"about":[{"href":"https:\/\/natissea.com\/en\/wp-json\/wp\/v2\/types\/product"}],"wp:featuredmedia":[{"embeddable":true,"href":"https:\/\/natissea.com\/en\/wp-json\/wp\/v2\/media\/5049435"}],"wp:attachment":[{"href":"https:\/\/natissea.com\/en\/wp-json\/wp\/v2\/media?parent=4261274"}],"wp:term":[{"taxonomy":"product_brand","embeddable":true,"href":"https:\/\/natissea.com\/en\/wp-json\/wp\/v2\/product_brand?post=4261274"},{"taxonomy":"product_cat","embeddable":true,"href":"https:\/\/natissea.com\/en\/wp-json\/wp\/v2\/product_cat?post=4261274"},{"taxonomy":"product_tag","embeddable":true,"href":"https:\/\/natissea.com\/en\/wp-json\/wp\/v2\/product_tag?post=4261274"}],"curies":[{"name":"wp","href":"https:\/\/api.w.org\/{rel}","templated":true}]}}