{"id":4438297,"date":"2025-01-30T20:49:59","date_gmt":"2025-01-30T19:49:59","guid":{"rendered":"https:\/\/natissea.com\/?post_type=product&#038;p=4438297"},"modified":"2025-01-30T20:52:09","modified_gmt":"2025-01-30T19:52:09","slug":"kit-pull-ametyst-par-lucienne-tricote","status":"publish","type":"product","link":"https:\/\/natissea.com\/en\/boutique\/kit-pull-ametyst-par-lucienne-tricote\/","title":{"rendered":"Ametyst Sweater Kit by Lucienne Tricote"},"content":{"rendered":"<div>The pretty Ametyst sweater is embellished with three sections of lace, inspired by the crystals of the same name. It can be knitted in Pernelle or Lina\u00e9 as a top-down, in a short-sleeved cropped version, or in a long-sleeved version. It is beautifully finished with a picot binding. See the photos for the short-sleeved cropped version in pomegranate Pernelle and the long-sleeved version in orchid Lina\u00e9.<\/div>\n<div><\/div>\n<div>Pattern available in French.<\/div>\n<div><\/div>\n<div>Thread used:<\/div>\n<ul>\n<li>Perelle 100% hemp<\/li>\n<li>Lina\u00e9 95% French linen 5% cotton<\/li>\n<\/ul>\n<div>Material :<\/div>\n<div>\n<ul>\n<li>3.5mm circular needles, or the size needed to obtain the correct gauge, with cable adapted according to the circumference to be knitted<\/li>\n<li>3 mm circular needles, or the size required to obtain the correct sample reduced by 0.5 mm, with cable adapted according to the circumference to be knitted.<\/li>\n<li>Markers, 1 wool needle, 1 3mm crochet hook<\/li>\n<li>1 button 8 mm in diameter<\/li>\n<\/ul>\n<\/div>\n<div>Sample :<\/div>\n<ul>\n<li>With 3.5mm needles,<\/li>\n<li>20 stitches and 32 rows = 10cm in jersey,<\/li>\n<li>washed and blocked<\/li>\n<\/ul>","protected":false},"excerpt":{"rendered":"<p><img decoding=\"async\" class=\"wp-image-5050060 size-full\" src=\"https:\/\/natissea.com\/wp-content\/uploads\/2025\/01\/top-magique.png\" alt=\"kit pull ametyst par lucienne tricote\" width=\"1330\" height=\"1446\" srcset=\"https:\/\/natissea.com\/wp-content\/uploads\/2025\/01\/top-magique.png 1330w, https:\/\/natissea.com\/wp-content\/uploads\/2025\/01\/top-magique-276x300.png 276w, https:\/\/natissea.com\/wp-content\/uploads\/2025\/01\/top-magique-942x1024.png 942w, https:\/\/natissea.com\/wp-content\/uploads\/2025\/01\/top-magique-768x835.png 768w, https:\/\/natissea.com\/wp-content\/uploads\/2025\/01\/top-magique-11x12.png 11w, https:\/\/natissea.com\/wp-content\/uploads\/2025\/01\/top-magique-1320x1435.png 1320w, https:\/\/natissea.com\/wp-content\/uploads\/2025\/01\/top-magique-600x652.png 600w\" sizes=\"(max-width: 1330px) 100vw, 1330px\" \/><\/p>","protected":false},"featured_media":5049706,"template":"","meta":{"_seopress_robots_primary_cat":"none","_seopress_titles_title":"%%post_title%% %%sep%% %%sitetitle%%","_seopress_titles_desc":"Pull Amethyst : tricotez-le en Pernelle ou Lina\u00e9, avec dentelle inspir\u00e9e des cristaux. Version crop ou longue, manches courtes ou longues, finition picots \u00e9l\u00e9gante.","_seopress_robots_index":"","_uag_custom_page_level_css":"","site-sidebar-layout":"default","site-content-layout":"","ast-site-content-layout":"default","site-content-style":"default","site-sidebar-style":"default","ast-global-header-display":"","ast-banner-title-visibility":"","ast-main-header-display":"","ast-hfb-above-header-display":"","ast-hfb-below-header-display":"","ast-hfb-mobile-header-display":"","site-post-title":"","ast-breadcrumbs-content":"","ast-featured-img":"","footer-sml-layout":"","ast-disable-related-posts":"","theme-transparent-header-meta":"default","adv-header-id-meta":"","stick-header-meta":"default","header-above-stick-meta":"","header-main-stick-meta":"","header-below-stick-meta":"","astra-migrate-meta-layouts":"set","ast-page-background-enabled":"default","ast-page-background-meta":{"desktop":{"background-color":"var(--ast-global-color-4)","background-image":"","background-repeat":"repeat","background-position":"center center","background-size":"auto","background-attachment":"scroll","background-type":"","background-media":"","overlay-type":"","overlay-color":"","overlay-opacity":"","overlay-gradient":""},"tablet":{"background-color":"","background-image":"","background-repeat":"repeat","background-position":"center center","background-size":"auto","background-attachment":"scroll","background-type":"","background-media":"","overlay-type":"","overlay-color":"","overlay-opacity":"","overlay-gradient":""},"mobile":{"background-color":"","background-image":"","background-repeat":"repeat","background-position":"center center","background-size":"auto","background-attachment":"scroll","background-type":"","background-media":"","overlay-type":"","overlay-color":"","overlay-opacity":"","overlay-gradient":""}},"ast-content-background-meta":{"desktop":{"background-color":"var(--ast-global-color-5)","background-image":"","background-repeat":"repeat","background-position":"center center","background-size":"auto","background-attachment":"scroll","background-type":"","background-media":"","overlay-type":"","overlay-color":"","overlay-opacity":"","overlay-gradient":""},"tablet":{"background-color":"var(--ast-global-color-5)","background-image":"","background-repeat":"repeat","background-position":"center center","background-size":"auto","background-attachment":"scroll","background-type":"","background-media":"","overlay-type":"","overlay-color":"","overlay-opacity":"","overlay-gradient":""},"mobile":{"background-color":"var(--ast-global-color-5)","background-image":"","background-repeat":"repeat","background-position":"center center","background-size":"auto","background-attachment":"scroll","background-type":"","background-media":"","overlay-type":"","overlay-color":"","overlay-opacity":"","overlay-gradient":""}}},"product_brand":[],"product_cat":[69],"product_tag":[],"class_list":{"0":"post-4438297","1":"product","2":"type-product","3":"status-publish","4":"has-post-thumbnail","6":"product_cat-kits","7":"desktop-align-center","8":"tablet-align-left","9":"mobile-align-left","11":"first","12":"instock","13":"taxable","14":"shipping-taxable","15":"purchasable","16":"product-type-composite"},"uagb_featured_image_src":{"full":["https:\/\/natissea.com\/wp-content\/uploads\/2025\/01\/kit-pull-ametyst-par-lucienne-tricote_0244-scaled.jpeg",1709,2560,false],"thumbnail":["https:\/\/natissea.com\/wp-content\/uploads\/2025\/01\/kit-pull-ametyst-par-lucienne-tricote_0244-150x150.jpeg",150,150,true],"medium":["https:\/\/natissea.com\/wp-content\/uploads\/2025\/01\/kit-pull-ametyst-par-lucienne-tricote_0244-200x300.jpeg",200,300,true],"medium_large":["https:\/\/natissea.com\/wp-content\/uploads\/2025\/01\/kit-pull-ametyst-par-lucienne-tricote_0244-768x1150.jpeg",768,1150,true],"large":["https:\/\/natissea.com\/wp-content\/uploads\/2025\/01\/kit-pull-ametyst-par-lucienne-tricote_0244-684x1024.jpeg",684,1024,true],"1536x1536":["https:\/\/natissea.com\/wp-content\/uploads\/2025\/01\/kit-pull-ametyst-par-lucienne-tricote_0244-1025x1536.jpeg",1025,1536,true],"2048x2048":["https:\/\/natissea.com\/wp-content\/uploads\/2025\/01\/kit-pull-ametyst-par-lucienne-tricote_0244-1367x2048.jpeg",1367,2048,true],"trp-custom-language-flag":["https:\/\/natissea.com\/wp-content\/uploads\/2025\/01\/kit-pull-ametyst-par-lucienne-tricote_0244-8x12.jpeg",8,12,true],"mailpoet_newsletter_max":["https:\/\/natissea.com\/wp-content\/uploads\/2025\/01\/kit-pull-ametyst-par-lucienne-tricote_0244-1320x1977.jpeg",1320,1977,true],"woocommerce_thumbnail":["https:\/\/natissea.com\/wp-content\/uploads\/2025\/01\/kit-pull-ametyst-par-lucienne-tricote_0244-300x300.jpeg",300,300,true],"woocommerce_single":["https:\/\/natissea.com\/wp-content\/uploads\/2025\/01\/kit-pull-ametyst-par-lucienne-tricote_0244-600x899.jpeg",600,899,true],"woocommerce_gallery_thumbnail":["https:\/\/natissea.com\/wp-content\/uploads\/2025\/01\/kit-pull-ametyst-par-lucienne-tricote_0244-100x100.jpeg",100,100,true]},"uagb_author_info":{"display_name":"nghtmre","author_link":"https:\/\/natissea.com\/en"},"uagb_comment_info":0,"uagb_excerpt":null,"jetpack_sharing_enabled":true,"_links":{"self":[{"href":"https:\/\/natissea.com\/en\/wp-json\/wp\/v2\/product\/4438297","targetHints":{"allow":["GET"]}}],"collection":[{"href":"https:\/\/natissea.com\/en\/wp-json\/wp\/v2\/product"}],"about":[{"href":"https:\/\/natissea.com\/en\/wp-json\/wp\/v2\/types\/product"}],"wp:featuredmedia":[{"embeddable":true,"href":"https:\/\/natissea.com\/en\/wp-json\/wp\/v2\/media\/5049706"}],"wp:attachment":[{"href":"https:\/\/natissea.com\/en\/wp-json\/wp\/v2\/media?parent=4438297"}],"wp:term":[{"taxonomy":"product_brand","embeddable":true,"href":"https:\/\/natissea.com\/en\/wp-json\/wp\/v2\/product_brand?post=4438297"},{"taxonomy":"product_cat","embeddable":true,"href":"https:\/\/natissea.com\/en\/wp-json\/wp\/v2\/product_cat?post=4438297"},{"taxonomy":"product_tag","embeddable":true,"href":"https:\/\/natissea.com\/en\/wp-json\/wp\/v2\/product_tag?post=4438297"}],"curies":[{"name":"wp","href":"https:\/\/api.w.org\/{rel}","templated":true}]}}