{"id":476983,"date":"2023-06-19T21:45:01","date_gmt":"2023-06-19T19:45:01","guid":{"rendered":"https:\/\/natissea.com\/?post_type=product&#038;p=476983"},"modified":"2024-03-22T22:01:58","modified_gmt":"2024-03-22T21:01:58","slug":"kit-top-ronsard-de-christallkdesigns","status":"publish","type":"product","link":"https:\/\/natissea.com\/en\/boutique\/kit-top-ronsard-de-christallkdesigns\/","title":{"rendered":"Kit Top Ronsard by @christallkdesigns"},"content":{"rendered":"<p>It is knitted in one piece using the set-in sleeve method, starting at the shoulders. The back and front are then worked flat before being joined in the round. The sleeves are then worked by picking up stitches. This top is worn with a positive ease of 5 to 15 cm. Advanced knitting level.<\/p>\n<p>Thread used:<\/p>\n<p>Lina\u00e9 95% French linen 5% cotton or Pernelle 100% hemp<\/p>\n<p>Needles:<\/p>\n<p>2.75mm circular needles and 80cm cable for the collar<\/p>\n<p>3.25 mm circular needles and 80 to 100 cm long cable depending on size<\/p>\n<p>5 double-pointed needles 2.75 mm for small circumferences (sleeves)<\/p>\n<p>Sample :<\/p>\n<p>22 stitches \/ 28 rows in stockinette stitch in the round for 10 cm after blocking with 3.25 mm needles<\/p>","protected":false},"excerpt":{"rendered":"<p>This stunning sleeveless top is adorned with Japanese lace all over the front and back. It will dress up any outfit on its own, and the plant-based thread will give its patterns perfect definition!<\/p>\n<p>&nbsp;<\/p>\n<p><img decoding=\"async\" class=\"wp-image-601683 size-large\" src=\"https:\/\/natissea.com\/wp-content\/uploads\/2023\/06\/ronsard-906x1024.png\" alt=\"kit top ronsard de @christallkdesigns\" width=\"906\" height=\"1024\" srcset=\"https:\/\/natissea.com\/wp-content\/uploads\/2023\/06\/ronsard-906x1024.png 906w, https:\/\/natissea.com\/wp-content\/uploads\/2023\/06\/ronsard-265x300.png 265w, https:\/\/natissea.com\/wp-content\/uploads\/2023\/06\/ronsard-768x868.png 768w, https:\/\/natissea.com\/wp-content\/uploads\/2023\/06\/ronsard-11x12.png 11w, https:\/\/natissea.com\/wp-content\/uploads\/2023\/06\/ronsard-600x678.png 600w, https:\/\/natissea.com\/wp-content\/uploads\/2023\/06\/ronsard.png 982w\" sizes=\"(max-width: 906px) 100vw, 906px\" \/><\/p>","protected":false},"featured_media":477109,"template":"","meta":{"_seopress_robots_primary_cat":"none","_seopress_titles_title":"Kit Top Ronsard de @christallkdesigns %%sep%% %%sitetitle%%","_seopress_titles_desc":"Ce superbe top sans manches est ornement\u00e9 de dentelle japonaise sur tout le devant et le dos. Il habillera \u00e0 lui seul toutes vos tenues et le fil v\u00e9g\u00e9tal","_seopress_robots_index":"","_uag_custom_page_level_css":"","site-sidebar-layout":"default","site-content-layout":"default","ast-site-content-layout":"default","site-content-style":"default","site-sidebar-style":"default","ast-global-header-display":"","ast-banner-title-visibility":"","ast-main-header-display":"","ast-hfb-above-header-display":"","ast-hfb-below-header-display":"","ast-hfb-mobile-header-display":"","site-post-title":"","ast-breadcrumbs-content":"","ast-featured-img":"","footer-sml-layout":"","ast-disable-related-posts":"","theme-transparent-header-meta":"default","adv-header-id-meta":"","stick-header-meta":"default","header-above-stick-meta":"","header-main-stick-meta":"","header-below-stick-meta":"","astra-migrate-meta-layouts":"set","ast-page-background-enabled":"default","ast-page-background-meta":{"desktop":{"background-color":"var(--ast-global-color-4)","background-image":"","background-repeat":"repeat","background-position":"center center","background-size":"auto","background-attachment":"scroll","background-type":"","background-media":"","overlay-type":"","overlay-color":"","overlay-opacity":"","overlay-gradient":""},"tablet":{"background-color":"","background-image":"","background-repeat":"repeat","background-position":"center center","background-size":"auto","background-attachment":"scroll","background-type":"","background-media":"","overlay-type":"","overlay-color":"","overlay-opacity":"","overlay-gradient":""},"mobile":{"background-color":"","background-image":"","background-repeat":"repeat","background-position":"center center","background-size":"auto","background-attachment":"scroll","background-type":"","background-media":"","overlay-type":"","overlay-color":"","overlay-opacity":"","overlay-gradient":""}},"ast-content-background-meta":{"desktop":{"background-color":"var(--ast-global-color-5)","background-image":"","background-repeat":"repeat","background-position":"center center","background-size":"auto","background-attachment":"scroll","background-type":"","background-media":"","overlay-type":"","overlay-color":"","overlay-opacity":"","overlay-gradient":""},"tablet":{"background-color":"var(--ast-global-color-5)","background-image":"","background-repeat":"repeat","background-position":"center center","background-size":"auto","background-attachment":"scroll","background-type":"","background-media":"","overlay-type":"","overlay-color":"","overlay-opacity":"","overlay-gradient":""},"mobile":{"background-color":"var(--ast-global-color-5)","background-image":"","background-repeat":"repeat","background-position":"center center","background-size":"auto","background-attachment":"scroll","background-type":"","background-media":"","overlay-type":"","overlay-color":"","overlay-opacity":"","overlay-gradient":""}}},"product_brand":[],"product_cat":[69],"product_tag":[],"class_list":{"0":"post-476983","1":"product","2":"type-product","3":"status-publish","4":"has-post-thumbnail","6":"product_cat-kits","7":"desktop-align-center","8":"tablet-align-left","9":"mobile-align-left","11":"first","12":"instock","13":"downloadable","14":"taxable","15":"shipping-taxable","16":"purchasable","17":"product-type-composite"},"uagb_featured_image_src":{"full":["https:\/\/natissea.com\/wp-content\/uploads\/2023\/06\/com-photo-202306-instatop-ronsard-1-scaled.jpg",2560,2560,false],"thumbnail":["https:\/\/natissea.com\/wp-content\/uploads\/2023\/06\/com-photo-202306-instatop-ronsard-1-150x150.jpg",150,150,true],"medium":["https:\/\/natissea.com\/wp-content\/uploads\/2023\/06\/com-photo-202306-instatop-ronsard-1-300x300.jpg",300,300,true],"medium_large":["https:\/\/natissea.com\/wp-content\/uploads\/2023\/06\/com-photo-202306-instatop-ronsard-1-768x768.jpg",768,768,true],"large":["https:\/\/natissea.com\/wp-content\/uploads\/2023\/06\/com-photo-202306-instatop-ronsard-1-1024x1024.jpg",1024,1024,true],"1536x1536":["https:\/\/natissea.com\/wp-content\/uploads\/2023\/06\/com-photo-202306-instatop-ronsard-1-1536x1536.jpg",1536,1536,true],"2048x2048":["https:\/\/natissea.com\/wp-content\/uploads\/2023\/06\/com-photo-202306-instatop-ronsard-1-2048x2048.jpg",2048,2048,true],"trp-custom-language-flag":["https:\/\/natissea.com\/wp-content\/uploads\/2023\/06\/com-photo-202306-instatop-ronsard-1-12x12.jpg",12,12,true],"mailpoet_newsletter_max":["https:\/\/natissea.com\/wp-content\/uploads\/2023\/06\/com-photo-202306-instatop-ronsard-1-1320x1320.jpg",1320,1320,true],"woocommerce_thumbnail":["https:\/\/natissea.com\/wp-content\/uploads\/2023\/06\/com-photo-202306-instatop-ronsard-1-300x300.jpg",300,300,true],"woocommerce_single":["https:\/\/natissea.com\/wp-content\/uploads\/2023\/06\/com-photo-202306-instatop-ronsard-1-600x600.jpg",600,600,true],"woocommerce_gallery_thumbnail":["https:\/\/natissea.com\/wp-content\/uploads\/2023\/06\/com-photo-202306-instatop-ronsard-1-100x100.jpg",100,100,true]},"uagb_author_info":{"display_name":"nghtmre","author_link":"https:\/\/natissea.com\/en"},"uagb_comment_info":0,"uagb_excerpt":"Ce superbe top sans manches est ornement\u00e9 de dentelle japonaise sur tout le devant et le dos. Il habillera \u00e0 lui seul toutes vos tenues et le fil v\u00e9g\u00e9tal donnera \u00e0 ses motifs une d\u00e9finition parfaite\u00a0! &nbsp;","jetpack_sharing_enabled":true,"_links":{"self":[{"href":"https:\/\/natissea.com\/en\/wp-json\/wp\/v2\/product\/476983","targetHints":{"allow":["GET"]}}],"collection":[{"href":"https:\/\/natissea.com\/en\/wp-json\/wp\/v2\/product"}],"about":[{"href":"https:\/\/natissea.com\/en\/wp-json\/wp\/v2\/types\/product"}],"wp:featuredmedia":[{"embeddable":true,"href":"https:\/\/natissea.com\/en\/wp-json\/wp\/v2\/media\/477109"}],"wp:attachment":[{"href":"https:\/\/natissea.com\/en\/wp-json\/wp\/v2\/media?parent=476983"}],"wp:term":[{"taxonomy":"product_brand","embeddable":true,"href":"https:\/\/natissea.com\/en\/wp-json\/wp\/v2\/product_brand?post=476983"},{"taxonomy":"product_cat","embeddable":true,"href":"https:\/\/natissea.com\/en\/wp-json\/wp\/v2\/product_cat?post=476983"},{"taxonomy":"product_tag","embeddable":true,"href":"https:\/\/natissea.com\/en\/wp-json\/wp\/v2\/product_tag?post=476983"}],"curies":[{"name":"wp","href":"https:\/\/api.w.org\/{rel}","templated":true}]}}