{"id":514695,"date":"2023-06-28T21:11:47","date_gmt":"2023-06-28T19:11:47","guid":{"rendered":"https:\/\/natissea.com\/?post_type=product&#038;p=514695"},"modified":"2024-03-22T21:59:50","modified_gmt":"2024-03-22T20:59:50","slug":"kit-top-fleurette-par-tricotalicehammer","status":"publish","type":"product","link":"https:\/\/natissea.com\/en\/boutique\/kit-top-fleurette-par-tricotalicehammer\/","title":{"rendered":"Fleurette Top Kit by @tricotalicehammer"},"content":{"rendered":"<p>We start by knitting the two straps in garter stitch, then come the stitches of the chest band while<\/p>\n<p>by integrating the previously knitted straps. We increase before starting the lace to make the work blouse well, then we begin<\/p>\n<p>lace stitch. The bottom of the work is finished with a hem to ensure a perfect drape.<\/p>\n<p>Thread used:<\/p>\n<p>Lina\u00e9 95% French linen 5% cotton<\/p>\n<p>Material :<\/p>\n<p>2.75mm circular needles and cable according to size<\/p>\n<p>3mm hook<\/p>\n<p>1 boot button<\/p>\n<p>Sample :<\/p>\n<ul>\n<li>24 stitches and 51 rows for 10 cm in garter stitch with 2.75 mm needles after blocking<\/li>\n<li>25.5 stitches and 37.5 rows with the openwork pattern and 2.75 mm needles after blocking<\/li>\n<\/ul>","protected":false},"excerpt":{"rendered":"<p>Fleurette est un d\u00e9bardeur ajour\u00e9, inspir\u00e9 de la broderie anglaise. Encolure carr\u00e9e et petits motifs r\u00e9tro seront donc de mise\u00a0!<\/p>\n[caption id=\"attachment_601692\" align=\"alignnone\" width=\"955\"]<img decoding=\"async\" class=\"wp-image-601692 size-large\" src=\"https:\/\/natissea.com\/wp-content\/uploads\/2023\/06\/fleurette-955x1024.png\" alt=\"kit top fleurette par @tricotalicehammer\" width=\"955\" height=\"1024\" srcset=\"https:\/\/natissea.com\/wp-content\/uploads\/2023\/06\/fleurette-955x1024.png 955w, https:\/\/natissea.com\/wp-content\/uploads\/2023\/06\/fleurette-280x300.png 280w, https:\/\/natissea.com\/wp-content\/uploads\/2023\/06\/fleurette-768x824.png 768w, https:\/\/natissea.com\/wp-content\/uploads\/2023\/06\/fleurette-11x12.png 11w, https:\/\/natissea.com\/wp-content\/uploads\/2023\/06\/fleurette-600x643.png 600w, https:\/\/natissea.com\/wp-content\/uploads\/2023\/06\/fleurette.png 994w\" sizes=\"(max-width: 955px) 100vw, 955px\" \/> kit top fleurette par @tricotalicehammer[\/caption]\n","protected":false},"featured_media":516401,"template":"","meta":{"_seopress_robots_primary_cat":"none","_seopress_titles_title":"Kit Top Fleurette par @tricotalicehammer %%sep%% %%sitetitle%%","_seopress_titles_desc":"Fleurette est un d\u00e9bardeur ajour\u00e9, inspir\u00e9 de la broderie anglaise. Encolure carr\u00e9e et petits motifs r\u00e9tro seront donc de mise\u00a0!","_seopress_robots_index":"","_uag_custom_page_level_css":"","site-sidebar-layout":"default","site-content-layout":"default","ast-site-content-layout":"default","site-content-style":"default","site-sidebar-style":"default","ast-global-header-display":"","ast-banner-title-visibility":"","ast-main-header-display":"","ast-hfb-above-header-display":"","ast-hfb-below-header-display":"","ast-hfb-mobile-header-display":"","site-post-title":"","ast-breadcrumbs-content":"","ast-featured-img":"","footer-sml-layout":"","ast-disable-related-posts":"","theme-transparent-header-meta":"default","adv-header-id-meta":"","stick-header-meta":"default","header-above-stick-meta":"","header-main-stick-meta":"","header-below-stick-meta":"","astra-migrate-meta-layouts":"set","ast-page-background-enabled":"default","ast-page-background-meta":{"desktop":{"background-color":"var(--ast-global-color-4)","background-image":"","background-repeat":"repeat","background-position":"center center","background-size":"auto","background-attachment":"scroll","background-type":"","background-media":"","overlay-type":"","overlay-color":"","overlay-opacity":"","overlay-gradient":""},"tablet":{"background-color":"","background-image":"","background-repeat":"repeat","background-position":"center center","background-size":"auto","background-attachment":"scroll","background-type":"","background-media":"","overlay-type":"","overlay-color":"","overlay-opacity":"","overlay-gradient":""},"mobile":{"background-color":"","background-image":"","background-repeat":"repeat","background-position":"center center","background-size":"auto","background-attachment":"scroll","background-type":"","background-media":"","overlay-type":"","overlay-color":"","overlay-opacity":"","overlay-gradient":""}},"ast-content-background-meta":{"desktop":{"background-color":"var(--ast-global-color-5)","background-image":"","background-repeat":"repeat","background-position":"center center","background-size":"auto","background-attachment":"scroll","background-type":"","background-media":"","overlay-type":"","overlay-color":"","overlay-opacity":"","overlay-gradient":""},"tablet":{"background-color":"var(--ast-global-color-5)","background-image":"","background-repeat":"repeat","background-position":"center center","background-size":"auto","background-attachment":"scroll","background-type":"","background-media":"","overlay-type":"","overlay-color":"","overlay-opacity":"","overlay-gradient":""},"mobile":{"background-color":"var(--ast-global-color-5)","background-image":"","background-repeat":"repeat","background-position":"center center","background-size":"auto","background-attachment":"scroll","background-type":"","background-media":"","overlay-type":"","overlay-color":"","overlay-opacity":"","overlay-gradient":""}}},"product_brand":[],"product_cat":[69],"product_tag":[],"class_list":{"0":"post-514695","1":"product","2":"type-product","3":"status-publish","4":"has-post-thumbnail","6":"product_cat-kits","7":"desktop-align-center","8":"tablet-align-left","9":"mobile-align-left","11":"first","12":"instock","13":"downloadable","14":"taxable","15":"shipping-taxable","16":"purchasable","17":"product-type-composite"},"uagb_featured_image_src":{"full":["https:\/\/natissea.com\/wp-content\/uploads\/2023\/06\/top-fleurette-par-@tricotalicehammer-5.jpg",1200,1600,false],"thumbnail":["https:\/\/natissea.com\/wp-content\/uploads\/2023\/06\/top-fleurette-par-@tricotalicehammer-5-150x150.jpg",150,150,true],"medium":["https:\/\/natissea.com\/wp-content\/uploads\/2023\/06\/top-fleurette-par-@tricotalicehammer-5-225x300.jpg",225,300,true],"medium_large":["https:\/\/natissea.com\/wp-content\/uploads\/2023\/06\/top-fleurette-par-@tricotalicehammer-5-768x1024.jpg",768,1024,true],"large":["https:\/\/natissea.com\/wp-content\/uploads\/2023\/06\/top-fleurette-par-@tricotalicehammer-5-768x1024.jpg",768,1024,true],"1536x1536":["https:\/\/natissea.com\/wp-content\/uploads\/2023\/06\/top-fleurette-par-@tricotalicehammer-5-1152x1536.jpg",1152,1536,true],"2048x2048":["https:\/\/natissea.com\/wp-content\/uploads\/2023\/06\/top-fleurette-par-@tricotalicehammer-5.jpg",1200,1600,false],"trp-custom-language-flag":["https:\/\/natissea.com\/wp-content\/uploads\/2023\/06\/top-fleurette-par-@tricotalicehammer-5-9x12.jpg",9,12,true],"mailpoet_newsletter_max":["https:\/\/natissea.com\/wp-content\/uploads\/2023\/06\/top-fleurette-par-@tricotalicehammer-5.jpg",1200,1600,false],"woocommerce_thumbnail":["https:\/\/natissea.com\/wp-content\/uploads\/2023\/06\/top-fleurette-par-@tricotalicehammer-5-300x300.jpg",300,300,true],"woocommerce_single":["https:\/\/natissea.com\/wp-content\/uploads\/2023\/06\/top-fleurette-par-@tricotalicehammer-5-600x800.jpg",600,800,true],"woocommerce_gallery_thumbnail":["https:\/\/natissea.com\/wp-content\/uploads\/2023\/06\/top-fleurette-par-@tricotalicehammer-5-100x100.jpg",100,100,true]},"uagb_author_info":{"display_name":"nghtmre","author_link":"https:\/\/natissea.com\/en"},"uagb_comment_info":0,"uagb_excerpt":"Fleurette est un d\u00e9bardeur ajour\u00e9, inspir\u00e9 de la broderie anglaise. Encolure carr\u00e9e et petits motifs r\u00e9tro seront donc de mise\u00a0! [caption id=\"attachment_601692\" align=\"alignnone\" width=\"955\"] kit top fleurette par @tricotalicehammer[\/caption]","jetpack_sharing_enabled":true,"_links":{"self":[{"href":"https:\/\/natissea.com\/en\/wp-json\/wp\/v2\/product\/514695","targetHints":{"allow":["GET"]}}],"collection":[{"href":"https:\/\/natissea.com\/en\/wp-json\/wp\/v2\/product"}],"about":[{"href":"https:\/\/natissea.com\/en\/wp-json\/wp\/v2\/types\/product"}],"wp:featuredmedia":[{"embeddable":true,"href":"https:\/\/natissea.com\/en\/wp-json\/wp\/v2\/media\/516401"}],"wp:attachment":[{"href":"https:\/\/natissea.com\/en\/wp-json\/wp\/v2\/media?parent=514695"}],"wp:term":[{"taxonomy":"product_brand","embeddable":true,"href":"https:\/\/natissea.com\/en\/wp-json\/wp\/v2\/product_brand?post=514695"},{"taxonomy":"product_cat","embeddable":true,"href":"https:\/\/natissea.com\/en\/wp-json\/wp\/v2\/product_cat?post=514695"},{"taxonomy":"product_tag","embeddable":true,"href":"https:\/\/natissea.com\/en\/wp-json\/wp\/v2\/product_tag?post=514695"}],"curies":[{"name":"wp","href":"https:\/\/api.w.org\/{rel}","templated":true}]}}