{"id":5162862,"date":"2025-02-27T20:59:21","date_gmt":"2025-02-27T19:59:21","guid":{"rendered":"https:\/\/natissea.com\/?post_type=product&#038;p=5162862"},"modified":"2025-08-11T12:51:16","modified_gmt":"2025-08-11T10:51:16","slug":"magazine-making-stories","status":"publish","type":"product","link":"https:\/\/natissea.com\/en\/boutique\/magazine-making-stories\/","title":{"rendered":"Magazine Making stories"},"content":{"rendered":"<p>In this new Spring 2025 issue \u2013 we want to play! Confetti and rainbows, interpreted in unusual and unconventional ways in 12 new knitting patterns \u2013 a journey through colors, shapes, textures and materials!<\/p>\n<ul>\n<li>Length: 136 pages in color<\/li>\n<li>Contents: 12 models, 2 essays, 1 illustration<\/li>\n<li>Format: Each printed copy comes with two download codes printed inside: One for a digital copy, and one to add the magazine to your Ravelry library.<\/li>\n<\/ul>","protected":false},"excerpt":{"rendered":"<p>Magazine Making stories issue 13 Spring 2025:<\/p>\n<p><strong>Confetti &amp; Rainbows!<\/strong><\/p>\n<p>Good news! This year, the Pernelle 100% hemp quality is back, highlighted by two wonderful designs from the Making Stories Spring 2025 Confetti &amp; Rainbows magazine (see photos 2 and 3).<\/p>\n<p>Note: This is a pre-order. Pre-orders will ship on March 10th!<\/p>\n<p>Magazine + thread kits are available in the kit category!<\/p>","protected":false},"featured_media":5162909,"template":"","meta":{"_seopress_robots_primary_cat":"none","_seopress_titles_title":"%%post_title%% %%sep%% %%sitetitle%%","_seopress_titles_desc":"Magazine Making stories issue 13 Spring 2025: Confetti & Rainbows! Bonne nouvelle! Cette ann\u00e9e, retrouve la qualit\u00e9 Pernelle 100% chanvre","_seopress_robots_index":"","_uag_custom_page_level_css":"","site-sidebar-layout":"default","site-content-layout":"","ast-site-content-layout":"default","site-content-style":"default","site-sidebar-style":"default","ast-global-header-display":"","ast-banner-title-visibility":"","ast-main-header-display":"","ast-hfb-above-header-display":"","ast-hfb-below-header-display":"","ast-hfb-mobile-header-display":"","site-post-title":"","ast-breadcrumbs-content":"","ast-featured-img":"","footer-sml-layout":"","ast-disable-related-posts":"","theme-transparent-header-meta":"default","adv-header-id-meta":"","stick-header-meta":"default","header-above-stick-meta":"","header-main-stick-meta":"","header-below-stick-meta":"","astra-migrate-meta-layouts":"set","ast-page-background-enabled":"default","ast-page-background-meta":{"desktop":{"background-color":"var(--ast-global-color-4)","background-image":"","background-repeat":"repeat","background-position":"center center","background-size":"auto","background-attachment":"scroll","background-type":"","background-media":"","overlay-type":"","overlay-color":"","overlay-opacity":"","overlay-gradient":""},"tablet":{"background-color":"","background-image":"","background-repeat":"repeat","background-position":"center center","background-size":"auto","background-attachment":"scroll","background-type":"","background-media":"","overlay-type":"","overlay-color":"","overlay-opacity":"","overlay-gradient":""},"mobile":{"background-color":"","background-image":"","background-repeat":"repeat","background-position":"center center","background-size":"auto","background-attachment":"scroll","background-type":"","background-media":"","overlay-type":"","overlay-color":"","overlay-opacity":"","overlay-gradient":""}},"ast-content-background-meta":{"desktop":{"background-color":"var(--ast-global-color-5)","background-image":"","background-repeat":"repeat","background-position":"center center","background-size":"auto","background-attachment":"scroll","background-type":"","background-media":"","overlay-type":"","overlay-color":"","overlay-opacity":"","overlay-gradient":""},"tablet":{"background-color":"var(--ast-global-color-5)","background-image":"","background-repeat":"repeat","background-position":"center center","background-size":"auto","background-attachment":"scroll","background-type":"","background-media":"","overlay-type":"","overlay-color":"","overlay-opacity":"","overlay-gradient":""},"mobile":{"background-color":"var(--ast-global-color-5)","background-image":"","background-repeat":"repeat","background-position":"center center","background-size":"auto","background-attachment":"scroll","background-type":"","background-media":"","overlay-type":"","overlay-color":"","overlay-opacity":"","overlay-gradient":""}}},"product_brand":[],"product_cat":[54],"product_tag":[],"class_list":{"0":"post-5162862","1":"product","2":"type-product","3":"status-publish","4":"has-post-thumbnail","6":"product_cat-accessoires","7":"desktop-align-center","8":"tablet-align-left","9":"mobile-align-left","11":"first","12":"outofstock","13":"taxable","14":"shipping-taxable","15":"purchasable","16":"product-type-simple"},"uagb_featured_image_src":{"full":["https:\/\/natissea.com\/wp-content\/uploads\/2025\/02\/1-cover-issue13-.webp",900,1200,false],"thumbnail":["https:\/\/natissea.com\/wp-content\/uploads\/2025\/02\/1-cover-issue13--150x150.webp",150,150,true],"medium":["https:\/\/natissea.com\/wp-content\/uploads\/2025\/02\/1-cover-issue13--225x300.webp",225,300,true],"medium_large":["https:\/\/natissea.com\/wp-content\/uploads\/2025\/02\/1-cover-issue13--768x1024.webp",768,1024,true],"large":["https:\/\/natissea.com\/wp-content\/uploads\/2025\/02\/1-cover-issue13--768x1024.webp",768,1024,true],"1536x1536":["https:\/\/natissea.com\/wp-content\/uploads\/2025\/02\/1-cover-issue13-.webp",900,1200,false],"2048x2048":["https:\/\/natissea.com\/wp-content\/uploads\/2025\/02\/1-cover-issue13-.webp",900,1200,false],"trp-custom-language-flag":["https:\/\/natissea.com\/wp-content\/uploads\/2025\/02\/1-cover-issue13--9x12.webp",9,12,true],"mailpoet_newsletter_max":["https:\/\/natissea.com\/wp-content\/uploads\/2025\/02\/1-cover-issue13-.webp",900,1200,false],"woocommerce_thumbnail":["https:\/\/natissea.com\/wp-content\/uploads\/2025\/02\/1-cover-issue13--300x300.webp",300,300,true],"woocommerce_single":["https:\/\/natissea.com\/wp-content\/uploads\/2025\/02\/1-cover-issue13--600x800.webp",600,800,true],"woocommerce_gallery_thumbnail":["https:\/\/natissea.com\/wp-content\/uploads\/2025\/02\/1-cover-issue13--100x100.webp",100,100,true]},"uagb_author_info":{"display_name":"nghtmre","author_link":"https:\/\/natissea.com\/en"},"uagb_comment_info":0,"uagb_excerpt":"Magazine Making stories issue 13 Spring 2025: Confetti &amp; Rainbows! Bonne nouvelle! Cette ann\u00e9e, retrouve la qualit\u00e9 Pernelle 100% chanvre mise en valeur gr\u00e2ce \u00e0 deux merveilleux designs du magazine Making Stories Spring 2025 Confetti &amp; Rainbows (voir photos 2 et 3). Remarque : il s'agit d'une pr\u00e9commande. Les pr\u00e9commandes seront exp\u00e9di\u00e9es le 10 mars&hellip;","jetpack_sharing_enabled":true,"_links":{"self":[{"href":"https:\/\/natissea.com\/en\/wp-json\/wp\/v2\/product\/5162862","targetHints":{"allow":["GET"]}}],"collection":[{"href":"https:\/\/natissea.com\/en\/wp-json\/wp\/v2\/product"}],"about":[{"href":"https:\/\/natissea.com\/en\/wp-json\/wp\/v2\/types\/product"}],"wp:featuredmedia":[{"embeddable":true,"href":"https:\/\/natissea.com\/en\/wp-json\/wp\/v2\/media\/5162909"}],"wp:attachment":[{"href":"https:\/\/natissea.com\/en\/wp-json\/wp\/v2\/media?parent=5162862"}],"wp:term":[{"taxonomy":"product_brand","embeddable":true,"href":"https:\/\/natissea.com\/en\/wp-json\/wp\/v2\/product_brand?post=5162862"},{"taxonomy":"product_cat","embeddable":true,"href":"https:\/\/natissea.com\/en\/wp-json\/wp\/v2\/product_cat?post=5162862"},{"taxonomy":"product_tag","embeddable":true,"href":"https:\/\/natissea.com\/en\/wp-json\/wp\/v2\/product_tag?post=5162862"}],"curies":[{"name":"wp","href":"https:\/\/api.w.org\/{rel}","templated":true}]}}