{"id":5167094,"date":"2025-02-27T21:06:22","date_gmt":"2025-02-27T20:06:22","guid":{"rendered":"https:\/\/natissea.com\/?post_type=product&#038;p=5167094"},"modified":"2025-04-16T16:07:21","modified_gmt":"2025-04-16T14:07:21","slug":"kit-top-cinque-terre-par-paulaine","status":"publish","type":"product","link":"https:\/\/natissea.com\/en\/boutique\/kit-top-cinque-terre-par-paulaine\/","title":{"rendered":"Top Cinque Terre kit by Paulaine"},"content":{"rendered":"<div>The pattern is knitted from the bottom up, starting with the pleated section, which is worked back and forth to form the stripes. The upper section is worked in the round up to the armholes. The fronts and backs are worked separately and joined at the end with grafting. The main pattern is in Jersey, and the bottom edge, armholes, and necklines are in garter stitch.<\/div>\n<div><\/div>\n<div>Thread used:<\/div>\n<ul>\n<li>Perelle 100% hemp<\/li>\n<\/ul>\n<div>Material :<\/div>\n<div>\n<ul>\n<li>\u00a03mm\/US 2.5 needles or needles to obtain the correct gauge.<\/li>\n<li>Cable from 60 to 80 cm.<\/li>\n<li>3mm hook<\/li>\n<\/ul>\n<\/div>\n<div>Sample :<\/div>\n<ul>\n<li>With 3mm needles, 23 stitches and 36 rows = 10cm in stockinette stitch, washed and blocked<\/li>\n<\/ul>","protected":false},"excerpt":{"rendered":"<p>The magnificent Top Cinque Terre refers to the Italian national park located in Liguria. The model is inspired by the color gradations of the facades ranging from yellow to the Bordeaux typical of the region! It is here made in Pernelle vanilla with a honey, pumpkin, vermeil, and pomegranate gradient in size 3 with 11cm of negative ease (see size chart below). A set of 4 times 50g is offered for the 4 colors of the pleats, the mini skeins of 95m are sufficient for all sizes. Magazine with instructions in English.<\/p>\n<p><img decoding=\"async\" class=\"wp-image-5167129 size-full\" src=\"https:\/\/natissea.com\/wp-content\/uploads\/2025\/02\/cinoue-terre.png\" alt=\"kit top cinque terre par paulaine\" width=\"1174\" height=\"1334\" srcset=\"https:\/\/natissea.com\/wp-content\/uploads\/2025\/02\/cinoue-terre.png 1174w, https:\/\/natissea.com\/wp-content\/uploads\/2025\/02\/cinoue-terre-264x300.png 264w, https:\/\/natissea.com\/wp-content\/uploads\/2025\/02\/cinoue-terre-901x1024.png 901w, https:\/\/natissea.com\/wp-content\/uploads\/2025\/02\/cinoue-terre-768x873.png 768w, https:\/\/natissea.com\/wp-content\/uploads\/2025\/02\/cinoue-terre-11x12.png 11w, https:\/\/natissea.com\/wp-content\/uploads\/2025\/02\/cinoue-terre-600x682.png 600w\" sizes=\"(max-width: 1174px) 100vw, 1174px\" \/><\/p>","protected":false},"featured_media":5162915,"template":"","meta":{"_seopress_robots_primary_cat":"none","_seopress_titles_title":"%%post_title%% %%sep%% %%sitetitle%%","_seopress_titles_desc":"Le magnifique Top Cinque terre fait r\u00e9f\u00e9rence au parc national Italien situ\u00e9 en Ligurie. Le mod\u00e8le est inspir\u00e9 par les gradations de couleurs","_seopress_robots_index":"","_uag_custom_page_level_css":"","site-sidebar-layout":"default","site-content-layout":"","ast-site-content-layout":"default","site-content-style":"default","site-sidebar-style":"default","ast-global-header-display":"","ast-banner-title-visibility":"","ast-main-header-display":"","ast-hfb-above-header-display":"","ast-hfb-below-header-display":"","ast-hfb-mobile-header-display":"","site-post-title":"","ast-breadcrumbs-content":"","ast-featured-img":"","footer-sml-layout":"","ast-disable-related-posts":"","theme-transparent-header-meta":"default","adv-header-id-meta":"","stick-header-meta":"default","header-above-stick-meta":"","header-main-stick-meta":"","header-below-stick-meta":"","astra-migrate-meta-layouts":"set","ast-page-background-enabled":"default","ast-page-background-meta":{"desktop":{"background-color":"var(--ast-global-color-4)","background-image":"","background-repeat":"repeat","background-position":"center center","background-size":"auto","background-attachment":"scroll","background-type":"","background-media":"","overlay-type":"","overlay-color":"","overlay-opacity":"","overlay-gradient":""},"tablet":{"background-color":"","background-image":"","background-repeat":"repeat","background-position":"center center","background-size":"auto","background-attachment":"scroll","background-type":"","background-media":"","overlay-type":"","overlay-color":"","overlay-opacity":"","overlay-gradient":""},"mobile":{"background-color":"","background-image":"","background-repeat":"repeat","background-position":"center center","background-size":"auto","background-attachment":"scroll","background-type":"","background-media":"","overlay-type":"","overlay-color":"","overlay-opacity":"","overlay-gradient":""}},"ast-content-background-meta":{"desktop":{"background-color":"var(--ast-global-color-5)","background-image":"","background-repeat":"repeat","background-position":"center center","background-size":"auto","background-attachment":"scroll","background-type":"","background-media":"","overlay-type":"","overlay-color":"","overlay-opacity":"","overlay-gradient":""},"tablet":{"background-color":"var(--ast-global-color-5)","background-image":"","background-repeat":"repeat","background-position":"center center","background-size":"auto","background-attachment":"scroll","background-type":"","background-media":"","overlay-type":"","overlay-color":"","overlay-opacity":"","overlay-gradient":""},"mobile":{"background-color":"var(--ast-global-color-5)","background-image":"","background-repeat":"repeat","background-position":"center center","background-size":"auto","background-attachment":"scroll","background-type":"","background-media":"","overlay-type":"","overlay-color":"","overlay-opacity":"","overlay-gradient":""}}},"product_brand":[],"product_cat":[69],"product_tag":[],"class_list":{"0":"post-5167094","1":"product","2":"type-product","3":"status-publish","4":"has-post-thumbnail","6":"product_cat-kits","7":"desktop-align-center","8":"tablet-align-left","9":"mobile-align-left","11":"first","12":"instock","13":"taxable","14":"shipping-taxable","15":"purchasable","16":"product-type-composite"},"uagb_featured_image_src":{"full":["https:\/\/natissea.com\/wp-content\/uploads\/2025\/02\/2-cinque-terre-making-stories-issue13-.webp",1024,1536,false],"thumbnail":["https:\/\/natissea.com\/wp-content\/uploads\/2025\/02\/2-cinque-terre-making-stories-issue13--150x150.webp",150,150,true],"medium":["https:\/\/natissea.com\/wp-content\/uploads\/2025\/02\/2-cinque-terre-making-stories-issue13--200x300.webp",200,300,true],"medium_large":["https:\/\/natissea.com\/wp-content\/uploads\/2025\/02\/2-cinque-terre-making-stories-issue13--768x1152.webp",768,1152,true],"large":["https:\/\/natissea.com\/wp-content\/uploads\/2025\/02\/2-cinque-terre-making-stories-issue13--683x1024.webp",683,1024,true],"1536x1536":["https:\/\/natissea.com\/wp-content\/uploads\/2025\/02\/2-cinque-terre-making-stories-issue13-.webp",1024,1536,false],"2048x2048":["https:\/\/natissea.com\/wp-content\/uploads\/2025\/02\/2-cinque-terre-making-stories-issue13-.webp",1024,1536,false],"trp-custom-language-flag":["https:\/\/natissea.com\/wp-content\/uploads\/2025\/02\/2-cinque-terre-making-stories-issue13--8x12.webp",8,12,true],"mailpoet_newsletter_max":["https:\/\/natissea.com\/wp-content\/uploads\/2025\/02\/2-cinque-terre-making-stories-issue13-.webp",1024,1536,false],"woocommerce_thumbnail":["https:\/\/natissea.com\/wp-content\/uploads\/2025\/02\/2-cinque-terre-making-stories-issue13--300x300.webp",300,300,true],"woocommerce_single":["https:\/\/natissea.com\/wp-content\/uploads\/2025\/02\/2-cinque-terre-making-stories-issue13--600x900.webp",600,900,true],"woocommerce_gallery_thumbnail":["https:\/\/natissea.com\/wp-content\/uploads\/2025\/02\/2-cinque-terre-making-stories-issue13--100x100.webp",100,100,true]},"uagb_author_info":{"display_name":"nghtmre","author_link":"https:\/\/natissea.com\/en"},"uagb_comment_info":0,"uagb_excerpt":"Le magnifique Top Cinque terre fait r\u00e9f\u00e9rence au parc national Italien situ\u00e9 en Ligurie. Le mod\u00e8le est inspir\u00e9 par les gradations de couleurs des fa\u00e7ades allant du jaune au Bordeaux typique de la r\u00e9gion ! Il est ici r\u00e9alis\u00e9 en Pernelle vanille avec un d\u00e9grad\u00e9 miel, potimarron, vermeil, et grenade en taille 3 avec 11cm&hellip;","jetpack_sharing_enabled":true,"_links":{"self":[{"href":"https:\/\/natissea.com\/en\/wp-json\/wp\/v2\/product\/5167094","targetHints":{"allow":["GET"]}}],"collection":[{"href":"https:\/\/natissea.com\/en\/wp-json\/wp\/v2\/product"}],"about":[{"href":"https:\/\/natissea.com\/en\/wp-json\/wp\/v2\/types\/product"}],"wp:featuredmedia":[{"embeddable":true,"href":"https:\/\/natissea.com\/en\/wp-json\/wp\/v2\/media\/5162915"}],"wp:attachment":[{"href":"https:\/\/natissea.com\/en\/wp-json\/wp\/v2\/media?parent=5167094"}],"wp:term":[{"taxonomy":"product_brand","embeddable":true,"href":"https:\/\/natissea.com\/en\/wp-json\/wp\/v2\/product_brand?post=5167094"},{"taxonomy":"product_cat","embeddable":true,"href":"https:\/\/natissea.com\/en\/wp-json\/wp\/v2\/product_cat?post=5167094"},{"taxonomy":"product_tag","embeddable":true,"href":"https:\/\/natissea.com\/en\/wp-json\/wp\/v2\/product_tag?post=5167094"}],"curies":[{"name":"wp","href":"https:\/\/api.w.org\/{rel}","templated":true}]}}