{"id":5167408,"date":"2025-02-27T21:42:52","date_gmt":"2025-02-27T20:42:52","guid":{"rendered":"https:\/\/natissea.com\/?post_type=product&#038;p=5167408"},"modified":"2025-04-16T16:07:57","modified_gmt":"2025-04-16T14:07:57","slug":"kit-top-iridiana-par-natalia-milas","status":"publish","type":"product","link":"https:\/\/natissea.com\/en\/boutique\/kit-top-iridiana-par-natalia-milas\/","title":{"rendered":"Top Iridiana kit by Natalia Milas"},"content":{"rendered":"<div>The Iridiana tank top is worked from the top down, starting with four separate triangles that form the top. After joining the triangles and casting on the underarms, the body is worked seamlessly and finished with a folded hem. I-cords are used for the straps.<\/div>\n<div><\/div>\n<div>Thread used:<\/div>\n<ul>\n<li>Perelle 100% hemp<\/li>\n<\/ul>\n<div>Material :<\/div>\n<div>\n<ul>\n<li>\u00a04mm\/US 6 needles or needles to obtain the correct gauge.<\/li>\n<li>Cable from 80 to 100 cm.<\/li>\n<\/ul>\n<\/div>\n<div>Sample :<\/div>\n<ul>\n<li>With 4mm needles, 21 stitches and 30 rows = 10cm in stockinette stitch, washed and blocked<\/li>\n<\/ul>","protected":false},"excerpt":{"rendered":"<div>Iridiana is a reversible summer tank top that allows you to explore colors and create a unique piece that matches perfectly with your wardrobe. Its name comes from the Greek goddess of the rainbow who is the messenger between the gods and humanity. It is made here in Pernelle forest green, natural, delphinium and raspberry in size 3 with 11cm of negative ease (see size chart below). A set of 4 times 50g is offered to adjust the yardage as closely as possible, according to the table below, choose the number of 100g skeins and if necessary adjust with the set of mini-skeins of 50g. Magazine with instructions in English.<\/div>\n<div><img decoding=\"async\" class=\"wp-image-5167441 size-full\" src=\"https:\/\/natissea.com\/wp-content\/uploads\/2025\/02\/iridiana.png\" alt=\"auto draft\" width=\"1288\" height=\"1272\" srcset=\"https:\/\/natissea.com\/wp-content\/uploads\/2025\/02\/iridiana.png 1288w, https:\/\/natissea.com\/wp-content\/uploads\/2025\/02\/iridiana-300x296.png 300w, https:\/\/natissea.com\/wp-content\/uploads\/2025\/02\/iridiana-1024x1011.png 1024w, https:\/\/natissea.com\/wp-content\/uploads\/2025\/02\/iridiana-768x758.png 768w, https:\/\/natissea.com\/wp-content\/uploads\/2025\/02\/iridiana-12x12.png 12w, https:\/\/natissea.com\/wp-content\/uploads\/2025\/02\/iridiana-600x593.png 600w, https:\/\/natissea.com\/wp-content\/uploads\/2025\/02\/iridiana-100x100.png 100w\" sizes=\"(max-width: 1288px) 100vw, 1288px\" \/><\/div>\n<div class=\"default-style\"><\/div>","protected":false},"featured_media":5167464,"template":"","meta":{"_seopress_robots_primary_cat":"none","_seopress_titles_title":"%%post_title%% %%sep%% %%sitetitle%%","_seopress_titles_desc":"Iridiana est un d\u00e9bardeur d'\u00e9t\u00e9 r\u00e9versible qui permet d'explorer les couleurs et de cr\u00e9er une pi\u00e8ce unique qui match parfaitement avec notre garde-robe","_seopress_robots_index":"","_uag_custom_page_level_css":"","site-sidebar-layout":"default","site-content-layout":"","ast-site-content-layout":"default","site-content-style":"default","site-sidebar-style":"default","ast-global-header-display":"","ast-banner-title-visibility":"","ast-main-header-display":"","ast-hfb-above-header-display":"","ast-hfb-below-header-display":"","ast-hfb-mobile-header-display":"","site-post-title":"","ast-breadcrumbs-content":"","ast-featured-img":"","footer-sml-layout":"","ast-disable-related-posts":"","theme-transparent-header-meta":"default","adv-header-id-meta":"","stick-header-meta":"default","header-above-stick-meta":"","header-main-stick-meta":"","header-below-stick-meta":"","astra-migrate-meta-layouts":"set","ast-page-background-enabled":"default","ast-page-background-meta":{"desktop":{"background-color":"var(--ast-global-color-4)","background-image":"","background-repeat":"repeat","background-position":"center center","background-size":"auto","background-attachment":"scroll","background-type":"","background-media":"","overlay-type":"","overlay-color":"","overlay-opacity":"","overlay-gradient":""},"tablet":{"background-color":"","background-image":"","background-repeat":"repeat","background-position":"center center","background-size":"auto","background-attachment":"scroll","background-type":"","background-media":"","overlay-type":"","overlay-color":"","overlay-opacity":"","overlay-gradient":""},"mobile":{"background-color":"","background-image":"","background-repeat":"repeat","background-position":"center center","background-size":"auto","background-attachment":"scroll","background-type":"","background-media":"","overlay-type":"","overlay-color":"","overlay-opacity":"","overlay-gradient":""}},"ast-content-background-meta":{"desktop":{"background-color":"var(--ast-global-color-5)","background-image":"","background-repeat":"repeat","background-position":"center center","background-size":"auto","background-attachment":"scroll","background-type":"","background-media":"","overlay-type":"","overlay-color":"","overlay-opacity":"","overlay-gradient":""},"tablet":{"background-color":"var(--ast-global-color-5)","background-image":"","background-repeat":"repeat","background-position":"center center","background-size":"auto","background-attachment":"scroll","background-type":"","background-media":"","overlay-type":"","overlay-color":"","overlay-opacity":"","overlay-gradient":""},"mobile":{"background-color":"var(--ast-global-color-5)","background-image":"","background-repeat":"repeat","background-position":"center center","background-size":"auto","background-attachment":"scroll","background-type":"","background-media":"","overlay-type":"","overlay-color":"","overlay-opacity":"","overlay-gradient":""}}},"product_brand":[],"product_cat":[69],"product_tag":[],"class_list":{"0":"post-5167408","1":"product","2":"type-product","3":"status-publish","4":"has-post-thumbnail","6":"product_cat-kits","7":"desktop-align-center","8":"tablet-align-left","9":"mobile-align-left","11":"first","12":"instock","13":"taxable","14":"shipping-taxable","15":"purchasable","16":"product-type-composite"},"uagb_featured_image_src":{"full":["https:\/\/natissea.com\/wp-content\/uploads\/2025\/02\/iridiana-2.jpg",1024,1536,false],"thumbnail":["https:\/\/natissea.com\/wp-content\/uploads\/2025\/02\/iridiana-2-150x150.jpg",150,150,true],"medium":["https:\/\/natissea.com\/wp-content\/uploads\/2025\/02\/iridiana-2-200x300.jpg",200,300,true],"medium_large":["https:\/\/natissea.com\/wp-content\/uploads\/2025\/02\/iridiana-2-768x1152.jpg",768,1152,true],"large":["https:\/\/natissea.com\/wp-content\/uploads\/2025\/02\/iridiana-2-683x1024.jpg",683,1024,true],"1536x1536":["https:\/\/natissea.com\/wp-content\/uploads\/2025\/02\/iridiana-2.jpg",1024,1536,false],"2048x2048":["https:\/\/natissea.com\/wp-content\/uploads\/2025\/02\/iridiana-2.jpg",1024,1536,false],"trp-custom-language-flag":["https:\/\/natissea.com\/wp-content\/uploads\/2025\/02\/iridiana-2-8x12.jpg",8,12,true],"mailpoet_newsletter_max":["https:\/\/natissea.com\/wp-content\/uploads\/2025\/02\/iridiana-2.jpg",1024,1536,false],"woocommerce_thumbnail":["https:\/\/natissea.com\/wp-content\/uploads\/2025\/02\/iridiana-2-300x300.jpg",300,300,true],"woocommerce_single":["https:\/\/natissea.com\/wp-content\/uploads\/2025\/02\/iridiana-2-600x900.jpg",600,900,true],"woocommerce_gallery_thumbnail":["https:\/\/natissea.com\/wp-content\/uploads\/2025\/02\/iridiana-2-100x100.jpg",100,100,true]},"uagb_author_info":{"display_name":"nghtmre","author_link":"https:\/\/natissea.com\/en"},"uagb_comment_info":0,"uagb_excerpt":"Iridiana est un d\u00e9bardeur d'\u00e9t\u00e9 r\u00e9versible qui permet d'explorer les couleurs et de cr\u00e9er une pi\u00e8ce unique qui match parfaitement avec notre garde-robe. Son nom provient de la d\u00e9esse grecque de l'arc-en-ciel qui est la messag\u00e8re entre les dieux et l'humanit\u00e9. Il est ici r\u00e9alis\u00e9 en Pernelle vert for\u00eat, naturel, delphinium et framboise en taille&hellip;","jetpack_sharing_enabled":true,"_links":{"self":[{"href":"https:\/\/natissea.com\/en\/wp-json\/wp\/v2\/product\/5167408","targetHints":{"allow":["GET"]}}],"collection":[{"href":"https:\/\/natissea.com\/en\/wp-json\/wp\/v2\/product"}],"about":[{"href":"https:\/\/natissea.com\/en\/wp-json\/wp\/v2\/types\/product"}],"wp:featuredmedia":[{"embeddable":true,"href":"https:\/\/natissea.com\/en\/wp-json\/wp\/v2\/media\/5167464"}],"wp:attachment":[{"href":"https:\/\/natissea.com\/en\/wp-json\/wp\/v2\/media?parent=5167408"}],"wp:term":[{"taxonomy":"product_brand","embeddable":true,"href":"https:\/\/natissea.com\/en\/wp-json\/wp\/v2\/product_brand?post=5167408"},{"taxonomy":"product_cat","embeddable":true,"href":"https:\/\/natissea.com\/en\/wp-json\/wp\/v2\/product_cat?post=5167408"},{"taxonomy":"product_tag","embeddable":true,"href":"https:\/\/natissea.com\/en\/wp-json\/wp\/v2\/product_tag?post=5167408"}],"curies":[{"name":"wp","href":"https:\/\/api.w.org\/{rel}","templated":true}]}}