{"id":5296143,"date":"2025-04-10T22:06:45","date_gmt":"2025-04-10T20:06:45","guid":{"rendered":"https:\/\/natissea.com\/?post_type=product&#038;p=5296143"},"modified":"2025-04-16T16:09:52","modified_gmt":"2025-04-16T14:09:52","slug":"kit-t-shirt-meridian","status":"publish","type":"product","link":"https:\/\/natissea.com\/en\/boutique\/kit-t-shirt-meridian\/","title":{"rendered":"Meridian T-Shirt Kit"},"content":{"rendered":"<p>The pattern is crocheted from the button band, working one of the front panels, then the back panel, and then returning to the second front panel. The hem and border are then added. Finally, the sleeves are crocheted seamlessly with short rows.<\/p>\n<p>&nbsp;<\/p>\n<figure id=\"attachment_5296187\" aria-describedby=\"caption-attachment-5296187\" style=\"width: 712px\" class=\"wp-caption alignleft\"><a href=\"https:\/\/natissea.com\/wp-content\/uploads\/2025\/04\/kit-t-shirt-meridian-tableau-des-tailles.jpg\"><img decoding=\"async\" class=\"wp-image-5296187 size-large\" src=\"https:\/\/natissea.com\/wp-content\/uploads\/2025\/04\/kit-t-shirt-meridian-tableau-des-tailles-712x1024.jpg\" alt=\"kit t shirt meridian\" width=\"712\" height=\"1024\" srcset=\"https:\/\/natissea.com\/wp-content\/uploads\/2025\/04\/kit-t-shirt-meridian-tableau-des-tailles-712x1024.jpg 712w, https:\/\/natissea.com\/wp-content\/uploads\/2025\/04\/kit-t-shirt-meridian-tableau-des-tailles-209x300.jpg 209w, https:\/\/natissea.com\/wp-content\/uploads\/2025\/04\/kit-t-shirt-meridian-tableau-des-tailles-768x1104.jpg 768w, https:\/\/natissea.com\/wp-content\/uploads\/2025\/04\/kit-t-shirt-meridian-tableau-des-tailles-8x12.jpg 8w, https:\/\/natissea.com\/wp-content\/uploads\/2025\/04\/kit-t-shirt-meridian-tableau-des-tailles-600x863.jpg 600w, https:\/\/natissea.com\/wp-content\/uploads\/2025\/04\/kit-t-shirt-meridian-tableau-des-tailles.jpg 818w\" sizes=\"(max-width: 712px) 100vw, 712px\" \/><\/a><figcaption id=\"caption-attachment-5296187\" class=\"wp-caption-text\">Thread used: Pernelle 100% hemp<br \/>Material :<br \/>\u00a0Hook 3.25 mm\/US D\/3\u00a0\u00a0<br \/>2.5 mm hook\/(US C\/2<br \/>8 buttons of 13mm diameter<br \/>Sample :<br \/>With a 3.25mm hook, 8 V stitches and 13 rows = 10cm<\/figcaption><\/figure>\n<p>&nbsp;<\/p>","protected":false},"excerpt":{"rendered":"<p>The beautiful Meridian T-Shirt is crocheted in one piece. Its pretty V-stitch gives a slightly openwork material that accentuates the refreshing properties of hemp! It is made here in Pernelle forest green for the main color (MC) and sage for the secondary color (CC). It is in size 3 with 10cm of ease (see size chart below). Magazine with instructions in English. See the yardage according to sizes in the secondary description.<\/p>","protected":false},"featured_media":5296582,"template":"","meta":{"_seopress_robots_primary_cat":"none","_seopress_titles_title":"%%post_title%% %%sitetitle%% %%sep%%","_seopress_titles_desc":"Le beau T-Shirt Meridian se croch\u00e8te en une pi\u00e8ce. Son joli point V donne une mati\u00e8re l\u00e9gerement ajour\u00e9 qui accentue la propori\u00e9t\u00e9 rafraichaissante du chanvre!\u00a0","_seopress_robots_index":"","_uag_custom_page_level_css":"","site-sidebar-layout":"default","site-content-layout":"","ast-site-content-layout":"default","site-content-style":"default","site-sidebar-style":"default","ast-global-header-display":"","ast-banner-title-visibility":"","ast-main-header-display":"","ast-hfb-above-header-display":"","ast-hfb-below-header-display":"","ast-hfb-mobile-header-display":"","site-post-title":"","ast-breadcrumbs-content":"","ast-featured-img":"","footer-sml-layout":"","ast-disable-related-posts":"","theme-transparent-header-meta":"default","adv-header-id-meta":"","stick-header-meta":"default","header-above-stick-meta":"","header-main-stick-meta":"","header-below-stick-meta":"","astra-migrate-meta-layouts":"set","ast-page-background-enabled":"default","ast-page-background-meta":{"desktop":{"background-color":"var(--ast-global-color-4)","background-image":"","background-repeat":"repeat","background-position":"center center","background-size":"auto","background-attachment":"scroll","background-type":"","background-media":"","overlay-type":"","overlay-color":"","overlay-opacity":"","overlay-gradient":""},"tablet":{"background-color":"","background-image":"","background-repeat":"repeat","background-position":"center center","background-size":"auto","background-attachment":"scroll","background-type":"","background-media":"","overlay-type":"","overlay-color":"","overlay-opacity":"","overlay-gradient":""},"mobile":{"background-color":"","background-image":"","background-repeat":"repeat","background-position":"center center","background-size":"auto","background-attachment":"scroll","background-type":"","background-media":"","overlay-type":"","overlay-color":"","overlay-opacity":"","overlay-gradient":""}},"ast-content-background-meta":{"desktop":{"background-color":"var(--ast-global-color-5)","background-image":"","background-repeat":"repeat","background-position":"center center","background-size":"auto","background-attachment":"scroll","background-type":"","background-media":"","overlay-type":"","overlay-color":"","overlay-opacity":"","overlay-gradient":""},"tablet":{"background-color":"var(--ast-global-color-5)","background-image":"","background-repeat":"repeat","background-position":"center center","background-size":"auto","background-attachment":"scroll","background-type":"","background-media":"","overlay-type":"","overlay-color":"","overlay-opacity":"","overlay-gradient":""},"mobile":{"background-color":"var(--ast-global-color-5)","background-image":"","background-repeat":"repeat","background-position":"center center","background-size":"auto","background-attachment":"scroll","background-type":"","background-media":"","overlay-type":"","overlay-color":"","overlay-opacity":"","overlay-gradient":""}}},"product_brand":[],"product_cat":[69],"product_tag":[],"class_list":{"0":"post-5296143","1":"product","2":"type-product","3":"status-publish","4":"has-post-thumbnail","6":"product_cat-kits","7":"desktop-align-center","8":"tablet-align-left","9":"mobile-align-left","11":"first","12":"instock","13":"taxable","14":"shipping-taxable","15":"purchasable","16":"product-type-composite"},"uagb_featured_image_src":{"full":["https:\/\/natissea.com\/wp-content\/uploads\/2025\/04\/moorit8_ameliaclaudia-106.jpg",1068,1600,false],"thumbnail":["https:\/\/natissea.com\/wp-content\/uploads\/2025\/04\/moorit8_ameliaclaudia-106-150x150.jpg",150,150,true],"medium":["https:\/\/natissea.com\/wp-content\/uploads\/2025\/04\/moorit8_ameliaclaudia-106-200x300.jpg",200,300,true],"medium_large":["https:\/\/natissea.com\/wp-content\/uploads\/2025\/04\/moorit8_ameliaclaudia-106-768x1151.jpg",768,1151,true],"large":["https:\/\/natissea.com\/wp-content\/uploads\/2025\/04\/moorit8_ameliaclaudia-106-684x1024.jpg",684,1024,true],"1536x1536":["https:\/\/natissea.com\/wp-content\/uploads\/2025\/04\/moorit8_ameliaclaudia-106-1025x1536.jpg",1025,1536,true],"2048x2048":["https:\/\/natissea.com\/wp-content\/uploads\/2025\/04\/moorit8_ameliaclaudia-106.jpg",1068,1600,false],"trp-custom-language-flag":["https:\/\/natissea.com\/wp-content\/uploads\/2025\/04\/moorit8_ameliaclaudia-106-8x12.jpg",8,12,true],"mailpoet_newsletter_max":["https:\/\/natissea.com\/wp-content\/uploads\/2025\/04\/moorit8_ameliaclaudia-106.jpg",1068,1600,false],"woocommerce_thumbnail":["https:\/\/natissea.com\/wp-content\/uploads\/2025\/04\/moorit8_ameliaclaudia-106-300x300.jpg",300,300,true],"woocommerce_single":["https:\/\/natissea.com\/wp-content\/uploads\/2025\/04\/moorit8_ameliaclaudia-106-600x899.jpg",600,899,true],"woocommerce_gallery_thumbnail":["https:\/\/natissea.com\/wp-content\/uploads\/2025\/04\/moorit8_ameliaclaudia-106-100x100.jpg",100,100,true]},"uagb_author_info":{"display_name":"nghtmre","author_link":"https:\/\/natissea.com\/en"},"uagb_comment_info":0,"uagb_excerpt":"Le beau T-Shirt Meridian se croch\u00e8te en une pi\u00e8ce. Son joli point V donne une mati\u00e8re l\u00e9gerement ajour\u00e9 qui accentue la propori\u00e9t\u00e9 rafraichaissante du chanvre!\u00a0 Il est ici r\u00e9alis\u00e9 en Pernelle vert for\u00eat pour la couleur principale (MC) et sauge pour la secondaire (CC). Il est en taille 3 avec 10cm d'aisance (voir tableau taille&hellip;","jetpack_sharing_enabled":true,"_links":{"self":[{"href":"https:\/\/natissea.com\/en\/wp-json\/wp\/v2\/product\/5296143","targetHints":{"allow":["GET"]}}],"collection":[{"href":"https:\/\/natissea.com\/en\/wp-json\/wp\/v2\/product"}],"about":[{"href":"https:\/\/natissea.com\/en\/wp-json\/wp\/v2\/types\/product"}],"wp:featuredmedia":[{"embeddable":true,"href":"https:\/\/natissea.com\/en\/wp-json\/wp\/v2\/media\/5296582"}],"wp:attachment":[{"href":"https:\/\/natissea.com\/en\/wp-json\/wp\/v2\/media?parent=5296143"}],"wp:term":[{"taxonomy":"product_brand","embeddable":true,"href":"https:\/\/natissea.com\/en\/wp-json\/wp\/v2\/product_brand?post=5296143"},{"taxonomy":"product_cat","embeddable":true,"href":"https:\/\/natissea.com\/en\/wp-json\/wp\/v2\/product_cat?post=5296143"},{"taxonomy":"product_tag","embeddable":true,"href":"https:\/\/natissea.com\/en\/wp-json\/wp\/v2\/product_tag?post=5296143"}],"curies":[{"name":"wp","href":"https:\/\/api.w.org\/{rel}","templated":true}]}}