{"id":5296218,"date":"2025-04-10T21:46:20","date_gmt":"2025-04-10T19:46:20","guid":{"rendered":"https:\/\/natissea.com\/?post_type=product&#038;p=5296218"},"modified":"2025-04-16T16:08:52","modified_gmt":"2025-04-16T14:08:52","slug":"magazine-moorit","status":"publish","type":"product","link":"https:\/\/natissea.com\/en\/boutique\/magazine-moorit\/","title":{"rendered":"Moorit Magazine"},"content":{"rendered":"<p>All aboard! We&#039;re setting sail for issue 8... listen to the flapping of the sails and the cry of the seagulls overhead... feel the rough rope slide through your palms... taste the salt in the air. Our designers were inspired by the storms of the northern oceans as well as the calm, sun-drenched seas of milder climes.<\/p>\n<p>The designers were inspired by the storms of the northern oceans as well as the calm, sunny seas of milder climates. This special edition of Moorit is dedicated to menswear, and of course, always in beautiful natural fibers.<\/p>\n<ul>\n<li>Length: 140 pages in color<\/li>\n<li>Contents: 8 models<\/li>\n<li>Format: 20cm x 26.5cm<\/li>\n<\/ul>","protected":false},"excerpt":{"rendered":"<h2 class=\"h3body\"><span class=\"bodytitle\">Moorit Issue 8 Spring\/Summer 2025<\/span><\/h2>\n<p>All aboard! This year, hemp is in the spotlight in the latest Moorit magazine specializing in crochet! Discover the Pernelle 100% hemp quality used to crochet the beautiful Meridian T-shirt from @elderberryfarmcrafts, as well as 7 other models, each one prettier than the last!<\/p>\n<p>The magazine + thread kit are available in the kit category!<\/p>","protected":false},"featured_media":5296281,"template":"","meta":{"_seopress_robots_primary_cat":"none","_seopress_titles_title":"%%post_title%% %%sep%% %%sitetitle%%","_seopress_titles_desc":"Cette ann\u00e9e, le chanvre est mis \u00e0 l'honneur dans le dernier magazine Moorit sp\u00e9cialis\u00e9 dans le crochet ! Retrouve la qualit\u00e9 Pernelle 100% chanvre","_seopress_robots_index":"","_uag_custom_page_level_css":"","site-sidebar-layout":"default","site-content-layout":"","ast-site-content-layout":"default","site-content-style":"default","site-sidebar-style":"default","ast-global-header-display":"","ast-banner-title-visibility":"","ast-main-header-display":"","ast-hfb-above-header-display":"","ast-hfb-below-header-display":"","ast-hfb-mobile-header-display":"","site-post-title":"","ast-breadcrumbs-content":"","ast-featured-img":"","footer-sml-layout":"","ast-disable-related-posts":"","theme-transparent-header-meta":"default","adv-header-id-meta":"","stick-header-meta":"default","header-above-stick-meta":"","header-main-stick-meta":"","header-below-stick-meta":"","astra-migrate-meta-layouts":"set","ast-page-background-enabled":"default","ast-page-background-meta":{"desktop":{"background-color":"var(--ast-global-color-4)","background-image":"","background-repeat":"repeat","background-position":"center center","background-size":"auto","background-attachment":"scroll","background-type":"","background-media":"","overlay-type":"","overlay-color":"","overlay-opacity":"","overlay-gradient":""},"tablet":{"background-color":"","background-image":"","background-repeat":"repeat","background-position":"center center","background-size":"auto","background-attachment":"scroll","background-type":"","background-media":"","overlay-type":"","overlay-color":"","overlay-opacity":"","overlay-gradient":""},"mobile":{"background-color":"","background-image":"","background-repeat":"repeat","background-position":"center center","background-size":"auto","background-attachment":"scroll","background-type":"","background-media":"","overlay-type":"","overlay-color":"","overlay-opacity":"","overlay-gradient":""}},"ast-content-background-meta":{"desktop":{"background-color":"var(--ast-global-color-5)","background-image":"","background-repeat":"repeat","background-position":"center center","background-size":"auto","background-attachment":"scroll","background-type":"","background-media":"","overlay-type":"","overlay-color":"","overlay-opacity":"","overlay-gradient":""},"tablet":{"background-color":"var(--ast-global-color-5)","background-image":"","background-repeat":"repeat","background-position":"center center","background-size":"auto","background-attachment":"scroll","background-type":"","background-media":"","overlay-type":"","overlay-color":"","overlay-opacity":"","overlay-gradient":""},"mobile":{"background-color":"var(--ast-global-color-5)","background-image":"","background-repeat":"repeat","background-position":"center center","background-size":"auto","background-attachment":"scroll","background-type":"","background-media":"","overlay-type":"","overlay-color":"","overlay-opacity":"","overlay-gradient":""}}},"product_brand":[],"product_cat":[55],"product_tag":[],"class_list":{"0":"post-5296218","1":"product","2":"type-product","3":"status-publish","4":"has-post-thumbnail","6":"product_cat-patrons","7":"desktop-align-center","8":"tablet-align-left","9":"mobile-align-left","11":"first","12":"instock","13":"taxable","14":"shipping-taxable","15":"purchasable","16":"product-type-simple"},"uagb_featured_image_src":{"full":["https:\/\/natissea.com\/wp-content\/uploads\/2025\/04\/8-print-cover.webp",791,1024,false],"thumbnail":["https:\/\/natissea.com\/wp-content\/uploads\/2025\/04\/8-print-cover-150x150.webp",150,150,true],"medium":["https:\/\/natissea.com\/wp-content\/uploads\/2025\/04\/8-print-cover-232x300.webp",232,300,true],"medium_large":["https:\/\/natissea.com\/wp-content\/uploads\/2025\/04\/8-print-cover-768x994.webp",768,994,true],"large":["https:\/\/natissea.com\/wp-content\/uploads\/2025\/04\/8-print-cover.webp",791,1024,false],"1536x1536":["https:\/\/natissea.com\/wp-content\/uploads\/2025\/04\/8-print-cover.webp",791,1024,false],"2048x2048":["https:\/\/natissea.com\/wp-content\/uploads\/2025\/04\/8-print-cover.webp",791,1024,false],"trp-custom-language-flag":["https:\/\/natissea.com\/wp-content\/uploads\/2025\/04\/8-print-cover-9x12.webp",9,12,true],"mailpoet_newsletter_max":["https:\/\/natissea.com\/wp-content\/uploads\/2025\/04\/8-print-cover.webp",791,1024,false],"woocommerce_thumbnail":["https:\/\/natissea.com\/wp-content\/uploads\/2025\/04\/8-print-cover-300x300.webp",300,300,true],"woocommerce_single":["https:\/\/natissea.com\/wp-content\/uploads\/2025\/04\/8-print-cover-600x777.webp",600,777,true],"woocommerce_gallery_thumbnail":["https:\/\/natissea.com\/wp-content\/uploads\/2025\/04\/8-print-cover-100x100.webp",100,100,true]},"uagb_author_info":{"display_name":"nghtmre","author_link":"https:\/\/natissea.com\/en"},"uagb_comment_info":0,"uagb_excerpt":"Moorit Issue 8 Printemps\/Et\u00e9 2025 Tous \u00e0 bord! Cette ann\u00e9e, le chanvre est mis \u00e0 l'honneur dans le dernier magazine Moorit sp\u00e9cialis\u00e9 dans le crochet ! Retrouve la qualit\u00e9 Pernelle 100% chanvre utilis\u00e9e pour crocheter le beau T-Shirt Meridian de @elderberryfarmcrafts mais aussi 7 autres mod\u00e8les plus jolis les uns que les autres! Le kit&hellip;","jetpack_sharing_enabled":true,"_links":{"self":[{"href":"https:\/\/natissea.com\/en\/wp-json\/wp\/v2\/product\/5296218","targetHints":{"allow":["GET"]}}],"collection":[{"href":"https:\/\/natissea.com\/en\/wp-json\/wp\/v2\/product"}],"about":[{"href":"https:\/\/natissea.com\/en\/wp-json\/wp\/v2\/types\/product"}],"wp:featuredmedia":[{"embeddable":true,"href":"https:\/\/natissea.com\/en\/wp-json\/wp\/v2\/media\/5296281"}],"wp:attachment":[{"href":"https:\/\/natissea.com\/en\/wp-json\/wp\/v2\/media?parent=5296218"}],"wp:term":[{"taxonomy":"product_brand","embeddable":true,"href":"https:\/\/natissea.com\/en\/wp-json\/wp\/v2\/product_brand?post=5296218"},{"taxonomy":"product_cat","embeddable":true,"href":"https:\/\/natissea.com\/en\/wp-json\/wp\/v2\/product_cat?post=5296218"},{"taxonomy":"product_tag","embeddable":true,"href":"https:\/\/natissea.com\/en\/wp-json\/wp\/v2\/product_tag?post=5296218"}],"curies":[{"name":"wp","href":"https:\/\/api.w.org\/{rel}","templated":true}]}}