{"id":5309550,"date":"2025-04-15T21:24:55","date_gmt":"2025-04-15T19:24:55","guid":{"rendered":"https:\/\/natissea.com\/?post_type=product&#038;p=5309550"},"modified":"2025-04-16T16:10:29","modified_gmt":"2025-04-16T14:10:29","slug":"kit-top-sailoress-par-jojilocat","status":"publish","type":"product","link":"https:\/\/natissea.com\/en\/boutique\/kit-top-sailoress-par-jojilocat\/","title":{"rendered":"Top Sailoress Kit by Jojilocat"},"content":{"rendered":"<div>This pretty, timeless top is knitted from the top down.<\/div>\n<div><\/div>\n<div>Thread used:<\/div>\n<ul>\n<li>Lina\u00e9 95% French linen 5% cotton<\/li>\n<li>Perelle 100% hemp<\/li>\n<\/ul>\n<div>Material :<\/div>\n<div>\n<ul>\n<li>Needles 3.5mm\/US 4 and 3mm\/US 2.5<\/li>\n<\/ul>\n<\/div>\n<div>Sample :<\/div>\n<ul>\n<li>With 3.5mm\/US 4 needles, 20 stitches and 31 rows = 10cm in stockinette stitch, washed and blocked<\/li>\n<\/ul>","protected":false},"excerpt":{"rendered":"<p>A sleeveless summer top made for warm skies and salty breezes, here is the beautiful Sailoress Top by @jojilocat. Simple and elegant, it is made here in Lina\u00e9 95% French linen 5% cotton in aubergine color in size 3. Pernelle 100% hemp yarn can also be used. A positive ease of 2 to 5cm is recommended, see the size chart below. Pattern not included, click on the link below to access the Ravelry page.<\/p>\n<p><a href=\"https:\/\/www.ravelry.com\/patterns\/library\/sailoress-top\" target=\"_blank\" rel=\"noopener\">Click here for the Sailoress pattern by Jojilocat<\/a><\/p>\n<p><img decoding=\"async\" class=\"aligncenter wp-image-5311919 size-full\" src=\"https:\/\/natissea.com\/wp-content\/uploads\/2025\/04\/tableau-des-tailles-natissea.png\" alt=\"kit top sailoress par jojilocat\" width=\"984\" height=\"1216\" srcset=\"https:\/\/natissea.com\/wp-content\/uploads\/2025\/04\/tableau-des-tailles-natissea.png 984w, https:\/\/natissea.com\/wp-content\/uploads\/2025\/04\/tableau-des-tailles-natissea-243x300.png 243w, https:\/\/natissea.com\/wp-content\/uploads\/2025\/04\/tableau-des-tailles-natissea-829x1024.png 829w, https:\/\/natissea.com\/wp-content\/uploads\/2025\/04\/tableau-des-tailles-natissea-768x949.png 768w, https:\/\/natissea.com\/wp-content\/uploads\/2025\/04\/tableau-des-tailles-natissea-10x12.png 10w, https:\/\/natissea.com\/wp-content\/uploads\/2025\/04\/tableau-des-tailles-natissea-600x741.png 600w\" sizes=\"(max-width: 984px) 100vw, 984px\" \/><\/p>\n<p>&nbsp;<\/p>","protected":false},"featured_media":5309621,"template":"","meta":{"_seopress_robots_primary_cat":"none","_seopress_titles_title":"%%post_title%% %%sep%% %%sitetitle%%","_seopress_titles_desc":"Un haut d'\u00e9t\u00e9 sans manches fait pour les ciels chauds et les brises sal\u00e9es, voici le beau Top Sailoress de @jojilocat. Simple et \u00e9l\u00e9gant, il est r\u00e9alis\u00e9 ici en Lina\u00e9 95% lin Fran\u00e7ais 5% coton","_seopress_robots_index":"","_uag_custom_page_level_css":"","site-sidebar-layout":"default","site-content-layout":"","ast-site-content-layout":"default","site-content-style":"default","site-sidebar-style":"default","ast-global-header-display":"","ast-banner-title-visibility":"","ast-main-header-display":"","ast-hfb-above-header-display":"","ast-hfb-below-header-display":"","ast-hfb-mobile-header-display":"","site-post-title":"","ast-breadcrumbs-content":"","ast-featured-img":"","footer-sml-layout":"","ast-disable-related-posts":"","theme-transparent-header-meta":"default","adv-header-id-meta":"","stick-header-meta":"default","header-above-stick-meta":"","header-main-stick-meta":"","header-below-stick-meta":"","astra-migrate-meta-layouts":"set","ast-page-background-enabled":"default","ast-page-background-meta":{"desktop":{"background-color":"var(--ast-global-color-4)","background-image":"","background-repeat":"repeat","background-position":"center center","background-size":"auto","background-attachment":"scroll","background-type":"","background-media":"","overlay-type":"","overlay-color":"","overlay-opacity":"","overlay-gradient":""},"tablet":{"background-color":"","background-image":"","background-repeat":"repeat","background-position":"center center","background-size":"auto","background-attachment":"scroll","background-type":"","background-media":"","overlay-type":"","overlay-color":"","overlay-opacity":"","overlay-gradient":""},"mobile":{"background-color":"","background-image":"","background-repeat":"repeat","background-position":"center center","background-size":"auto","background-attachment":"scroll","background-type":"","background-media":"","overlay-type":"","overlay-color":"","overlay-opacity":"","overlay-gradient":""}},"ast-content-background-meta":{"desktop":{"background-color":"var(--ast-global-color-5)","background-image":"","background-repeat":"repeat","background-position":"center center","background-size":"auto","background-attachment":"scroll","background-type":"","background-media":"","overlay-type":"","overlay-color":"","overlay-opacity":"","overlay-gradient":""},"tablet":{"background-color":"var(--ast-global-color-5)","background-image":"","background-repeat":"repeat","background-position":"center center","background-size":"auto","background-attachment":"scroll","background-type":"","background-media":"","overlay-type":"","overlay-color":"","overlay-opacity":"","overlay-gradient":""},"mobile":{"background-color":"var(--ast-global-color-5)","background-image":"","background-repeat":"repeat","background-position":"center center","background-size":"auto","background-attachment":"scroll","background-type":"","background-media":"","overlay-type":"","overlay-color":"","overlay-opacity":"","overlay-gradient":""}}},"product_brand":[],"product_cat":[69],"product_tag":[],"class_list":{"0":"post-5309550","1":"product","2":"type-product","3":"status-publish","4":"has-post-thumbnail","6":"product_cat-kits","7":"desktop-align-center","8":"tablet-align-left","9":"mobile-align-left","11":"first","12":"instock","13":"taxable","14":"shipping-taxable","15":"purchasable","16":"product-type-composite"},"uagb_featured_image_src":{"full":["https:\/\/natissea.com\/wp-content\/uploads\/2025\/04\/1.avif",750,1125,false],"thumbnail":["https:\/\/natissea.com\/wp-content\/uploads\/2025\/04\/1-150x150.avif",150,150,true],"medium":["https:\/\/natissea.com\/wp-content\/uploads\/2025\/04\/1-200x300.avif",200,300,true],"medium_large":["https:\/\/natissea.com\/wp-content\/uploads\/2025\/04\/1.avif",750,1125,false],"large":["https:\/\/natissea.com\/wp-content\/uploads\/2025\/04\/1-683x1024.avif",683,1024,true],"1536x1536":["https:\/\/natissea.com\/wp-content\/uploads\/2025\/04\/1.avif",750,1125,false],"2048x2048":["https:\/\/natissea.com\/wp-content\/uploads\/2025\/04\/1.avif",750,1125,false],"trp-custom-language-flag":["https:\/\/natissea.com\/wp-content\/uploads\/2025\/04\/1-8x12.avif",8,12,true],"mailpoet_newsletter_max":["https:\/\/natissea.com\/wp-content\/uploads\/2025\/04\/1.avif",750,1125,false],"woocommerce_thumbnail":["https:\/\/natissea.com\/wp-content\/uploads\/2025\/04\/1-300x300.avif",300,300,true],"woocommerce_single":["https:\/\/natissea.com\/wp-content\/uploads\/2025\/04\/1-600x900.avif",600,900,true],"woocommerce_gallery_thumbnail":["https:\/\/natissea.com\/wp-content\/uploads\/2025\/04\/1-100x100.avif",100,100,true]},"uagb_author_info":{"display_name":"nghtmre","author_link":"https:\/\/natissea.com\/en"},"uagb_comment_info":0,"uagb_excerpt":"Un haut d'\u00e9t\u00e9 sans manches fait pour les ciels chauds et les brises sal\u00e9es, voici le beau Top Sailoress de @jojilocat. Simple et \u00e9l\u00e9gant, il est r\u00e9alis\u00e9 ici en Lina\u00e9 95% lin Fran\u00e7ais 5% coton coloris aubergine en taille 3. Le fil Pernelle 100% chanvre peut \u00e9galement convenir. Une aisance positive de 2 \u00e0 5cm&hellip;","jetpack_sharing_enabled":true,"_links":{"self":[{"href":"https:\/\/natissea.com\/en\/wp-json\/wp\/v2\/product\/5309550","targetHints":{"allow":["GET"]}}],"collection":[{"href":"https:\/\/natissea.com\/en\/wp-json\/wp\/v2\/product"}],"about":[{"href":"https:\/\/natissea.com\/en\/wp-json\/wp\/v2\/types\/product"}],"wp:featuredmedia":[{"embeddable":true,"href":"https:\/\/natissea.com\/en\/wp-json\/wp\/v2\/media\/5309621"}],"wp:attachment":[{"href":"https:\/\/natissea.com\/en\/wp-json\/wp\/v2\/media?parent=5309550"}],"wp:term":[{"taxonomy":"product_brand","embeddable":true,"href":"https:\/\/natissea.com\/en\/wp-json\/wp\/v2\/product_brand?post=5309550"},{"taxonomy":"product_cat","embeddable":true,"href":"https:\/\/natissea.com\/en\/wp-json\/wp\/v2\/product_cat?post=5309550"},{"taxonomy":"product_tag","embeddable":true,"href":"https:\/\/natissea.com\/en\/wp-json\/wp\/v2\/product_tag?post=5309550"}],"curies":[{"name":"wp","href":"https:\/\/api.w.org\/{rel}","templated":true}]}}