{"id":5325796,"date":"2025-04-22T22:15:22","date_gmt":"2025-04-22T20:15:22","guid":{"rendered":"https:\/\/natissea.com\/?post_type=product&#038;p=5325796"},"modified":"2025-04-23T09:41:23","modified_gmt":"2025-04-23T07:41:23","slug":"kit-sac-au-crochet-par-green-needle","status":"publish","type":"product","link":"https:\/\/natissea.com\/en\/boutique\/kit-sac-au-crochet-par-green-needle\/","title":{"rendered":"Crochet bag kit by Green Needle"},"content":{"rendered":"<div>\n<p>You start by crocheting the mandala circle, then continue in closed rounds until you reach the desired height. Finally, you create a stable edge and handles in single crochet. You must know how to read a crochet chart. The pattern contains short texts, images, and a crochet chart.<\/p>\n<p>So that you can work comfortably in both analog and digital mode, the pattern is available in two versions:<\/p>\n<ul>\n<li>The digital version has extra-large print so you can easily read it on your mobile phone and a clickable link that takes you to additional information in seconds.<\/li>\n<li>The printable version is compact, fits on one A4 page and folds very easily into a practical booklet to take with you.<\/li>\n<\/ul>\n<\/div>\n<div>\n<p><strong>Video of folding the takeaway booklet:<\/strong><\/p>\n<p><a href=\"https:\/\/youtube.com\/shorts\/1r8BRXNEAF8\" target=\"_blank\" rel=\"noopener\">https:\/\/youtube.com\/shorts\/1r8BRXNEAF8<\/a><\/p>\n<\/div>\n<div><\/div>\n<div>Thread used:<\/div>\n<ul>\n<li>Perelle 100% hemp<\/li>\n<\/ul>\n<div>Material :<\/div>\n<ul>\n<li>3mm hook<\/li>\n<li>Contrasting color thread<\/li>\n<\/ul>\n<div>Bag size: 34x34cm<\/div>","protected":false},"excerpt":{"rendered":"<p>Have you been dreaming of a pretty and practical crochet shopping bag?<\/p>\n<p>Here&#039;s the beautiful design created by Green Needle. This bag is crocheted from the bottom up in Pernelle 100% hemp and only requires 2 skeins.<\/p>\n<p>Possibility to customize the size of the handles. Patterns in French and German.<\/p>","protected":false},"featured_media":5325846,"template":"","meta":{"_seopress_robots_primary_cat":"none","_seopress_titles_title":"","_seopress_titles_desc":"","_seopress_robots_index":"","_uag_custom_page_level_css":"","site-sidebar-layout":"default","site-content-layout":"","ast-site-content-layout":"default","site-content-style":"default","site-sidebar-style":"default","ast-global-header-display":"","ast-banner-title-visibility":"","ast-main-header-display":"","ast-hfb-above-header-display":"","ast-hfb-below-header-display":"","ast-hfb-mobile-header-display":"","site-post-title":"","ast-breadcrumbs-content":"","ast-featured-img":"","footer-sml-layout":"","ast-disable-related-posts":"","theme-transparent-header-meta":"default","adv-header-id-meta":"","stick-header-meta":"default","header-above-stick-meta":"","header-main-stick-meta":"","header-below-stick-meta":"","astra-migrate-meta-layouts":"set","ast-page-background-enabled":"default","ast-page-background-meta":{"desktop":{"background-color":"var(--ast-global-color-4)","background-image":"","background-repeat":"repeat","background-position":"center center","background-size":"auto","background-attachment":"scroll","background-type":"","background-media":"","overlay-type":"","overlay-color":"","overlay-opacity":"","overlay-gradient":""},"tablet":{"background-color":"","background-image":"","background-repeat":"repeat","background-position":"center center","background-size":"auto","background-attachment":"scroll","background-type":"","background-media":"","overlay-type":"","overlay-color":"","overlay-opacity":"","overlay-gradient":""},"mobile":{"background-color":"","background-image":"","background-repeat":"repeat","background-position":"center center","background-size":"auto","background-attachment":"scroll","background-type":"","background-media":"","overlay-type":"","overlay-color":"","overlay-opacity":"","overlay-gradient":""}},"ast-content-background-meta":{"desktop":{"background-color":"var(--ast-global-color-5)","background-image":"","background-repeat":"repeat","background-position":"center center","background-size":"auto","background-attachment":"scroll","background-type":"","background-media":"","overlay-type":"","overlay-color":"","overlay-opacity":"","overlay-gradient":""},"tablet":{"background-color":"var(--ast-global-color-5)","background-image":"","background-repeat":"repeat","background-position":"center center","background-size":"auto","background-attachment":"scroll","background-type":"","background-media":"","overlay-type":"","overlay-color":"","overlay-opacity":"","overlay-gradient":""},"mobile":{"background-color":"var(--ast-global-color-5)","background-image":"","background-repeat":"repeat","background-position":"center center","background-size":"auto","background-attachment":"scroll","background-type":"","background-media":"","overlay-type":"","overlay-color":"","overlay-opacity":"","overlay-gradient":""}}},"product_brand":[],"product_cat":[69],"product_tag":[],"class_list":{"0":"post-5325796","1":"product","2":"type-product","3":"status-publish","4":"has-post-thumbnail","6":"product_cat-kits","7":"desktop-align-center","8":"tablet-align-left","9":"mobile-align-left","11":"first","12":"instock","13":"downloadable","14":"taxable","15":"shipping-taxable","16":"purchasable","17":"product-type-composite"},"uagb_featured_image_src":{"full":["https:\/\/natissea.com\/wp-content\/uploads\/2025\/04\/kit-sac-au-crochet-par-green-needle_9088-scaled.jpg",1920,2560,false],"thumbnail":["https:\/\/natissea.com\/wp-content\/uploads\/2025\/04\/kit-sac-au-crochet-par-green-needle_9088-150x150.jpg",150,150,true],"medium":["https:\/\/natissea.com\/wp-content\/uploads\/2025\/04\/kit-sac-au-crochet-par-green-needle_9088-225x300.jpg",225,300,true],"medium_large":["https:\/\/natissea.com\/wp-content\/uploads\/2025\/04\/kit-sac-au-crochet-par-green-needle_9088-768x1024.jpg",768,1024,true],"large":["https:\/\/natissea.com\/wp-content\/uploads\/2025\/04\/kit-sac-au-crochet-par-green-needle_9088-768x1024.jpg",768,1024,true],"1536x1536":["https:\/\/natissea.com\/wp-content\/uploads\/2025\/04\/kit-sac-au-crochet-par-green-needle_9088-1152x1536.jpg",1152,1536,true],"2048x2048":["https:\/\/natissea.com\/wp-content\/uploads\/2025\/04\/kit-sac-au-crochet-par-green-needle_9088-1536x2048.jpg",1536,2048,true],"trp-custom-language-flag":["https:\/\/natissea.com\/wp-content\/uploads\/2025\/04\/kit-sac-au-crochet-par-green-needle_9088-9x12.jpg",9,12,true],"mailpoet_newsletter_max":["https:\/\/natissea.com\/wp-content\/uploads\/2025\/04\/kit-sac-au-crochet-par-green-needle_9088-1320x1760.jpg",1320,1760,true],"woocommerce_thumbnail":["https:\/\/natissea.com\/wp-content\/uploads\/2025\/04\/kit-sac-au-crochet-par-green-needle_9088-300x300.jpg",300,300,true],"woocommerce_single":["https:\/\/natissea.com\/wp-content\/uploads\/2025\/04\/kit-sac-au-crochet-par-green-needle_9088-600x800.jpg",600,800,true],"woocommerce_gallery_thumbnail":["https:\/\/natissea.com\/wp-content\/uploads\/2025\/04\/kit-sac-au-crochet-par-green-needle_9088-100x100.jpg",100,100,true]},"uagb_author_info":{"display_name":"nghtmre","author_link":"https:\/\/natissea.com\/en"},"uagb_comment_info":0,"uagb_excerpt":"Un sac \u00e0 course joli et pratique \u00e0 crocheter, tu en r\u00eavais ? Voici le beau mod\u00e8le imagin\u00e9 par Green Needle. Ce sac se croch\u00e8te en Pernelle 100% chanvre de bas en haut et ne n\u00e9cessite que 2 \u00e9cheveaux. Possibilit\u00e9 de personnaliser la taille des anses. Patrons en fran\u00e7ais et allemand.","jetpack_sharing_enabled":true,"_links":{"self":[{"href":"https:\/\/natissea.com\/en\/wp-json\/wp\/v2\/product\/5325796","targetHints":{"allow":["GET"]}}],"collection":[{"href":"https:\/\/natissea.com\/en\/wp-json\/wp\/v2\/product"}],"about":[{"href":"https:\/\/natissea.com\/en\/wp-json\/wp\/v2\/types\/product"}],"wp:featuredmedia":[{"embeddable":true,"href":"https:\/\/natissea.com\/en\/wp-json\/wp\/v2\/media\/5325846"}],"wp:attachment":[{"href":"https:\/\/natissea.com\/en\/wp-json\/wp\/v2\/media?parent=5325796"}],"wp:term":[{"taxonomy":"product_brand","embeddable":true,"href":"https:\/\/natissea.com\/en\/wp-json\/wp\/v2\/product_brand?post=5325796"},{"taxonomy":"product_cat","embeddable":true,"href":"https:\/\/natissea.com\/en\/wp-json\/wp\/v2\/product_cat?post=5325796"},{"taxonomy":"product_tag","embeddable":true,"href":"https:\/\/natissea.com\/en\/wp-json\/wp\/v2\/product_tag?post=5325796"}],"curies":[{"name":"wp","href":"https:\/\/api.w.org\/{rel}","templated":true}]}}