{"id":539896,"date":"2023-07-05T22:23:43","date_gmt":"2023-07-05T20:23:43","guid":{"rendered":"https:\/\/natissea.com\/?post_type=product&#038;p=539896"},"modified":"2024-03-22T21:57:17","modified_gmt":"2024-03-22T20:57:17","slug":"kit-pull-leizu-par-xiaowei_design","status":"publish","type":"product","link":"https:\/\/natissea.com\/en\/boutique\/kit-pull-leizu-par-xiaowei_design\/","title":{"rendered":"Leizu Sweater kit by @xiaowei_design"},"content":{"rendered":"<p>Thread used:<br \/>\nLina\u00e9 95% French linen 5% cotton<br \/>\nPerelle 100% hemp<\/p>\n<p>Material :<br \/>\n3.5 mm and 3.25 mm circular needles<br \/>\nAdjust the needle size to obtain the correct gauge.<\/p>\n<p>Sample :<br \/>\nWith 3.5mm needles, 21 stitches and 28 rows = 10 cm in stockinette stitch, washed and blocked.<\/p>","protected":false},"excerpt":{"rendered":"<p>Leizu is a seamless top-down boxy sweater, knitted in jersey with small leaves on the body, it will be cozy and comfortable for your cool evenings. It can be knitted in Pernelle 100% hemp or in Lina\u00e9 95% French linen 5% cotton. The recommended positive ease is 15cm to 22cm at the bust. The measurements in the table below correspond to the finished project.<\/p>\n<p><img decoding=\"async\" class=\"alignnone wp-image-544046 size-full\" src=\"https:\/\/natissea.com\/wp-content\/uploads\/2023\/07\/capture-decran-2023-07-04-a-21.28.29.png\" alt=\"Tableau taille kit pull leizu par @xiaowei design\" width=\"966\" height=\"834\" srcset=\"https:\/\/natissea.com\/wp-content\/uploads\/2023\/07\/capture-decran-2023-07-04-a-21.28.29.png 966w, https:\/\/natissea.com\/wp-content\/uploads\/2023\/07\/capture-decran-2023-07-04-a-21.28.29-300x259.png 300w, https:\/\/natissea.com\/wp-content\/uploads\/2023\/07\/capture-decran-2023-07-04-a-21.28.29-768x663.png 768w, https:\/\/natissea.com\/wp-content\/uploads\/2023\/07\/capture-decran-2023-07-04-a-21.28.29-14x12.png 14w, https:\/\/natissea.com\/wp-content\/uploads\/2023\/07\/capture-decran-2023-07-04-a-21.28.29-600x518.png 600w\" sizes=\"(max-width: 966px) 100vw, 966px\" \/><\/p>","protected":false},"featured_media":543890,"template":"","meta":{"_seopress_robots_primary_cat":"none","_seopress_titles_title":"kit Pull Leizu par @xiaowei_design %%sep%% %%sitetitle%%","_seopress_titles_desc":"Leizu est un pull boxy top down sans couture, tricot\u00e9 en jersey avec des petites feuilles sur le corps, il sera cosy et confortable pour vos soir\u00e9es","_seopress_robots_index":"","_uag_custom_page_level_css":"","site-sidebar-layout":"default","site-content-layout":"default","ast-site-content-layout":"default","site-content-style":"default","site-sidebar-style":"default","ast-global-header-display":"","ast-banner-title-visibility":"","ast-main-header-display":"","ast-hfb-above-header-display":"","ast-hfb-below-header-display":"","ast-hfb-mobile-header-display":"","site-post-title":"","ast-breadcrumbs-content":"","ast-featured-img":"","footer-sml-layout":"","ast-disable-related-posts":"","theme-transparent-header-meta":"default","adv-header-id-meta":"","stick-header-meta":"default","header-above-stick-meta":"","header-main-stick-meta":"","header-below-stick-meta":"","astra-migrate-meta-layouts":"set","ast-page-background-enabled":"default","ast-page-background-meta":{"desktop":{"background-color":"var(--ast-global-color-4)","background-image":"","background-repeat":"repeat","background-position":"center center","background-size":"auto","background-attachment":"scroll","background-type":"","background-media":"","overlay-type":"","overlay-color":"","overlay-opacity":"","overlay-gradient":""},"tablet":{"background-color":"","background-image":"","background-repeat":"repeat","background-position":"center center","background-size":"auto","background-attachment":"scroll","background-type":"","background-media":"","overlay-type":"","overlay-color":"","overlay-opacity":"","overlay-gradient":""},"mobile":{"background-color":"","background-image":"","background-repeat":"repeat","background-position":"center center","background-size":"auto","background-attachment":"scroll","background-type":"","background-media":"","overlay-type":"","overlay-color":"","overlay-opacity":"","overlay-gradient":""}},"ast-content-background-meta":{"desktop":{"background-color":"var(--ast-global-color-5)","background-image":"","background-repeat":"repeat","background-position":"center center","background-size":"auto","background-attachment":"scroll","background-type":"","background-media":"","overlay-type":"","overlay-color":"","overlay-opacity":"","overlay-gradient":""},"tablet":{"background-color":"var(--ast-global-color-5)","background-image":"","background-repeat":"repeat","background-position":"center center","background-size":"auto","background-attachment":"scroll","background-type":"","background-media":"","overlay-type":"","overlay-color":"","overlay-opacity":"","overlay-gradient":""},"mobile":{"background-color":"var(--ast-global-color-5)","background-image":"","background-repeat":"repeat","background-position":"center center","background-size":"auto","background-attachment":"scroll","background-type":"","background-media":"","overlay-type":"","overlay-color":"","overlay-opacity":"","overlay-gradient":""}}},"product_brand":[],"product_cat":[69],"product_tag":[],"class_list":{"0":"post-539896","1":"product","2":"type-product","3":"status-publish","4":"has-post-thumbnail","6":"product_cat-kits","7":"desktop-align-center","8":"tablet-align-left","9":"mobile-align-left","11":"first","12":"instock","13":"taxable","14":"shipping-taxable","15":"purchasable","16":"product-type-composite"},"uagb_featured_image_src":{"full":["https:\/\/natissea.com\/wp-content\/uploads\/2023\/07\/kit-pull-leizu-par-@xiaowei_design-2.jpg",1458,1944,false],"thumbnail":["https:\/\/natissea.com\/wp-content\/uploads\/2023\/07\/kit-pull-leizu-par-@xiaowei_design-2-150x150.jpg",150,150,true],"medium":["https:\/\/natissea.com\/wp-content\/uploads\/2023\/07\/kit-pull-leizu-par-@xiaowei_design-2-225x300.jpg",225,300,true],"medium_large":["https:\/\/natissea.com\/wp-content\/uploads\/2023\/07\/kit-pull-leizu-par-@xiaowei_design-2-768x1024.jpg",768,1024,true],"large":["https:\/\/natissea.com\/wp-content\/uploads\/2023\/07\/kit-pull-leizu-par-@xiaowei_design-2-768x1024.jpg",768,1024,true],"1536x1536":["https:\/\/natissea.com\/wp-content\/uploads\/2023\/07\/kit-pull-leizu-par-@xiaowei_design-2-1152x1536.jpg",1152,1536,true],"2048x2048":["https:\/\/natissea.com\/wp-content\/uploads\/2023\/07\/kit-pull-leizu-par-@xiaowei_design-2.jpg",1458,1944,false],"trp-custom-language-flag":["https:\/\/natissea.com\/wp-content\/uploads\/2023\/07\/kit-pull-leizu-par-@xiaowei_design-2-9x12.jpg",9,12,true],"mailpoet_newsletter_max":["https:\/\/natissea.com\/wp-content\/uploads\/2023\/07\/kit-pull-leizu-par-@xiaowei_design-2-1320x1760.jpg",1320,1760,true],"woocommerce_thumbnail":["https:\/\/natissea.com\/wp-content\/uploads\/2023\/07\/kit-pull-leizu-par-@xiaowei_design-2-300x300.jpg",300,300,true],"woocommerce_single":["https:\/\/natissea.com\/wp-content\/uploads\/2023\/07\/kit-pull-leizu-par-@xiaowei_design-2-600x800.jpg",600,800,true],"woocommerce_gallery_thumbnail":["https:\/\/natissea.com\/wp-content\/uploads\/2023\/07\/kit-pull-leizu-par-@xiaowei_design-2-100x100.jpg",100,100,true]},"uagb_author_info":{"display_name":"nghtmre","author_link":"https:\/\/natissea.com\/en"},"uagb_comment_info":0,"uagb_excerpt":"Leizu est un pull boxy top down sans couture, tricot\u00e9 en jersey avec des petites feuilles sur le corps, il sera cosy et confortable pour vos soir\u00e9es fraiches. Il peut se tricoter en Pernelle 100% chanvre ou en Lina\u00e9 95% lin Fran\u00e7ais 5% coton. L\u2019aisance positive recommand\u00e9e est de 15cm \u00e0 22cm au niveau du&hellip;","jetpack_sharing_enabled":true,"_links":{"self":[{"href":"https:\/\/natissea.com\/en\/wp-json\/wp\/v2\/product\/539896","targetHints":{"allow":["GET"]}}],"collection":[{"href":"https:\/\/natissea.com\/en\/wp-json\/wp\/v2\/product"}],"about":[{"href":"https:\/\/natissea.com\/en\/wp-json\/wp\/v2\/types\/product"}],"wp:featuredmedia":[{"embeddable":true,"href":"https:\/\/natissea.com\/en\/wp-json\/wp\/v2\/media\/543890"}],"wp:attachment":[{"href":"https:\/\/natissea.com\/en\/wp-json\/wp\/v2\/media?parent=539896"}],"wp:term":[{"taxonomy":"product_brand","embeddable":true,"href":"https:\/\/natissea.com\/en\/wp-json\/wp\/v2\/product_brand?post=539896"},{"taxonomy":"product_cat","embeddable":true,"href":"https:\/\/natissea.com\/en\/wp-json\/wp\/v2\/product_cat?post=539896"},{"taxonomy":"product_tag","embeddable":true,"href":"https:\/\/natissea.com\/en\/wp-json\/wp\/v2\/product_tag?post=539896"}],"curies":[{"name":"wp","href":"https:\/\/api.w.org\/{rel}","templated":true}]}}