{"id":5471808,"date":"2025-06-24T09:16:25","date_gmt":"2025-06-24T07:16:25","guid":{"rendered":"https:\/\/natissea.com\/?post_type=product&#038;p=5471808"},"modified":"2025-06-24T09:59:10","modified_gmt":"2025-06-24T07:59:10","slug":"kit-t-shirt-macarons-par-knitting-for-breakfast","status":"publish","type":"product","link":"https:\/\/natissea.com\/en\/boutique\/kit-t-shirt-macarons-par-knitting-for-breakfast\/","title":{"rendered":"Macarons T-Shirt Kit by Knitting for breakfast"},"content":{"rendered":"<p>The method involves first knitting the cable panel flat, then joining it to form a circle. Next, pick up the stitches along the top edge and gradually decrease them to create the collar. Then pick up the stitches along the bottom edge of the panel to continue the yoke with a lace stitch, at this point gradually increasing the yoke up to the sleeves. This way, there will be no seams.<\/p>\n<p>Thread used:<\/p>\n<ul>\n<li>Lina\u00e9 95% French linen 5% cotton<\/li>\n<li>Perelle 100% hemp<\/li>\n<\/ul>\n<p>Material :<\/p>\n<ul>\n<li>3.5mm and 4mm circular needles<\/li>\n<li>40, 60 and 100cm cables<\/li>\n<li>Adjust the needle size to get the correct gauge<\/li>\n<\/ul>\n<p>Sample :<\/p>\n<ul>\n<li>With 4mm needles, 22 stitches and 29 rows = 10cm in stockinette stitch, washed and blocked<\/li>\n<\/ul>","protected":false},"excerpt":{"rendered":"<p>The Macarons T-shirt is a two-tone top that is both fresh and versatile, featuring a pretty horizontal cable knit in relief, followed by an elegant lace stitch. It is knitted here in Lina\u00e9 95% linen 5% cotton with the coral color in CP and bark in CC and can also be knitted in Pernelle 100% hemp. It is knitted seamlessly from the top down. The recommended positive ease is 8 to 15cm at the bust. The measurements in the table below correspond to the finished project<\/p>\n<p><img decoding=\"async\" class=\"wp-image-5471870 size-full\" src=\"https:\/\/natissea.com\/wp-content\/uploads\/2025\/06\/tableau-nouveau-kit-t-shirt-macarons_-png.jpeg\" alt=\"kit t shirt macarons par knitting for breakfast\" width=\"1352\" height=\"1506\" srcset=\"https:\/\/natissea.com\/wp-content\/uploads\/2025\/06\/tableau-nouveau-kit-t-shirt-macarons_-png.jpeg 1352w, https:\/\/natissea.com\/wp-content\/uploads\/2025\/06\/tableau-nouveau-kit-t-shirt-macarons_-png-269x300.jpeg 269w, https:\/\/natissea.com\/wp-content\/uploads\/2025\/06\/tableau-nouveau-kit-t-shirt-macarons_-png-919x1024.jpeg 919w, https:\/\/natissea.com\/wp-content\/uploads\/2025\/06\/tableau-nouveau-kit-t-shirt-macarons_-png-768x855.jpeg 768w, https:\/\/natissea.com\/wp-content\/uploads\/2025\/06\/tableau-nouveau-kit-t-shirt-macarons_-png-11x12.jpeg 11w, https:\/\/natissea.com\/wp-content\/uploads\/2025\/06\/tableau-nouveau-kit-t-shirt-macarons_-png-1320x1470.jpeg 1320w, https:\/\/natissea.com\/wp-content\/uploads\/2025\/06\/tableau-nouveau-kit-t-shirt-macarons_-png-600x668.jpeg 600w\" sizes=\"(max-width: 1352px) 100vw, 1352px\" \/><\/p>","protected":false},"featured_media":5471895,"template":"","meta":{"_seopress_robots_primary_cat":"none","_seopress_titles_title":"Kit T-Shirt Macarons par Knitting for breakfast | Natissea","_seopress_titles_desc":"e tee-shirt Macarons est un haut bicolore \u00e0 la fois frais et polyvalent, qui joue sur une jolie torsade horizontale en relief, suivi d'un point de dentelle.","_seopress_robots_index":"","_uag_custom_page_level_css":"","site-sidebar-layout":"default","site-content-layout":"","ast-site-content-layout":"default","site-content-style":"default","site-sidebar-style":"default","ast-global-header-display":"","ast-banner-title-visibility":"","ast-main-header-display":"","ast-hfb-above-header-display":"","ast-hfb-below-header-display":"","ast-hfb-mobile-header-display":"","site-post-title":"","ast-breadcrumbs-content":"","ast-featured-img":"","footer-sml-layout":"","ast-disable-related-posts":"","theme-transparent-header-meta":"default","adv-header-id-meta":"","stick-header-meta":"default","header-above-stick-meta":"","header-main-stick-meta":"","header-below-stick-meta":"","astra-migrate-meta-layouts":"set","ast-page-background-enabled":"default","ast-page-background-meta":{"desktop":{"background-color":"var(--ast-global-color-4)","background-image":"","background-repeat":"repeat","background-position":"center center","background-size":"auto","background-attachment":"scroll","background-type":"","background-media":"","overlay-type":"","overlay-color":"","overlay-opacity":"","overlay-gradient":""},"tablet":{"background-color":"","background-image":"","background-repeat":"repeat","background-position":"center center","background-size":"auto","background-attachment":"scroll","background-type":"","background-media":"","overlay-type":"","overlay-color":"","overlay-opacity":"","overlay-gradient":""},"mobile":{"background-color":"","background-image":"","background-repeat":"repeat","background-position":"center center","background-size":"auto","background-attachment":"scroll","background-type":"","background-media":"","overlay-type":"","overlay-color":"","overlay-opacity":"","overlay-gradient":""}},"ast-content-background-meta":{"desktop":{"background-color":"var(--ast-global-color-5)","background-image":"","background-repeat":"repeat","background-position":"center center","background-size":"auto","background-attachment":"scroll","background-type":"","background-media":"","overlay-type":"","overlay-color":"","overlay-opacity":"","overlay-gradient":""},"tablet":{"background-color":"var(--ast-global-color-5)","background-image":"","background-repeat":"repeat","background-position":"center center","background-size":"auto","background-attachment":"scroll","background-type":"","background-media":"","overlay-type":"","overlay-color":"","overlay-opacity":"","overlay-gradient":""},"mobile":{"background-color":"var(--ast-global-color-5)","background-image":"","background-repeat":"repeat","background-position":"center center","background-size":"auto","background-attachment":"scroll","background-type":"","background-media":"","overlay-type":"","overlay-color":"","overlay-opacity":"","overlay-gradient":""}}},"product_brand":[],"product_cat":[69],"product_tag":[],"class_list":{"0":"post-5471808","1":"product","2":"type-product","3":"status-publish","4":"has-post-thumbnail","6":"product_cat-kits","7":"desktop-align-center","8":"tablet-align-left","9":"mobile-align-left","11":"first","12":"instock","13":"taxable","14":"shipping-taxable","15":"purchasable","16":"product-type-composite"},"uagb_featured_image_src":{"full":["https:\/\/natissea.com\/wp-content\/uploads\/2025\/06\/photo-macarons-tee-1-min.jpg",1023,1326,false],"thumbnail":["https:\/\/natissea.com\/wp-content\/uploads\/2025\/06\/photo-macarons-tee-1-min-150x150.jpg",150,150,true],"medium":["https:\/\/natissea.com\/wp-content\/uploads\/2025\/06\/photo-macarons-tee-1-min-231x300.jpg",231,300,true],"medium_large":["https:\/\/natissea.com\/wp-content\/uploads\/2025\/06\/photo-macarons-tee-1-min-768x995.jpg",768,995,true],"large":["https:\/\/natissea.com\/wp-content\/uploads\/2025\/06\/photo-macarons-tee-1-min-790x1024.jpg",790,1024,true],"1536x1536":["https:\/\/natissea.com\/wp-content\/uploads\/2025\/06\/photo-macarons-tee-1-min.jpg",1023,1326,false],"2048x2048":["https:\/\/natissea.com\/wp-content\/uploads\/2025\/06\/photo-macarons-tee-1-min.jpg",1023,1326,false],"trp-custom-language-flag":["https:\/\/natissea.com\/wp-content\/uploads\/2025\/06\/photo-macarons-tee-1-min-9x12.jpg",9,12,true],"mailpoet_newsletter_max":["https:\/\/natissea.com\/wp-content\/uploads\/2025\/06\/photo-macarons-tee-1-min.jpg",1023,1326,false],"woocommerce_thumbnail":["https:\/\/natissea.com\/wp-content\/uploads\/2025\/06\/photo-macarons-tee-1-min-300x300.jpg",300,300,true],"woocommerce_single":["https:\/\/natissea.com\/wp-content\/uploads\/2025\/06\/photo-macarons-tee-1-min-600x778.jpg",600,778,true],"woocommerce_gallery_thumbnail":["https:\/\/natissea.com\/wp-content\/uploads\/2025\/06\/photo-macarons-tee-1-min-100x100.jpg",100,100,true]},"uagb_author_info":{"display_name":"nghtmre","author_link":"https:\/\/natissea.com\/en"},"uagb_comment_info":0,"uagb_excerpt":"Le tee-shirt Macarons est un haut bicolore \u00e0 la fois frais et polyvalent, qui joue sur une jolie torsade horizontale en relief, suivi d'un point de dentelle \u00e9l\u00e9gant. Il est ici tricot\u00e9 en Lina\u00e9 95% lin 5% coton avec le coloris corail en CP et \u00e9corce en CC et peut \u00e9galement \u00eatre tricot\u00e9 en Pernelle&hellip;","jetpack_sharing_enabled":true,"_links":{"self":[{"href":"https:\/\/natissea.com\/en\/wp-json\/wp\/v2\/product\/5471808","targetHints":{"allow":["GET"]}}],"collection":[{"href":"https:\/\/natissea.com\/en\/wp-json\/wp\/v2\/product"}],"about":[{"href":"https:\/\/natissea.com\/en\/wp-json\/wp\/v2\/types\/product"}],"wp:featuredmedia":[{"embeddable":true,"href":"https:\/\/natissea.com\/en\/wp-json\/wp\/v2\/media\/5471895"}],"wp:attachment":[{"href":"https:\/\/natissea.com\/en\/wp-json\/wp\/v2\/media?parent=5471808"}],"wp:term":[{"taxonomy":"product_brand","embeddable":true,"href":"https:\/\/natissea.com\/en\/wp-json\/wp\/v2\/product_brand?post=5471808"},{"taxonomy":"product_cat","embeddable":true,"href":"https:\/\/natissea.com\/en\/wp-json\/wp\/v2\/product_cat?post=5471808"},{"taxonomy":"product_tag","embeddable":true,"href":"https:\/\/natissea.com\/en\/wp-json\/wp\/v2\/product_tag?post=5471808"}],"curies":[{"name":"wp","href":"https:\/\/api.w.org\/{rel}","templated":true}]}}