{"id":5484447,"date":"2025-07-03T21:39:57","date_gmt":"2025-07-03T19:39:57","guid":{"rendered":"https:\/\/natissea.com\/?post_type=product&#038;p=5484447"},"modified":"2025-07-09T19:25:10","modified_gmt":"2025-07-09T17:25:10","slug":"kit-top-ichigo-par-mimosa-cafe-lanar","status":"publish","type":"product","link":"https:\/\/natissea.com\/en\/boutique\/kit-top-ichigo-par-mimosa-cafe-lanar\/","title":{"rendered":"Ichigo Top Kit by Mimosa Cafe Lanar"},"content":{"rendered":"<p>Thread used:<\/p>\n<ul>\n<li>Malva 100% organic cotton<\/li>\n<li>Damya 55% hemp 45% organic cotton<\/li>\n<\/ul>\n<p>Material :<\/p>\n<ul>\n<li>3mm and 3.5mm circular needles<\/li>\n<li>80cm cables<\/li>\n<li>Adjust the needle size to get the correct gauge<\/li>\n<\/ul>\n<p>Sample :<\/p>\n<ul>\n<li>With 3.5mm needles, 21 stitches and 30 rows = 10cm in stockinette stitch, washed and blocked<\/li>\n<\/ul>","protected":false},"excerpt":{"rendered":"<p>The pretty Ichigo top is a jersey tank top embellished with delicate lace! It&#039;s knitted here in Malva 100% organic cotton, and the Damya 55% hemp and 45% organic cotton yarns are also perfect. It&#039;s constructed from the bottom up with adjustable I-cord straps. The versions in the photos correspond to the ecru and lilac colors of the Malva yarn. The measurements in the table below correspond to the finished project. Pattern not included, click on the link below to access the Ravelry page.<\/p>\n<p><!-- wp:buttons {\"layout\":{\"type\":\"flex\",\"justifyContent\":\"center\"}} --><\/p>\n<div class=\"wp-block-buttons\">\n<p><!-- wp:button --><\/p>\n<div class=\"wp-block-button\"><a href=\"https:\/\/www.ravelry.com\/patterns\/library\/ichigo-top\" target=\"_blank\" rel=\"noopener\">Boss link<\/a><\/div>\n<p><!-- \/wp:button --><\/p>\n<\/div>\n<p><!-- \/wp:buttons --><\/p>\n<p><img decoding=\"async\" class=\"wp-image-5494406 size-full\" src=\"https:\/\/natissea.com\/wp-content\/uploads\/2025\/07\/capture-decran-2025-07-03-a-19.18.33.png\" alt=\"kit top ichigo par mimosa cafe lanar\" width=\"1166\" height=\"1120\" srcset=\"https:\/\/natissea.com\/wp-content\/uploads\/2025\/07\/capture-decran-2025-07-03-a-19.18.33.png 1166w, https:\/\/natissea.com\/wp-content\/uploads\/2025\/07\/capture-decran-2025-07-03-a-19.18.33-300x288.png 300w, https:\/\/natissea.com\/wp-content\/uploads\/2025\/07\/capture-decran-2025-07-03-a-19.18.33-1024x984.png 1024w, https:\/\/natissea.com\/wp-content\/uploads\/2025\/07\/capture-decran-2025-07-03-a-19.18.33-768x738.png 768w, https:\/\/natissea.com\/wp-content\/uploads\/2025\/07\/capture-decran-2025-07-03-a-19.18.33-12x12.png 12w, https:\/\/natissea.com\/wp-content\/uploads\/2025\/07\/capture-decran-2025-07-03-a-19.18.33-600x576.png 600w\" sizes=\"(max-width: 1166px) 100vw, 1166px\" \/><\/p>\n<p><!-- \/wp:button --><\/p>","protected":false},"featured_media":5490090,"template":"","meta":{"_seopress_robots_primary_cat":"none","_seopress_titles_title":"Kit Top Ichigo par Mimosa Cafe Lanar - Natissea","_seopress_titles_desc":"Le joli top Ichigo est un d\u00e9bardeur en Jersey aggr\u00e9ment\u00e9 d'une d\u00e9licate dentelle! Il est tricot\u00e9 ici en Malva 100% coton bio","_seopress_robots_index":"","_uag_custom_page_level_css":"","site-sidebar-layout":"default","site-content-layout":"","ast-site-content-layout":"default","site-content-style":"default","site-sidebar-style":"default","ast-global-header-display":"","ast-banner-title-visibility":"","ast-main-header-display":"","ast-hfb-above-header-display":"","ast-hfb-below-header-display":"","ast-hfb-mobile-header-display":"","site-post-title":"","ast-breadcrumbs-content":"","ast-featured-img":"","footer-sml-layout":"","ast-disable-related-posts":"","theme-transparent-header-meta":"default","adv-header-id-meta":"","stick-header-meta":"default","header-above-stick-meta":"","header-main-stick-meta":"","header-below-stick-meta":"","astra-migrate-meta-layouts":"set","ast-page-background-enabled":"default","ast-page-background-meta":{"desktop":{"background-color":"var(--ast-global-color-4)","background-image":"","background-repeat":"repeat","background-position":"center center","background-size":"auto","background-attachment":"scroll","background-type":"","background-media":"","overlay-type":"","overlay-color":"","overlay-opacity":"","overlay-gradient":""},"tablet":{"background-color":"","background-image":"","background-repeat":"repeat","background-position":"center center","background-size":"auto","background-attachment":"scroll","background-type":"","background-media":"","overlay-type":"","overlay-color":"","overlay-opacity":"","overlay-gradient":""},"mobile":{"background-color":"","background-image":"","background-repeat":"repeat","background-position":"center center","background-size":"auto","background-attachment":"scroll","background-type":"","background-media":"","overlay-type":"","overlay-color":"","overlay-opacity":"","overlay-gradient":""}},"ast-content-background-meta":{"desktop":{"background-color":"var(--ast-global-color-5)","background-image":"","background-repeat":"repeat","background-position":"center center","background-size":"auto","background-attachment":"scroll","background-type":"","background-media":"","overlay-type":"","overlay-color":"","overlay-opacity":"","overlay-gradient":""},"tablet":{"background-color":"var(--ast-global-color-5)","background-image":"","background-repeat":"repeat","background-position":"center center","background-size":"auto","background-attachment":"scroll","background-type":"","background-media":"","overlay-type":"","overlay-color":"","overlay-opacity":"","overlay-gradient":""},"mobile":{"background-color":"var(--ast-global-color-5)","background-image":"","background-repeat":"repeat","background-position":"center center","background-size":"auto","background-attachment":"scroll","background-type":"","background-media":"","overlay-type":"","overlay-color":"","overlay-opacity":"","overlay-gradient":""}}},"product_brand":[],"product_cat":[69],"product_tag":[],"class_list":{"0":"post-5484447","1":"product","2":"type-product","3":"status-publish","4":"has-post-thumbnail","6":"product_cat-kits","7":"desktop-align-center","8":"tablet-align-left","9":"mobile-align-left","11":"first","12":"instock","13":"taxable","14":"shipping-taxable","15":"purchasable","16":"product-type-composite"},"uagb_featured_image_src":{"full":["https:\/\/natissea.com\/wp-content\/uploads\/2025\/06\/2025_diesadulces_ichigotop-45-min-scaled.jpg",1707,2560,false],"thumbnail":["https:\/\/natissea.com\/wp-content\/uploads\/2025\/06\/2025_diesadulces_ichigotop-45-min-150x150.jpg",150,150,true],"medium":["https:\/\/natissea.com\/wp-content\/uploads\/2025\/06\/2025_diesadulces_ichigotop-45-min-200x300.jpg",200,300,true],"medium_large":["https:\/\/natissea.com\/wp-content\/uploads\/2025\/06\/2025_diesadulces_ichigotop-45-min-768x1152.jpg",768,1152,true],"large":["https:\/\/natissea.com\/wp-content\/uploads\/2025\/06\/2025_diesadulces_ichigotop-45-min-683x1024.jpg",683,1024,true],"1536x1536":["https:\/\/natissea.com\/wp-content\/uploads\/2025\/06\/2025_diesadulces_ichigotop-45-min-1024x1536.jpg",1024,1536,true],"2048x2048":["https:\/\/natissea.com\/wp-content\/uploads\/2025\/06\/2025_diesadulces_ichigotop-45-min-1365x2048.jpg",1365,2048,true],"trp-custom-language-flag":["https:\/\/natissea.com\/wp-content\/uploads\/2025\/06\/2025_diesadulces_ichigotop-45-min-8x12.jpg",8,12,true],"mailpoet_newsletter_max":["https:\/\/natissea.com\/wp-content\/uploads\/2025\/06\/2025_diesadulces_ichigotop-45-min-1320x1980.jpg",1320,1980,true],"woocommerce_thumbnail":["https:\/\/natissea.com\/wp-content\/uploads\/2025\/06\/2025_diesadulces_ichigotop-45-min-300x300.jpg",300,300,true],"woocommerce_single":["https:\/\/natissea.com\/wp-content\/uploads\/2025\/06\/2025_diesadulces_ichigotop-45-min-600x900.jpg",600,900,true],"woocommerce_gallery_thumbnail":["https:\/\/natissea.com\/wp-content\/uploads\/2025\/06\/2025_diesadulces_ichigotop-45-min-100x100.jpg",100,100,true]},"uagb_author_info":{"display_name":"nghtmre","author_link":"https:\/\/natissea.com\/en"},"uagb_comment_info":0,"uagb_excerpt":"Le joli top Ichigo est un d\u00e9bardeur en Jersey aggr\u00e9ment\u00e9 d'une d\u00e9licate dentelle! Il est tricot\u00e9 ici en Malva 100% coton bio et la qualit\u00e9 Damya 55% chanvre et 45% coton bio convient parfaitement \u00e9galement. Il se construit de bas en haut avec de fille bretelles en I-cord r\u00e9glables. Les versions sur les photos correspondent&hellip;","jetpack_sharing_enabled":true,"_links":{"self":[{"href":"https:\/\/natissea.com\/en\/wp-json\/wp\/v2\/product\/5484447","targetHints":{"allow":["GET"]}}],"collection":[{"href":"https:\/\/natissea.com\/en\/wp-json\/wp\/v2\/product"}],"about":[{"href":"https:\/\/natissea.com\/en\/wp-json\/wp\/v2\/types\/product"}],"wp:featuredmedia":[{"embeddable":true,"href":"https:\/\/natissea.com\/en\/wp-json\/wp\/v2\/media\/5490090"}],"wp:attachment":[{"href":"https:\/\/natissea.com\/en\/wp-json\/wp\/v2\/media?parent=5484447"}],"wp:term":[{"taxonomy":"product_brand","embeddable":true,"href":"https:\/\/natissea.com\/en\/wp-json\/wp\/v2\/product_brand?post=5484447"},{"taxonomy":"product_cat","embeddable":true,"href":"https:\/\/natissea.com\/en\/wp-json\/wp\/v2\/product_cat?post=5484447"},{"taxonomy":"product_tag","embeddable":true,"href":"https:\/\/natissea.com\/en\/wp-json\/wp\/v2\/product_tag?post=5484447"}],"curies":[{"name":"wp","href":"https:\/\/api.w.org\/{rel}","templated":true}]}}