{"id":5500922,"date":"2025-07-04T19:32:56","date_gmt":"2025-07-04T17:32:56","guid":{"rendered":"https:\/\/natissea.com\/?post_type=product&#038;p=5500922"},"modified":"2025-07-10T09:57:31","modified_gmt":"2025-07-10T07:57:31","slug":"kit-top-molitor-par-atelier-emilie","status":"publish","type":"product","link":"https:\/\/natissea.com\/en\/boutique\/kit-top-molitor-par-atelier-emilie\/","title":{"rendered":"Top Molitor kit by Atelier Emilie"},"content":{"rendered":"<p><strong>Molitor<\/strong>\u00a0is knitted from the bottom up without seams. The body is knitted in the round up to the armholes. Then each part (back and front) is knitted separately back and forth and connected by straps with grafting. The edges of the bottom, armhole and neckline are worked in crochet.<\/p>\n<p>Thread used:<\/p>\n<ul>\n<li>Damya 55% hemp 45% organic cotton<\/li>\n<li>Malva 100% organic cotton<\/li>\n<\/ul>\n<p>Material :<\/p>\n<ul>\n<li>4mm circular needles<\/li>\n<li>80\/100cm cables<\/li>\n<li>Adjust the needle size to get the correct gauge<\/li>\n<\/ul>\n<p>Sample :<\/p>\n<ul>\n<li>With 4mm needles, 20 stitches and 30 rows = 10cm in stockinette stitch, washed and blocked<\/li>\n<\/ul>","protected":false},"excerpt":{"rendered":"<p><strong>Molitor<\/strong>\u00a0is a perfect top for summer days! Two very simple cables highlight a false button placket and this pretty model is finished with pretty crochet finishes. It is knitted here in Damya 55% hemp and 45% organic cotton in ecru, the Malva 100% organic cotton quality is also perfect. The measurements in the table below correspond to the finished project. It is recommended to wear it with an ease of approximately -5 to +5 cm. Pattern not included, click on the link below to access the Ravelry sheet<\/p>\n<p><a style=\"font-size: 16px; background-color: #ffffff;\" href=\"https:\/\/www.ravelry.com\/patterns\/library\/molitor\" target=\"_blank\" rel=\"noopener\">Boss link<\/a><\/p>\n<p><img decoding=\"async\" class=\"wp-image-5513481 size-large\" src=\"https:\/\/natissea.com\/wp-content\/uploads\/2025\/07\/capture-decran-2025-07-09-a-21.59.03-947x1024.png\" alt=\"kit top molitor par atelier emilie\" width=\"947\" height=\"1024\" srcset=\"https:\/\/natissea.com\/wp-content\/uploads\/2025\/07\/capture-decran-2025-07-09-a-21.59.03-947x1024.png 947w, https:\/\/natissea.com\/wp-content\/uploads\/2025\/07\/capture-decran-2025-07-09-a-21.59.03-278x300.png 278w, https:\/\/natissea.com\/wp-content\/uploads\/2025\/07\/capture-decran-2025-07-09-a-21.59.03-768x830.png 768w, https:\/\/natissea.com\/wp-content\/uploads\/2025\/07\/capture-decran-2025-07-09-a-21.59.03-11x12.png 11w, https:\/\/natissea.com\/wp-content\/uploads\/2025\/07\/capture-decran-2025-07-09-a-21.59.03-600x649.png 600w, https:\/\/natissea.com\/wp-content\/uploads\/2025\/07\/capture-decran-2025-07-09-a-21.59.03.png 1012w\" sizes=\"(max-width: 947px) 100vw, 947px\" \/><\/p>\n<div class=\"wp-block-buttons\">\n<p><!-- \/wp:button --><\/p>\n<\/div>\n<p><!-- \/wp:buttons --><\/p>\n<p>&nbsp;<\/p>\n<p><!-- \/wp:button --><\/p>","protected":false},"featured_media":5511462,"template":"","meta":{"_seopress_robots_primary_cat":"none","_seopress_titles_title":"kit Top Molitor par Atelier Emilie - Natissea","_seopress_titles_desc":"Molitor\u00a0est un top parfait pour les jours d\u2019\u00e9t\u00e9! Deux torsades tr\u00e8s simples viennent d\u00e9marquer une fausse patte de boutonnage et ce joli mod\u00e8le","_seopress_robots_index":"","_uag_custom_page_level_css":"","site-sidebar-layout":"default","site-content-layout":"","ast-site-content-layout":"default","site-content-style":"default","site-sidebar-style":"default","ast-global-header-display":"","ast-banner-title-visibility":"","ast-main-header-display":"","ast-hfb-above-header-display":"","ast-hfb-below-header-display":"","ast-hfb-mobile-header-display":"","site-post-title":"","ast-breadcrumbs-content":"","ast-featured-img":"","footer-sml-layout":"","ast-disable-related-posts":"","theme-transparent-header-meta":"default","adv-header-id-meta":"","stick-header-meta":"default","header-above-stick-meta":"","header-main-stick-meta":"","header-below-stick-meta":"","astra-migrate-meta-layouts":"set","ast-page-background-enabled":"default","ast-page-background-meta":{"desktop":{"background-color":"var(--ast-global-color-4)","background-image":"","background-repeat":"repeat","background-position":"center center","background-size":"auto","background-attachment":"scroll","background-type":"","background-media":"","overlay-type":"","overlay-color":"","overlay-opacity":"","overlay-gradient":""},"tablet":{"background-color":"","background-image":"","background-repeat":"repeat","background-position":"center center","background-size":"auto","background-attachment":"scroll","background-type":"","background-media":"","overlay-type":"","overlay-color":"","overlay-opacity":"","overlay-gradient":""},"mobile":{"background-color":"","background-image":"","background-repeat":"repeat","background-position":"center center","background-size":"auto","background-attachment":"scroll","background-type":"","background-media":"","overlay-type":"","overlay-color":"","overlay-opacity":"","overlay-gradient":""}},"ast-content-background-meta":{"desktop":{"background-color":"var(--ast-global-color-5)","background-image":"","background-repeat":"repeat","background-position":"center center","background-size":"auto","background-attachment":"scroll","background-type":"","background-media":"","overlay-type":"","overlay-color":"","overlay-opacity":"","overlay-gradient":""},"tablet":{"background-color":"var(--ast-global-color-5)","background-image":"","background-repeat":"repeat","background-position":"center center","background-size":"auto","background-attachment":"scroll","background-type":"","background-media":"","overlay-type":"","overlay-color":"","overlay-opacity":"","overlay-gradient":""},"mobile":{"background-color":"var(--ast-global-color-5)","background-image":"","background-repeat":"repeat","background-position":"center center","background-size":"auto","background-attachment":"scroll","background-type":"","background-media":"","overlay-type":"","overlay-color":"","overlay-opacity":"","overlay-gradient":""}}},"product_brand":[],"product_cat":[69],"product_tag":[],"class_list":{"0":"post-5500922","1":"product","2":"type-product","3":"status-publish","4":"has-post-thumbnail","6":"product_cat-kits","7":"desktop-align-center","8":"tablet-align-left","9":"mobile-align-left","11":"first","12":"instock","13":"taxable","14":"shipping-taxable","15":"purchasable","16":"product-type-composite"},"uagb_featured_image_src":{"full":["https:\/\/natissea.com\/wp-content\/uploads\/2025\/07\/img_8371_medium2.jpg",480,640,false],"thumbnail":["https:\/\/natissea.com\/wp-content\/uploads\/2025\/07\/img_8371_medium2-150x150.jpg",150,150,true],"medium":["https:\/\/natissea.com\/wp-content\/uploads\/2025\/07\/img_8371_medium2-225x300.jpg",225,300,true],"medium_large":["https:\/\/natissea.com\/wp-content\/uploads\/2025\/07\/img_8371_medium2.jpg",480,640,false],"large":["https:\/\/natissea.com\/wp-content\/uploads\/2025\/07\/img_8371_medium2.jpg",480,640,false],"1536x1536":["https:\/\/natissea.com\/wp-content\/uploads\/2025\/07\/img_8371_medium2.jpg",480,640,false],"2048x2048":["https:\/\/natissea.com\/wp-content\/uploads\/2025\/07\/img_8371_medium2.jpg",480,640,false],"trp-custom-language-flag":["https:\/\/natissea.com\/wp-content\/uploads\/2025\/07\/img_8371_medium2-9x12.jpg",9,12,true],"mailpoet_newsletter_max":["https:\/\/natissea.com\/wp-content\/uploads\/2025\/07\/img_8371_medium2.jpg",480,640,false],"woocommerce_thumbnail":["https:\/\/natissea.com\/wp-content\/uploads\/2025\/07\/img_8371_medium2-300x300.jpg",300,300,true],"woocommerce_single":["https:\/\/natissea.com\/wp-content\/uploads\/2025\/07\/img_8371_medium2.jpg",480,640,false],"woocommerce_gallery_thumbnail":["https:\/\/natissea.com\/wp-content\/uploads\/2025\/07\/img_8371_medium2-100x100.jpg",100,100,true]},"uagb_author_info":{"display_name":"nghtmre","author_link":"https:\/\/natissea.com\/en"},"uagb_comment_info":0,"uagb_excerpt":"Molitor\u00a0est un top parfait pour les jours d\u2019\u00e9t\u00e9! Deux torsades tr\u00e8s simples viennent d\u00e9marquer une fausse patte de boutonnage et ce joli mod\u00e8le est peautin\u00e9 par de jolies finitions au crochet. Il est tricot\u00e9 ici en Damya 55% chanvre et 45% coton bio coloris \u00e9cru, la qualit\u00e9 Malva 100% coton bio convient parfaitement \u00e9galement. Les&hellip;","jetpack_sharing_enabled":true,"_links":{"self":[{"href":"https:\/\/natissea.com\/en\/wp-json\/wp\/v2\/product\/5500922","targetHints":{"allow":["GET"]}}],"collection":[{"href":"https:\/\/natissea.com\/en\/wp-json\/wp\/v2\/product"}],"about":[{"href":"https:\/\/natissea.com\/en\/wp-json\/wp\/v2\/types\/product"}],"wp:featuredmedia":[{"embeddable":true,"href":"https:\/\/natissea.com\/en\/wp-json\/wp\/v2\/media\/5511462"}],"wp:attachment":[{"href":"https:\/\/natissea.com\/en\/wp-json\/wp\/v2\/media?parent=5500922"}],"wp:term":[{"taxonomy":"product_brand","embeddable":true,"href":"https:\/\/natissea.com\/en\/wp-json\/wp\/v2\/product_brand?post=5500922"},{"taxonomy":"product_cat","embeddable":true,"href":"https:\/\/natissea.com\/en\/wp-json\/wp\/v2\/product_cat?post=5500922"},{"taxonomy":"product_tag","embeddable":true,"href":"https:\/\/natissea.com\/en\/wp-json\/wp\/v2\/product_tag?post=5500922"}],"curies":[{"name":"wp","href":"https:\/\/api.w.org\/{rel}","templated":true}]}}