{"id":5556668,"date":"2025-08-05T22:25:29","date_gmt":"2025-08-05T20:25:29","guid":{"rendered":"https:\/\/natissea.com\/?post_type=product&#038;p=5556668"},"modified":"2025-08-05T23:04:40","modified_gmt":"2025-08-05T21:04:40","slug":"kit-veste-mathilde-au-crochet-par-crochet-de-plume","status":"publish","type":"product","link":"https:\/\/natissea.com\/en\/boutique\/kit-veste-mathilde-au-crochet-par-crochet-de-plume\/","title":{"rendered":"Mathilde Crochet Jacket Kit by Crochet de Plume"},"content":{"rendered":"<p>Size guide:<\/p>\n<p>Number of balls:<\/p>\n<ul>\n<li>XS to S (4 balls)<\/li>\n<li>M to L (5 balls)<\/li>\n<li>XL to 2XL (6 balls)<\/li>\n<li>3XL to 4XL (7 balls)<\/li>\n<li>5XL to 6XL (8 balls)<\/li>\n<li>7XL to 8XL (9 balls)<\/li>\n<\/ul>\n<p>The pattern includes all the videos of all the stitches used.<\/p>\n<p>Thread used:<\/p>\n<ul>\n<li>Lina\u00e9 95% French linen, 5% cotton<\/li>\n<\/ul>\n<p>Material :<\/p>\n<ul>\n<li>Hook No. 2.5<\/li>\n<\/ul>\n<p>Sample :<\/p>\n<ul>\n<li>With a size 2.5 hook, 11.5 x 11.5 cm = 5 rounds<\/li>\n<\/ul>","protected":false},"excerpt":{"rendered":"<p>This light and airy sleeveless jacket is made from pretty granny squares, perfect for sunny days. Made here with Lina\u00e9 quality in honey color, it offers a natural drape and incomparable comfort. With its feminine style and bohemian touch, it ties delicately at the front with two small cords, for a fluid and elegant silhouette. Vary the colors, play with the length, and make this model your own! Pattern not included, click on the link below to access the Ravelry sheet<\/p>\n<p><a href=\"https:\/\/www.lecrochetdeplume.com\/product-page\/patron-pdf-veste-au-crochet-mathilde-tutoriel-crochet-facile\">Link to the boss<\/a><\/p>","protected":false},"featured_media":5556720,"template":"","meta":{"_seopress_robots_primary_cat":"none","_seopress_titles_title":"Kit Veste Mathilde au crochet by crochet de Plume - Natissea","_seopress_titles_desc":"Cette veste sans manches, l\u00e9g\u00e8re et a\u00e9rienne, est r\u00e9alis\u00e9e \u00e0 partir de jolis carr\u00e9s granny, parfaits pour les beaux jours. Elle offre un tomb\u00e9 naturel.","_seopress_robots_index":"","_uag_custom_page_level_css":"","site-sidebar-layout":"default","site-content-layout":"","ast-site-content-layout":"default","site-content-style":"default","site-sidebar-style":"default","ast-global-header-display":"","ast-banner-title-visibility":"","ast-main-header-display":"","ast-hfb-above-header-display":"","ast-hfb-below-header-display":"","ast-hfb-mobile-header-display":"","site-post-title":"","ast-breadcrumbs-content":"","ast-featured-img":"","footer-sml-layout":"","ast-disable-related-posts":"","theme-transparent-header-meta":"default","adv-header-id-meta":"","stick-header-meta":"default","header-above-stick-meta":"","header-main-stick-meta":"","header-below-stick-meta":"","astra-migrate-meta-layouts":"set","ast-page-background-enabled":"default","ast-page-background-meta":{"desktop":{"background-color":"var(--ast-global-color-4)","background-image":"","background-repeat":"repeat","background-position":"center center","background-size":"auto","background-attachment":"scroll","background-type":"","background-media":"","overlay-type":"","overlay-color":"","overlay-opacity":"","overlay-gradient":""},"tablet":{"background-color":"","background-image":"","background-repeat":"repeat","background-position":"center center","background-size":"auto","background-attachment":"scroll","background-type":"","background-media":"","overlay-type":"","overlay-color":"","overlay-opacity":"","overlay-gradient":""},"mobile":{"background-color":"","background-image":"","background-repeat":"repeat","background-position":"center center","background-size":"auto","background-attachment":"scroll","background-type":"","background-media":"","overlay-type":"","overlay-color":"","overlay-opacity":"","overlay-gradient":""}},"ast-content-background-meta":{"desktop":{"background-color":"var(--ast-global-color-5)","background-image":"","background-repeat":"repeat","background-position":"center center","background-size":"auto","background-attachment":"scroll","background-type":"","background-media":"","overlay-type":"","overlay-color":"","overlay-opacity":"","overlay-gradient":""},"tablet":{"background-color":"var(--ast-global-color-5)","background-image":"","background-repeat":"repeat","background-position":"center center","background-size":"auto","background-attachment":"scroll","background-type":"","background-media":"","overlay-type":"","overlay-color":"","overlay-opacity":"","overlay-gradient":""},"mobile":{"background-color":"var(--ast-global-color-5)","background-image":"","background-repeat":"repeat","background-position":"center center","background-size":"auto","background-attachment":"scroll","background-type":"","background-media":"","overlay-type":"","overlay-color":"","overlay-opacity":"","overlay-gradient":""}}},"product_brand":[],"product_cat":[69],"product_tag":[],"class_list":{"0":"post-5556668","1":"product","2":"type-product","3":"status-publish","4":"has-post-thumbnail","6":"product_cat-kits","7":"desktop-align-center","8":"tablet-align-left","9":"mobile-align-left","11":"first","12":"instock","13":"taxable","14":"shipping-taxable","15":"purchasable","16":"product-type-composite"},"uagb_featured_image_src":{"full":["https:\/\/natissea.com\/wp-content\/uploads\/2025\/08\/image00001-min.jpeg",1080,1350,false],"thumbnail":["https:\/\/natissea.com\/wp-content\/uploads\/2025\/08\/image00001-min-150x150.jpeg",150,150,true],"medium":["https:\/\/natissea.com\/wp-content\/uploads\/2025\/08\/image00001-min-240x300.jpeg",240,300,true],"medium_large":["https:\/\/natissea.com\/wp-content\/uploads\/2025\/08\/image00001-min-768x960.jpeg",768,960,true],"large":["https:\/\/natissea.com\/wp-content\/uploads\/2025\/08\/image00001-min-819x1024.jpeg",819,1024,true],"1536x1536":["https:\/\/natissea.com\/wp-content\/uploads\/2025\/08\/image00001-min.jpeg",1080,1350,false],"2048x2048":["https:\/\/natissea.com\/wp-content\/uploads\/2025\/08\/image00001-min.jpeg",1080,1350,false],"trp-custom-language-flag":["https:\/\/natissea.com\/wp-content\/uploads\/2025\/08\/image00001-min-10x12.jpeg",10,12,true],"mailpoet_newsletter_max":["https:\/\/natissea.com\/wp-content\/uploads\/2025\/08\/image00001-min.jpeg",1080,1350,false],"woocommerce_thumbnail":["https:\/\/natissea.com\/wp-content\/uploads\/2025\/08\/image00001-min-300x300.jpeg",300,300,true],"woocommerce_single":["https:\/\/natissea.com\/wp-content\/uploads\/2025\/08\/image00001-min-600x750.jpeg",600,750,true],"woocommerce_gallery_thumbnail":["https:\/\/natissea.com\/wp-content\/uploads\/2025\/08\/image00001-min-100x100.jpeg",100,100,true]},"uagb_author_info":{"display_name":"nghtmre","author_link":"https:\/\/natissea.com\/en"},"uagb_comment_info":0,"uagb_excerpt":"Cette veste sans manches, l\u00e9g\u00e8re et a\u00e9rienne, est r\u00e9alis\u00e9e \u00e0 partir de jolis carr\u00e9s granny, parfaits pour les beaux jours. Confectionn\u00e9e ici avec la qualit\u00e9 Lina\u00e9 coloris miel, elle offre un tomb\u00e9 naturel et un confort incomparable. Avec son style f\u00e9minin et sa touche boh\u00e8me, elle se noue d\u00e9licatement \u00e0 l\u2019avant gr\u00e2ce \u00e0 deux petits&hellip;","jetpack_sharing_enabled":true,"_links":{"self":[{"href":"https:\/\/natissea.com\/en\/wp-json\/wp\/v2\/product\/5556668","targetHints":{"allow":["GET"]}}],"collection":[{"href":"https:\/\/natissea.com\/en\/wp-json\/wp\/v2\/product"}],"about":[{"href":"https:\/\/natissea.com\/en\/wp-json\/wp\/v2\/types\/product"}],"wp:featuredmedia":[{"embeddable":true,"href":"https:\/\/natissea.com\/en\/wp-json\/wp\/v2\/media\/5556720"}],"wp:attachment":[{"href":"https:\/\/natissea.com\/en\/wp-json\/wp\/v2\/media?parent=5556668"}],"wp:term":[{"taxonomy":"product_brand","embeddable":true,"href":"https:\/\/natissea.com\/en\/wp-json\/wp\/v2\/product_brand?post=5556668"},{"taxonomy":"product_cat","embeddable":true,"href":"https:\/\/natissea.com\/en\/wp-json\/wp\/v2\/product_cat?post=5556668"},{"taxonomy":"product_tag","embeddable":true,"href":"https:\/\/natissea.com\/en\/wp-json\/wp\/v2\/product_tag?post=5556668"}],"curies":[{"name":"wp","href":"https:\/\/api.w.org\/{rel}","templated":true}]}}