{"id":5880405,"date":"2026-03-26T16:06:12","date_gmt":"2026-03-26T15:06:12","guid":{"rendered":"https:\/\/natissea.com\/?post_type=product&#038;p=5880405"},"modified":"2026-03-28T18:17:57","modified_gmt":"2026-03-28T17:17:57","slug":"lessive-pour-tricot-sans-rincage-eucalan-500ml-2","status":"publish","type":"product","link":"https:\/\/natissea.com\/en\/boutique\/lessive-pour-tricot-sans-rincage-eucalan-500ml-2\/","title":{"rendered":"Lessive pour tricot sans rin\u00e7age Eucalan 500mL eucalyptus"},"content":{"rendered":"<p>Savon sp\u00e9cial tricot 500 ml, id\u00e9al pour l\u2019entretien des fibres naturelles, sans rin\u00e7age. Enrichi en lanoline, il adoucit et lisse parfaitement les fils v\u00e9g\u00e9taux comme le chanvre. Parfum\u00e9 \u00e0 l&#8217;eucalyptus.<\/p>","protected":false},"excerpt":{"rendered":"<p style=\"line-height: 18.75pt; margin: 11.25pt 0cm 11.25pt 0cm;\"><span style=\"font-family: 'Segoe UI',sans-serif; color: #2b2e2f;\">Ce savon pour tricot de 500 ml est sp\u00e9cialement formul\u00e9 pour prendre soin de vos cr\u00e9ations et de vos fils, sans n\u00e9cessiter de rin\u00e7age. Il convient particuli\u00e8rement aux fibres 100 % v\u00e9g\u00e9tales, notamment le chanvre, reconnu pour sa robustesse mais parfois plus r\u00eache au toucher. Gr\u00e2ce \u00e0 la pr\u00e9sence de lanoline dans la lessive, ce savon agit en profondeur pour assouplir les fibres, lisser leur texture et am\u00e9liorer leur confort au port\u00e9.<\/span><\/p>","protected":false},"featured_media":5880454,"template":"","meta":{"_seopress_robots_primary_cat":"none","_seopress_titles_title":"","_seopress_titles_desc":"","_seopress_robots_index":"","_uag_custom_page_level_css":"","site-sidebar-layout":"default","site-content-layout":"","ast-site-content-layout":"default","site-content-style":"default","site-sidebar-style":"default","ast-global-header-display":"","ast-banner-title-visibility":"","ast-main-header-display":"","ast-hfb-above-header-display":"","ast-hfb-below-header-display":"","ast-hfb-mobile-header-display":"","site-post-title":"","ast-breadcrumbs-content":"","ast-featured-img":"","footer-sml-layout":"","ast-disable-related-posts":"","theme-transparent-header-meta":"default","adv-header-id-meta":"","stick-header-meta":"default","header-above-stick-meta":"","header-main-stick-meta":"","header-below-stick-meta":"","astra-migrate-meta-layouts":"set","ast-page-background-enabled":"default","ast-page-background-meta":{"desktop":{"background-color":"var(--ast-global-color-4)","background-image":"","background-repeat":"repeat","background-position":"center center","background-size":"auto","background-attachment":"scroll","background-type":"","background-media":"","overlay-type":"","overlay-color":"","overlay-opacity":"","overlay-gradient":""},"tablet":{"background-color":"","background-image":"","background-repeat":"repeat","background-position":"center center","background-size":"auto","background-attachment":"scroll","background-type":"","background-media":"","overlay-type":"","overlay-color":"","overlay-opacity":"","overlay-gradient":""},"mobile":{"background-color":"","background-image":"","background-repeat":"repeat","background-position":"center center","background-size":"auto","background-attachment":"scroll","background-type":"","background-media":"","overlay-type":"","overlay-color":"","overlay-opacity":"","overlay-gradient":""}},"ast-content-background-meta":{"desktop":{"background-color":"var(--ast-global-color-5)","background-image":"","background-repeat":"repeat","background-position":"center center","background-size":"auto","background-attachment":"scroll","background-type":"","background-media":"","overlay-type":"","overlay-color":"","overlay-opacity":"","overlay-gradient":""},"tablet":{"background-color":"var(--ast-global-color-5)","background-image":"","background-repeat":"repeat","background-position":"center center","background-size":"auto","background-attachment":"scroll","background-type":"","background-media":"","overlay-type":"","overlay-color":"","overlay-opacity":"","overlay-gradient":""},"mobile":{"background-color":"var(--ast-global-color-5)","background-image":"","background-repeat":"repeat","background-position":"center center","background-size":"auto","background-attachment":"scroll","background-type":"","background-media":"","overlay-type":"","overlay-color":"","overlay-opacity":"","overlay-gradient":""}}},"product_brand":[],"product_cat":[54],"product_tag":[],"class_list":{"0":"post-5880405","1":"product","2":"type-product","3":"status-publish","4":"has-post-thumbnail","6":"product_cat-accessoires","7":"desktop-align-center","8":"tablet-align-left","9":"mobile-align-left","11":"first","12":"instock","13":"taxable","14":"shipping-taxable","15":"purchasable","16":"product-type-simple"},"uagb_featured_image_src":{"full":["https:\/\/natissea.com\/wp-content\/uploads\/2026\/03\/lessive.png",779,520,false],"thumbnail":["https:\/\/natissea.com\/wp-content\/uploads\/2026\/03\/lessive-150x150.png",150,150,true],"medium":["https:\/\/natissea.com\/wp-content\/uploads\/2026\/03\/lessive-300x200.png",300,200,true],"medium_large":["https:\/\/natissea.com\/wp-content\/uploads\/2026\/03\/lessive-768x513.png",768,513,true],"large":["https:\/\/natissea.com\/wp-content\/uploads\/2026\/03\/lessive.png",779,520,false],"1536x1536":["https:\/\/natissea.com\/wp-content\/uploads\/2026\/03\/lessive.png",779,520,false],"2048x2048":["https:\/\/natissea.com\/wp-content\/uploads\/2026\/03\/lessive.png",779,520,false],"trp-custom-language-flag":["https:\/\/natissea.com\/wp-content\/uploads\/2026\/03\/lessive-18x12.png",18,12,true],"mailpoet_newsletter_max":["https:\/\/natissea.com\/wp-content\/uploads\/2026\/03\/lessive.png",779,520,false],"woocommerce_thumbnail":["https:\/\/natissea.com\/wp-content\/uploads\/2026\/03\/lessive-300x300.png",300,300,true],"woocommerce_single":["https:\/\/natissea.com\/wp-content\/uploads\/2026\/03\/lessive-600x401.png",600,401,true],"woocommerce_gallery_thumbnail":["https:\/\/natissea.com\/wp-content\/uploads\/2026\/03\/lessive-100x100.png",100,100,true]},"uagb_author_info":{"display_name":"nghtmre","author_link":"https:\/\/natissea.com\/en"},"uagb_comment_info":0,"uagb_excerpt":"Ce savon pour tricot de 500 ml est sp\u00e9cialement formul\u00e9 pour prendre soin de vos cr\u00e9ations et de vos fils, sans n\u00e9cessiter de rin\u00e7age. Il convient particuli\u00e8rement aux fibres 100 % v\u00e9g\u00e9tales, notamment le chanvre, reconnu pour sa robustesse mais parfois plus r\u00eache au toucher. Gr\u00e2ce \u00e0 la pr\u00e9sence de lanoline dans la lessive, ce&hellip;","jetpack_sharing_enabled":true,"_links":{"self":[{"href":"https:\/\/natissea.com\/en\/wp-json\/wp\/v2\/product\/5880405","targetHints":{"allow":["GET"]}}],"collection":[{"href":"https:\/\/natissea.com\/en\/wp-json\/wp\/v2\/product"}],"about":[{"href":"https:\/\/natissea.com\/en\/wp-json\/wp\/v2\/types\/product"}],"wp:featuredmedia":[{"embeddable":true,"href":"https:\/\/natissea.com\/en\/wp-json\/wp\/v2\/media\/5880454"}],"wp:attachment":[{"href":"https:\/\/natissea.com\/en\/wp-json\/wp\/v2\/media?parent=5880405"}],"wp:term":[{"taxonomy":"product_brand","embeddable":true,"href":"https:\/\/natissea.com\/en\/wp-json\/wp\/v2\/product_brand?post=5880405"},{"taxonomy":"product_cat","embeddable":true,"href":"https:\/\/natissea.com\/en\/wp-json\/wp\/v2\/product_cat?post=5880405"},{"taxonomy":"product_tag","embeddable":true,"href":"https:\/\/natissea.com\/en\/wp-json\/wp\/v2\/product_tag?post=5880405"}],"curies":[{"name":"wp","href":"https:\/\/api.w.org\/{rel}","templated":true}]}}